{"id":102358,"date":"2026-04-20T13:35:45","date_gmt":"2026-04-20T13:35:45","guid":{"rendered":"https:\/\/brandss.com.py\/index\/?post_type=product&#038;p=102358"},"modified":"2026-04-20T13:37:05","modified_gmt":"2026-04-20T13:37:05","slug":"shampoo-capilar-sebastian-dark-oil-lightweight-1000ml","status":"publish","type":"product","link":"https:\/\/brandss.com.py\/index\/producto\/shampoo-capilar-sebastian-dark-oil-lightweight-1000ml\/","title":{"rendered":"SHAMPOO CAPILAR SEBASTIAN DARK OIL LIGHTWEIGHT 1000ML"},"content":{"rendered":"<p><img loading=\"lazy\" decoding=\"async\" class=\"\" src=\"https:\/\/www.alexanderpaul.edu\/wp-content\/uploads\/2018\/12\/sebastian-logo.png\" alt=\"sebastian-logo | Alexander Paul Institute of Hair Design\" width=\"128\" height=\"64\" \/><\/p>\n<h1>DARK OIL LIGHTWEIGHT<\/h1>\n<div id=\"nt_wrapper\">\n<div id=\"nt_content\">\n<div class=\"icartShopifyCartContent\">\n<div class=\"sp-single pratap sp-single-1 des_pr_layout_1 mb__60\">\n<div class=\"container container_cat cat_default\" data-test2=\"\">\n<div id=\"product-6125573570718\" class=\"row product mt__40\" data-featured-product-se=\"\" data-id=\"_ppr\">\n<div class=\"col-md-12 col-12 thumb_left\">\n<div class=\"row mb__50 pr_sticky_content\">\n<div class=\"col-md-6 col-12 product-infors pr_sticky_su is_sticky\">\n<div id=\"shopify-section-pr_summary\" class=\"shopify-section summary entry-summary mt__30\">\n<div class=\"btn-atc atc-slide btn_full_true PR_no_pick_false btn_des_2 btn_txt_3\">\n<div class=\"pr_short_des\">\n<p class=\"p1\">Descubre el poder del\u00a0DARK OIL Champ\u00fa\u00a0de Sebastian Professional, dise\u00f1ado para transformar tu rutina de cuidado capilar. Este champ\u00fa de 1000ml est\u00e1 enriquecido con una exclusiva mezcla de aceites que proporciona una limpieza profunda mientras a\u00f1ade cuerpo y brillo natural a tu cabello, sin aportarle peso. Ideal para todo tipo de cabello,\u00a0<b>DARK OIL<\/b>\u00a0es la soluci\u00f3n perfecta para quienes buscan una melena radiante y llena de vida.<img loading=\"lazy\" decoding=\"async\" class=\"alignleft\" src=\"https:\/\/cosmeticworld.ca\/cdn\/shop\/files\/sebastian-dark-oil-lightweight-shampoo-cosmetic-world-2928348_1280x.png?v=1760678139\" width=\"702\" height=\"702\" \/><\/p>\n<h3>Ingredientes claves<\/h3>\n<p><strong>Aceite de cedro, Arg\u00e1n y s\u00e1ndalo<\/strong><\/p>\n<p><span data-sheets-value=\"{&quot;1&quot;:2,&quot;2&quot;:&quot;ACEITE EVANESCENTE LIGERO  APORTA SUAVIDAD Y CUERPO AL CABELLO Y DESAPARECE\\r\\n\\r\\nEste aceite tiene una tecnolog\u00eda DiffusX especial que aporta suavidad y cuerpo al cabello para luego desaparecer. Compuesto por unos lujosos aceites naturales ofrece una fragancia fabulosa. Este producto suaviza la cut\u00edcula  permitiendo moldear y cuidar el cabello sin esfuerzo.&quot;}\" data-sheets-userformat=\"{&quot;2&quot;:15107,&quot;3&quot;:{&quot;1&quot;:0},&quot;4&quot;:{&quot;1&quot;:2,&quot;2&quot;:65535},&quot;11&quot;:4,&quot;12&quot;:0,&quot;14&quot;:{&quot;1&quot;:2,&quot;2&quot;:0},&quot;15&quot;:&quot;Arial&quot;,&quot;16&quot;:11}\">Dark Oil Lightweight Shampoo limpia el cabello al tiempo que le aporta brillo y un cuerpo natural sin peso. Apto para todo tipo de cabellos, deja el cabello hasta 3 veces m\u00e1s suave.<\/span><\/p>\n<p>Suaviza el cabello.<br \/>\nFragancia espectacular.<br \/>\nAporta cuerpo y desaparece (tecnolog\u00eda DiffusX)<\/p>\n<h3 class=\"p3\"><b>Beneficios\u00a0<\/b><\/h3>\n<p class=\"p4\">\u2022<b>Limpieza suave y eficaz<\/b><strong>:<\/strong> este champ\u00fa profesional limpia delicadamente tu cabello, eliminando impurezas y residuos, dejando tu melena fresca y renovada.<\/p>\n<p class=\"p4\">\u2022<b>Cuerpo y brillo natural<\/b><strong>:<\/strong> gracias a su f\u00f3rmula ligera, el champ\u00fa aporta un brillo luminoso y un cuerpo ligero, logrando un acabado sedoso sin engrasar el cabello.<\/p>\n<p class=\"p4\">\u2022<b>Enriquecido con aceites<\/b><strong>:<\/strong> su mezcla especial de aceites nutre el cabello, mejorando su manejabilidad y dej\u00e1ndolo suave al tacto, ideal para un acabado profesional.<\/p>\n<p class=\"p4\">\u2022<b>Apto para todo tipo de cabello<\/b><strong>:<\/strong> perfecto para cabellos normales, secos o da\u00f1ados, este champ\u00fa se adapta a tus necesidades, brindando el cuidado que tu cabello merece.<\/p>\n<p class=\"p1\">Convierte cada lavado en una experiencia de lujo con el\u00a0DARK OIL Champ\u00fa. Aporta vitalidad a tu cabello, manteniendo su belleza natural y un brillo radiante. No te conformes con menos; dale a tu cabello el tratamiento que necesita para lucir espectacular.<\/p>\n<p class=\"p1\">\u00a1A\u00f1ade\u00a0DARK OIL a tu rutina capilar y siente la diferencia desde el primer uso!<\/p>\n<h3>Modo de uso<\/h3>\n<ol>\n<li>Aplicar 1-2 dosis en el cabello h\u00famedo y masajear hasta generar espuma.<\/li>\n<li>Aclara abundantemente<\/li>\n<\/ol>\n<\/div>\n<\/div>\n<\/div>\n<\/div>\n<\/div>\n<\/div>\n<\/div>\n<\/div>\n<\/div>\n<\/div>\n<\/div>\n<\/div>\n","protected":false},"excerpt":{"rendered":"<p>DARK OIL LIGHTWEIGHT Descubre el poder del\u00a0DARK OIL Champ\u00fa\u00a0de Sebastian Professional, dise\u00f1ado para transformar tu rutina de cuidado capilar. Este<\/p>\n","protected":false},"featured_media":102359,"comment_status":"open","ping_status":"closed","template":"","meta":{"nf_dc_page":""},"product_brand":[1330],"product_cat":[85],"product_tag":[1331],"class_list":{"0":"post-102358","1":"product","2":"type-product","3":"status-publish","4":"has-post-thumbnail","6":"product_brand-sebastian-profesional","7":"product_cat-cosmeticos","8":"product_tag-1331","10":"first","11":"instock","12":"shipping-taxable","13":"purchasable","14":"product-type-simple"},"_links":{"self":[{"href":"https:\/\/brandss.com.py\/index\/wp-json\/wp\/v2\/product\/102358","targetHints":{"allow":["GET"]}}],"collection":[{"href":"https:\/\/brandss.com.py\/index\/wp-json\/wp\/v2\/product"}],"about":[{"href":"https:\/\/brandss.com.py\/index\/wp-json\/wp\/v2\/types\/product"}],"replies":[{"embeddable":true,"href":"https:\/\/brandss.com.py\/index\/wp-json\/wp\/v2\/comments?post=102358"}],"version-history":[{"count":1,"href":"https:\/\/brandss.com.py\/index\/wp-json\/wp\/v2\/product\/102358\/revisions"}],"predecessor-version":[{"id":102363,"href":"https:\/\/brandss.com.py\/index\/wp-json\/wp\/v2\/product\/102358\/revisions\/102363"}],"wp:featuredmedia":[{"embeddable":true,"href":"https:\/\/brandss.com.py\/index\/wp-json\/wp\/v2\/media\/102359"}],"wp:attachment":[{"href":"https:\/\/brandss.com.py\/index\/wp-json\/wp\/v2\/media?parent=102358"}],"wp:term":[{"taxonomy":"product_brand","embeddable":true,"href":"https:\/\/brandss.com.py\/index\/wp-json\/wp\/v2\/product_brand?post=102358"},{"taxonomy":"product_cat","embeddable":true,"href":"https:\/\/brandss.com.py\/index\/wp-json\/wp\/v2\/product_cat?post=102358"},{"taxonomy":"product_tag","embeddable":true,"href":"https:\/\/brandss.com.py\/index\/wp-json\/wp\/v2\/product_tag?post=102358"}],"curies":[{"name":"wp","href":"https:\/\/api.w.org\/{rel}","templated":true}]}}