{"id":102364,"date":"2026-04-20T14:01:49","date_gmt":"2026-04-20T14:01:49","guid":{"rendered":"https:\/\/brandss.com.py\/index\/?post_type=product&#038;p=102364"},"modified":"2026-04-20T14:02:16","modified_gmt":"2026-04-20T14:02:16","slug":"set-capilar-sebastian-dark-oil-shampoo-acondicionador-250ml","status":"publish","type":"product","link":"https:\/\/brandss.com.py\/index\/producto\/set-capilar-sebastian-dark-oil-shampoo-acondicionador-250ml\/","title":{"rendered":"SET CAPILAR SEBASTIAN DARK OIL SHAMPOO + ACONDICIONADOR 250ML"},"content":{"rendered":"<p><img loading=\"lazy\" decoding=\"async\" class=\"\" src=\"https:\/\/www.alexanderpaul.edu\/wp-content\/uploads\/2018\/12\/sebastian-logo.png\" alt=\"sebastian-logo | Alexander Paul Institute of Hair Design\" width=\"108\" height=\"54\" \/><\/p>\n<h1>DARK OIL<\/h1>\n<p>Este set aporta una suavidad significativamente mayor, un brillo intenso y un tacto suave. Nutritivo, cuida el cabello con la sofisticaci\u00f3n del aceite capilar Dark Oil, el m\u00e1s vendido de Sebastian Professional. El kit Sebastian Professional Dark Oil act\u00faa con una mezcla de aceites lujosos que nutren y suavizan el cabello. El cabello se vuelve con cuerpo y extremadamente manejable, pero ligero, sin apelmazarlo. El tratamiento completo revela un cabello lleno de vida, sedoso y con un brillo natural realzado.<img loading=\"lazy\" decoding=\"async\" class=\"alignleft\" src=\"https:\/\/m.media-amazon.com\/images\/I\/71Aby-N2IGL._SL1500_.jpg\" width=\"590\" height=\"590\" \/><\/p>\n<h3><\/h3>\n<h3>Ingredientes claves<\/h3>\n<p>&nbsp;<\/p>\n<p><strong>Aceites de arg\u00e1n, s\u00e1ndalo y cedro:<\/strong> garantizan una nutrici\u00f3n intensa para recuperar el cabello de los da\u00f1os externos.<\/p>\n<h3><\/h3>\n<h3>El set contiene<\/h3>\n<p>&nbsp;<\/p>\n<p><strong>Sebastian Professional Dark Oil &#8211; Champ\u00fa 250 ml:<\/strong> con una f\u00f3rmula transparente, limpia suavemente a la vez que proporciona m\u00e1s vida y una suavidad extrema.<\/p>\n<p><strong>Sebastian Professional Dark Oil &#8211; Acondicionador 250 ml:<\/strong> con una f\u00f3rmula nutritiva y emoliente, desenreda y suaviza el cabello, adem\u00e1s de proporcionar cuerpo y manejabilidad sin apelmazarlo.<\/p>\n<h3><\/h3>\n<h3>Modo de uso<\/h3>\n<ol>\n<li>Aplicar una peque\u00f1a cantidad en el cabello humedo hasta conseguir espuma.<\/li>\n<li>Aclarar abundantemente.<\/li>\n<li>Repetir en caso necesario.<\/li>\n<li>Continuar con Dark Oil Lightweight Conditioner.<\/li>\n<\/ol>\n","protected":false},"excerpt":{"rendered":"<p>DARK OIL Este set aporta una suavidad significativamente mayor, un brillo intenso y un tacto suave. Nutritivo, cuida el cabello<\/p>\n","protected":false},"featured_media":102365,"comment_status":"open","ping_status":"closed","template":"","meta":{"nf_dc_page":""},"product_brand":[1330],"product_cat":[85],"product_tag":[3514],"class_list":{"0":"post-102364","1":"product","2":"type-product","3":"status-publish","4":"has-post-thumbnail","6":"product_brand-sebastian-profesional","7":"product_cat-cosmeticos","8":"product_tag-3514","10":"first","11":"instock","12":"shipping-taxable","13":"purchasable","14":"product-type-simple"},"_links":{"self":[{"href":"https:\/\/brandss.com.py\/index\/wp-json\/wp\/v2\/product\/102364","targetHints":{"allow":["GET"]}}],"collection":[{"href":"https:\/\/brandss.com.py\/index\/wp-json\/wp\/v2\/product"}],"about":[{"href":"https:\/\/brandss.com.py\/index\/wp-json\/wp\/v2\/types\/product"}],"replies":[{"embeddable":true,"href":"https:\/\/brandss.com.py\/index\/wp-json\/wp\/v2\/comments?post=102364"}],"version-history":[{"count":1,"href":"https:\/\/brandss.com.py\/index\/wp-json\/wp\/v2\/product\/102364\/revisions"}],"predecessor-version":[{"id":102371,"href":"https:\/\/brandss.com.py\/index\/wp-json\/wp\/v2\/product\/102364\/revisions\/102371"}],"wp:featuredmedia":[{"embeddable":true,"href":"https:\/\/brandss.com.py\/index\/wp-json\/wp\/v2\/media\/102365"}],"wp:attachment":[{"href":"https:\/\/brandss.com.py\/index\/wp-json\/wp\/v2\/media?parent=102364"}],"wp:term":[{"taxonomy":"product_brand","embeddable":true,"href":"https:\/\/brandss.com.py\/index\/wp-json\/wp\/v2\/product_brand?post=102364"},{"taxonomy":"product_cat","embeddable":true,"href":"https:\/\/brandss.com.py\/index\/wp-json\/wp\/v2\/product_cat?post=102364"},{"taxonomy":"product_tag","embeddable":true,"href":"https:\/\/brandss.com.py\/index\/wp-json\/wp\/v2\/product_tag?post=102364"}],"curies":[{"name":"wp","href":"https:\/\/api.w.org\/{rel}","templated":true}]}}