{"id":102372,"date":"2026-04-20T14:28:38","date_gmt":"2026-04-20T14:28:38","guid":{"rendered":"https:\/\/brandss.com.py\/index\/?post_type=product&#038;p=102372"},"modified":"2026-04-20T14:30:09","modified_gmt":"2026-04-20T14:30:09","slug":"mascara-capilar-sebastian-penetraitt-500ml","status":"publish","type":"product","link":"https:\/\/brandss.com.py\/index\/producto\/mascara-capilar-sebastian-penetraitt-500ml\/","title":{"rendered":"M\u00c1SCARA CAPILAR SEBASTIAN PENETRAITT 500ML"},"content":{"rendered":"<p><img loading=\"lazy\" decoding=\"async\" class=\"\" src=\"https:\/\/www.alexanderpaul.edu\/wp-content\/uploads\/2018\/12\/sebastian-logo.png\" alt=\"sebastian-logo | Alexander Paul Institute of Hair Design\" width=\"112\" height=\"56\" \/><\/p>\n<h1>PENETRAITT<\/h1>\n<p class=\"p1\">Revitaliza tu cabello con la PENETRAITT mascarilla capilar fortalecedora de Sebastian Professional, un tratamiento dise\u00f1ado espec\u00edficamente para nutrir y fortalecer el cabello da\u00f1ado. Esta mascarilla profesional proporciona una reparaci\u00f3n profunda, convirti\u00e9ndose en el aliado ideal para aquellos que sufren de cabello d\u00e9bil y maltratado por procesos qu\u00edmicos o el uso de herramientas t\u00e9rmicas. Una inyecci\u00f3n de hidrataci\u00f3n para el cabello da\u00f1ado, Penetraitt repara en profundidad el cabello debilitado y fortalece el cabello en su estado m\u00e1s vulnerable. Su sistema de rescate activo act\u00faa sobre el cabello seco y apagado para dejarlo suave y brillante, y realza el brillo y la intensidad del cabello coloreado.<img decoding=\"async\" class=\"alignleft\" src=\"https:\/\/www.tupeluqueriaonline.com\/images\/productos\/sebastian-penetraitt-mascarilla-reparadora-500ml-6-18032.jpeg\" \/><\/p>\n<h3>Ingredientes claves<\/h3>\n<p><strong>Aceite de arroz y semilla de jojoba\u00a0<\/strong><\/p>\n<div class=\"indent-content\">\n<p>Aporta una hidrataci\u00f3n intensiva.<br \/>\nLa mejora del cabello es perceptible tras un s\u00f3lo uso.<br \/>\nUsar de 1-3 veces por semana en funci\u00f3n de la necesidad.<br \/>\nMuy recomendable usarlo con el champ\u00fa PENETRAITT<\/p>\n<\/div>\n<h3 class=\"p1\"><b>Beneficios<\/b><\/h3>\n<p class=\"p3\">\u2022<b>Nutrici\u00f3n Intensa:<\/b> formulada con un sistema de rescate activo, esta mascarilla penetra en la fibra capilar, ofreciendo una profunda hidrataci\u00f3n que revitaliza el cabello da\u00f1ado. Con su uso regular, sentir\u00e1s c\u00f3mo tu cabello se transforma, volvi\u00e9ndose m\u00e1s suave y manejable.<\/p>\n<p class=\"p3\">\u2022<b>Reparaci\u00f3n de Cut\u00edculas:<\/b> la PENETRAITT mascarilla trabaja para sellar la cut\u00edcula del cabello, protegi\u00e9ndola de da\u00f1os adicionales y mejorando su textura. Esto es especialmente beneficioso para el cabello tratado qu\u00edmicamente, que suele ser m\u00e1s vulnerable.<\/p>\n<p class=\"p3\">\u2022<b>Protecci\u00f3n del Color:<\/b> esta mascarilla no solo repara, sino que tambi\u00e9n protege el color de tu cabello, asegurando que tu melena mantenga su brillo y vitalidad. Ideal para quienes desean lucir un cabello radiante y saludable.<\/p>\n<p class=\"p3\">\u2022<b>Tratamiento Profesional:<\/b> dise\u00f1ada para uso profesional, es perfecta tanto en el sal\u00f3n como para el cuidado en casa. Aplica esta mascarilla y disfruta de un tratamiento de sal\u00f3n en la comodidad de tu hogar.<\/p>\n<p class=\"p1\">La\u00a0<b>PENETRAITT mascarilla capilar fortalecedora<\/b>\u00a0es la soluci\u00f3n definitiva para quienes buscan recuperar la salud y el esplendor de su cabello. \u00a1Haz tu pedido hoy y dale a tu cabello el cuidado que se merece! Experimenta la transformaci\u00f3n y siente la diferencia con Sebastian Professional.<\/p>\n<div class=\"indent-content\">\n<h3><strong>Modo de uso<\/strong><\/h3>\n<div class=\"indent-content\">\n<ol>\n<li>Eliminar el exceso de agua, escurriendo el cabello con tus manos antes de aplicarla.<\/li>\n<li>Repartir uniformemente, por medios y puntas ( las zonas m\u00e1s da\u00f1adas).<\/li>\n<li>Dejar actuar durante 2 \u00f3 3 minutos.<\/li>\n<li>Aclarar abundantemente.<\/li>\n<\/ol>\n<\/div>\n<\/div>\n","protected":false},"excerpt":{"rendered":"<p>PENETRAITT Revitaliza tu cabello con la PENETRAITT mascarilla capilar fortalecedora de Sebastian Professional, un tratamiento dise\u00f1ado espec\u00edficamente para nutrir y<\/p>\n","protected":false},"featured_media":102373,"comment_status":"open","ping_status":"closed","template":"","meta":{"nf_dc_page":""},"product_brand":[1330],"product_cat":[85],"product_tag":[3515],"class_list":{"0":"post-102372","1":"product","2":"type-product","3":"status-publish","4":"has-post-thumbnail","6":"product_brand-sebastian-profesional","7":"product_cat-cosmeticos","8":"product_tag-3515","10":"first","11":"instock","12":"shipping-taxable","13":"purchasable","14":"product-type-simple"},"_links":{"self":[{"href":"https:\/\/brandss.com.py\/index\/wp-json\/wp\/v2\/product\/102372","targetHints":{"allow":["GET"]}}],"collection":[{"href":"https:\/\/brandss.com.py\/index\/wp-json\/wp\/v2\/product"}],"about":[{"href":"https:\/\/brandss.com.py\/index\/wp-json\/wp\/v2\/types\/product"}],"replies":[{"embeddable":true,"href":"https:\/\/brandss.com.py\/index\/wp-json\/wp\/v2\/comments?post=102372"}],"version-history":[{"count":1,"href":"https:\/\/brandss.com.py\/index\/wp-json\/wp\/v2\/product\/102372\/revisions"}],"predecessor-version":[{"id":102377,"href":"https:\/\/brandss.com.py\/index\/wp-json\/wp\/v2\/product\/102372\/revisions\/102377"}],"wp:featuredmedia":[{"embeddable":true,"href":"https:\/\/brandss.com.py\/index\/wp-json\/wp\/v2\/media\/102373"}],"wp:attachment":[{"href":"https:\/\/brandss.com.py\/index\/wp-json\/wp\/v2\/media?parent=102372"}],"wp:term":[{"taxonomy":"product_brand","embeddable":true,"href":"https:\/\/brandss.com.py\/index\/wp-json\/wp\/v2\/product_brand?post=102372"},{"taxonomy":"product_cat","embeddable":true,"href":"https:\/\/brandss.com.py\/index\/wp-json\/wp\/v2\/product_cat?post=102372"},{"taxonomy":"product_tag","embeddable":true,"href":"https:\/\/brandss.com.py\/index\/wp-json\/wp\/v2\/product_tag?post=102372"}],"curies":[{"name":"wp","href":"https:\/\/api.w.org\/{rel}","templated":true}]}}