{"id":102399,"date":"2026-04-20T18:21:50","date_gmt":"2026-04-20T18:21:50","guid":{"rendered":"https:\/\/brandss.com.py\/index\/?post_type=product&#038;p=102399"},"modified":"2026-04-20T18:22:11","modified_gmt":"2026-04-20T18:22:11","slug":"aceite-capilar-wella-oil-reflections-light-100ml","status":"publish","type":"product","link":"https:\/\/brandss.com.py\/index\/producto\/aceite-capilar-wella-oil-reflections-light-100ml\/","title":{"rendered":"ACEITE CAPILAR WELLA OIL REFLECTIONS LIGHT 100ML"},"content":{"rendered":"<p><img loading=\"lazy\" decoding=\"async\" class=\"\" src=\"https:\/\/iconape.com\/wp-content\/png_logo_vector\/wella-professionals-logo.png\" alt=\"WELLA PROFESSIONALS Logo Download png\" width=\"112\" height=\"71\" \/><\/p>\n<p>El Aceite Ligero Realzador del Brillo Oil Reflections es un aceite perfeccionador ligero dise\u00f1ado para nutrir profundamente el cabello de textura fina a media sin a\u00f1adir peso. Aporta luminosidad instant\u00e1nea y crea sutiles reflejos de luz. Un producto vers\u00e1til, genial para acondicionar, peinar y finalizar, dejando el cabello brillante.<img decoding=\"async\" class=\"alignleft\" src=\"https:\/\/http2.mlstatic.com\/D_NQ_NP_2X_817129-MLU72643636331_112023-F.webp\" \/><\/p>\n<ul>\n<li>Enriquecido con aceite de semilla de camelia, inspirador por sus propiedades suavizantes<\/li>\n<li>Formulado con el Programa Oleology para ayudar a proteger y prevenir la degeneraci\u00f3n de la capa lip\u00eddica natural para conseguir una superficie suave y reflectante<\/li>\n<li>Suave con el cabello y la piel<\/li>\n<li>Compromiso de no realizar pruebas con animales*<\/li>\n<\/ul>\n<p>*Wella Company es miembro de la International Collaboration on Cosmetics Safety<\/p>\n<h3><\/h3>\n<h3>Caracter\u00edsticas<\/h3>\n<p>&nbsp;<\/p>\n<ul>\n<li class=\"CalloutBlock_body__mYKPV CalloutBlock_fullWidth__2J9bv u-h2\"><strong>Desvela un brillo radiante:<\/strong> oil reflections es nuestra lujosa colecci\u00f3n de aceites que transforma el cabello con un brillo y una suavidad sublimes. Deja el cabello hasta 3 veces m\u00e1s suave y luminoso al instante, ofreci\u00e9ndote un acabado radiante, sedoso y lleno de brillo.<\/li>\n<li class=\"CalloutBlock_body__mYKPV CalloutBlock_fullWidth__2J9bv u-h2\"><strong>Cuidado avanzado con programa oleology:<\/strong> Formulado con el Programa Oleology, Oil Reflections ayuda a proteger y prevenir la degeneraci\u00f3n de la capa lip\u00eddica natural para conseguir una superficie suave y reflectante. Enriquecida con extracto de t\u00e9 blanco y aceites bot\u00e1nicos preciosos, esta colecci\u00f3n est\u00e1 dise\u00f1ada para realzar el brillo natural del cabello, a la vez que proporciona lujosos beneficios suavizantes.<\/li>\n<li class=\"CalloutBlock_body__mYKPV CalloutBlock_fullWidth__2J9bv u-h2\"><strong>De apagado a luminoso:<\/strong> transforma tu cabello en mechones brillantes y luminosos con Oil Reflections. Siente el extraordinario efecto del antes y despu\u00e9s con nuestros productos que restauran un brillo radiante y una suavidad intensa.<\/li>\n<\/ul>\n<p>&nbsp;<\/p>\n<h3>Beneficios<\/h3>\n<p>&nbsp;<\/p>\n<ul>\n<li>Un cabello hasta 3 veces m\u00e1s suave*<\/li>\n<li>Nutre en profundidad sin apelmazar el cabello<\/li>\n<li>Deja el cabello sedoso y luminoso<\/li>\n<\/ul>\n<p>*champ\u00fa, mascarilla y aceite en comparaci\u00f3n con un champ\u00fa sin efecto acondicionador<\/p>\n<h3><\/h3>\n<h3>Modo de uso<\/h3>\n<p>&nbsp;<\/p>\n<p><span dir=\"auto\">C\u00f3mo usar el aceite iluminador reflectante Wella Professionals Oil Reflections Light Luminous Reflective Oil de 100 ml:<\/span><\/p>\n<ol>\n<li><span dir=\"auto\">Empieza con el cabello limpio y secado con toalla.<\/span><\/li>\n<li><span dir=\"auto\">Aplica 1 o 2 dosis de aceite en la palma de la mano, dependiendo del largo y grosor de tu cabello.<\/span><\/li>\n<li><span dir=\"auto\">Frota las palmas de las manos para distribuir el aceite de manera uniforme.<\/span><\/li>\n<li><span dir=\"auto\">Aplica el aceite en tu cabello, comenzando desde la mitad hasta las puntas.<\/span><\/li>\n<li><span dir=\"auto\">Utiliza un peine o tus dedos para distribuir el aceite de manera uniforme por todo el cabello.<\/span><\/li>\n<li><span dir=\"auto\">Peina tu cabello como desees.<\/span><\/li>\n<li><span dir=\"auto\">Para obtener mejores resultados, utilice el aceite como toque final despu\u00e9s de secar o peinar su cabello.<\/span><\/li>\n<li><span dir=\"auto\">Tambi\u00e9n puede utilizarse como tratamiento previo al champ\u00fa o como tratamiento nocturno para una nutrici\u00f3n extra.<\/span><\/li>\n<\/ol>\n<div>\n<div class=\"ProductInformation-module__FYuE4W__container\">\n<div><\/div>\n<\/div>\n<\/div>\n","protected":false},"excerpt":{"rendered":"<p>El Aceite Ligero Realzador del Brillo Oil Reflections es un aceite perfeccionador ligero dise\u00f1ado para nutrir profundamente el cabello de<\/p>\n","protected":false},"featured_media":102400,"comment_status":"open","ping_status":"closed","template":"","meta":{"nf_dc_page":""},"product_brand":[99],"product_cat":[85],"product_tag":[3520],"class_list":{"0":"post-102399","1":"product","2":"type-product","3":"status-publish","4":"has-post-thumbnail","6":"product_brand-wella","7":"product_cat-cosmeticos","8":"product_tag-3520","10":"first","11":"instock","12":"shipping-taxable","13":"purchasable","14":"product-type-simple"},"_links":{"self":[{"href":"https:\/\/brandss.com.py\/index\/wp-json\/wp\/v2\/product\/102399","targetHints":{"allow":["GET"]}}],"collection":[{"href":"https:\/\/brandss.com.py\/index\/wp-json\/wp\/v2\/product"}],"about":[{"href":"https:\/\/brandss.com.py\/index\/wp-json\/wp\/v2\/types\/product"}],"replies":[{"embeddable":true,"href":"https:\/\/brandss.com.py\/index\/wp-json\/wp\/v2\/comments?post=102399"}],"version-history":[{"count":1,"href":"https:\/\/brandss.com.py\/index\/wp-json\/wp\/v2\/product\/102399\/revisions"}],"predecessor-version":[{"id":102407,"href":"https:\/\/brandss.com.py\/index\/wp-json\/wp\/v2\/product\/102399\/revisions\/102407"}],"wp:featuredmedia":[{"embeddable":true,"href":"https:\/\/brandss.com.py\/index\/wp-json\/wp\/v2\/media\/102400"}],"wp:attachment":[{"href":"https:\/\/brandss.com.py\/index\/wp-json\/wp\/v2\/media?parent=102399"}],"wp:term":[{"taxonomy":"product_brand","embeddable":true,"href":"https:\/\/brandss.com.py\/index\/wp-json\/wp\/v2\/product_brand?post=102399"},{"taxonomy":"product_cat","embeddable":true,"href":"https:\/\/brandss.com.py\/index\/wp-json\/wp\/v2\/product_cat?post=102399"},{"taxonomy":"product_tag","embeddable":true,"href":"https:\/\/brandss.com.py\/index\/wp-json\/wp\/v2\/product_tag?post=102399"}],"curies":[{"name":"wp","href":"https:\/\/api.w.org\/{rel}","templated":true}]}}