{"id":102408,"date":"2026-04-20T19:03:17","date_gmt":"2026-04-20T19:03:17","guid":{"rendered":"https:\/\/brandss.com.py\/index\/?post_type=product&#038;p=102408"},"modified":"2026-04-20T19:03:54","modified_gmt":"2026-04-20T19:03:54","slug":"aceite-capilar-wella-sp-luxe-reconstructive-elixir-100ml","status":"publish","type":"product","link":"https:\/\/brandss.com.py\/index\/producto\/aceite-capilar-wella-sp-luxe-reconstructive-elixir-100ml\/","title":{"rendered":"ACEITE CAPILAR WELLA SP LUXE RECONSTRUCTIVE ELIXIR 100ML"},"content":{"rendered":"<p><img loading=\"lazy\" decoding=\"async\" class=\"\" src=\"https:\/\/iconape.com\/wp-content\/png_logo_vector\/wella-professionals-logo.png\" alt=\"WELLA PROFESSIONALS Logo Download png\" width=\"122\" height=\"77\" \/><\/p>\n<h1>SP LUXE RECONSTRUCTIVE ELIXIR<\/h1>\n<p><span dir=\"auto\">Es un elixir capilar que transforma tu cabello y le aporta protecci\u00f3n de queratina. <\/span><span dir=\"auto\">Este elixir capilar es perfecto para quienes desean transformar su cabello sin dejar sensaci\u00f3n grasosa ni residuos, logrando un resultado m\u00e1s suave y brillante. Proporciona suavidad duradera, brillo adicional y protecci\u00f3n contra la sequedad. Adem\u00e1s, protege el cabello de los da\u00f1os causados \u200b\u200bpor los rayos UV y el calor. Si la opacidad, sequedad y fragilidad est\u00e1n comprometiendo la elegancia de los estilos cl\u00e1sicos, oblig\u00e1ndote a optar por una simple coleta en lugar de peinados lujosos, no hay necesidad de desesperarse. La marca Wella SP ha introducido un elixir restaurador en la industria de la belleza que aborda diversas imperfecciones, devolviendo a tu cabello un aspecto saludable y bien cuidado con un brillo inigualable. Elixir Reconstructivo Luxe Oil contiene queratina y aceites vegetales que nutren, hidratan y fortalecen tu cabello, eliminando el da\u00f1o mec\u00e1nico y los signos de deshidrataci\u00f3n.<img decoding=\"async\" class=\"alignleft\" src=\"https:\/\/www.hairworks.co.nz\/cdn\/shop\/products\/1452002146.g_520-w_g_1024x1024@2x.jpg?v=1621482100\" \/><\/span><\/p>\n<h3><\/h3>\n<h3>Ingredientes clave<\/h3>\n<p>&nbsp;<\/p>\n<ul>\n<li>Utiliza tecnolog\u00eda reconstructiva aportando al cabello beneficios por dentro y por fuera, a la vez que lo protege de posibles da\u00f1os.<\/li>\n<li>Sus ingredientes argan, jojoba, almendras y keratina recostruye cada hebra del cabello dejandolo suave y brillante.<\/li>\n<\/ul>\n<p>&nbsp;<\/p>\n<h3><strong>Beneficios<\/strong><\/h3>\n<p>&nbsp;<\/p>\n<ul>\n<li>Empaquetado en una botella conveniente con atomizador de niebla fina.<\/li>\n<li>F\u00f3rmula ligera que no requiere enjuague ya que no deja el cabello pegajoso.<\/li>\n<li>Protege contra los efectos nocivos de los factores ambientales durante todo el d\u00eda.<\/li>\n<li>Previene la recurrencia de peque\u00f1as imperfecciones mientras elimina las existentes.<\/li>\n<li>Enriquecido con aceites naturales de arg\u00e1n, almendra y jojoba.<\/li>\n<li>Conocido por sus propiedades nutritivas e hidratantes.<\/li>\n<li>Mol\u00e9culas innovadoras que rellenan &#8220;huecos&#8221; estructurales.<\/li>\n<li>La queratina reduce la porosidad, el encrespamiento y la electricidad est\u00e1tica.<\/li>\n<li>Facilita significativamente el peinado y reduce el tiempo de estilizado.<\/li>\n<li>Mejora los estilos cl\u00e1sicos con un brillo extraordinario.<\/li>\n<\/ul>\n<h3><strong>Modo de uso<\/strong><\/h3>\n<p>&nbsp;<\/p>\n<p><main class=\"main-product-detail-page grid grid-cols-1 md:grid-cols-2 md:gap-6\"><\/p>\n<div class=\"flex flex-col gap-12\">\n<p><span dir=\"auto\">C\u00f3mo usar Wella SP System Professional Luxeoil Elixir Reconstructivo 100ml:<\/span><\/p>\n<ol>\n<li><span dir=\"auto\">Empieza con el cabello limpio y secado con toalla.<\/span><\/li>\n<li><span dir=\"auto\">Aplique unas gotas del elixir en las palmas de las manos.<\/span><\/li>\n<li><span dir=\"auto\">Frota las palmas de las manos para distribuir el producto de manera uniforme.<\/span><\/li>\n<li><span dir=\"auto\">Aplica el elixir en tu cabello, concentr\u00e1ndote en los medios y las puntas.<\/span><\/li>\n<li><span dir=\"auto\">P\u00e9inate el cabello para asegurar una distribuci\u00f3n uniforme.<\/span><\/li>\n<li><span dir=\"auto\">Peina tu cabello como desees.<\/span><\/li>\n<li><span dir=\"auto\">Para obtener los mejores resultados, utilice el elixir como producto de acabado despu\u00e9s del secado con secador o del peinado.<\/span><\/li>\n<li><span dir=\"auto\">\u00daselo a diario o seg\u00fan sea necesario para mantener un cabello sano y brillante.<\/span><\/li>\n<\/ol>\n<\/div>\n<p><\/main><\/p>\n","protected":false},"excerpt":{"rendered":"<p>SP LUXE RECONSTRUCTIVE ELIXIR Es un elixir capilar que transforma tu cabello y le aporta protecci\u00f3n de queratina. Este elixir<\/p>\n","protected":false},"featured_media":102409,"comment_status":"open","ping_status":"closed","template":"","meta":{"nf_dc_page":""},"product_brand":[99],"product_cat":[85],"product_tag":[3521],"class_list":{"0":"post-102408","1":"product","2":"type-product","3":"status-publish","4":"has-post-thumbnail","6":"product_brand-wella","7":"product_cat-cosmeticos","8":"product_tag-3521","10":"first","11":"instock","12":"shipping-taxable","13":"purchasable","14":"product-type-simple"},"_links":{"self":[{"href":"https:\/\/brandss.com.py\/index\/wp-json\/wp\/v2\/product\/102408","targetHints":{"allow":["GET"]}}],"collection":[{"href":"https:\/\/brandss.com.py\/index\/wp-json\/wp\/v2\/product"}],"about":[{"href":"https:\/\/brandss.com.py\/index\/wp-json\/wp\/v2\/types\/product"}],"replies":[{"embeddable":true,"href":"https:\/\/brandss.com.py\/index\/wp-json\/wp\/v2\/comments?post=102408"}],"version-history":[{"count":1,"href":"https:\/\/brandss.com.py\/index\/wp-json\/wp\/v2\/product\/102408\/revisions"}],"predecessor-version":[{"id":102416,"href":"https:\/\/brandss.com.py\/index\/wp-json\/wp\/v2\/product\/102408\/revisions\/102416"}],"wp:featuredmedia":[{"embeddable":true,"href":"https:\/\/brandss.com.py\/index\/wp-json\/wp\/v2\/media\/102409"}],"wp:attachment":[{"href":"https:\/\/brandss.com.py\/index\/wp-json\/wp\/v2\/media?parent=102408"}],"wp:term":[{"taxonomy":"product_brand","embeddable":true,"href":"https:\/\/brandss.com.py\/index\/wp-json\/wp\/v2\/product_brand?post=102408"},{"taxonomy":"product_cat","embeddable":true,"href":"https:\/\/brandss.com.py\/index\/wp-json\/wp\/v2\/product_cat?post=102408"},{"taxonomy":"product_tag","embeddable":true,"href":"https:\/\/brandss.com.py\/index\/wp-json\/wp\/v2\/product_tag?post=102408"}],"curies":[{"name":"wp","href":"https:\/\/api.w.org\/{rel}","templated":true}]}}