{"id":102460,"date":"2026-04-21T18:18:47","date_gmt":"2026-04-21T18:18:47","guid":{"rendered":"https:\/\/brandss.com.py\/index\/?post_type=product&#038;p=102460"},"modified":"2026-04-21T18:19:17","modified_gmt":"2026-04-21T18:19:17","slug":"perfume-masculino-marc-joseph-mj-man-black-edp-100ml","status":"publish","type":"product","link":"https:\/\/brandss.com.py\/index\/producto\/perfume-masculino-marc-joseph-mj-man-black-edp-100ml\/","title":{"rendered":"PERFUME MASCULINO MARC JOSEPH MJ MAN BLACK EDP 100ML"},"content":{"rendered":"<p><img loading=\"lazy\" decoding=\"async\" class=\"\" src=\"https:\/\/www.feelingsexy.com.au\/images\/Designer\/MARC_JOSEPH.png\" alt=\"Marc Joseph - Buy Marc Joseph for Sale | Australia\" width=\"109\" height=\"89\" \/><\/p>\n<h1>MJ MAN BLACK<\/h1>\n<p>Es una fragancia rica y sofisticada. Un aroma lujoso para el hombre seguro de s\u00ed mismo y refinado.<\/p>\n<p>&nbsp;<\/p>\n<h3>Notas Olfativas<\/h3>\n<p>&nbsp;<\/p>\n<p>MJ Man Black es una fragancia masculina con aut\u00e9nticos valores. Las notas c\u00edtricas de bergamota y lim\u00f3n, vigorizantes y ricas en vitaminas, se combinan con maestr\u00eda con un coraz\u00f3n perfumado de inspiraci\u00f3n provenzal\u00a0de cuero y madera de cedro, y culmina con una base de \u00e1mbar y almizcle.\u00a0Maderas exquisitas aportan una nota de suavidad. Un eau de parfum estimulante, la esencia del hombre activo y moderno.<\/p>\n<p><strong><span class=\"tw-font-semibold\"><span dir=\"auto\">Notas de salida:<\/span><\/span><\/strong><span dir=\"auto\"> pomelo, bergamota, pimienta rosa, lim\u00f3n, mandarina.<\/span><\/p>\n<p><strong><span class=\"tw-font-semibold\"><span dir=\"auto\">Notas de coraz\u00f3n:<\/span><\/span><\/strong><span dir=\"auto\"> maderas preciosas, g\u00e1lbano, resina de elem\u00ed, manzana granny smith.<\/span><\/p>\n<p><strong><span class=\"tw-font-semibold\"><span dir=\"auto\">Notas de fondo:<\/span><\/span><\/strong><span dir=\"auto\"> musgo de roble, almizcle blanco, pachul\u00ed, \u00e1mbar, vainilla.<\/span><\/p>\n","protected":false},"excerpt":{"rendered":"<p>MJ MAN BLACK Es una fragancia rica y sofisticada. Un aroma lujoso para el hombre seguro de s\u00ed mismo y<\/p>\n","protected":false},"featured_media":102461,"comment_status":"open","ping_status":"closed","template":"","meta":{"nf_dc_page":""},"product_brand":[3528],"product_cat":[84],"product_tag":[3532],"class_list":{"0":"post-102460","1":"product","2":"type-product","3":"status-publish","4":"has-post-thumbnail","6":"product_brand-marc-joseph","7":"product_cat-perfumeria","8":"product_tag-3532","10":"first","11":"instock","12":"shipping-taxable","13":"purchasable","14":"product-type-simple"},"_links":{"self":[{"href":"https:\/\/brandss.com.py\/index\/wp-json\/wp\/v2\/product\/102460","targetHints":{"allow":["GET"]}}],"collection":[{"href":"https:\/\/brandss.com.py\/index\/wp-json\/wp\/v2\/product"}],"about":[{"href":"https:\/\/brandss.com.py\/index\/wp-json\/wp\/v2\/types\/product"}],"replies":[{"embeddable":true,"href":"https:\/\/brandss.com.py\/index\/wp-json\/wp\/v2\/comments?post=102460"}],"version-history":[{"count":1,"href":"https:\/\/brandss.com.py\/index\/wp-json\/wp\/v2\/product\/102460\/revisions"}],"predecessor-version":[{"id":102465,"href":"https:\/\/brandss.com.py\/index\/wp-json\/wp\/v2\/product\/102460\/revisions\/102465"}],"wp:featuredmedia":[{"embeddable":true,"href":"https:\/\/brandss.com.py\/index\/wp-json\/wp\/v2\/media\/102461"}],"wp:attachment":[{"href":"https:\/\/brandss.com.py\/index\/wp-json\/wp\/v2\/media?parent=102460"}],"wp:term":[{"taxonomy":"product_brand","embeddable":true,"href":"https:\/\/brandss.com.py\/index\/wp-json\/wp\/v2\/product_brand?post=102460"},{"taxonomy":"product_cat","embeddable":true,"href":"https:\/\/brandss.com.py\/index\/wp-json\/wp\/v2\/product_cat?post=102460"},{"taxonomy":"product_tag","embeddable":true,"href":"https:\/\/brandss.com.py\/index\/wp-json\/wp\/v2\/product_tag?post=102460"}],"curies":[{"name":"wp","href":"https:\/\/api.w.org\/{rel}","templated":true}]}}