{"id":102484,"date":"2026-04-22T11:52:40","date_gmt":"2026-04-22T11:52:40","guid":{"rendered":"https:\/\/brandss.com.py\/index\/?post_type=product&#038;p=102484"},"modified":"2026-04-22T11:53:07","modified_gmt":"2026-04-22T11:53:07","slug":"perfume-masculino-prime-collection-deep-sense-black-edp-100ml","status":"publish","type":"product","link":"https:\/\/brandss.com.py\/index\/producto\/perfume-masculino-prime-collection-deep-sense-black-edp-100ml\/","title":{"rendered":"PERFUME MASCULINO PRIME COLLECTION DEEP SENSE BLACK EDP 100ML"},"content":{"rendered":"<p><img loading=\"lazy\" decoding=\"async\" class=\"alignnone  wp-image-102485\" src=\"https:\/\/brandss.com.py\/index\/wp-content\/uploads\/2026\/04\/DEEP-SENSE-LOGO.png\" alt=\"\" width=\"137\" height=\"137\" srcset=\"https:\/\/brandss.com.py\/index\/wp-content\/uploads\/2026\/04\/DEEP-SENSE-LOGO.png 300w, https:\/\/brandss.com.py\/index\/wp-content\/uploads\/2026\/04\/DEEP-SENSE-LOGO-150x150.png 150w\" sizes=\"auto, (max-width: 137px) 100vw, 137px\" \/><\/p>\n<h1>DEEP SENSE BLACK<\/h1>\n<p>Es una fragancia audaz y masculina con una mezcla \u00fanica de aromas. Una fragancia para el hombre \u00fanico y seguro. Deep sense black est\u00e1 dirigido a un hombre din\u00e1mico y entusiasta que combina la naturalidad y un aspecto refinado.<img loading=\"lazy\" decoding=\"async\" class=\"alignleft\" src=\"https:\/\/olcha.uz\/image\/700x700\/products\/cdn_1\/supplier\/stores\/1\/2025-12-09\/Sn6cliMSNaE9px8Yzlrq57I0VM8kVYT7pwWIiME3boMjhHxaraVwQqphWFn0.jpg\" width=\"362\" height=\"362\" \/><\/p>\n<h3><\/h3>\n<h3>Notas Olfativas<\/h3>\n<p>&nbsp;<\/p>\n<p>Deep Sense Black es una fragancia de la familia olfativa arom\u00e1tica frutal para hombres, una fragancia amaderada que comienza con un acorde de lim\u00f3n y lavanda, suavizado por pi\u00f1a en la nota media, descansando sobre una base amaderada.<\/p>\n<p><strong>Notas de salida:<\/strong> lavanda, lima \u00e1cida.<\/p>\n<p><strong>Notas de coraz\u00f3n:<\/strong> pi\u00f1a.<\/p>\n<p><strong>Notas de fondo:<\/strong> musgo.<\/p>\n","protected":false},"excerpt":{"rendered":"<p>DEEP SENSE BLACK Es una fragancia audaz y masculina con una mezcla \u00fanica de aromas. Una fragancia para el hombre<\/p>\n","protected":false},"featured_media":102486,"comment_status":"open","ping_status":"closed","template":"","meta":{"nf_dc_page":""},"product_brand":[3538],"product_cat":[84],"product_tag":[3539],"class_list":{"0":"post-102484","1":"product","2":"type-product","3":"status-publish","4":"has-post-thumbnail","6":"product_brand-prime-collection","7":"product_cat-perfumeria","8":"product_tag-3539","10":"first","11":"instock","12":"shipping-taxable","13":"purchasable","14":"product-type-simple"},"_links":{"self":[{"href":"https:\/\/brandss.com.py\/index\/wp-json\/wp\/v2\/product\/102484","targetHints":{"allow":["GET"]}}],"collection":[{"href":"https:\/\/brandss.com.py\/index\/wp-json\/wp\/v2\/product"}],"about":[{"href":"https:\/\/brandss.com.py\/index\/wp-json\/wp\/v2\/types\/product"}],"replies":[{"embeddable":true,"href":"https:\/\/brandss.com.py\/index\/wp-json\/wp\/v2\/comments?post=102484"}],"version-history":[{"count":1,"href":"https:\/\/brandss.com.py\/index\/wp-json\/wp\/v2\/product\/102484\/revisions"}],"predecessor-version":[{"id":102490,"href":"https:\/\/brandss.com.py\/index\/wp-json\/wp\/v2\/product\/102484\/revisions\/102490"}],"wp:featuredmedia":[{"embeddable":true,"href":"https:\/\/brandss.com.py\/index\/wp-json\/wp\/v2\/media\/102486"}],"wp:attachment":[{"href":"https:\/\/brandss.com.py\/index\/wp-json\/wp\/v2\/media?parent=102484"}],"wp:term":[{"taxonomy":"product_brand","embeddable":true,"href":"https:\/\/brandss.com.py\/index\/wp-json\/wp\/v2\/product_brand?post=102484"},{"taxonomy":"product_cat","embeddable":true,"href":"https:\/\/brandss.com.py\/index\/wp-json\/wp\/v2\/product_cat?post=102484"},{"taxonomy":"product_tag","embeddable":true,"href":"https:\/\/brandss.com.py\/index\/wp-json\/wp\/v2\/product_tag?post=102484"}],"curies":[{"name":"wp","href":"https:\/\/api.w.org\/{rel}","templated":true}]}}