{"id":102491,"date":"2026-04-22T12:20:53","date_gmt":"2026-04-22T12:20:53","guid":{"rendered":"https:\/\/brandss.com.py\/index\/?post_type=product&#038;p=102491"},"modified":"2026-04-22T12:22:20","modified_gmt":"2026-04-22T12:22:20","slug":"perfume-masculino-prime-collection-deep-sense-sport-edp-100ml","status":"publish","type":"product","link":"https:\/\/brandss.com.py\/index\/producto\/perfume-masculino-prime-collection-deep-sense-sport-edp-100ml\/","title":{"rendered":"PERFUME MASCULINO PRIME COLLECTION DEEP SENSE SPORT EDP 100ML"},"content":{"rendered":"<p><img decoding=\"async\" src=\"https:\/\/brandss.com.py\/index\/wp-content\/uploads\/2026\/04\/DEEP-SENSE-LOGO-150x150.png\" \/><\/p>\n<h1>DEEP SENSE SPORT<\/h1>\n<p>\u00a1Una de las opciones favoritas de los j\u00f3venes! Una interpretaci\u00f3n moderna de notas frescas y amaderadas, creada para un verdadero campe\u00f3n. Esta fragancia fresca simboliza la libertad, los horizontes infinitos, la velocidad, el viento y un toque nost\u00e1lgico de brisa marina.<\/p>\n<p>Deep Sense Sport es perfecto para hombres din\u00e1micos a quienes les gusta arriesgarse y disfrutar de la adrenalina, la aventura y la pr\u00e1ctica de todo tipo de deportes. Est\u00e1 dirigido a hombres con un estilo \u00fanico y seductor que viven la vida intensamente y experimentan emociones extremas.<\/p>\n<h3>Notas Olfativas<\/h3>\n<p>Deep Sense Sport de prime collection es una fragancia amaderada floral almizclada para hombres. Su aroma libre y desenfadado se abre con notas de bergamota y mandarina, mientras que el pachul\u00ed y el s\u00e1ndalo realzan la libertad sin l\u00edmites del hombre. Su fragancia es deportiva, llena de velocidad y adrenalina. \u00a1Una aut\u00e9ntica inyecci\u00f3n de frescura y energ\u00eda!<\/p>\n<p><strong><span dir=\"auto\">Notas de salida:<\/span><\/strong><span dir=\"auto\"> bergamota, mandarina, naranja.<\/span><\/p>\n<p><strong><span dir=\"auto\">Notas de coraz\u00f3n:<\/span><\/strong><span dir=\"auto\"> notas florales, pachul\u00ed.<\/span><\/p>\n<p><strong><span dir=\"auto\">Notas de fondo:<\/span><\/strong><span dir=\"auto\"> s\u00e1ndalo, madera.<\/span><\/p>\n","protected":false},"excerpt":{"rendered":"<p>DEEP SENSE SPORT \u00a1Una de las opciones favoritas de los j\u00f3venes! Una interpretaci\u00f3n moderna de notas frescas y amaderadas, creada<\/p>\n","protected":false},"featured_media":102492,"comment_status":"open","ping_status":"closed","template":"","meta":{"nf_dc_page":""},"product_brand":[3538],"product_cat":[84],"product_tag":[3540],"class_list":{"0":"post-102491","1":"product","2":"type-product","3":"status-publish","4":"has-post-thumbnail","6":"product_brand-prime-collection","7":"product_cat-perfumeria","8":"product_tag-3540","10":"first","11":"instock","12":"shipping-taxable","13":"purchasable","14":"product-type-simple"},"_links":{"self":[{"href":"https:\/\/brandss.com.py\/index\/wp-json\/wp\/v2\/product\/102491","targetHints":{"allow":["GET"]}}],"collection":[{"href":"https:\/\/brandss.com.py\/index\/wp-json\/wp\/v2\/product"}],"about":[{"href":"https:\/\/brandss.com.py\/index\/wp-json\/wp\/v2\/types\/product"}],"replies":[{"embeddable":true,"href":"https:\/\/brandss.com.py\/index\/wp-json\/wp\/v2\/comments?post=102491"}],"version-history":[{"count":1,"href":"https:\/\/brandss.com.py\/index\/wp-json\/wp\/v2\/product\/102491\/revisions"}],"predecessor-version":[{"id":102496,"href":"https:\/\/brandss.com.py\/index\/wp-json\/wp\/v2\/product\/102491\/revisions\/102496"}],"wp:featuredmedia":[{"embeddable":true,"href":"https:\/\/brandss.com.py\/index\/wp-json\/wp\/v2\/media\/102492"}],"wp:attachment":[{"href":"https:\/\/brandss.com.py\/index\/wp-json\/wp\/v2\/media?parent=102491"}],"wp:term":[{"taxonomy":"product_brand","embeddable":true,"href":"https:\/\/brandss.com.py\/index\/wp-json\/wp\/v2\/product_brand?post=102491"},{"taxonomy":"product_cat","embeddable":true,"href":"https:\/\/brandss.com.py\/index\/wp-json\/wp\/v2\/product_cat?post=102491"},{"taxonomy":"product_tag","embeddable":true,"href":"https:\/\/brandss.com.py\/index\/wp-json\/wp\/v2\/product_tag?post=102491"}],"curies":[{"name":"wp","href":"https:\/\/api.w.org\/{rel}","templated":true}]}}