{"id":102497,"date":"2026-04-22T12:58:27","date_gmt":"2026-04-22T12:58:27","guid":{"rendered":"https:\/\/brandss.com.py\/index\/?post_type=product&#038;p=102497"},"modified":"2026-04-22T14:02:55","modified_gmt":"2026-04-22T14:02:55","slug":"perfume-masculino-marc-joseph-blue-black-edp-100ml","status":"publish","type":"product","link":"https:\/\/brandss.com.py\/index\/producto\/perfume-masculino-marc-joseph-blue-black-edp-100ml\/","title":{"rendered":"PERFUME MASCULINO MARC JOSEPH BLUE BLACK EDP 100ML"},"content":{"rendered":"<p><img loading=\"lazy\" decoding=\"async\" class=\"\" src=\"https:\/\/www.feelingsexy.com.au\/images\/Designer\/MARC_JOSEPH.png\" alt=\"Marc Joseph - Buy Marc Joseph for Sale | Australia\" width=\"133\" height=\"109\" \/><\/p>\n<h1>BLUE BLACK<\/h1>\n<p>Un encanto que combina la energ\u00eda de la naturaleza y la noble moderaci\u00f3n. Blue Black Eau de Parfum encarna un cl\u00e1sico moderno, creando el equilibrio perfecto entre frescura y profundidad. La composici\u00f3n cobra vida gracias a exquisitas transiciones de notas que te atrapan desde el primer suspiro y permanecen en tu memoria por mucho tiempo. Blue Black es la elecci\u00f3n de los hombres que valoran la calidad, el estilo cl\u00e1sico y moderno en un solo frasco.<\/p>\n<h3>Notas Olfativas<\/h3>\n<p>Blue Black es una fragancia de la familia olfativa amaderada arom\u00e1tica para Hombres. Las notas de salida se abren con fuegos artificiales c\u00edtricos de bergamota, lim\u00f3n y mandarina. La riqueza y el brillo de estos acordes dan una sensaci\u00f3n de vigor. Las notas de coraz\u00f3n llenan el aroma con una sensual sinfon\u00eda floral. El jazm\u00edn aporta una dulzura sutil, la rosa aporta calidez y romance y el mirto a\u00f1ade un ligero acento \u00e1cido que crea una profundidad especial en la composici\u00f3n. Las notas finales envuelven la sofisticaci\u00f3n amaderada del cedro blanco, la calidez resinosa del \u00e1mbar y el ex\u00f3tico almizcle. Un acorde de cuero completa esta composici\u00f3n, a\u00f1adiendo elegante fuerza y \u200b\u200blongevidad que dura todo el d\u00eda.<\/p>\n<p><strong>Notas de salida:<\/strong> bergamota, lim\u00f3n, mandarina.<br \/>\n<strong>Notas de coraz\u00f3n:<\/strong> jazm\u00edn, mirto, rosa.<br \/>\n<strong>Notas de fondo:<\/strong> \u00e1mbar, cedro, cuero, almizcle.<\/p>\n","protected":false},"excerpt":{"rendered":"<p>BLUE BLACK Un encanto que combina la energ\u00eda de la naturaleza y la noble moderaci\u00f3n. Blue Black Eau de Parfum<\/p>\n","protected":false},"featured_media":102498,"comment_status":"open","ping_status":"closed","template":"","meta":{"nf_dc_page":""},"product_brand":[3528],"product_cat":[84],"product_tag":[3541],"class_list":{"0":"post-102497","1":"product","2":"type-product","3":"status-publish","4":"has-post-thumbnail","6":"product_brand-marc-joseph","7":"product_cat-perfumeria","8":"product_tag-3541","10":"first","11":"instock","12":"shipping-taxable","13":"purchasable","14":"product-type-simple"},"_links":{"self":[{"href":"https:\/\/brandss.com.py\/index\/wp-json\/wp\/v2\/product\/102497","targetHints":{"allow":["GET"]}}],"collection":[{"href":"https:\/\/brandss.com.py\/index\/wp-json\/wp\/v2\/product"}],"about":[{"href":"https:\/\/brandss.com.py\/index\/wp-json\/wp\/v2\/types\/product"}],"replies":[{"embeddable":true,"href":"https:\/\/brandss.com.py\/index\/wp-json\/wp\/v2\/comments?post=102497"}],"version-history":[{"count":1,"href":"https:\/\/brandss.com.py\/index\/wp-json\/wp\/v2\/product\/102497\/revisions"}],"predecessor-version":[{"id":102502,"href":"https:\/\/brandss.com.py\/index\/wp-json\/wp\/v2\/product\/102497\/revisions\/102502"}],"wp:featuredmedia":[{"embeddable":true,"href":"https:\/\/brandss.com.py\/index\/wp-json\/wp\/v2\/media\/102498"}],"wp:attachment":[{"href":"https:\/\/brandss.com.py\/index\/wp-json\/wp\/v2\/media?parent=102497"}],"wp:term":[{"taxonomy":"product_brand","embeddable":true,"href":"https:\/\/brandss.com.py\/index\/wp-json\/wp\/v2\/product_brand?post=102497"},{"taxonomy":"product_cat","embeddable":true,"href":"https:\/\/brandss.com.py\/index\/wp-json\/wp\/v2\/product_cat?post=102497"},{"taxonomy":"product_tag","embeddable":true,"href":"https:\/\/brandss.com.py\/index\/wp-json\/wp\/v2\/product_tag?post=102497"}],"curies":[{"name":"wp","href":"https:\/\/api.w.org\/{rel}","templated":true}]}}