{"id":102510,"date":"2026-04-22T14:47:36","date_gmt":"2026-04-22T14:47:36","guid":{"rendered":"https:\/\/brandss.com.py\/index\/?post_type=product&#038;p=102510"},"modified":"2026-04-22T14:48:04","modified_gmt":"2026-04-22T14:48:04","slug":"perfume-masculino-mont-blanc-explorer-edp-100ml","status":"publish","type":"product","link":"https:\/\/brandss.com.py\/index\/producto\/perfume-masculino-mont-blanc-explorer-edp-100ml\/","title":{"rendered":"PERFUME MASCULINO MONT BLANC EXPLORER EDP 100ML"},"content":{"rendered":"<p><img loading=\"lazy\" decoding=\"async\" class=\"\" src=\"https:\/\/upload.wikimedia.org\/wikipedia\/commons\/thumb\/d\/dd\/Montblanc_logo.svg\/3840px-Montblanc_logo.svg.png\" alt=\"Archivo:Montblanc logo.svg - Wikipedia, la enciclopedia libre\" width=\"120\" height=\"66\" \/><\/p>\n<h1>EXPLORER<\/h1>\n<p>Perfecta para el hombre que no teme explorar y conquistar el mundo, Explorer de MontBlanc es una refinada mezcla de elementos arom\u00e1ticos que le aportan un encanto y una seducci\u00f3n \u00fanicos. Una fragancia sofisticada y aventurera que captura el esp\u00edritu de exploraci\u00f3n y descubrimiento.<strong><img loading=\"lazy\" decoding=\"async\" class=\"alignleft\" src=\"https:\/\/m.media-amazon.com\/images\/I\/910q1Hq6JjL._AC_SL1500_.jpg\" width=\"691\" height=\"691\" \/><\/strong><\/p>\n<div class=\"celwidget aplus-module module-2 aplus-standard\" data-cel-widget=\"aplus-module-2\" data-csa-c-id=\"e0a62x-cejxp6-5jfskv-z92iyu\">\n<div class=\"aplus-module-wrapper apm-floatnone apm-fixed-width\">\n<div class=\"apm-sidemodule apm-spacing\">\n<div class=\"apm-sidemodule-textright\">\n<h3 class=\"a-spacing-mini\"><span dir=\"auto\">El explorador<\/span><\/h3>\n<p><span dir=\"auto\">Los exploradores lo saben bien: la aventura no tiene l\u00edmites. Una vez que se conquista una nueva cima, uno empieza a pensar en el siguiente desaf\u00edo. Como una llamada irresistible. El esplendor de paisajes inexplorados y la verdadera naturaleza del ser humano.<\/span><\/p>\n<\/div>\n<\/div>\n<\/div>\n<\/div>\n<div class=\"celwidget aplus-module module-3 aplus-standard\" data-cel-widget=\"aplus-module-3\" data-csa-c-id=\"ogjur9-hyikoi-bih4lg-5zzqbm\">\n<div class=\"aplus-module-wrapper apm-floatnone apm-fixed-width\">\n<div class=\"apm-sidemodule apm-spacing\">\n<div class=\"apm-sidemodule-textleft\">\n<h3 class=\"a-spacing-mini\"><span dir=\"auto\">La botella<\/span><\/h3>\n<p><span dir=\"auto\">Un dise\u00f1o de elegancia impecable. La botella EXPLORER rinde homenaje a la artesan\u00eda europea y al esp\u00edritu pionero. Ic\u00f3nica y elegante, su forma evoca solidez atemporal y el aut\u00e9ntico esp\u00edritu de exploraci\u00f3n.<\/span><\/p>\n<\/div>\n<p>&nbsp;<\/p>\n<\/div>\n<\/div>\n<\/div>\n<h3>Notas Olfativas<\/h3>\n<p>&nbsp;<\/p>\n<p>Explorer Eau De Parfum\u00a0 para hombre, un aroma fresco y amaderado con notas arom\u00e1ticas. La fragancia se abre con notas de salida picantes de bergamota combinadas con el aroma terroso de la salvia y el toque picante de la pimienta rosa. Esta introducci\u00f3n cautivadora pasa sutilmente a las notas de coraz\u00f3n dominadas por el vetiver terroso, la rica textura del cuero y la dulce indulgencia del cacao. Las notas de fondo de pachul\u00ed, ambrofix y akigalawood brindan un final c\u00e1lido y sensual, dejando una estela de elegancia masculina.<\/p>\n<p><strong>Notas de salida:<\/strong> bergamota, salvia, pimienta rosa.<\/p>\n<p><strong>Notas de coraz\u00f3n:<\/strong> vetiver, cuero, cacao.<\/p>\n<p><strong>Notas de fondo:<\/strong> pachul\u00ed, ambrofix, akigalawood<\/p>\n","protected":false},"excerpt":{"rendered":"<p>EXPLORER Perfecta para el hombre que no teme explorar y conquistar el mundo, Explorer de MontBlanc es una refinada mezcla<\/p>\n","protected":false},"featured_media":102511,"comment_status":"open","ping_status":"closed","template":"","meta":{"nf_dc_page":""},"product_brand":[1033],"product_cat":[84],"product_tag":[3543],"class_list":{"0":"post-102510","1":"product","2":"type-product","3":"status-publish","4":"has-post-thumbnail","6":"product_brand-mont-blanc","7":"product_cat-perfumeria","8":"product_tag-3543","10":"first","11":"instock","12":"shipping-taxable","13":"purchasable","14":"product-type-simple"},"_links":{"self":[{"href":"https:\/\/brandss.com.py\/index\/wp-json\/wp\/v2\/product\/102510","targetHints":{"allow":["GET"]}}],"collection":[{"href":"https:\/\/brandss.com.py\/index\/wp-json\/wp\/v2\/product"}],"about":[{"href":"https:\/\/brandss.com.py\/index\/wp-json\/wp\/v2\/types\/product"}],"replies":[{"embeddable":true,"href":"https:\/\/brandss.com.py\/index\/wp-json\/wp\/v2\/comments?post=102510"}],"version-history":[{"count":1,"href":"https:\/\/brandss.com.py\/index\/wp-json\/wp\/v2\/product\/102510\/revisions"}],"predecessor-version":[{"id":102516,"href":"https:\/\/brandss.com.py\/index\/wp-json\/wp\/v2\/product\/102510\/revisions\/102516"}],"wp:featuredmedia":[{"embeddable":true,"href":"https:\/\/brandss.com.py\/index\/wp-json\/wp\/v2\/media\/102511"}],"wp:attachment":[{"href":"https:\/\/brandss.com.py\/index\/wp-json\/wp\/v2\/media?parent=102510"}],"wp:term":[{"taxonomy":"product_brand","embeddable":true,"href":"https:\/\/brandss.com.py\/index\/wp-json\/wp\/v2\/product_brand?post=102510"},{"taxonomy":"product_cat","embeddable":true,"href":"https:\/\/brandss.com.py\/index\/wp-json\/wp\/v2\/product_cat?post=102510"},{"taxonomy":"product_tag","embeddable":true,"href":"https:\/\/brandss.com.py\/index\/wp-json\/wp\/v2\/product_tag?post=102510"}],"curies":[{"name":"wp","href":"https:\/\/api.w.org\/{rel}","templated":true}]}}