{"id":102517,"date":"2026-04-22T16:54:25","date_gmt":"2026-04-22T16:54:25","guid":{"rendered":"https:\/\/brandss.com.py\/index\/?post_type=product&#038;p=102517"},"modified":"2026-04-22T16:54:50","modified_gmt":"2026-04-22T16:54:50","slug":"perfume-femenino-versace-crystal-emerald-edp-90ml","status":"publish","type":"product","link":"https:\/\/brandss.com.py\/index\/producto\/perfume-femenino-versace-crystal-emerald-edp-90ml\/","title":{"rendered":"PERFUME FEMENINO VERSACE CRYSTAL EMERALD EDP 90ML"},"content":{"rendered":"<p><img loading=\"lazy\" decoding=\"async\" class=\"\" src=\"https:\/\/www.clipartmax.com\/png\/full\/252-2524147_versace-medusa-logo-png-transparent-svg-vector-freebie-versace-logo.png\" alt=\"Versace Medusa Logo Png Transparent Svg Vector Freebie - Versace Logo -  (2400x2996) Png Clipart Download\" width=\"95\" height=\"119\" \/><\/p>\n<h1>CRYSTAL EMERALD<\/h1>\n<p>Desata tu encanto interior con este perfume Crystal Emerald Eau de Parfum, una radiante expresi\u00f3n de feminidad segura de s\u00ed misma. Fragancia femenina elegante, fresca y sofisticada que combina notas frutales y florales con un fondo c\u00e1lido y seductor. Versace Crystal Emerald Eau de Parfum destaca por su car\u00e1cter luminoso y moderno, inspirado en la energ\u00eda y el brillo de una esmeralda preciosa. <img loading=\"lazy\" decoding=\"async\" class=\"alignleft\" src=\"https:\/\/labelleperfumes.com\/cdn\/shop\/files\/versace-cyristal-emerald-edp-flacon2_1500x.webp?v=1774895525\" width=\"855\" height=\"855\" \/><\/p>\n<p>El verde intenso y audaz de la esmeralda sirve de inspiraci\u00f3n para Crystal Emerald. Sus envolventes notas florales contienen toda la energ\u00eda y vitalidad de una mujer libre, segura de s\u00ed misma y distinguida. El frasco, hecho de vidrio transparente, se completa con un tap\u00f3n facetado de gran tama\u00f1o que recuerda la forma de una piedra preciosa.<\/p>\n<p>&nbsp;<\/p>\n<h3>Notas Olfativas<\/h3>\n<p>&nbsp;<\/p>\n<div>Esta creaci\u00f3n olfativa expresa una feminidad seductora que captura la actitud sin complejos que define a la casa.<\/div>\n<div><\/div>\n<div>El aroma comienza con una vibrante frescura c\u00edtrica, donde la distintiva bergamota calabresa se mezcla con la dulzura aterciopelada y jugosa de la esencia de melocot\u00f3n, como la fruta reci\u00e9n recolectada de un huerto ba\u00f1ado por el sol. Un susurro de pimienta rosa a\u00f1ade una sofisticaci\u00f3n brillante.<\/div>\n<div><\/div>\n<div>En el coraz\u00f3n de la fragancia, el capullo de rosa verde florece lentamente, joven y lleno de vida, envuelto en sombras especiadas y afrutadas que evocan la delicadeza de un jard\u00edn de rosas matutino ba\u00f1ado por el roc\u00edo. El jazm\u00edn aporta una suavidad aterciopelada, mientras que el sorbete de frambuesa a\u00f1ade una nota colorida y adictiva.<\/div>\n<div><\/div>\n<div>Por \u00faltimo, el abrazo envolvente y duradero del almizcle blanco se mezcla con la calidez de la haba tonka brasile\u00f1a y un toque de incienso, creando una estela refinada e inconfundible que sella una firma olfativa potente y elegante.<\/div>\n<div>\n<p>&nbsp;<\/p>\n<ul>\n<li><strong>Notas de salida:<\/strong> aceite de bergamota de Italia, alcoholato de melocot\u00f3n Orpur, pimienta rosa CO2 Orpur.<\/li>\n<li><strong>Notas de coraz\u00f3n:<\/strong> acuerdo de capullos de rosa verde, absoluto de jazm\u00edn India Orpur, sorbete de frambuesa.<\/li>\n<li><strong>Notas de fondo:<\/strong> almizcle blanco, aceite de incienso Somalia Orpur, absoluto de haba tonka Brasil Orpur.<\/li>\n<\/ul>\n<\/div>\n","protected":false},"excerpt":{"rendered":"<p>CRYSTAL EMERALD Desata tu encanto interior con este perfume Crystal Emerald Eau de Parfum, una radiante expresi\u00f3n de feminidad segura<\/p>\n","protected":false},"featured_media":102518,"comment_status":"open","ping_status":"closed","template":"","meta":{"nf_dc_page":""},"product_brand":[121],"product_cat":[84],"product_tag":[3544],"class_list":{"0":"post-102517","1":"product","2":"type-product","3":"status-publish","4":"has-post-thumbnail","6":"product_brand-versace","7":"product_cat-perfumeria","8":"product_tag-3544","10":"first","11":"instock","12":"shipping-taxable","13":"purchasable","14":"product-type-simple"},"_links":{"self":[{"href":"https:\/\/brandss.com.py\/index\/wp-json\/wp\/v2\/product\/102517","targetHints":{"allow":["GET"]}}],"collection":[{"href":"https:\/\/brandss.com.py\/index\/wp-json\/wp\/v2\/product"}],"about":[{"href":"https:\/\/brandss.com.py\/index\/wp-json\/wp\/v2\/types\/product"}],"replies":[{"embeddable":true,"href":"https:\/\/brandss.com.py\/index\/wp-json\/wp\/v2\/comments?post=102517"}],"version-history":[{"count":1,"href":"https:\/\/brandss.com.py\/index\/wp-json\/wp\/v2\/product\/102517\/revisions"}],"predecessor-version":[{"id":102522,"href":"https:\/\/brandss.com.py\/index\/wp-json\/wp\/v2\/product\/102517\/revisions\/102522"}],"wp:featuredmedia":[{"embeddable":true,"href":"https:\/\/brandss.com.py\/index\/wp-json\/wp\/v2\/media\/102518"}],"wp:attachment":[{"href":"https:\/\/brandss.com.py\/index\/wp-json\/wp\/v2\/media?parent=102517"}],"wp:term":[{"taxonomy":"product_brand","embeddable":true,"href":"https:\/\/brandss.com.py\/index\/wp-json\/wp\/v2\/product_brand?post=102517"},{"taxonomy":"product_cat","embeddable":true,"href":"https:\/\/brandss.com.py\/index\/wp-json\/wp\/v2\/product_cat?post=102517"},{"taxonomy":"product_tag","embeddable":true,"href":"https:\/\/brandss.com.py\/index\/wp-json\/wp\/v2\/product_tag?post=102517"}],"curies":[{"name":"wp","href":"https:\/\/api.w.org\/{rel}","templated":true}]}}