{"id":102523,"date":"2026-04-22T17:57:15","date_gmt":"2026-04-22T17:57:15","guid":{"rendered":"https:\/\/brandss.com.py\/index\/?post_type=product&#038;p=102523"},"modified":"2026-04-22T17:57:42","modified_gmt":"2026-04-22T17:57:42","slug":"perfume-femenino-lattafa-angham-second-song-edp-100ml","status":"publish","type":"product","link":"https:\/\/brandss.com.py\/index\/producto\/perfume-femenino-lattafa-angham-second-song-edp-100ml\/","title":{"rendered":"PERFUME FEMENINO LATTAFA ANGHAM SECOND SONG EDP 100ML"},"content":{"rendered":"<p><img loading=\"lazy\" decoding=\"async\" class=\"\" src=\"https:\/\/myscentjourney.s3.us-east-2.amazonaws.com\/2022\/02\/14\/29KIascent_j_marca_1644871114_202.png\" alt=\"MSJ::LATTAFA\" width=\"92\" height=\"109\" \/><\/p>\n<h1>ANGHAM SECOND SONG<\/h1>\n<p><span dir=\"auto\">Es un sofisticado Eau de Parfum que combina la energ\u00eda especiada con la profundidad gourmand. Esta fragancia de alto rendimiento ofrece una transici\u00f3n fluida desde los c\u00edtricos vibrantes hasta un exquisito coraz\u00f3n de chocolate. Est\u00e1 dise\u00f1ada para quienes buscan una fragancia vers\u00e1til y <\/span><span dir=\"auto\">audaz\u00a0<\/span><span dir=\"auto\">que irradie calidez y elegancia durante todo el d\u00eda.<img loading=\"lazy\" decoding=\"async\" class=\"alignright\" src=\"https:\/\/emiratesoud.co.uk\/cdn\/shop\/files\/Angham-Second-Song-Perfume-100ml-EDP-Lattafa-183920367.png?v=1769911446&amp;width=600\" width=\"382\" height=\"382\" \/><\/span><\/p>\n<p><span dir=\"auto\">Angham Second Song Eau de Parfum es una <\/span><span dir=\"auto\">fragancia <\/span><span dir=\"auto\">radiante y moderna\u00a0que ampl\u00eda la colecci\u00f3n Angham con una expresi\u00f3n m\u00e1s luminosa y ligera, conservando su caracter\u00edstica calidez cremosa y su dulzura refinada.\u00a0<\/span><\/p>\n<h3><\/h3>\n<h3>Notas Olfativas<\/h3>\n<p><img decoding=\"async\" class=\"alignleft\" src=\"https:\/\/arabicparfums.com\/cdn\/shop\/files\/lattafa-angham-second-song-parfum-cu-ingrediente_49486048-e40a-489e-b707-ae96f4c5fc4a_512x512.png?v=1771440955\" \/><\/p>\n<p><span dir=\"auto\">Angham Second Song es una fragancia que pertenece a la <\/span><span dir=\"auto\">familia olfativa oriental-vainilla,<\/span><span dir=\"auto\"> con elegantes matices florales y gourmand, lo que la hace vers\u00e1til, contempor\u00e1nea y f\u00e1cil de llevar. Lanzada oficialmente en 2026. <\/span><\/p>\n<p><span dir=\"auto\">Angham Second Song de Lattafa se abre con un brillo fresco y luminoso. La flor de pera y la bergamota c\u00edtrica crean un comienzo ligero y acogedor que evoca una ma\u00f1ana de primavera. <\/span><\/p>\n<p><span dir=\"auto\">En su interior, se revela una refinada mezcla gourmand, donde la cremosa flor de naranjo y la rom\u00e1ntica peon\u00eda se unen al rico pralin\u00e9 con toques de frutos secos para crear un car\u00e1cter dulce, a la vez que ligero y elegante. <\/span><span dir=\"auto\">Su aroma se asienta en una base aterciopelada y duradera. <\/span><\/p>\n<p><span dir=\"auto\">La vainilla y el haba tonka aportan una calidez reconfortante, mientras que el ambroxan y el almizcle proporcionan una estela moderna y limpia, con un rendimiento que deja un brillo suave y adictivo durante horas.<\/span><\/p>\n<ul>\n<li dir=\"ltr\" role=\"presentation\"><strong><span dir=\"auto\">Notas de salida: <\/span><\/strong><span dir=\"auto\">f<\/span><span dir=\"auto\">lor de pera, bergamota.<\/span><\/li>\n<li dir=\"ltr\" role=\"presentation\"><strong><span dir=\"auto\">Notas de coraz\u00f3n: <\/span><\/strong><span dir=\"auto\">flor de naranjo, pralin\u00e9, peon\u00eda.<\/span><\/li>\n<li dir=\"ltr\" role=\"presentation\"><strong><span dir=\"auto\">Notas de fondo:<\/span><\/strong><span dir=\"auto\"> ambroxan, vainilla, haba tonka, almizcle.<\/span><\/li>\n<\/ul>\n","protected":false},"excerpt":{"rendered":"<p>ANGHAM SECOND SONG Es un sofisticado Eau de Parfum que combina la energ\u00eda especiada con la profundidad gourmand. Esta fragancia<\/p>\n","protected":false},"featured_media":102524,"comment_status":"open","ping_status":"closed","template":"","meta":{"nf_dc_page":""},"product_brand":[109],"product_cat":[84],"product_tag":[3545],"class_list":{"0":"post-102523","1":"product","2":"type-product","3":"status-publish","4":"has-post-thumbnail","6":"product_brand-lattafa","7":"product_cat-perfumeria","8":"product_tag-3545","10":"first","11":"instock","12":"shipping-taxable","13":"purchasable","14":"product-type-simple"},"_links":{"self":[{"href":"https:\/\/brandss.com.py\/index\/wp-json\/wp\/v2\/product\/102523","targetHints":{"allow":["GET"]}}],"collection":[{"href":"https:\/\/brandss.com.py\/index\/wp-json\/wp\/v2\/product"}],"about":[{"href":"https:\/\/brandss.com.py\/index\/wp-json\/wp\/v2\/types\/product"}],"replies":[{"embeddable":true,"href":"https:\/\/brandss.com.py\/index\/wp-json\/wp\/v2\/comments?post=102523"}],"version-history":[{"count":1,"href":"https:\/\/brandss.com.py\/index\/wp-json\/wp\/v2\/product\/102523\/revisions"}],"predecessor-version":[{"id":102531,"href":"https:\/\/brandss.com.py\/index\/wp-json\/wp\/v2\/product\/102523\/revisions\/102531"}],"wp:featuredmedia":[{"embeddable":true,"href":"https:\/\/brandss.com.py\/index\/wp-json\/wp\/v2\/media\/102524"}],"wp:attachment":[{"href":"https:\/\/brandss.com.py\/index\/wp-json\/wp\/v2\/media?parent=102523"}],"wp:term":[{"taxonomy":"product_brand","embeddable":true,"href":"https:\/\/brandss.com.py\/index\/wp-json\/wp\/v2\/product_brand?post=102523"},{"taxonomy":"product_cat","embeddable":true,"href":"https:\/\/brandss.com.py\/index\/wp-json\/wp\/v2\/product_cat?post=102523"},{"taxonomy":"product_tag","embeddable":true,"href":"https:\/\/brandss.com.py\/index\/wp-json\/wp\/v2\/product_tag?post=102523"}],"curies":[{"name":"wp","href":"https:\/\/api.w.org\/{rel}","templated":true}]}}