{"id":102532,"date":"2026-04-23T11:26:39","date_gmt":"2026-04-23T11:26:39","guid":{"rendered":"https:\/\/brandss.com.py\/index\/?post_type=product&#038;p=102532"},"modified":"2026-04-23T11:27:15","modified_gmt":"2026-04-23T11:27:15","slug":"perfume-femenino-maison-alhambra-delilah-blanc-edp-100ml","status":"publish","type":"product","link":"https:\/\/brandss.com.py\/index\/producto\/perfume-femenino-maison-alhambra-delilah-blanc-edp-100ml\/","title":{"rendered":"PERFUME FEMENINO MAISON ALHAMBRA DELILAH BLANC EDP 100ML"},"content":{"rendered":"<p><img loading=\"lazy\" decoding=\"async\" class=\"\" src=\"https:\/\/fimgs.net\/mdimg\/dizajneri\/o.4828.jpg\" alt=\"Maison Alhambra Fragancias Y Colonias\" width=\"110\" height=\"112\" \/><\/p>\n<h1>DELILAH BLANC<\/h1>\n<p>D\u00e9jate envolver por la exquisita fragancia de Delilah Blanc, un Eau de Parfum dise\u00f1ado para la mujer moderna y sofisticada. Este perfume, con una concentraci\u00f3n ideal para perdurar a lo largo del d\u00eda, te transportar\u00e1 a un jard\u00edn floral blanco ba\u00f1ado por el sol.<img loading=\"lazy\" decoding=\"async\" class=\"alignleft\" src=\"https:\/\/sixthscent.co.uk\/cdn\/shop\/files\/ChatGPTImageJan22_2026_04_37_12PM.png?v=1769099857\" width=\"818\" height=\"818\" \/><\/p>\n<p>Su aroma fresco y c\u00edtrico en las notas de salida da paso a un coraz\u00f3n floral c\u00e1lido y elegante, dejando una estela limpia y envolvente gracias al ambroxan y el almizcle. Delilah Blanc, un perfume que refleja tu personalidad radiante y te invita a vivir cada momento con pasi\u00f3n.<\/p>\n<p>&nbsp;<\/p>\n<h3>Notas Olfativas<\/h3>\n<p>&nbsp;<\/p>\n<p data-start=\"42\" data-end=\"153\"><span dir=\"auto\">Esta fragancia es un\u00a0<\/span><span dir=\"auto\">\u00e9xito de ventas floral femenino<\/span><span dir=\"auto\">, apreciada por su frescura, suavidad y elegancia natural.\u00a0<\/span><span dir=\"auto\">Se abre con un\u00a0<\/span><span dir=\"auto\">brillante toque c\u00edtrico<\/span><span dir=\"auto\">, limpio y revitalizante, que le confiere al instante una sensaci\u00f3n fresca y radiante. Los c\u00edtricos son ligeros y et\u00e9reos, nunca punzantes, creando una introducci\u00f3n atractiva y universal.<\/span><\/p>\n<p data-start=\"381\" data-end=\"685\"><span dir=\"auto\">A medida que se desarrolla, el coraz\u00f3n se torna\u00a0<\/span><span dir=\"auto\">suavemente floral y ligeramente afrutado<\/span><span dir=\"auto\">. Delicadas notas florales florecen con gracia, equilibradas por sutiles matices frutales que aportan luminosidad y feminidad sin dulzor. Esta etapa se siente suave, fresca y maravillosamente equilibrada, una de las razones por las que esta fragancia es tan apreciada.<\/span><\/p>\n<p data-start=\"687\" data-end=\"904\"><span dir=\"auto\">La base es limpia, reconfortante y duradera.\u00a0<\/span><span dir=\"auto\">El almizcle<\/span><span dir=\"auto\">\u00a0proporciona un acabado suave, similar al de la piel, mientras que\u00a0<\/span><span dir=\"auto\">los acordes frescos<\/span><span dir=\"auto\">\u00a0mantienen la fragancia ligera, et\u00e9rea y moderna, dejando una estela limpia, femenina y elegante.<\/span><\/p>\n<p data-start=\"906\" data-end=\"1169\" data-is-last-node=\"\" data-is-only-node=\"\"><span dir=\"auto\">En definitiva, se trata de una\u00a0<\/span><span dir=\"auto\">fragancia floral femenina atemporal<\/span><span dir=\"auto\">: fresca y chispeante en la salida, suave y elegante en el coraz\u00f3n, y limpia y reconfortante en el secado. F\u00e1cil de llevar, irresistible y perfectamente equilibrada, es un aut\u00e9ntico \u00e9xito de ventas por una buena raz\u00f3n.<\/span><\/p>\n<p data-start=\"906\" data-end=\"1169\" data-is-last-node=\"\" data-is-only-node=\"\">\n<p data-start=\"906\" data-end=\"1169\" data-is-last-node=\"\" data-is-only-node=\"\"><strong>Notas de salida:<\/strong> durazno blanco, bergamota, mandarina.<\/p>\n<p data-start=\"906\" data-end=\"1169\" data-is-last-node=\"\" data-is-only-node=\"\"><strong>Notas de coraz\u00f3n:<\/strong> flor de azahar del naranjo, vetiver.<\/p>\n<p data-start=\"906\" data-end=\"1169\" data-is-last-node=\"\" data-is-only-node=\"\"><strong>Notas de fondo:<\/strong> almizcle, vainilla.<\/p>\n","protected":false},"excerpt":{"rendered":"<p>DELILAH BLANC D\u00e9jate envolver por la exquisita fragancia de Delilah Blanc, un Eau de Parfum dise\u00f1ado para la mujer moderna<\/p>\n","protected":false},"featured_media":102533,"comment_status":"open","ping_status":"closed","template":"","meta":{"nf_dc_page":""},"product_brand":[107],"product_cat":[84],"product_tag":[3546],"class_list":{"0":"post-102532","1":"product","2":"type-product","3":"status-publish","4":"has-post-thumbnail","6":"product_brand-maison-alhambra","7":"product_cat-perfumeria","8":"product_tag-3546","10":"first","11":"instock","12":"shipping-taxable","13":"purchasable","14":"product-type-simple"},"_links":{"self":[{"href":"https:\/\/brandss.com.py\/index\/wp-json\/wp\/v2\/product\/102532","targetHints":{"allow":["GET"]}}],"collection":[{"href":"https:\/\/brandss.com.py\/index\/wp-json\/wp\/v2\/product"}],"about":[{"href":"https:\/\/brandss.com.py\/index\/wp-json\/wp\/v2\/types\/product"}],"replies":[{"embeddable":true,"href":"https:\/\/brandss.com.py\/index\/wp-json\/wp\/v2\/comments?post=102532"}],"version-history":[{"count":1,"href":"https:\/\/brandss.com.py\/index\/wp-json\/wp\/v2\/product\/102532\/revisions"}],"predecessor-version":[{"id":102538,"href":"https:\/\/brandss.com.py\/index\/wp-json\/wp\/v2\/product\/102532\/revisions\/102538"}],"wp:featuredmedia":[{"embeddable":true,"href":"https:\/\/brandss.com.py\/index\/wp-json\/wp\/v2\/media\/102533"}],"wp:attachment":[{"href":"https:\/\/brandss.com.py\/index\/wp-json\/wp\/v2\/media?parent=102532"}],"wp:term":[{"taxonomy":"product_brand","embeddable":true,"href":"https:\/\/brandss.com.py\/index\/wp-json\/wp\/v2\/product_brand?post=102532"},{"taxonomy":"product_cat","embeddable":true,"href":"https:\/\/brandss.com.py\/index\/wp-json\/wp\/v2\/product_cat?post=102532"},{"taxonomy":"product_tag","embeddable":true,"href":"https:\/\/brandss.com.py\/index\/wp-json\/wp\/v2\/product_tag?post=102532"}],"curies":[{"name":"wp","href":"https:\/\/api.w.org\/{rel}","templated":true}]}}