{"id":102539,"date":"2026-04-23T12:13:30","date_gmt":"2026-04-23T12:13:30","guid":{"rendered":"https:\/\/brandss.com.py\/index\/?post_type=product&#038;p=102539"},"modified":"2026-04-23T12:14:56","modified_gmt":"2026-04-23T12:14:56","slug":"perfume-masculino-rayhaan-aquatica-edp-100ml","status":"publish","type":"product","link":"https:\/\/brandss.com.py\/index\/producto\/perfume-masculino-rayhaan-aquatica-edp-100ml\/","title":{"rendered":"PERFUME MASCULINO RAYHAAN AQUATICA EDP 100ML"},"content":{"rendered":"<p><img loading=\"lazy\" decoding=\"async\" class=\"\" src=\"https:\/\/rayhaanperfumes.com\/cdn\/shop\/t\/9\/assets\/favicon.png?v=1623148847918320321721419311\" alt=\"Rayhaan Collection \u2013 Rayhaan Perfumes\" width=\"100\" height=\"56\" \/><\/p>\n<h1>AQUATICA<\/h1>\n<p>Es un vibrante Eau de Parfum masculino que captura la esencia de la brisa marina ba\u00f1ada por el sol. Dise\u00f1ado para los amantes de las fragancias que aprecian los aromas refrescantes, ex\u00f3ticos y que mejoran el estado de \u00e1nimo. Esta fragancia \u00e1rabe combina c\u00edtricos, coco cremoso y notas florales c\u00e1lidas para crear una experiencia verdaderamente inolvidable.<\/p>\n<p>Aquatica es un perfume Citrus Gourmand brillante, en\u00e9rgico y sumamente encantador, posicionado como el imprescindible de verano por excelencia para aquellos que exigen un rendimiento superior en sus fragancias frescas.<\/p>\n<p><img decoding=\"async\" class=\"alignleft\" src=\"https:\/\/palaciodelsultan.com\/wp-content\/uploads\/2025\/12\/notas-rayhaan-aquatica.jpg\" \/><\/p>\n<h3>Notas Olfativas<\/h3>\n<p>Aquatica una fragancia masculina perteneciente a la famila c\u00edtrica gourmand-acu\u00e1tica fresca, lanzada en el 2025. <span dir=\"auto\">Una fragancia floral c\u00edtrica tropical con bergamota, lim\u00f3n y mandarina, que se fusiona con la cremosidad de la leche de coco. Esta fragancia fresca y delicada crea al instante una sensaci\u00f3n acogedora y soleada. Perfecta para alegrar el \u00e1nimo en un d\u00eda de verano o primavera.<\/span><\/p>\n<p dir=\"ltr\"><span dir=\"auto\">A medida que se desarrolla, el coraz\u00f3n revela la dulzura floral del jazm\u00edn, la gardenia y el ex\u00f3tico hibisco, que se mezcla con el singular matiz almibarado de la ca\u00f1a de az\u00facar. Esta etapa intermedia se siente suave, et\u00e9rea y luminosa, equilibrando la belleza de las flores con la frescura de la fruta.<\/span><\/p>\n<p dir=\"ltr\"><span dir=\"auto\">Finalmente, la base se asienta en una c\u00e1lida y sensual capa de pachul\u00ed, haba tonka y almizcle, enriquecida con un sutil toque de ron. Estas notas profundas aportan riqueza y duraci\u00f3n, haciendo que la fragancia sea confortable e ideal para los cambios del d\u00eda a la noche en el clima impredecible<\/span><\/p>\n<ul>\n<li dir=\"ltr\" role=\"presentation\"><strong><span dir=\"auto\">Notas de salida:<\/span><\/strong><span dir=\"auto\"> bergamota, leche de coco, lima, mandarina.<\/span><\/li>\n<li dir=\"ltr\" role=\"presentation\"><strong><span dir=\"auto\">Notas de coraz\u00f3n:<\/span><\/strong><span dir=\"auto\"> ca\u00f1a de az\u00facar, jazm\u00edn, gardenia, hibisco.<\/span><\/li>\n<li dir=\"ltr\" role=\"presentation\"><strong><span dir=\"auto\">Notas de fondo:<\/span><\/strong><span dir=\"auto\"> pachul\u00ed, almizcle, haba tonka, ron.<\/span><\/li>\n<\/ul>\n","protected":false},"excerpt":{"rendered":"<p>AQUATICA Es un vibrante Eau de Parfum masculino que captura la esencia de la brisa marina ba\u00f1ada por el sol.<\/p>\n","protected":false},"featured_media":102540,"comment_status":"open","ping_status":"closed","template":"","meta":{"nf_dc_page":""},"product_brand":[3547],"product_cat":[84],"product_tag":[3548],"class_list":{"0":"post-102539","1":"product","2":"type-product","3":"status-publish","4":"has-post-thumbnail","6":"product_brand-rayhaan","7":"product_cat-perfumeria","8":"product_tag-3548","10":"first","11":"instock","12":"shipping-taxable","13":"purchasable","14":"product-type-simple"},"_links":{"self":[{"href":"https:\/\/brandss.com.py\/index\/wp-json\/wp\/v2\/product\/102539","targetHints":{"allow":["GET"]}}],"collection":[{"href":"https:\/\/brandss.com.py\/index\/wp-json\/wp\/v2\/product"}],"about":[{"href":"https:\/\/brandss.com.py\/index\/wp-json\/wp\/v2\/types\/product"}],"replies":[{"embeddable":true,"href":"https:\/\/brandss.com.py\/index\/wp-json\/wp\/v2\/comments?post=102539"}],"version-history":[{"count":1,"href":"https:\/\/brandss.com.py\/index\/wp-json\/wp\/v2\/product\/102539\/revisions"}],"predecessor-version":[{"id":102547,"href":"https:\/\/brandss.com.py\/index\/wp-json\/wp\/v2\/product\/102539\/revisions\/102547"}],"wp:featuredmedia":[{"embeddable":true,"href":"https:\/\/brandss.com.py\/index\/wp-json\/wp\/v2\/media\/102540"}],"wp:attachment":[{"href":"https:\/\/brandss.com.py\/index\/wp-json\/wp\/v2\/media?parent=102539"}],"wp:term":[{"taxonomy":"product_brand","embeddable":true,"href":"https:\/\/brandss.com.py\/index\/wp-json\/wp\/v2\/product_brand?post=102539"},{"taxonomy":"product_cat","embeddable":true,"href":"https:\/\/brandss.com.py\/index\/wp-json\/wp\/v2\/product_cat?post=102539"},{"taxonomy":"product_tag","embeddable":true,"href":"https:\/\/brandss.com.py\/index\/wp-json\/wp\/v2\/product_tag?post=102539"}],"curies":[{"name":"wp","href":"https:\/\/api.w.org\/{rel}","templated":true}]}}