{"id":102549,"date":"2026-04-23T13:00:44","date_gmt":"2026-04-23T13:00:44","guid":{"rendered":"https:\/\/brandss.com.py\/index\/?post_type=product&#038;p=102549"},"modified":"2026-04-23T13:01:45","modified_gmt":"2026-04-23T13:01:45","slug":"perfume-masculino-rayhaan-obsidian-edp-100ml","status":"publish","type":"product","link":"https:\/\/brandss.com.py\/index\/producto\/perfume-masculino-rayhaan-obsidian-edp-100ml\/","title":{"rendered":"PERFUME MASCULINO RAYHAAN OBSIDIAN EDP 100ML"},"content":{"rendered":"<p><img loading=\"lazy\" decoding=\"async\" class=\"\" src=\"https:\/\/rayhaanperfumes.com\/cdn\/shop\/t\/9\/assets\/favicon.png?v=1623148847918320321721419311\" alt=\"Rayhaan Collection \u2013 Rayhaan Perfumes\" width=\"116\" height=\"65\" \/><\/p>\n<h1>OBSIDIAN<\/h1>\n<p>Nacida del lujo moderno y de una elegancia profunda que impone presencia sin esfuerzo,\u00a0Obsidian es una fragancia oriental masculina intensa, refinada y absolutamente magn\u00e9tica.<br data-start=\"229\" data-end=\"232\" \/>Creada para quienes buscan una firma olfativa inolvidable, combina sensualidad envolvente con car\u00e1cter sofisticado.<\/p>\n<p>Atr\u00e9vete a experimentar la esencia de Obsidian y deja una huella imborrable donde quiera que vayas. Esta fragancia es m\u00e1s que un perfume; es una declaraci\u00f3n de intenciones que resalta tu personalidad y estilo.<\/p>\n<p><img decoding=\"async\" class=\"alignleft\" src=\"https:\/\/http2.mlstatic.com\/D_NQ_NP_2X_723892-MLA106678139907_022026-F.webp\" \/><\/p>\n<h3>Notas Olfativas<\/h3>\n<p>&nbsp;<\/p>\n<p data-start=\"560\" data-end=\"911\"><span dir=\"auto\">Obsidian Eau de Parfum (2025)<\/span><span dir=\"auto\">\u00a0es una\u00a0<\/span><span dir=\"auto\">fragancia masculina moderna y sofisticada,<\/span><span dir=\"auto\">\u00a0creada para quienes aprecian la elegancia, la profundidad y un toque de misterio. Con un equilibrio armonioso entre\u00a0<\/span><span dir=\"auto\">suavidad y fuerza<\/span><span dir=\"auto\">, Obsidian ofrece una experiencia olfativa refinada, ideal para ocasiones especiales, eventos nocturnos y para lucir con confianza a diario.<\/span><\/p>\n<p data-start=\"913\" data-end=\"1393\"><span dir=\"auto\">La fragancia se abre con la\u00a0<\/span><span dir=\"auto\">frescura y la suavidad empolvada del iris,<\/span><span dir=\"auto\">\u00a0combinadas con un\u00a0<\/span><span dir=\"auto\">brillo c\u00edtrico<\/span><span dir=\"auto\">\u00a0limpio , lo que le confiere una introducci\u00f3n refinada y elegante. En el coraz\u00f3n,\u00a0<\/span><span dir=\"auto\">el cuero aterciopelado<\/span><span dir=\"auto\">\u00a0se fusiona con\u00a0<\/span><span dir=\"auto\">delicados acordes florales<\/span><span dir=\"auto\">\u00a0, aportando calidez, textura y sensualidad. Al secarse, Obsidian se asienta en una base rica y duradera de\u00a0<\/span><span dir=\"auto\">cedro, s\u00e1ndalo, ambreta y sutil oud<\/span><span dir=\"auto\">, creando un fondo c\u00e1lido y amaderado que deja una\u00a0<\/span><span dir=\"auto\">estela atemporal y cautivadora<\/span><span dir=\"auto\">.<\/span><\/p>\n<p data-start=\"1395\" data-end=\"1541\"><span dir=\"auto\">Ideal para hombres que adoran\u00a0<\/span><span dir=\"auto\">las lujosas composiciones de madera y cuero<\/span><span dir=\"auto\">, Rayhaan Obsidian encarna la confianza, el carisma y una sofisticaci\u00f3n discreta.<\/span><\/p>\n<ul>\n<li dir=\"ltr\" role=\"presentation\"><strong><span dir=\"auto\">Notas de salida:<\/span><\/strong><span dir=\"auto\"> iris, c\u00edtricos.<\/span><\/li>\n<li dir=\"ltr\" role=\"presentation\"><strong><span dir=\"auto\">Notas de coraz\u00f3n:<\/span><\/strong><span dir=\"auto\"> cuero, acordes florales.<\/span><\/li>\n<li dir=\"ltr\" role=\"presentation\"><strong><span dir=\"auto\">Notas de fondo:<\/span><\/strong><span dir=\"auto\"> cedro, s\u00e1ndalo, ambreta, oud.<\/span><\/li>\n<\/ul>\n","protected":false},"excerpt":{"rendered":"<p>OBSIDIAN Nacida del lujo moderno y de una elegancia profunda que impone presencia sin esfuerzo,\u00a0Obsidian es una fragancia oriental masculina<\/p>\n","protected":false},"featured_media":102550,"comment_status":"open","ping_status":"closed","template":"","meta":{"nf_dc_page":""},"product_brand":[3547],"product_cat":[84],"product_tag":[3549],"class_list":{"0":"post-102549","1":"product","2":"type-product","3":"status-publish","4":"has-post-thumbnail","6":"product_brand-rayhaan","7":"product_cat-perfumeria","8":"product_tag-3549","10":"first","11":"instock","12":"shipping-taxable","13":"purchasable","14":"product-type-simple"},"_links":{"self":[{"href":"https:\/\/brandss.com.py\/index\/wp-json\/wp\/v2\/product\/102549","targetHints":{"allow":["GET"]}}],"collection":[{"href":"https:\/\/brandss.com.py\/index\/wp-json\/wp\/v2\/product"}],"about":[{"href":"https:\/\/brandss.com.py\/index\/wp-json\/wp\/v2\/types\/product"}],"replies":[{"embeddable":true,"href":"https:\/\/brandss.com.py\/index\/wp-json\/wp\/v2\/comments?post=102549"}],"version-history":[{"count":1,"href":"https:\/\/brandss.com.py\/index\/wp-json\/wp\/v2\/product\/102549\/revisions"}],"predecessor-version":[{"id":102557,"href":"https:\/\/brandss.com.py\/index\/wp-json\/wp\/v2\/product\/102549\/revisions\/102557"}],"wp:featuredmedia":[{"embeddable":true,"href":"https:\/\/brandss.com.py\/index\/wp-json\/wp\/v2\/media\/102550"}],"wp:attachment":[{"href":"https:\/\/brandss.com.py\/index\/wp-json\/wp\/v2\/media?parent=102549"}],"wp:term":[{"taxonomy":"product_brand","embeddable":true,"href":"https:\/\/brandss.com.py\/index\/wp-json\/wp\/v2\/product_brand?post=102549"},{"taxonomy":"product_cat","embeddable":true,"href":"https:\/\/brandss.com.py\/index\/wp-json\/wp\/v2\/product_cat?post=102549"},{"taxonomy":"product_tag","embeddable":true,"href":"https:\/\/brandss.com.py\/index\/wp-json\/wp\/v2\/product_tag?post=102549"}],"curies":[{"name":"wp","href":"https:\/\/api.w.org\/{rel}","templated":true}]}}