{"id":102558,"date":"2026-04-23T13:33:21","date_gmt":"2026-04-23T13:33:21","guid":{"rendered":"https:\/\/brandss.com.py\/index\/?post_type=product&#038;p=102558"},"modified":"2026-04-23T13:33:47","modified_gmt":"2026-04-23T13:33:47","slug":"perfume-masculino-rayhaan-terra-edp-100ml","status":"publish","type":"product","link":"https:\/\/brandss.com.py\/index\/producto\/perfume-masculino-rayhaan-terra-edp-100ml\/","title":{"rendered":"PERFUME MASCULINO RAYHAAN TERRA EDP 100ML"},"content":{"rendered":"<p><img loading=\"lazy\" decoding=\"async\" class=\"\" src=\"https:\/\/rayhaanperfumes.com\/cdn\/shop\/t\/9\/assets\/favicon.png?v=1623148847918320321721419311\" alt=\"Rayhaan Collection \u2013 Rayhaan Perfumes\" width=\"78\" height=\"44\" \/><\/p>\n<h1>TERRA<\/h1>\n<p><strong><em><span dir=\"auto\">El esp\u00edritu de la naturaleza salvaje<br \/>\n<\/span><\/em><\/strong><br \/>\n<span dir=\"auto\">D\u00e9jese seducir por el encanto salvaje de la naturaleza con Terra, un lujoso Eau de Parfum creado e <\/span><span dir=\"auto\">inspirado en el esp\u00edritu aventurero de<\/span><span dir=\"auto\">\u00a0Outlands de Amouage. Audaz, magn\u00e9tico y con un car\u00e1cter innegablemente robusto, este perfume encarna la esencia del hombre que se atreve a explorar lo ind\u00f3mito, sin renunciar a la sofisticaci\u00f3n de la elegancia refinada.<img loading=\"lazy\" decoding=\"async\" class=\"alignleft\" src=\"https:\/\/zaoud.it\/cdn\/shop\/files\/terra-rayhaan-perfume-bottle-surrounded-by-cardamom-and-incense-shows-against-white-background.jpg?v=1762791938&amp;width=990\" width=\"664\" height=\"831\" \/><\/span><\/p>\n<p>Terra es una fragancia exclusiva para el hombre que se atreve a abrazar su lado salvaje sin dejar de irradiar fuerza y \u200b\u200bsofisticaci\u00f3n. Perfecta para la noche, ocasiones especiales o siempre que desees dejar una impresi\u00f3n duradera e inolvidable.<\/p>\n<p>&nbsp;<\/p>\n<h3>Notas Olfativas<\/h3>\n<p>&nbsp;<\/p>\n<p data-start=\"51\" data-end=\"393\"><span dir=\"auto\">Terra es una fragancia audaz, especiada y amaderada que combina una frescura vibrante con una profunda calidez resinosa. Se abre con una explosi\u00f3n vivaz de cardamomo, elem\u00ed, bergamota y lim\u00f3n, realzada por el sutil picor de la pimienta de Sichuan. Su introducci\u00f3n es en\u00e9rgica y compleja, combinando el brillo c\u00edtrico con especias arom\u00e1ticas para una primera impresi\u00f3n segura y convincente.<\/span><\/p>\n<p data-start=\"395\" data-end=\"872\"><span dir=\"auto\">A medida que se desarrolla, se despliega un coraz\u00f3n complejo con pachul\u00ed, comino, cilantro y an\u00eds, enriquecido con azafr\u00e1n, ajenjo y delicadas notas florales de azahar, geranio y rosa. La base se asienta en una intensa mezcla de incienso, vainilla, \u00e1mbar, benju\u00ed, opop\u00f3naco, oud, l\u00e1dano, almizcle, abedul, \u00e1mbar gris y maltol, creando una estela profunda, ahumada y ligeramente dulce. <\/span><\/p>\n<p data-start=\"395\" data-end=\"872\"><span dir=\"auto\">Rica y expresiva, Terra es ideal para las noches y las estaciones m\u00e1s frescas, cuando su complejidad arom\u00e1tica puede manifestarse plenamente.<\/span><\/p>\n<p data-start=\"874\" data-end=\"1157\"><strong data-start=\"874\" data-end=\"888\"><span dir=\"auto\">Notas de salida:<\/span><\/strong><span dir=\"auto\"> cardamomo, elem\u00ed, bergamota, lim\u00f3n, pimienta de sichuan.<br \/>\n<\/span><br data-start=\"937\" data-end=\"940\" \/><strong data-start=\"940\" data-end=\"956\"><span dir=\"auto\">Notas de coraz\u00f3n:<\/span><\/strong><span dir=\"auto\"> pachul\u00ed, comino, cilantro, an\u00eds, azafr\u00e1n, ajenjo, flor de naranjo, geranio, rosa.<br \/>\n<\/span><br data-start=\"1042\" data-end=\"1045\" \/><strong data-start=\"1045\" data-end=\"1060\" data-is-only-node=\"\"><span dir=\"auto\">Notas de fondo:<\/span><\/strong><span dir=\"auto\"> incienso, vainilla, \u00e1mbar, benju\u00ed, opop\u00f3naco, oud, l\u00e1dano, almizcle, abedul, \u00e1mbar gris, maltol.<\/span><\/p>\n","protected":false},"excerpt":{"rendered":"<p>TERRA El esp\u00edritu de la naturaleza salvaje D\u00e9jese seducir por el encanto salvaje de la naturaleza con Terra, un lujoso<\/p>\n","protected":false},"featured_media":102559,"comment_status":"open","ping_status":"closed","template":"","meta":{"nf_dc_page":""},"product_brand":[3547],"product_cat":[84],"product_tag":[3550],"class_list":{"0":"post-102558","1":"product","2":"type-product","3":"status-publish","4":"has-post-thumbnail","6":"product_brand-rayhaan","7":"product_cat-perfumeria","8":"product_tag-3550","10":"first","11":"instock","12":"shipping-taxable","13":"purchasable","14":"product-type-simple"},"_links":{"self":[{"href":"https:\/\/brandss.com.py\/index\/wp-json\/wp\/v2\/product\/102558","targetHints":{"allow":["GET"]}}],"collection":[{"href":"https:\/\/brandss.com.py\/index\/wp-json\/wp\/v2\/product"}],"about":[{"href":"https:\/\/brandss.com.py\/index\/wp-json\/wp\/v2\/types\/product"}],"replies":[{"embeddable":true,"href":"https:\/\/brandss.com.py\/index\/wp-json\/wp\/v2\/comments?post=102558"}],"version-history":[{"count":1,"href":"https:\/\/brandss.com.py\/index\/wp-json\/wp\/v2\/product\/102558\/revisions"}],"predecessor-version":[{"id":102566,"href":"https:\/\/brandss.com.py\/index\/wp-json\/wp\/v2\/product\/102558\/revisions\/102566"}],"wp:featuredmedia":[{"embeddable":true,"href":"https:\/\/brandss.com.py\/index\/wp-json\/wp\/v2\/media\/102559"}],"wp:attachment":[{"href":"https:\/\/brandss.com.py\/index\/wp-json\/wp\/v2\/media?parent=102558"}],"wp:term":[{"taxonomy":"product_brand","embeddable":true,"href":"https:\/\/brandss.com.py\/index\/wp-json\/wp\/v2\/product_brand?post=102558"},{"taxonomy":"product_cat","embeddable":true,"href":"https:\/\/brandss.com.py\/index\/wp-json\/wp\/v2\/product_cat?post=102558"},{"taxonomy":"product_tag","embeddable":true,"href":"https:\/\/brandss.com.py\/index\/wp-json\/wp\/v2\/product_tag?post=102558"}],"curies":[{"name":"wp","href":"https:\/\/api.w.org\/{rel}","templated":true}]}}