{"id":102573,"date":"2026-04-23T17:30:01","date_gmt":"2026-04-23T17:30:01","guid":{"rendered":"https:\/\/brandss.com.py\/index\/?post_type=product&#038;p=102573"},"modified":"2026-04-23T17:30:24","modified_gmt":"2026-04-23T17:30:24","slug":"perfume-femenino-reyane-tradition-melle-elsatys-edp-100ml","status":"publish","type":"product","link":"https:\/\/brandss.com.py\/index\/producto\/perfume-femenino-reyane-tradition-melle-elsatys-edp-100ml\/","title":{"rendered":"PERFUME FEMENINO REYANE TRADITION MELLE ELSATYS EDP 100ML"},"content":{"rendered":"<p><img loading=\"lazy\" decoding=\"async\" class=\"\" src=\"https:\/\/www.sobelia.com\/img\/tmp\/manufacturer_178.jpg\" alt=\"Perfumes Reyane - Sobelia\" width=\"168\" height=\"84\" \/><\/p>\n<h1>MELLE ELSATYS<\/h1>\n<p>Es una encantadora fragancia floral femenina. Es la quintaesencia de la elegancia y la sofisticaci\u00f3n en un frasco. Esta fragancia est\u00e1 dise\u00f1ada para cautivar tus sentidos y dejar una impresi\u00f3n duradera all\u00e1 donde vayas.<img loading=\"lazy\" decoding=\"async\" class=\"alignleft\" src=\"https:\/\/www.myperfumeshop.qa\/cdn\/shop\/files\/nhgmjh_b96d4fa4-5c84-44c1-afaf-ffcc84688502.png?v=1755194627&amp;width=1000\" width=\"525\" height=\"525\" \/><\/p>\n<p>Con su exclusiva mezcla de lujosas notas, este perfume es perfecto para quienes desean lucir una fragancia que les permita destacar entre la multitud. Al usarlo, irradias confianza y encanto, atrayendo todas las miradas. Crea un aura m\u00e1gica a tu alrededor, convirti\u00e9ndote en el centro de atenci\u00f3n dondequiera que vayas.<\/p>\n<p>&nbsp;<\/p>\n<h3>Notas Olfativas<\/h3>\n<p>&nbsp;<\/p>\n<p>Melle Elsatys es una armoniosa sinfon\u00eda de ingredientes cuidadosamente seleccionados que crean una fragancia \u00fanica. El perfume se abre con notas de bergamota fresca y lim\u00f3n chispeante, revitalizando tus sentidos desde la primera aplicaci\u00f3n. A medida que la fragancia se desarrolla, delicadas notas florales de rosa, jazm\u00edn y nardo toman protagonismo, a\u00f1adiendo un toque de feminidad y romanticismo. Finalmente, c\u00e1lidas y sensuales notas de fondo de s\u00e1ndalo y almizcle perduran en tu piel, dejando una estela de encanto all\u00e1 donde vayas.<\/p>\n<p><strong>Notas de salida:<\/strong> bergamota, lim\u00f3n.<\/p>\n<p><strong>Notas de coraz\u00f3n:<\/strong> rosa, jazm\u00edn, nardo.<\/p>\n<p><strong>Notas de fondo:<\/strong> s\u00e1ndalo, almizcle.<\/p>\n","protected":false},"excerpt":{"rendered":"<p>MELLE ELSATYS Es una encantadora fragancia floral femenina. Es la quintaesencia de la elegancia y la sofisticaci\u00f3n en un frasco.<\/p>\n","protected":false},"featured_media":102574,"comment_status":"open","ping_status":"closed","template":"","meta":{"nf_dc_page":""},"product_brand":[2625],"product_cat":[84],"product_tag":[3552],"class_list":{"0":"post-102573","1":"product","2":"type-product","3":"status-publish","4":"has-post-thumbnail","6":"product_brand-reyane-tradition","7":"product_cat-perfumeria","8":"product_tag-3552","10":"first","11":"instock","12":"shipping-taxable","13":"purchasable","14":"product-type-simple"},"_links":{"self":[{"href":"https:\/\/brandss.com.py\/index\/wp-json\/wp\/v2\/product\/102573","targetHints":{"allow":["GET"]}}],"collection":[{"href":"https:\/\/brandss.com.py\/index\/wp-json\/wp\/v2\/product"}],"about":[{"href":"https:\/\/brandss.com.py\/index\/wp-json\/wp\/v2\/types\/product"}],"replies":[{"embeddable":true,"href":"https:\/\/brandss.com.py\/index\/wp-json\/wp\/v2\/comments?post=102573"}],"version-history":[{"count":1,"href":"https:\/\/brandss.com.py\/index\/wp-json\/wp\/v2\/product\/102573\/revisions"}],"predecessor-version":[{"id":102579,"href":"https:\/\/brandss.com.py\/index\/wp-json\/wp\/v2\/product\/102573\/revisions\/102579"}],"wp:featuredmedia":[{"embeddable":true,"href":"https:\/\/brandss.com.py\/index\/wp-json\/wp\/v2\/media\/102574"}],"wp:attachment":[{"href":"https:\/\/brandss.com.py\/index\/wp-json\/wp\/v2\/media?parent=102573"}],"wp:term":[{"taxonomy":"product_brand","embeddable":true,"href":"https:\/\/brandss.com.py\/index\/wp-json\/wp\/v2\/product_brand?post=102573"},{"taxonomy":"product_cat","embeddable":true,"href":"https:\/\/brandss.com.py\/index\/wp-json\/wp\/v2\/product_cat?post=102573"},{"taxonomy":"product_tag","embeddable":true,"href":"https:\/\/brandss.com.py\/index\/wp-json\/wp\/v2\/product_tag?post=102573"}],"curies":[{"name":"wp","href":"https:\/\/api.w.org\/{rel}","templated":true}]}}