{"id":102580,"date":"2026-04-23T18:15:37","date_gmt":"2026-04-23T18:15:37","guid":{"rendered":"https:\/\/brandss.com.py\/index\/?post_type=product&#038;p=102580"},"modified":"2026-04-23T18:17:03","modified_gmt":"2026-04-23T18:17:03","slug":"altavoz-portatil-jbl-go-5-bt-4-8w-black","status":"publish","type":"product","link":"https:\/\/brandss.com.py\/index\/producto\/altavoz-portatil-jbl-go-5-bt-4-8w-black\/","title":{"rendered":"ALTAVOZ PORT\u00c1TIL JBL GO 5 BT 4.8W BLACK"},"content":{"rendered":"<p><img loading=\"lazy\" decoding=\"async\" class=\"\" src=\"https:\/\/cdn.freebiesupply.com\/logos\/large\/2x\/jbl-2-logo-black-and-white.png\" alt=\"JBL Logo PNG Transparent &amp; SVG Vector - Freebie Supply\" width=\"62\" height=\"62\" \/><\/p>\n<h1>GO 5<\/h1>\n<p><span dir=\"auto\">Gran potencia en un tama\u00f1o compacto. El JBL Go 5 ofrece un sonido impresionante. El legendario sonido JBL brilla con una nitidez cristalina y unos graves profundos y ricos que suenan con una potencia sorprendente para un dispositivo tan peque\u00f1o.<\/span><\/p>\n<p><span dir=\"auto\">Pero el Go 5 es mucho m\u00e1s que un sonido ic\u00f3nico. Su nueva iluminaci\u00f3n perimetral crea un suave brillo ambiental, y adem\u00e1s, puedes elegir entre diferentes temas e indicadores visuales para el encendido, el emparejamiento y la duraci\u00f3n de la bater\u00eda. Con hasta 10 horas de autonom\u00eda, el JBL Go 5 te acompa\u00f1ar\u00e1 con su m\u00fasica desde la ma\u00f1ana hasta la noche. Lleva este altavoz con certificaci\u00f3n IP68 de resistencia al agua, al polvo y a las ca\u00eddas a cualquier parte y olv\u00eddate de las sorpresas de la lluvia o de que se te caiga accidentalmente.<\/span><\/p>\n<p><span dir=\"auto\">Y oye, cuando la fiesta requiere un sonido m\u00e1s potente, este altavoz sigue siendo una maravilla. Junta dos altavoces Go 5 para conectarlos mediante AirTouch y disfrutar de un aut\u00e9ntico sonido est\u00e9reo, o usa Auracast\u2122 para emparejarlos con altavoces compatibles con Auracast\u2122 y sube el volumen a\u00fan m\u00e1s. Y con la app JBL Portable, puedes personalizar tu experiencia auditiva al m\u00e1ximo.<\/span><\/p>\n<p><span dir=\"auto\">Es un sonido potente, todo listo para ser tomado y llevado.<\/span><\/p>\n<div class=\"lifestyle-feature ds-slide\">\n<div class=\"lifestyle-feature ds-slide\"><img loading=\"lazy\" decoding=\"async\" class=\"alignleft\" src=\"https:\/\/www.jbl.com\/dw\/image\/v2\/BFND_PRD\/on\/demandware.static\/-\/Sites-masterCatalog_Harman\/default\/dwb47ec001\/pdp\/LS_JBL_Go_5_Lifestyle_03.png?sw=904&amp;sh=560\" alt=\"JBL Go 5: Gran sonido en la palma de tu mano - Imagen\" width=\"600\" height=\"372\" \/><\/p>\n<div class=\"feature-text\">\n<h3><\/h3>\n<h3><\/h3>\n<h3><\/h3>\n<h3><span dir=\"auto\">Un gran sonido en la palma de tu mano.<\/span><\/h3>\n<p><span dir=\"auto\">El JBL Go 5 ofrece un sonido JBL legendario a\u00fan m\u00e1s potente, con graves m\u00e1s profundos que antes. Un sonido realmente impresionante en un altavoz que cabe en la palma de la mano.<\/span><\/p>\n<\/div>\n<\/div>\n<div class=\"lifestyle-feature ds-slide\"><img loading=\"lazy\" decoding=\"async\" class=\"alignright\" src=\"https:\/\/www.jbl.com\/dw\/image\/v2\/BFND_PRD\/on\/demandware.static\/-\/Sites-masterCatalog_Harman\/default\/dwa3c3329b\/pdp\/LS_JBL_Go_5_Lifestyle_01.png?sw=904&amp;sh=560\" alt=\"Iluminaci\u00f3n ambiental de borde JBL Go 5 que mejora el estado de \u00e1nimo - Imagen\" width=\"601\" height=\"372\" \/><\/p>\n<div class=\"feature-text\">\n<h3><\/h3>\n<h3><\/h3>\n<h3><\/h3>\n<h3><span dir=\"auto\">Iluminaci\u00f3n ambiental de borde que mejora el estado de \u00e1nimo<\/span><\/h3>\n<p><span dir=\"auto\">Crea el ambiente perfecto con iluminaci\u00f3n ambiental de borde. Elige entre diferentes temas de luz y recibe indicaciones visuales sobre alimentaci\u00f3n, emparejamiento, bater\u00eda baja o modo Auracast\u2122.<\/span><\/p>\n<\/div>\n<\/div>\n<div class=\"lifestyle-feature ds-slide\"><img loading=\"lazy\" decoding=\"async\" class=\"alignleft\" src=\"https:\/\/www.jbl.com\/dw\/image\/v2\/BFND_PRD\/on\/demandware.static\/-\/Sites-masterCatalog_Harman\/default\/dwa2f85b7d\/pdp\/LS_JBL_Go_5_Lifestyle_02.png?sw=904&amp;sh=560\" alt=\"JBL Go 5 Hasta 10 horas con Playtime Boost - Imagen\" width=\"601\" height=\"372\" \/><\/p>\n<div class=\"feature-text\">\n<h3><\/h3>\n<h3><\/h3>\n<h3><\/h3>\n<h3><\/h3>\n<h3><span dir=\"auto\">Hasta 10 horas con Playtime Boost<\/span><\/h3>\n<p><span dir=\"auto\">\u00a1Que la diversi\u00f3n contin\u00fae hasta por 8 horas, m\u00e1s 2 adicionales con Playtime Boost! As\u00ed podr\u00e1s disfrutar al m\u00e1ximo de cada carga.<\/span><\/p>\n<\/div>\n<\/div>\n<p>&nbsp;<\/p>\n<p>&nbsp;<\/p>\n<h3>Caracter\u00edsticas<\/h3>\n<div class=\"pdp-secondary-feature-col\">\n<div class=\"pdp-secondary-feature\"><label class=\"pdp-secondary-feature-label\" for=\"pdp-secondary-feature-3\"><img decoding=\"async\" src=\"https:\/\/www.jbl.com\/on\/demandware.static\/-\/Sites-masterCatalog_Harman\/default\/dw7a805dc5\/pdp\/Icons_JBL_IP68.png\" alt=\"JBL Go 5 Todas las pruebas (polvo, agua y gotas) - Imagen\" \/><strong><span dir=\"auto\">Todas las pruebas (polvo, agua y gota)<\/span><\/strong><\/label><\/p>\n<div id=\"pdp-secondary-feature-3-body\" class=\"pdp-secondary-feature-body\" aria-labelledby=\"pdp-secondary-feature-3\">\n<p><span dir=\"auto\">D\u00edas de playa, lluvia inesperada, torpeza&#8230; no hay problema. Con protecci\u00f3n IP68 contra el agua y el polvo, y una construcci\u00f3n robusta a prueba de ca\u00eddas, el JBL Go 5 sigue funcionando en cualquier circunstancia.<\/span><\/p>\n<\/div>\n<\/div>\n<div class=\"pdp-secondary-feature\"><label class=\"pdp-secondary-feature-label\" for=\"pdp-secondary-feature-5\"><img decoding=\"async\" src=\"https:\/\/www.jbl.com\/on\/demandware.static\/-\/Sites-masterCatalog_Harman\/default\/dw099f5484\/pdp\/Icons_JBL_AuraCast_2025.png\" alt=\"JBL Go 5 Con\u00e9ctate y juega con Auracast\u2122 - Imagen\" \/><strong><span dir=\"auto\">Con\u00e9ctate y juega con Auracast\u2122.<\/span><\/strong><\/label><\/p>\n<div id=\"pdp-secondary-feature-5-body\" class=\"pdp-secondary-feature-body\" aria-labelledby=\"pdp-secondary-feature-5\">\n<p><span dir=\"auto\">Ampl\u00eda tu experiencia de sonido conectando de forma inal\u00e1mbrica varios altavoces JBL compatibles con Auracast\u2122 para disfrutar de un sonido a\u00fan m\u00e1s amplio e inmersivo.<\/span><\/p>\n<\/div>\n<\/div>\n<div class=\"pdp-secondary-feature\"><label class=\"pdp-secondary-feature-label\" for=\"pdp-secondary-feature-7\"><img decoding=\"async\" src=\"https:\/\/www.jbl.com\/on\/demandware.static\/-\/Sites-masterCatalog_Harman\/default\/dw22e73625\/pdp\/icons_JBL_Portable_APP_v02.png\" alt=\"Personaliza JBL Go 5 con la aplicaci\u00f3n JBL Portable - Imagen\" \/><strong><span dir=\"auto\">Personal\u00edzalo con la aplicaci\u00f3n JBL Portable.<\/span><\/strong><\/label><\/p>\n<div id=\"pdp-secondary-feature-7-body\" class=\"pdp-secondary-feature-body\" aria-labelledby=\"pdp-secondary-feature-7\">\n<p><span dir=\"auto\">Personaliza tu altavoz. Ajusta el sonido con un ecualizador de 7 bandas, selecciona temas de iluminaci\u00f3n y actualiza la tecnolog\u00eda sobre la marcha, todo desde la aplicaci\u00f3n JBL Portable.<\/span><\/p>\n<\/div>\n<\/div>\n<div class=\"pdp-secondary-feature\"><label class=\"pdp-secondary-feature-label\" for=\"pdp-secondary-feature-9\"><img decoding=\"async\" src=\"https:\/\/www.jbl.com\/on\/demandware.static\/-\/Sites-masterCatalog_Harman\/default\/dwf1bf8ab9\/pdp\/icon_JBL_Partybox_Microphone.png\" alt=\"JBL Go 5 compatible con el micr\u00f3fono JBL EasySing Mini - Imagen\" \/><strong><span dir=\"auto\">Compatible con el micr\u00f3fono JBL EasySing Mini<\/span><\/strong><\/label><\/p>\n<div id=\"pdp-secondary-feature-9-body\" class=\"pdp-secondary-feature-body\" aria-labelledby=\"pdp-secondary-feature-9\">\n<p><span dir=\"auto\">El JBL Go 5 es compatible con el micr\u00f3fono JBL EasySing Mic Mini. Su disponibilidad puede variar seg\u00fan la regi\u00f3n; se vende por separado.<\/span><\/p>\n<\/div>\n<\/div>\n<\/div>\n<div class=\"pdp-secondary-feature-col\">\n<div class=\"pdp-secondary-feature\"><label class=\"pdp-secondary-feature-label\" for=\"pdp-secondary-feature-4\"><img decoding=\"async\" src=\"https:\/\/www.jbl.com\/on\/demandware.static\/-\/Sites-masterCatalog_Harman\/default\/dwf5e3b0a9\/pdp\/icon_JBL_Check.png\" alt=\"JBL Go 5 AirTouch emparejamiento est\u00e9reo instant\u00e1neo - Imagen\" \/><strong><span dir=\"auto\">Emparejamiento est\u00e9reo instant\u00e1neo AirTouch<\/span><\/strong><\/label><\/p>\n<div id=\"pdp-secondary-feature-4-body\" class=\"pdp-secondary-feature-body\" aria-labelledby=\"pdp-secondary-feature-4\">\n<p><span dir=\"auto\">Acerque dos altavoces JBL Go 5 para conectarlos mediante AirTouch y disfrutar de un verdadero sonido est\u00e9reo. Se emparejan instant\u00e1neamente para ofrecer sonido est\u00e9reo en los canales izquierdo y derecho.<\/span><\/p>\n<\/div>\n<\/div>\n<div class=\"pdp-secondary-feature\"><label class=\"pdp-secondary-feature-label\" for=\"pdp-secondary-feature-6\"><img decoding=\"async\" src=\"https:\/\/www.jbl.com\/on\/demandware.static\/-\/Sites-masterCatalog_Harman\/default\/dw9d76fe87\/pdp\/Icon_JBL_Lossless_Audio.png\" alt=\"JBL Go 5 Sonido puro con reproducci\u00f3n sin p\u00e9rdidas - Imagen\" \/><strong><span dir=\"auto\">Sonido puro con reproducci\u00f3n sin p\u00e9rdidas<\/span><\/strong><\/label><\/p>\n<div id=\"pdp-secondary-feature-6-body\" class=\"pdp-secondary-feature-body\" aria-labelledby=\"pdp-secondary-feature-6\">\n<p><span dir=\"auto\">Con\u00e9ctalo y escucha tus listas de reproducci\u00f3n en su forma m\u00e1s pura. El JBL Go 5 admite audio USB-C sin p\u00e9rdidas para una transmisi\u00f3n de alta calidad que reproduce hasta el \u00faltimo detalle.* *Requiere contenido de audio sin p\u00e9rdidas compatible de aplicaciones\/servicios compatibles.<\/span><\/p>\n<\/div>\n<\/div>\n<div class=\"pdp-secondary-feature\"><label class=\"pdp-secondary-feature-label\" for=\"pdp-secondary-feature-8\"><img decoding=\"async\" src=\"https:\/\/www.jbl.com\/on\/demandware.static\/-\/Sites-masterCatalog_Harman\/default\/dwf61582a4\/pdp\/Icon_JBL_Recycled.png\" alt=\"JBL Go 5. Pl\u00e1stico reciclado, sin PVC, adem\u00e1s de embalaje de papel con certificaci\u00f3n FSC. Imagen.\" \/><strong><span dir=\"auto\">Pl\u00e1stico reciclado, sin PVC, adem\u00e1s de embalaje de papel con certificaci\u00f3n FSC.<\/span><\/strong><\/label><\/p>\n<div id=\"pdp-secondary-feature-8-body\" class=\"pdp-secondary-feature-body\" aria-labelledby=\"pdp-secondary-feature-8\">\n<p><span dir=\"auto\">El JBL Go 5 viene empaquetado con pl\u00e1stico y tela reciclados posconsumo, libres de PVC, adem\u00e1s de un im\u00e1n para el controlador tambi\u00e9n reciclado. Su embalaje est\u00e1 impreso en papel con tinta de soja certificada FSC.<\/span><\/p>\n<p><label class=\"ds-accordion-label\" role=\"button\" for=\"pdp-specs--specifications\" aria-controls=\"pdp-specs--specifications-content\"><span dir=\"auto\">Especificaciones<\/span><\/label><\/p>\n<div id=\"pdp-specs--specifications-content\" class=\"ds-accordion-content\">\n<h3><span dir=\"auto\">Especificaciones generales<\/span><\/h3>\n<dl class=\"ds-specs\">\n<dt><span dir=\"auto\">Relaci\u00f3n se\u00f1al\/ruido: <\/span><span dir=\"auto\">&gt; 85 dB<\/span><\/dt>\n<dt><span dir=\"auto\">Potencia de salida (W): <\/span><span dir=\"auto\">4,8 W RMS<\/span><\/dt>\n<\/dl>\n<h3><span dir=\"auto\">Especificaciones de audio<\/span><\/h3>\n<dl class=\"ds-specs\">\n<dt><span dir=\"auto\">Transductor: <\/span><span dir=\"auto\">45 mm \/ 1,75&#8243;<\/span><\/dt>\n<dt><span dir=\"auto\">Respuesta en frecuencia: <\/span><span dir=\"auto\">100 Hz &#8211; 19 kHz (-6 dB)<\/span><\/dt>\n<\/dl>\n<h3><span dir=\"auto\">Dimensiones<\/span><\/h3>\n<dl class=\"ds-specs\">\n<dt><span dir=\"auto\">Dimensiones (Ancho x Alto x Profundidad) (cm): <\/span><span dir=\"auto\">10,1 x 7,74 x 4,3<\/span><\/dt>\n<dt><span dir=\"auto\">Dimensiones (Ancho x Alto x Profundidad) (pulgadas): <\/span><span dir=\"auto\">3,98 x 3,05 x 1,7<\/span><\/dt>\n<dt><span dir=\"auto\">Peso (kg): <\/span><span dir=\"auto\">0,23<\/span><\/dt>\n<dt><span dir=\"auto\">Peso (libras): <\/span><span dir=\"auto\">0,51<\/span><\/dt>\n<\/dl>\n<h3><span dir=\"auto\">Especificaciones de control y conexi\u00f3n<\/span><\/h3>\n<dl class=\"ds-specs\">\n<dt><span dir=\"auto\">Especificaciones del altavoz port\u00e1til &#8211; Formatos de archivo de m\u00fasica compatibles: <\/span><span dir=\"auto\">SBC, AAC, LC3<\/span><\/dt>\n<dt><span dir=\"auto\">Puertos de conexi\u00f3n: <\/span><span dir=\"auto\">USB-C (entrada)<\/span><\/dt>\n<dt><span dir=\"auto\">Perfil de Bluetooth: <\/span><span dir=\"auto\">A2DP V1.4, AVRCP V1.6<\/span><\/dt>\n<dt><span dir=\"auto\">Rango de frecuencia del transmisor Bluetooth (GHz): <\/span><span dir=\"auto\">2,4 &#8211; 2,4835<\/span><\/dt>\n<dt><span dir=\"auto\">Modulaci\u00f3n del transmisor Bluetooth: <\/span><span dir=\"auto\">GFSK, \u03c0\/4 DQPSK, 8DPSK<\/span><\/dt>\n<dt><span dir=\"auto\">Alimentaci\u00f3n del transmisor Bluetooth: <\/span><span dir=\"auto\">\u2264 16 dBm (EIRP)<\/span><\/dt>\n<dt><span dir=\"auto\">versi\u00f3n Bluetooth: <\/span><span dir=\"auto\">6.0<\/span><\/dt>\n<\/dl>\n<h3><span dir=\"auto\">Bater\u00eda<\/span><\/h3>\n<dl class=\"ds-specs\">\n<dt><span dir=\"auto\">Tiempo de carga de la bater\u00eda (horas): <\/span><span dir=\"auto\">3<\/span><\/dt>\n<dt><span dir=\"auto\">Temperatura m\u00e1xima de funcionamiento: <\/span><span dir=\"auto\">40 \u00b0C<\/span><\/dt>\n<dt><span dir=\"auto\">Tipo de bater\u00eda: <\/span><span dir=\"auto\">Iones de litio 3,85 Wh<\/span><\/dt>\n<dt><span dir=\"auto\">Tiempo m\u00e1ximo de reproducci\u00f3n de m\u00fasica (horas): <\/span><span dir=\"auto\">8<\/span><\/dt>\n<\/dl>\n<h3><span dir=\"auto\">Caracter\u00edsticas<\/span><\/h3>\n<dl class=\"ds-specs\">\n<dt><span dir=\"auto\">Impulso de tiempo de juego: <\/span><span dir=\"auto\">verdadero<\/span><\/dt>\n<dt><span dir=\"auto\">C\u00f3digo IP: <\/span><span dir=\"auto\">IP68<\/span><\/dt>\n<dt><span dir=\"auto\">A prueba de polvo: <\/span><span dir=\"auto\">verdadero<\/span><\/dt>\n<dt><span dir=\"auto\">Resistente a ca\u00eddas: <\/span><span dir=\"auto\">verdadero<\/span><\/dt>\n<dt><span dir=\"auto\">Impermeable: <\/span><span dir=\"auto\">S\u00ed<\/span><\/dt>\n<dt><span dir=\"auto\">Compatible con Auracast: <\/span><span dir=\"auto\">S\u00ed<\/span><\/dt>\n<dt><span dir=\"auto\">AirTouch: <\/span><span dir=\"auto\">S\u00ed<\/span><\/dt>\n<\/dl>\n<\/div>\n<h3><label class=\"ds-accordion-label\" role=\"button\" for=\"pdp-specs--box-contents\" aria-controls=\"pdp-specs--box-contents-content\"><span dir=\"auto\">\u00bfQu\u00e9 hay en la caja?<\/span><\/label><\/h3>\n<div id=\"pdp-specs--box-contents-content\" class=\"ds-accordion-content\">\n<dl class=\"ds-specs\">\n<dt><span dir=\"auto\">1 x JBL Go 5.<\/span><\/dt>\n<dt><span dir=\"auto\">1 x Gu\u00eda de inicio r\u00e1pido.<\/span><\/dt>\n<dt><span dir=\"auto\">1 x Tarjeta de garant\u00eda y hoja de seguridad.<\/span><\/dt>\n<dt><span dir=\"auto\">(Cable USB no incluido).<\/span><\/dt>\n<\/dl>\n<\/div>\n<\/div>\n<\/div>\n<\/div>\n<\/div>\n","protected":false},"excerpt":{"rendered":"<p>GO 5 Gran potencia en un tama\u00f1o compacto. El JBL Go 5 ofrece un sonido impresionante. El legendario sonido JBL<\/p>\n","protected":false},"featured_media":102581,"comment_status":"open","ping_status":"closed","template":"","meta":{"nf_dc_page":""},"product_brand":[541],"product_cat":[89],"product_tag":[3554],"class_list":{"0":"post-102580","1":"product","2":"type-product","3":"status-publish","4":"has-post-thumbnail","6":"product_brand-jbl","7":"product_cat-electronicos","8":"product_tag-jblgo5blkam","10":"first","11":"instock","12":"shipping-taxable","13":"purchasable","14":"product-type-simple"},"_links":{"self":[{"href":"https:\/\/brandss.com.py\/index\/wp-json\/wp\/v2\/product\/102580","targetHints":{"allow":["GET"]}}],"collection":[{"href":"https:\/\/brandss.com.py\/index\/wp-json\/wp\/v2\/product"}],"about":[{"href":"https:\/\/brandss.com.py\/index\/wp-json\/wp\/v2\/types\/product"}],"replies":[{"embeddable":true,"href":"https:\/\/brandss.com.py\/index\/wp-json\/wp\/v2\/comments?post=102580"}],"version-history":[{"count":1,"href":"https:\/\/brandss.com.py\/index\/wp-json\/wp\/v2\/product\/102580\/revisions"}],"predecessor-version":[{"id":102588,"href":"https:\/\/brandss.com.py\/index\/wp-json\/wp\/v2\/product\/102580\/revisions\/102588"}],"wp:featuredmedia":[{"embeddable":true,"href":"https:\/\/brandss.com.py\/index\/wp-json\/wp\/v2\/media\/102581"}],"wp:attachment":[{"href":"https:\/\/brandss.com.py\/index\/wp-json\/wp\/v2\/media?parent=102580"}],"wp:term":[{"taxonomy":"product_brand","embeddable":true,"href":"https:\/\/brandss.com.py\/index\/wp-json\/wp\/v2\/product_brand?post=102580"},{"taxonomy":"product_cat","embeddable":true,"href":"https:\/\/brandss.com.py\/index\/wp-json\/wp\/v2\/product_cat?post=102580"},{"taxonomy":"product_tag","embeddable":true,"href":"https:\/\/brandss.com.py\/index\/wp-json\/wp\/v2\/product_tag?post=102580"}],"curies":[{"name":"wp","href":"https:\/\/api.w.org\/{rel}","templated":true}]}}