{"id":102668,"date":"2026-04-24T11:34:17","date_gmt":"2026-04-24T11:34:17","guid":{"rendered":"https:\/\/brandss.com.py\/index\/?post_type=product&#038;p=102668"},"modified":"2026-04-24T11:34:38","modified_gmt":"2026-04-24T11:34:38","slug":"altavoz-portatil-jbl-go-essential-2-bt-3-1w-black","status":"publish","type":"product","link":"https:\/\/brandss.com.py\/index\/producto\/altavoz-portatil-jbl-go-essential-2-bt-3-1w-black\/","title":{"rendered":"ALTAVOZ PORT\u00c1TIL JBL GO ESSENTIAL 2 BT 3.1W BLACK"},"content":{"rendered":"<p><img loading=\"lazy\" decoding=\"async\" class=\"\" src=\"https:\/\/cdn.freebiesupply.com\/logos\/large\/2x\/jbl-2-logo-black-and-white.png\" alt=\"JBL Logo PNG Transparent &amp; SVG Vector - Freebie Supply\" width=\"68\" height=\"68\" \/><\/p>\n<h1>GO ESSENTIAL 2<\/h1>\n<p>JBL GO Essential es un altavoz port\u00e1til ultracompacto con Bluetooth. Reproduce tu m\u00fasica en streaming a trav\u00e9s de Bluetooth con una autonom\u00eda de hasta 5\u00a0horas y calidad de sonido JBL Pro original. Date un chapuz\u00f3n tranquilamente gracias a un dise\u00f1o resistente a las salpicaduras de agua (IP67). Disponible en 3 llamativos colores, el GO Essential es el altavoz perfecto para llevar tu m\u00fasica a todas partes.<\/p>\n<div class=\"pdp-lifestyle-features-container\">\n<div class=\"pdp-lifestyle-features ds-slides\">\n<div class=\"lifestyle-feature ds-slide\"><img loading=\"lazy\" decoding=\"async\" class=\"alignleft\" src=\"https:\/\/www.jbl.com.pe\/dw\/image\/v2\/BFND_PRD\/on\/demandware.static\/-\/Sites-masterCatalog_Harman\/default\/dwdccc70c5\/pdp\/JBL_GO_ESSENTIAL_2_LIFESTYLE_BLACK_4W8A2272.png?sw=904&amp;sh=560\" alt=\"JBL Go Essential 2 Sonido JBL Pro original - Image\" width=\"458\" height=\"284\" \/><\/p>\n<div class=\"feature-text\">\n<h3><\/h3>\n<h3><\/h3>\n<h3>Sonido JBL Pro original<\/h3>\n<p>El sonido JBL Pro original ofrece un audio sorprendentemente potente y unos graves incre\u00edbles en un tama\u00f1o ultracompacto como el del Go Essential 2.<\/p>\n<\/div>\n<\/div>\n<div class=\"lifestyle-feature ds-slide\"><img loading=\"lazy\" decoding=\"async\" class=\"alignright\" src=\"https:\/\/www.jbl.com.pe\/dw\/image\/v2\/BFND_PRD\/on\/demandware.static\/-\/Sites-masterCatalog_Harman\/default\/dw2b5075c4\/pdp\/JBL_GO_ESSENTIAL_2_LIFESTYLE_RED_4359.png?sw=904&amp;sh=560\" alt=\"JBL Go Essential 2 Resistente al polvo y al agua (\u00edndice de protecci\u00f3n IP67) - Image\" width=\"741\" height=\"459\" \/><\/p>\n<div class=\"feature-text\">\n<h3><\/h3>\n<h3><\/h3>\n<h3><\/h3>\n<h3>Resistente al polvo y al agua (\u00edndice de protecci\u00f3n IP67)<\/h3>\n<p>Para ir a la piscina. Para ir al parque. El JBL Go Essential es resistente al agua conforme a la norma\u00a0IP67 para que puedas llevar tu altavoz a cualquier parte.<\/p>\n<\/div>\n<\/div>\n<\/div>\n<\/div>\n<div class=\"pdp-secondary-features\">\n<div class=\"pdp-secondary-feature-col\">\n<div class=\"pdp-secondary-feature\"><label class=\"pdp-secondary-feature-label\" for=\"pdp-secondary-feature-2\"><img decoding=\"async\" src=\"https:\/\/www.jbl.com.pe\/on\/demandware.static\/-\/Sites-masterCatalog_Harman\/default\/dw7952bc2e\/pdp\/jbl_icon_checkmark.svg\" alt=\"JBL Go Essential 2 Reproducci\u00f3n inal\u00e1mbrica Bluetooth - Image\" \/>Reproducci\u00f3n inal\u00e1mbrica Bluetooth<\/label><\/p>\n<div id=\"pdp-secondary-feature-2-body\" class=\"pdp-secondary-feature-body\" aria-labelledby=\"pdp-secondary-feature-2\">\n<p>Reproduce m\u00fasica de forma inal\u00e1mbrica desde tu m\u00f3vil, tableta port\u00e1til o cualquier dispositivo con Bluetooth.<\/p>\n<\/div>\n<\/div>\n<\/div>\n<div class=\"pdp-secondary-feature-col\">\n<div class=\"pdp-secondary-feature\"><label class=\"pdp-secondary-feature-label\" for=\"pdp-secondary-feature-3\"><img decoding=\"async\" src=\"https:\/\/www.jbl.com.pe\/on\/demandware.static\/-\/Sites-masterCatalog_Harman\/default\/dw2a4dcd54\/pdp\/icon_JBL_Battery_Life_5H.png\" alt=\"JBL Go Essential 2 5 horas de tiempo de reproducci\u00f3n - Image\" \/>5 horas de tiempo de reproducci\u00f3n<\/label><\/p>\n<div id=\"pdp-secondary-feature-3-body\" class=\"pdp-secondary-feature-body\" aria-labelledby=\"pdp-secondary-feature-3\">\n<p>No te preocupes por cosas sin importancia como cargar la bater\u00eda. El Go Essential ofrece hasta 5\u00a0horas de reproducci\u00f3n con una sola carga.<\/p>\n<h3><label class=\"ds-accordion-label\" role=\"button\" for=\"pdp-specs--specifications\" aria-controls=\"pdp-specs--specifications-content\">Especificaciones<\/label><\/h3>\n<div id=\"pdp-specs--specifications-content\" class=\"ds-accordion-content\">\n<h4>Caracter\u00edsticas generales<\/h4>\n<dl class=\"ds-specs\">\n<dt>Signal to Noise Ratio (dB, below rated 1kHz power at 8\u03a9, A-weighted): &gt; 80 dB<\/dt>\n<dt>Temperatura de funcionamiento: 45 \u00b0C<\/dt>\n<dt>Potencia de salida: 3.1 W RMS<\/dt>\n<dt>Tiempo de carga de la bater\u00eda (horas): 2.5<\/dt>\n<\/dl>\n<h4>Caracter\u00edsticas Audio<\/h4>\n<dl class=\"ds-specs\">\n<dt>Respuesta en frecuencia activa: 180Hz \u2013 20kHz<\/dt>\n<\/dl>\n<h4>Medidas<\/h4>\n<dl class=\"ds-specs\">\n<dt>Dimensiones (Ancho x Alto x Profundidad) (cm): 8.6 x 7.1 x 3.2<\/dt>\n<dt>Dimensiones (Ancho x Alto x Profundidad) (in): 3.4 x 2.8 x 1.2<\/dt>\n<dt>Peso (kg): 0.18<\/dt>\n<dt>Peso (lbs): 0.39<\/dt>\n<\/dl>\n<h4>Caracter\u00edsticas de control y conexi\u00f3n<\/h4>\n<dl class=\"ds-specs\">\n<dt>Versi\u00f3n Bluetooth: 4.2<\/dt>\n<dt>Rango de frecuencia de transmisi\u00f3n Bluetooth: 2400 MHz &#8211; 2483.5 MHz<\/dt>\n<dt>Perfiles Bluetooth: A2DP V1.2, AVRCP V1.5<\/dt>\n<dt>Transmisi\u00f3n de modulaci\u00f3n GFSK v\u00eda Bluetooth: GFSK, \u03c0\/4 DQPSK, 8DPSK<\/dt>\n<dt>Potencia de transmisi\u00f3n Bluetooth: \u2264 6 dBm (EIRP)<\/dt>\n<\/dl>\n<h4>Bater\u00eda<\/h4>\n<dl class=\"ds-specs\">\n<dt>Tiempo de juego m\u00e1ximo (horas): 5<\/dt>\n<dt>Tipo de bater\u00eda: Li-ion polymer 2.7Wh<\/dt>\n<\/dl>\n<h4>Caracter\u00edsticas<\/h4>\n<dl class=\"ds-specs\">\n<dt>Certificaci\u00f3n IPX: IP67<\/dt>\n<dt>A prueba de agua: S\u00ed<\/dt>\n<dt>JBL Original Pro Sound: S\u00ed<\/dt>\n<dt>Bluetooth: S\u00ed<\/dt>\n<\/dl>\n<\/div>\n<h4><label class=\"ds-accordion-label\" role=\"button\" for=\"pdp-specs--box-contents\" aria-controls=\"pdp-specs--box-contents-content\">Contenido de la caja<\/label><\/h4>\n<div id=\"pdp-specs--box-contents-content\" class=\"ds-accordion-content\">\n<dl class=\"ds-specs\">\n<dt>1 JBL Go Essential 2<\/dt>\n<dt>1 gu\u00eda de inicio r\u00e1pido<\/dt>\n<dt>1 tarjeta de garant\u00eda y ficha de seguridad<\/dt>\n<\/dl>\n<\/div>\n<\/div>\n<\/div>\n<\/div>\n<\/div>\n","protected":false},"excerpt":{"rendered":"<p>GO ESSENTIAL 2 JBL GO Essential es un altavoz port\u00e1til ultracompacto con Bluetooth. Reproduce tu m\u00fasica en streaming a trav\u00e9s<\/p>\n","protected":false},"featured_media":102669,"comment_status":"open","ping_status":"closed","template":"","meta":{"nf_dc_page":""},"product_brand":[541],"product_cat":[89],"product_tag":[3564],"class_list":{"0":"post-102668","1":"product","2":"type-product","3":"status-publish","4":"has-post-thumbnail","6":"product_brand-jbl","7":"product_cat-electronicos","8":"product_tag-jblgoes2blkam","10":"first","11":"instock","12":"shipping-taxable","13":"purchasable","14":"product-type-simple"},"_links":{"self":[{"href":"https:\/\/brandss.com.py\/index\/wp-json\/wp\/v2\/product\/102668","targetHints":{"allow":["GET"]}}],"collection":[{"href":"https:\/\/brandss.com.py\/index\/wp-json\/wp\/v2\/product"}],"about":[{"href":"https:\/\/brandss.com.py\/index\/wp-json\/wp\/v2\/types\/product"}],"replies":[{"embeddable":true,"href":"https:\/\/brandss.com.py\/index\/wp-json\/wp\/v2\/comments?post=102668"}],"version-history":[{"count":1,"href":"https:\/\/brandss.com.py\/index\/wp-json\/wp\/v2\/product\/102668\/revisions"}],"predecessor-version":[{"id":102678,"href":"https:\/\/brandss.com.py\/index\/wp-json\/wp\/v2\/product\/102668\/revisions\/102678"}],"wp:featuredmedia":[{"embeddable":true,"href":"https:\/\/brandss.com.py\/index\/wp-json\/wp\/v2\/media\/102669"}],"wp:attachment":[{"href":"https:\/\/brandss.com.py\/index\/wp-json\/wp\/v2\/media?parent=102668"}],"wp:term":[{"taxonomy":"product_brand","embeddable":true,"href":"https:\/\/brandss.com.py\/index\/wp-json\/wp\/v2\/product_brand?post=102668"},{"taxonomy":"product_cat","embeddable":true,"href":"https:\/\/brandss.com.py\/index\/wp-json\/wp\/v2\/product_cat?post=102668"},{"taxonomy":"product_tag","embeddable":true,"href":"https:\/\/brandss.com.py\/index\/wp-json\/wp\/v2\/product_tag?post=102668"}],"curies":[{"name":"wp","href":"https:\/\/api.w.org\/{rel}","templated":true}]}}