{"id":102680,"date":"2026-04-24T13:10:49","date_gmt":"2026-04-24T13:10:49","guid":{"rendered":"https:\/\/brandss.com.py\/index\/?post_type=product&#038;p=102680"},"modified":"2026-04-24T13:11:09","modified_gmt":"2026-04-24T13:11:09","slug":"altavoz-portatil-jbl-xtreme-5-bt-130w-rms-black","status":"publish","type":"product","link":"https:\/\/brandss.com.py\/index\/producto\/altavoz-portatil-jbl-xtreme-5-bt-130w-rms-black\/","title":{"rendered":"ALTAVOZ PORT\u00c1TIL JBL XTREME 5 BT 130W RMS BLACK"},"content":{"rendered":"<p><img loading=\"lazy\" decoding=\"async\" class=\"\" src=\"https:\/\/cdn.freebiesupply.com\/logos\/large\/2x\/jbl-2-logo-black-and-white.png\" alt=\"JBL Logo PNG Transparent &amp; SVG Vector - Freebie Supply\" width=\"87\" height=\"87\" \/><\/p>\n<h1>XTREME 5<\/h1>\n<p><span dir=\"auto\">El JBL Xtreme 5 ofrece el legendario sonido JBL con mayor potencia, mayor nitidez y la tecnolog\u00eda AI Sound Boost que mantiene esos graves impactantes y limpios (incluso cuando subes el volumen al m\u00e1ximo).<\/span><\/p>\n<p><span dir=\"auto\">La nueva iluminaci\u00f3n ambiental transforma tu m\u00fasica en una experiencia \u00fanica, con efectos de pulsaci\u00f3n y cambio al ritmo de cada pista. Elige el ambiente que prefieras, desde un suave resplandor de atardecer hasta una vibrante luz pulsante, y recibe indicaciones claras sobre el encendido, el emparejamiento, el nivel de bater\u00eda y Auracast\u2122.<\/span><\/p>\n<p><span dir=\"auto\">Dise\u00f1ado para la movilidad y la durabilidad, el altavoz Xtreme 5 cuenta con un dise\u00f1o ultrarresistente con certificaci\u00f3n IP68 de resistencia al agua, al polvo y a las ca\u00eddas, garantizando una durabilidad excepcional en cualquier situaci\u00f3n. Sus ganchos flotantes y su correa ajustable facilitan su transporte. Con hasta 24 horas de reproducci\u00f3n y 4 horas adicionales gracias a Playtime Boost, ofrece energ\u00eda para todos los d\u00edas y para disfrutar de la m\u00fasica durante toda la noche.<\/span><\/p>\n<p><span dir=\"auto\">Y puedes ir a\u00fan m\u00e1s all\u00e1. La capacidad de audio sin p\u00e9rdidas te ofrece un sonido tan puro que sentir\u00e1s cada ritmo. O bien, puedes usar Auracast\u2122 para conectar varios altavoces JBL compatibles con Auracast\u2122 y crear un escenario sonoro \u00e9pico que llene la habitaci\u00f3n.<\/span><\/p>\n<div class=\"pdp-lifestyle-features-container\">\n<div class=\"pdp-lifestyle-features ds-slides\">\n<div class=\"lifestyle-feature ds-slide\"><img loading=\"lazy\" decoding=\"async\" class=\"alignleft\" src=\"https:\/\/www.jbl.com\/dw\/image\/v2\/BFND_PRD\/on\/demandware.static\/-\/Sites-masterCatalog_Harman\/default\/dw13e51cee\/pdp\/LS_JBL_Xtreme_5_Lifestyle_01.png?sw=904&amp;sh=560\" alt=\"JBL Xtreme 5: El legendario sonido JBL que impacta con m\u00e1s fuerza gracias a la tecnolog\u00eda AI Sound Boost - Imagen\" width=\"601\" height=\"372\" \/><\/p>\n<div class=\"feature-text\">\n<h3><\/h3>\n<h3><\/h3>\n<h3><span dir=\"auto\">El legendario sonido JBL ahora suena con m\u00e1s potencia gracias a la tecnolog\u00eda AI Sound Boost.<\/span><\/h3>\n<p><span dir=\"auto\">S\u00fabele el volumen. \u00a1Mucho! El sistema mejorado del altavoz Xtreme 5 (subwoofer, tweeters duales y AI Sound Boost) ofrece graves profundos y una claridad n\u00edtida sin distorsi\u00f3n.<\/span><\/p>\n<\/div>\n<\/div>\n<div class=\"lifestyle-feature ds-slide\"><img loading=\"lazy\" decoding=\"async\" class=\"alignright\" src=\"https:\/\/www.jbl.com\/dw\/image\/v2\/BFND_PRD\/on\/demandware.static\/-\/Sites-masterCatalog_Harman\/default\/dw04285213\/pdp\/LS_JBL_Xtreme_5_Lifestyle_02.png?sw=904&amp;sh=560\" alt=\"JBL Xtreme 5 Hasta 28 horas de reproducci\u00f3n - Imagen\" width=\"701\" height=\"434\" \/><\/p>\n<div class=\"feature-text\">\n<h3><\/h3>\n<h3><\/h3>\n<h3><\/h3>\n<h3><\/h3>\n<h3><span dir=\"auto\">Hasta 28 horas de juego<\/span><\/h3>\n<p><span dir=\"auto\">Todo el d\u00eda. Toda la noche. Y a\u00fan m\u00e1s. El JBL Xtreme 5 funciona hasta 24 horas seguidas, m\u00e1s cuatro horas adicionales con Playtime Boost. Luego, una carga r\u00e1pida de 10 minutos* te da 2 horas m\u00e1s cuando la fiesta no para.<\/span><\/p>\n<p><i><span dir=\"auto\">* El adaptador de corriente PD no est\u00e1 incluido en todas las regiones.<\/span><\/i><\/p>\n<\/div>\n<\/div>\n<div class=\"lifestyle-feature ds-slide\"><img loading=\"lazy\" decoding=\"async\" class=\"alignleft\" src=\"https:\/\/www.jbl.com\/dw\/image\/v2\/BFND_PRD\/on\/demandware.static\/-\/Sites-masterCatalog_Harman\/default\/dw42e2fc28\/pdp\/LS_JBL_Xtreme_5_Lifestyle_03.png?sw=904&amp;sh=560\" alt=\"Correa para el hombro JBL Xtreme 5 con ganchos flotantes - Imagen\" width=\"601\" height=\"372\" \/><\/p>\n<div class=\"feature-text\">\n<h3><\/h3>\n<h3><\/h3>\n<h3><\/h3>\n<h3><span dir=\"auto\">Correa para el hombro con ganchos flotantes<\/span><\/h3>\n<p><span dir=\"auto\">Sonido potente, manos libres. Ll\u00e9valo contigo a todas partes. Los ganchos flotantes mantienen el equilibrio mientras te desplazas.<\/span><\/p>\n<\/div>\n<\/div>\n<\/div>\n<p>&nbsp;<\/p>\n<\/div>\n<div class=\"pdp-secondary-features\">\n<div class=\"pdp-secondary-feature-col\">\n<div class=\"pdp-secondary-feature\"><label class=\"pdp-secondary-feature-label\" for=\"pdp-secondary-feature-3\"><img decoding=\"async\" src=\"https:\/\/www.jbl.com\/on\/demandware.static\/-\/Sites-masterCatalog_Harman\/default\/dw7a805dc5\/pdp\/Icons_JBL_IP68.png\" alt=\"JBL Xtreme 5 Resistente al agua, al polvo y a las ca\u00eddas - Imagen\" \/><strong><span dir=\"auto\">Resistente al agua, al polvo y a las ca\u00eddas.<\/span><\/strong><\/label><\/p>\n<div id=\"pdp-secondary-feature-3-body\" class=\"pdp-secondary-feature-body\" aria-labelledby=\"pdp-secondary-feature-3\">\n<p><span dir=\"auto\">Desde salpicaduras en la piscina hasta arena de playa y ca\u00eddas inesperadas, el JBL Xtreme 5 lo resiste todo. El Xtreme 5 soporta el caos de la fiesta con protecci\u00f3n IP68 completa y una construcci\u00f3n robusta que no se rinde.<\/span><\/p>\n<\/div>\n<\/div>\n<div class=\"pdp-secondary-feature\"><label class=\"pdp-secondary-feature-label\" for=\"pdp-secondary-feature-5\"><img decoding=\"async\" src=\"https:\/\/www.jbl.com\/on\/demandware.static\/-\/Sites-masterCatalog_Harman\/default\/dwf0e90ecf\/pdp\/Icon_JBL_Equalizer.png\" alt=\"JBL Xtreme 5 Modo Smart EQ - Imagen\" \/><strong><span dir=\"auto\">Modo ecualizador inteligente<\/span><\/strong><\/label><\/p>\n<div id=\"pdp-secondary-feature-5-body\" class=\"pdp-secondary-feature-body\" aria-labelledby=\"pdp-secondary-feature-5\">\n<p><span dir=\"auto\">El modo Smart EQ utiliza inteligencia artificial para analizar lo que est\u00e1s escuchando y ajustar autom\u00e1ticamente el ecualizador en tiempo real, para que tus podcasts se escuchen con claridad y tu m\u00fasica suene espectacular.<\/span><\/p>\n<\/div>\n<\/div>\n<div class=\"pdp-secondary-feature\"><label class=\"pdp-secondary-feature-label\" for=\"pdp-secondary-feature-7\"><img decoding=\"async\" src=\"https:\/\/www.jbl.com\/on\/demandware.static\/-\/Sites-masterCatalog_Harman\/default\/dw099f5484\/pdp\/Icons_JBL_AuraCast_2025.png\" alt=\"JBL Xtreme 5 Sube el volumen con Auracast\u2122 - Imagen\" \/><strong><span dir=\"auto\">Sube el volumen con Auracast\u2122<\/span><\/strong><\/label><\/p>\n<div id=\"pdp-secondary-feature-7-body\" class=\"pdp-secondary-feature-body\" aria-labelledby=\"pdp-secondary-feature-7\">\n<p><span dir=\"auto\">M\u00e1s altavoces, mayor sonido. Empareja dos altavoces compatibles con Auracast\u2122 para obtener sonido est\u00e9reo o conecta todos los altavoces JBL para crear un muro de sonido que anime toda la fiesta.<\/span><\/p>\n<\/div>\n<\/div>\n<div class=\"pdp-secondary-feature\"><label class=\"pdp-secondary-feature-label\" for=\"pdp-secondary-feature-9\"><img decoding=\"async\" src=\"https:\/\/www.jbl.com\/on\/demandware.static\/-\/Sites-masterCatalog_Harman\/default\/dw22e73625\/pdp\/icons_JBL_Portable_APP_v02.png\" alt=\"Personaliza el JBL Xtreme 5 con la aplicaci\u00f3n JBL Portable - Imagen\" \/><strong><span dir=\"auto\">Personal\u00edzalo con la aplicaci\u00f3n JBL Portable.<\/span><\/strong><\/label><\/p>\n<div id=\"pdp-secondary-feature-9-body\" class=\"pdp-secondary-feature-body\" aria-labelledby=\"pdp-secondary-feature-9\">\n<p><span dir=\"auto\">Personaliza tu altavoz. Ajusta el sonido con un ecualizador de 7 bandas, selecciona temas de iluminaci\u00f3n y actualiza la tecnolog\u00eda sobre la marcha, todo desde la aplicaci\u00f3n JBL Portable.<\/span><\/p>\n<\/div>\n<\/div>\n<div class=\"pdp-secondary-feature\"><label class=\"pdp-secondary-feature-label\" for=\"pdp-secondary-feature-11\"><img decoding=\"async\" src=\"https:\/\/www.jbl.com\/on\/demandware.static\/-\/Sites-masterCatalog_Harman\/default\/dwf5e3b0a9\/pdp\/icon_JBL_Check.png\" alt=\"JBL Xtreme 5 compatible con el micr\u00f3fono JBL EasySing Mini - Imagen\" \/><strong><span dir=\"auto\">Compatible con el micr\u00f3fono JBL EasySing Mini<\/span><\/strong><\/label><\/p>\n<div id=\"pdp-secondary-feature-11-body\" class=\"pdp-secondary-feature-body\" aria-labelledby=\"pdp-secondary-feature-11\">\n<p><span dir=\"auto\">El Xtreme 5 es compatible con el micr\u00f3fono EasySing Mic Mini. Su disponibilidad puede variar seg\u00fan la regi\u00f3n; se vende por separado.<\/span><\/p>\n<\/div>\n<\/div>\n<\/div>\n<div class=\"pdp-secondary-feature-col\">\n<div class=\"pdp-secondary-feature\"><label class=\"pdp-secondary-feature-label\" for=\"pdp-secondary-feature-4\"><img decoding=\"async\" src=\"https:\/\/www.jbl.com\/on\/demandware.static\/-\/Sites-masterCatalog_Harman\/default\/dwfd4c9262\/pdp\/icon_JBL_Light_Up.png\" alt=\"La luz ambiental JBL Xtreme 5 crea el ambiente perfecto - Imagen\" \/><strong><span dir=\"auto\">La luz ambiental crea el ambiente.<\/span><\/strong><\/label><\/p>\n<div id=\"pdp-secondary-feature-4-body\" class=\"pdp-secondary-feature-body\" aria-labelledby=\"pdp-secondary-feature-4\">\n<p><span dir=\"auto\">La iluminaci\u00f3n ambiental de los bordes del Xtreme 5 se sincroniza con tu m\u00fasica, con temas de color que cambian con cada ritmo o estado de \u00e1nimo. Elige un brillo suave para momentos de relax o un pulso vibrante para tus reuniones. La iluminaci\u00f3n tambi\u00e9n proporciona indicadores visuales claros de encendido, emparejamiento Bluetooth, nivel de bater\u00eda y conexi\u00f3n Auracast\u2122, para que siempre est\u00e9s al tanto de todo.<\/span><\/p>\n<\/div>\n<\/div>\n<div class=\"pdp-secondary-feature\"><label class=\"pdp-secondary-feature-label\" for=\"pdp-secondary-feature-6\"><img decoding=\"async\" src=\"https:\/\/www.jbl.com\/on\/demandware.static\/-\/Sites-masterCatalog_Harman\/default\/dw4b2e2aa7\/pdp\/Icons_JBL_Lossless_Audio_Playback.png\" alt=\"Reproducci\u00f3n de audio sin p\u00e9rdidas JBL Xtreme 5 - Imagen\" \/><strong><span dir=\"auto\">Reproducci\u00f3n de audio sin p\u00e9rdidas<\/span><\/strong><\/label><\/p>\n<div id=\"pdp-secondary-feature-6-body\" class=\"pdp-secondary-feature-body\" aria-labelledby=\"pdp-secondary-feature-6\">\n<p><span dir=\"auto\">Con\u00e9ctalo y escucha tus listas de reproducci\u00f3n en su forma m\u00e1s pura. El JBL Xtreme 5 admite audio USB-C sin p\u00e9rdidas para una transmisi\u00f3n de alta calidad que reproduce hasta el m\u00e1s m\u00ednimo detalle.*<\/span><\/p>\n<p><i><span dir=\"auto\">*Requiere contenido de audio sin p\u00e9rdidas compatible de aplicaciones\/servicios compatibles.<\/span><\/i><\/p>\n<\/div>\n<\/div>\n<div class=\"pdp-secondary-feature\"><label class=\"pdp-secondary-feature-label\" for=\"pdp-secondary-feature-8\"><img decoding=\"async\" src=\"https:\/\/www.jbl.com\/on\/demandware.static\/-\/Sites-masterCatalog_Harman\/default\/dwd9e863e9\/pdp\/icon_JBL_Powerbank.png\" alt=\"JBL Xtreme 5. Potencia tu sonido con la bater\u00eda externa integrada. Imagen\" \/><strong><span dir=\"auto\">Rec\u00e1rgalo con la bater\u00eda externa integrada.<\/span><\/strong><\/label><\/p>\n<div id=\"pdp-secondary-feature-8-body\" class=\"pdp-secondary-feature-body\" aria-labelledby=\"pdp-secondary-feature-8\">\n<p><span dir=\"auto\">No dejes que la diversi\u00f3n se detenga. La bater\u00eda externa integrada del JBL Xtreme 5 te permite cargar tus dispositivos sin interrumpir la m\u00fasica.<\/span><\/p>\n<\/div>\n<\/div>\n<div class=\"pdp-secondary-feature\"><label class=\"pdp-secondary-feature-label\" for=\"pdp-secondary-feature-10\"><img decoding=\"async\" src=\"https:\/\/www.jbl.com\/on\/demandware.static\/-\/Sites-masterCatalog_Harman\/default\/dw4eff28f8\/pdp\/Icon_JBL_Recycled.png\" alt=\"JBL Xtreme 5 Fabricado con pl\u00e1stico y tela reciclados - Imagen\" \/><strong><span dir=\"auto\">Hecho con pl\u00e1stico y tela reciclados.<\/span><\/strong><\/label><\/p>\n<div id=\"pdp-secondary-feature-10-body\" class=\"pdp-secondary-feature-body\" aria-labelledby=\"pdp-secondary-feature-10\">\n<p><span dir=\"auto\">El Xtreme 5 viene empaquetado con pl\u00e1stico y tela reciclados posconsumo libres de PVC, adem\u00e1s de un im\u00e1n para el conductor tambi\u00e9n reciclado. Su embalaje est\u00e1 impreso en papel con tinta de soja certificada FSC.<\/span><\/p>\n<h3><label class=\"ds-accordion-label\" role=\"button\" for=\"pdp-specs--specifications\" aria-controls=\"pdp-specs--specifications-content\"><span dir=\"auto\">Especificaciones<\/span><\/label><\/h3>\n<div id=\"pdp-specs--specifications-content\" class=\"ds-accordion-content\">\n<h4><span dir=\"auto\">Especificaciones generales<\/span><\/h4>\n<dl class=\"ds-specs\">\n<dt><span dir=\"auto\">Entrada de alimentaci\u00f3n: <\/span><span dir=\"auto\">5V \/ 9V \/ 12V \/ 15V 3A, 20V \/ 4A<\/span><\/dt>\n<dt><span dir=\"auto\">Relaci\u00f3n se\u00f1al\/ruido: <\/span><span dir=\"auto\">&gt; 80 dB<\/span><\/dt>\n<dt><span dir=\"auto\">Potencia de salida nominal: <\/span><span dir=\"auto\">1 woofer de 90 W RMS + 2 tweeters de 20 W RMS (modo de alimentaci\u00f3n de CA) 1 woofer de 60 W RMS + 2 tweeters de 15 W RMS (modo de bater\u00eda)<\/span><\/dt>\n<\/dl>\n<h4><span dir=\"auto\">Especificaciones de audio<\/span><\/h4>\n<dl class=\"ds-specs\">\n<dt><span dir=\"auto\">Respuesta en frecuencia: <\/span><span dir=\"auto\">40 Hz &#8211; 20 kHz<\/span><\/dt>\n<dt><span dir=\"auto\">Transductor &#8211; Tweeter (pulgadas): <\/span><span dir=\"auto\">2 x 0,75<\/span><\/dt>\n<dt><span dir=\"auto\">Transductor &#8211; Woofer (pulgadas): <\/span><span dir=\"auto\">1 x 3,9 x 5,7<\/span><\/dt>\n<dt><span dir=\"auto\">Transductor &#8211; Woofer (mm): <\/span><span dir=\"auto\">1 x 98 x 145<\/span><\/dt>\n<dt><span dir=\"auto\">Transductor &#8211; Tweeter (mm): <\/span><span dir=\"auto\">2 x 20<\/span><\/dt>\n<\/dl>\n<h4><span dir=\"auto\">Dimensiones<\/span><\/h4>\n<dl class=\"ds-specs\">\n<dt><span dir=\"auto\">Dimensiones (Ancho x Alto x Profundidad) (cm): <\/span><span dir=\"auto\">34,6 x 16,5 x 15,5<\/span><\/dt>\n<dt><span dir=\"auto\">Dimensiones (Ancho x Alto x Profundidad) (pulgadas): <\/span><span dir=\"auto\">13,6 x 6,5 x 6,1<\/span><\/dt>\n<dt><span dir=\"auto\">Peso (kg): <\/span><span dir=\"auto\">2.9<\/span><\/dt>\n<dt><span dir=\"auto\">Peso (libras): <\/span><span dir=\"auto\">6.38<\/span><\/dt>\n<\/dl>\n<h4><span dir=\"auto\">Especificaciones de control y conexi\u00f3n<\/span><\/h4>\n<dl class=\"ds-specs\">\n<dt><span dir=\"auto\">Especificaciones del altavoz port\u00e1til &#8211; Formatos de archivo de m\u00fasica compatibles: <\/span><span dir=\"auto\">SBC,AAC,LC3<\/span><\/dt>\n<dt><span dir=\"auto\">Salida de carga USB-C: <\/span><span dir=\"auto\">5V \/ 3A, 9V \/ 2A, 11V \/ 2A<\/span><\/dt>\n<dt><span dir=\"auto\">Puertos de conexi\u00f3n: <\/span><span dir=\"auto\">USB-C<\/span><\/dt>\n<dt><span dir=\"auto\">Perfil de Bluetooth: <\/span><span dir=\"auto\">A2DP 1.4, AVRCP 1.6<\/span><\/dt>\n<dt><span dir=\"auto\">Rango de frecuencia del transmisor Bluetooth (GHz): <\/span><span dir=\"auto\">2,4 &#8211; 2,48<\/span><\/dt>\n<dt><span dir=\"auto\">Modulaci\u00f3n del transmisor Bluetooth: <\/span><span dir=\"auto\">GFSK, \u03c0\/4 DQPSK, 8DPSK<\/span><\/dt>\n<dt><span dir=\"auto\">Alimentaci\u00f3n del transmisor Bluetooth: <\/span><span dir=\"auto\">\u2264 15 dBm (PIRE)<\/span><\/dt>\n<dt><span dir=\"auto\">versi\u00f3n Bluetooth: <\/span><span dir=\"auto\">6.0<\/span><\/dt>\n<\/dl>\n<h4><span dir=\"auto\">Bater\u00eda<\/span><\/h4>\n<dl class=\"ds-specs\">\n<dt><span dir=\"auto\">Tiempo de carga (horas): <\/span><span dir=\"auto\">3.5<\/span><\/dt>\n<dt><span dir=\"auto\">Tipo de cable: <\/span><span dir=\"auto\">Adaptador JBL PD<\/span><\/dt>\n<dt><span dir=\"auto\">Longitud del cable (pies): <\/span><span dir=\"auto\">59<\/span><\/dt>\n<dt><span dir=\"auto\">Longitud del cable (m): <\/span><span dir=\"auto\">1.5<\/span><\/dt>\n<dt><span dir=\"auto\">Temperatura m\u00e1xima de funcionamiento: <\/span><span dir=\"auto\">40\u00b0C<\/span><\/dt>\n<dt><span dir=\"auto\">Tipo de bater\u00eda: <\/span><span dir=\"auto\">Iones de litio 68Wh<\/span><\/dt>\n<dt><span dir=\"auto\">Tiempo m\u00e1ximo de reproducci\u00f3n de m\u00fasica (horas): <\/span><span dir=\"auto\">28<\/span><\/dt>\n<\/dl>\n<h4><span dir=\"auto\">Caracter\u00edsticas<\/span><\/h4>\n<dl class=\"ds-specs\">\n<dt><span dir=\"auto\">C\u00f3digo IP: <\/span><span dir=\"auto\">IP68<\/span><\/dt>\n<dt><span dir=\"auto\">Aplicaci\u00f3n port\u00e1til JBL: <\/span><span dir=\"auto\">verdadero<\/span><\/dt>\n<dt><span dir=\"auto\">A prueba de polvo: <\/span><span dir=\"auto\">verdadero<\/span><\/dt>\n<dt><span dir=\"auto\">Resistente a ca\u00eddas: <\/span><span dir=\"auto\">verdadero<\/span><\/dt>\n<dt><span dir=\"auto\">Impermeable: <\/span><span dir=\"auto\">S\u00ed<\/span><\/dt>\n<dt><span dir=\"auto\">Compatible con Auracast: <\/span><span dir=\"auto\">S\u00ed<\/span><\/dt>\n<dt><span dir=\"auto\">Mejora de sonido con IA: <\/span><span dir=\"auto\">S\u00ed<\/span><\/dt>\n<\/dl>\n<\/div>\n<h4><label class=\"ds-accordion-label\" role=\"button\" for=\"pdp-specs--box-contents\" aria-controls=\"pdp-specs--box-contents-content\"><span dir=\"auto\">\u00bfQu\u00e9 hay en la caja?<\/span><\/label><\/h4>\n<div id=\"pdp-specs--box-contents-content\" class=\"ds-accordion-content\">\n<dl class=\"ds-specs\">\n<dt><span dir=\"auto\">1 x JBL Xtreme 5<\/span><\/dt>\n<dt><span dir=\"auto\">1 adaptador PD (el tipo de enchufe var\u00eda seg\u00fan la regi\u00f3n)<\/span><\/dt>\n<dt><span dir=\"auto\">1 x Gu\u00eda de inicio r\u00e1pido<\/span><\/dt>\n<dt><span dir=\"auto\">1 x Tarjeta de garant\u00eda\/Hoja de seguridad<\/span><\/dt>\n<\/dl>\n<\/div>\n<\/div>\n<\/div>\n<\/div>\n<\/div>\n","protected":false},"excerpt":{"rendered":"<p>XTREME 5 El JBL Xtreme 5 ofrece el legendario sonido JBL con mayor potencia, mayor nitidez y la tecnolog\u00eda AI<\/p>\n","protected":false},"featured_media":102681,"comment_status":"open","ping_status":"closed","template":"","meta":{"nf_dc_page":""},"product_brand":[541],"product_cat":[89],"product_tag":[3566],"class_list":{"0":"post-102680","1":"product","2":"type-product","3":"status-publish","4":"has-post-thumbnail","6":"product_brand-jbl","7":"product_cat-electronicos","8":"product_tag-jblxtreme5blkam","10":"first","11":"instock","12":"shipping-taxable","13":"purchasable","14":"product-type-simple"},"_links":{"self":[{"href":"https:\/\/brandss.com.py\/index\/wp-json\/wp\/v2\/product\/102680","targetHints":{"allow":["GET"]}}],"collection":[{"href":"https:\/\/brandss.com.py\/index\/wp-json\/wp\/v2\/product"}],"about":[{"href":"https:\/\/brandss.com.py\/index\/wp-json\/wp\/v2\/types\/product"}],"replies":[{"embeddable":true,"href":"https:\/\/brandss.com.py\/index\/wp-json\/wp\/v2\/comments?post=102680"}],"version-history":[{"count":1,"href":"https:\/\/brandss.com.py\/index\/wp-json\/wp\/v2\/product\/102680\/revisions"}],"predecessor-version":[{"id":102689,"href":"https:\/\/brandss.com.py\/index\/wp-json\/wp\/v2\/product\/102680\/revisions\/102689"}],"wp:featuredmedia":[{"embeddable":true,"href":"https:\/\/brandss.com.py\/index\/wp-json\/wp\/v2\/media\/102681"}],"wp:attachment":[{"href":"https:\/\/brandss.com.py\/index\/wp-json\/wp\/v2\/media?parent=102680"}],"wp:term":[{"taxonomy":"product_brand","embeddable":true,"href":"https:\/\/brandss.com.py\/index\/wp-json\/wp\/v2\/product_brand?post=102680"},{"taxonomy":"product_cat","embeddable":true,"href":"https:\/\/brandss.com.py\/index\/wp-json\/wp\/v2\/product_cat?post=102680"},{"taxonomy":"product_tag","embeddable":true,"href":"https:\/\/brandss.com.py\/index\/wp-json\/wp\/v2\/product_tag?post=102680"}],"curies":[{"name":"wp","href":"https:\/\/api.w.org\/{rel}","templated":true}]}}