{"id":102691,"date":"2026-04-24T14:09:19","date_gmt":"2026-04-24T14:09:19","guid":{"rendered":"https:\/\/brandss.com.py\/index\/?post_type=product&#038;p=102691"},"modified":"2026-04-24T14:09:36","modified_gmt":"2026-04-24T14:09:36","slug":"auricular-jbl-wave-beam-bt-black","status":"publish","type":"product","link":"https:\/\/brandss.com.py\/index\/producto\/auricular-jbl-wave-beam-bt-black\/","title":{"rendered":"AURICULAR JBL WAVE BEAM BT BLACK"},"content":{"rendered":"<p><img loading=\"lazy\" decoding=\"async\" class=\"\" src=\"https:\/\/cdn.freebiesupply.com\/logos\/large\/2x\/jbl-2-logo-black-and-white.png\" alt=\"JBL Logo PNG Transparent &amp; SVG Vector - Freebie Supply\" width=\"107\" height=\"107\" \/><\/p>\n<h1>WAVE BEAM BT<\/h1>\n<p><strong><em>Lleva tu sonido a todas partes. <\/em><\/strong><\/p>\n<p>Con unos bajos que puedes sentir, hasta 32 horas de duraci\u00f3n total de la bater\u00eda y un dise\u00f1o seguro y c\u00f3modo con cierre autom\u00e1tico, el JBL Vibe Beam resistente a las salpicaduras y al polvo est\u00e1 dise\u00f1ado para tu entretenimiento diario. Tanto si paseas por las calles de la ciudad como si est\u00e1s relajado en la playa, tus llamadas est\u00e9reo manos libres siempre ser\u00e1n n\u00edtidas, mientras que la tecnolog\u00eda Smart Ambient te mantiene al tanto de lo que te rodea. Y cuando necesites un impulso adicional, puedes acelerar la carga con dos horas adicionales de potencia en solo 10 minutos.<\/p>\n<div id=\"29\" class=\"gomcom__sc-693o8d-0 fuosge\" role=\"region\" aria-labelledby=\"#28\" data-testid=\"GomcomCollapsable\" aria-hidden=\"false\">\n<p><strong><span dir=\"auto\">Hasta 32 (8h + 24h) horas totales de bater\u00eda con carga r\u00e1pida<\/span><\/strong><br \/>\n<span dir=\"auto\">Con 8 horas de bater\u00eda en los auriculares y 24 en el estuche, los JBL Wave Beam ofrecen audio para todo el d\u00eda. Y cuando necesites m\u00e1s energ\u00eda, puedes cargarlos r\u00e1pidamente para obtener dos horas adicionales en solo 10 minutos.<\/span><\/p>\n<p><strong><span dir=\"auto\">Llamadas manos libres con VoiceAware<\/span><\/strong><br \/>\n<span dir=\"auto\">Cuando hagas llamadas est\u00e9reo manos libres mientras te desplazas, VoiceAware te permite equilibrar cu\u00e1nto de tu propia voz escuchas mientras hablas con otros.<\/span><strong><\/p>\n<p><span dir=\"auto\">Compatible con la aplicaci\u00f3n JBL Headphones<\/span><\/strong><br \/>\n<span dir=\"auto\">Escucha todo el d\u00eda, a tu manera. Ajusta tu sonido preferido con la aplicaci\u00f3n dedicada y transforma los JBL Wave Beam en tu compa\u00f1ero de audio ideal.<\/span><\/p>\n<p><strong><span dir=\"auto\">Mantente al tanto de tu entorno<\/span><\/strong><br \/>\n<span dir=\"auto\">Ve a cualquier lugar y escucha todo con la tecnolog\u00eda Smart Ambient. Cuando necesites hacer una pausa para una conversaci\u00f3n r\u00e1pida, TalkThru te permite escucharte a ti mismo y a quienes te rodean al instante sin quitarte los auriculares. O usa Ambient Aware para seguir escuchando m\u00fasica mientras permaneces al tanto de tu entorno.<\/span><\/p>\n<h3 class=\"specification__heading\"><span dir=\"auto\">Caracter\u00edsticas\u00a0<\/span><\/h3>\n<div class=\"specification__row\"><span class=\"specification__title\"><span dir=\"auto\">Auriculares: <\/span><\/span><span class=\"specification__value\"><span dir=\"auto\">S\u00ed<\/span><\/span><\/div>\n<div class=\"specification__row\"><span class=\"specification__title\"><span dir=\"auto\">Auriculares inal\u00e1mbricos: <\/span><\/span><span class=\"specification__value\"><span dir=\"auto\">S\u00ed<\/span><\/span><\/div>\n<div class=\"specification__row\"><span class=\"specification__title\"><span dir=\"auto\">Auriculares con cancelaci\u00f3n de ruido: <\/span><\/span><span class=\"specification__value\"><span dir=\"auto\">No<\/span><\/span><\/div>\n<div class=\"specification__row\"><span class=\"specification__title\"><span dir=\"auto\">art\u00edculos incluidos: <\/span><\/span><span class=\"specification__value\"><span dir=\"auto\">almohadillas para los o\u00eddos, cable de carga, estuche de carga<\/span><\/span><\/div>\n<div class=\"specification__row\"><span class=\"specification__title\"><span dir=\"auto\">Sonido de encendido\/apagado autom\u00e1tico: <\/span><\/span>No<\/div>\n<div class=\"specification__row\"><span class=\"specification__title\"><span dir=\"auto\">Uso independiente: <\/span><\/span>No<\/div>\n<h4 class=\"specification__heading\"><span dir=\"auto\">Intercambio de datos<\/span><\/h4>\n<div class=\"specification__row\"><span class=\"specification__title\"><span dir=\"auto\">Bluetooth: <\/span><\/span><span class=\"specification__value\"><span dir=\"auto\">Bluetooth 5.2<\/span><\/span><\/div>\n<h4 class=\"specification__heading\"><span dir=\"auto\">Funciones<\/span><\/h4>\n<div class=\"specification__row\"><span class=\"specification__title\"><span dir=\"auto\">Configuraci\u00f3n mediante la aplicaci\u00f3n: <\/span><\/span>S\u00ed<\/div>\n<h4 class=\"specification__heading\"><span dir=\"auto\">Bater\u00eda<\/span><\/h4>\n<div class=\"specification__row\"><span class=\"specification__title\"><span dir=\"auto\">Carga inal\u00e1mbrica: <\/span><\/span><span class=\"specification__value\"><span dir=\"auto\">No<\/span><\/span><\/div>\n<div class=\"specification__row\"><span class=\"specification__title\"><span dir=\"auto\">Compatibilidad con MagSafe: <\/span><\/span><span class=\"specification__value\"><span dir=\"auto\">No<\/span><\/span><\/div>\n<div class=\"specification__row\"><span class=\"specification__title\"><span dir=\"auto\">Duraci\u00f3n de la bater\u00eda de los auriculares hasta: <\/span><\/span><span class=\"specification__value\"><span dir=\"auto\">8 h<\/span><\/span><\/div>\n<div class=\"specification__row\"><span class=\"specification__title\"><span dir=\"auto\">Duraci\u00f3n de la bater\u00eda del estuche de carga hasta: <\/span><\/span><span class=\"specification__value\"><span dir=\"auto\">24 horas<\/span><\/span><\/div>\n<div class=\"specification__row\"><span class=\"specification__title\"><span dir=\"auto\">Tiempo de recarga de la bater\u00eda: <\/span><\/span><span class=\"specification__value\"><span dir=\"auto\">2 h<\/span><\/span><\/div>\n<h4 class=\"specification__heading\"><span dir=\"auto\">Fuente de alimentaci\u00f3n<\/span><\/h4>\n<div class=\"specification__row\"><span class=\"specification__title\"><span dir=\"auto\">Interfaz de carga: <\/span><\/span><span class=\"specification__value\"><span dir=\"auto\">USB-C<\/span><\/span><\/div>\n<h4 class=\"specification__heading\"><span dir=\"auto\">Dimensiones<\/span><\/h4>\n<div class=\"specification__row\"><span class=\"specification__title\"><span dir=\"auto\">Peso: <\/span><\/span><span class=\"specification__value\"><span dir=\"auto\">4,4 g<\/span><\/span><\/div>\n<div class=\"specification__row\"><span class=\"specification__title\"><span dir=\"auto\">Peso del estuche de carga: <\/span><\/span><span class=\"specification__value\"><span dir=\"auto\">39,5 g<\/span><\/span><\/div>\n<h3 class=\"specification__heading\"><span dir=\"auto\">Par\u00e1metros generales<\/span><\/h3>\n<div class=\"specification__row\"><span class=\"specification__title\"><span dir=\"auto\">Nivel de protecci\u00f3n: <\/span><\/span><span class=\"specification__value\"><span dir=\"auto\">IP54<\/span><\/span><\/div>\n<div class=\"specification__row\"><span class=\"specification__title\"><span dir=\"auto\">Tipo: <\/span><\/span><span class=\"specification__value\"><span dir=\"auto\">Intraauricular<\/span><\/span><\/div>\n<div class=\"specification__row\"><span class=\"specification__title\"><span dir=\"auto\">Fabricante: <\/span><\/span><span class=\"specification__value\"><span dir=\"auto\">JBL<\/span><\/span><\/div>\n<div class=\"specification__row\"><span class=\"specification__title\"><span dir=\"auto\">Color: <\/span><\/span><span class=\"specification__value\"><span dir=\"auto\">negro<\/span><\/span><\/div>\n<h3 class=\"specification__heading\"><span dir=\"auto\">Clima<\/span><\/h3>\n<div class=\"specification__row\"><span class=\"specification__title\"><span dir=\"auto\">Temperatura de funcionamiento: <\/span><\/span><span class=\"specification__value\"><span dir=\"auto\">0 &#8211; 45 \u00b0C<\/span><\/span><\/div>\n<\/div>\n","protected":false},"excerpt":{"rendered":"<p>WAVE BEAM BT Lleva tu sonido a todas partes. Con unos bajos que puedes sentir, hasta 32 horas de duraci\u00f3n<\/p>\n","protected":false},"featured_media":102692,"comment_status":"open","ping_status":"closed","template":"","meta":{"nf_dc_page":""},"product_brand":[541],"product_cat":[89],"product_tag":[3569],"class_list":{"0":"post-102691","1":"product","2":"type-product","3":"status-publish","4":"has-post-thumbnail","6":"product_brand-jbl","7":"product_cat-electronicos","8":"product_tag-3569","10":"first","11":"instock","12":"shipping-taxable","13":"purchasable","14":"product-type-simple"},"_links":{"self":[{"href":"https:\/\/brandss.com.py\/index\/wp-json\/wp\/v2\/product\/102691","targetHints":{"allow":["GET"]}}],"collection":[{"href":"https:\/\/brandss.com.py\/index\/wp-json\/wp\/v2\/product"}],"about":[{"href":"https:\/\/brandss.com.py\/index\/wp-json\/wp\/v2\/types\/product"}],"replies":[{"embeddable":true,"href":"https:\/\/brandss.com.py\/index\/wp-json\/wp\/v2\/comments?post=102691"}],"version-history":[{"count":1,"href":"https:\/\/brandss.com.py\/index\/wp-json\/wp\/v2\/product\/102691\/revisions"}],"predecessor-version":[{"id":102696,"href":"https:\/\/brandss.com.py\/index\/wp-json\/wp\/v2\/product\/102691\/revisions\/102696"}],"wp:featuredmedia":[{"embeddable":true,"href":"https:\/\/brandss.com.py\/index\/wp-json\/wp\/v2\/media\/102692"}],"wp:attachment":[{"href":"https:\/\/brandss.com.py\/index\/wp-json\/wp\/v2\/media?parent=102691"}],"wp:term":[{"taxonomy":"product_brand","embeddable":true,"href":"https:\/\/brandss.com.py\/index\/wp-json\/wp\/v2\/product_brand?post=102691"},{"taxonomy":"product_cat","embeddable":true,"href":"https:\/\/brandss.com.py\/index\/wp-json\/wp\/v2\/product_cat?post=102691"},{"taxonomy":"product_tag","embeddable":true,"href":"https:\/\/brandss.com.py\/index\/wp-json\/wp\/v2\/product_tag?post=102691"}],"curies":[{"name":"wp","href":"https:\/\/api.w.org\/{rel}","templated":true}]}}