{"id":102698,"date":"2026-04-24T14:28:34","date_gmt":"2026-04-24T14:28:34","guid":{"rendered":"https:\/\/brandss.com.py\/index\/?post_type=product&#038;p=102698"},"modified":"2026-04-24T14:28:54","modified_gmt":"2026-04-24T14:28:54","slug":"auricular-jbl-wave-flex-bt-black","status":"publish","type":"product","link":"https:\/\/brandss.com.py\/index\/producto\/auricular-jbl-wave-flex-bt-black\/","title":{"rendered":"AURICULAR JBL WAVE FLEX BT BLACK"},"content":{"rendered":"<p><img loading=\"lazy\" decoding=\"async\" class=\"\" src=\"https:\/\/cdn.freebiesupply.com\/logos\/large\/2x\/jbl-2-logo-black-and-white.png\" alt=\"JBL Logo PNG Transparent &amp; SVG Vector - Freebie Supply\" width=\"134\" height=\"134\" \/><\/p>\n<h1>WAVE FLEX BT<\/h1>\n<p>Lleva tu sonido a todas partes. Con unos bajos que puedes sentir, hasta 32 horas de autonom\u00eda de la bater\u00eda y un dise\u00f1o seguro y c\u00f3modo, los auriculares JBL Wave Flex resistentes a las salpicaduras y al polvo est\u00e1n dise\u00f1ados para tu entretenimiento diario. Tanto si paseas por las calles de la ciudad como si est\u00e1s relajado en la playa, tus llamadas est\u00e9reo manos libres siempre ser\u00e1n n\u00edtidas, mientras que la tecnolog\u00eda Smart Ambient te mantiene al tanto de lo que te rodea. Y cuando necesites un impulso adicional, puedes acelerar la carga con dos horas adicionales de potencia en solo 10 minutos.<\/p>\n<div class=\"pdp-lifestyle-features-container\">\n<div class=\"pdp-lifestyle-features ds-slides\">\n<div class=\"lifestyle-feature ds-slide\"><img loading=\"lazy\" decoding=\"async\" class=\"alignleft\" src=\"https:\/\/www.jbl.com.pe\/dw\/image\/v2\/BFND_PRD\/on\/demandware.static\/-\/Sites-masterCatalog_Harman\/default\/dw1b065be8\/pdp\/JBL_Wave_Vibe_Flex_%20Lifestyle_Image_Mint_904x560px.png?sw=904&amp;sh=560\" alt=\"JBL Wave Flex Sonido JBL Deep Bass - Image\" width=\"601\" height=\"372\" \/><\/p>\n<div class=\"feature-text\">\n<h3><\/h3>\n<h3><\/h3>\n<h3><\/h3>\n<h3>Sonido JBL Deep Bass<\/h3>\n<p>Saca el m\u00e1ximo partido a tus mezclas con audio de alta calidad de auriculares seguros y fiables con drivers de 12 mm con sonido JBL Deep Bass.<\/p>\n<\/div>\n<\/div>\n<div class=\"lifestyle-feature ds-slide\"><img loading=\"lazy\" decoding=\"async\" class=\"alignright\" src=\"https:\/\/www.jbl.com.pe\/dw\/image\/v2\/BFND_PRD\/on\/demandware.static\/-\/Sites-masterCatalog_Harman\/default\/dwe40f0332\/pdp\/JBL_Wave_Vibe_Flex_Lifestyle_Image_Sound_Black_904x560px.png?sw=904&amp;sh=560\" alt=\"JBL Wave Flex Ajuste c\u00f3modo - Image\" width=\"601\" height=\"372\" \/><\/p>\n<div class=\"feature-text\">\n<h3><\/h3>\n<h3><\/h3>\n<h3><\/h3>\n<h3>Ajuste c\u00f3modo<\/h3>\n<p>El dise\u00f1o ergon\u00f3mico y con cierre autom\u00e1tico del JBL Wave Flex se ajusta tan c\u00f3modamente que te olvidar\u00e1s de que los llevas puestos. El dise\u00f1o abierto le permite disfrutar de todo el sonido sin bloquear el canal auditivo.<\/p>\n<\/div>\n<\/div>\n<div class=\"lifestyle-feature ds-slide\"><img loading=\"lazy\" decoding=\"async\" class=\"alignleft\" src=\"https:\/\/www.jbl.com.pe\/dw\/image\/v2\/BFND_PRD\/on\/demandware.static\/-\/Sites-masterCatalog_Harman\/default\/dw5ca1e921\/pdp\/JBL_Wave_Vibe_Flex_%20Lifestyle_Image_Beige_904x560px.png?sw=904&amp;sh=560\" alt=\"JBL Wave Flex Bater\u00eda de hasta 32 (8h + 24h) horas con carga r\u00e1pida - Image\" width=\"601\" height=\"372\" \/><\/p>\n<div class=\"feature-text\">\n<h3><\/h3>\n<h3><\/h3>\n<h3><\/h3>\n<h3>Bater\u00eda de hasta 32 (8h + 24h) horas con carga r\u00e1pida<\/h3>\n<p>Con 8 horas de autonom\u00eda de la bater\u00eda en los auriculares y 24 en el estuche, el JBL Wave Flex proporciona audio durante todo el d\u00eda. Y cuando necesites m\u00e1s potencia, puedes acelerar la carga con dos horas adicionales de potencia en solo 10 minutos.<\/p>\n<\/div>\n<p>&nbsp;<\/p>\n<\/div>\n<\/div>\n<\/div>\n<div class=\"pdp-secondary-features\">\n<div class=\"pdp-secondary-feature-col\">\n<div class=\"pdp-secondary-feature\"><label class=\"pdp-secondary-feature-label\" for=\"pdp-secondary-feature-3\"><img decoding=\"async\" src=\"https:\/\/www.jbl.com.pe\/on\/demandware.static\/-\/Sites-masterCatalog_Harman\/default\/dwbc4e1d4a\/pdp\/Ambient-Aware.png\" alt=\"JBL Wave Flex Estate atento a tu entorno - Image\" \/><strong>Estate atento a tu entorno<\/strong><\/label><\/p>\n<div id=\"pdp-secondary-feature-3-body\" class=\"pdp-secondary-feature-body\" aria-labelledby=\"pdp-secondary-feature-3\">\n<p>Ve a cualquier parte y escucha todo con la tecnolog\u00eda Smart Ambient. Cuando necesites hacer una pausa para un chat r\u00e1pido, TalkThru te permite escucharte al instante a ti mismo y a quienes te rodean sin quitarte los auriculares. O usa Ambient Aware para mantener la m\u00fasica en reproducci\u00f3n mientras te mantienes al tanto de lo que te rodea.<\/p>\n<\/div>\n<\/div>\n<div class=\"pdp-secondary-feature\"><label class=\"pdp-secondary-feature-label\" for=\"pdp-secondary-feature-5\"><img decoding=\"async\" src=\"https:\/\/www.jbl.com.pe\/on\/demandware.static\/-\/Sites-masterCatalog_Harman\/default\/dw9d2b5108\/pdp\/icon_JBL_IP67_Waterproof_&amp;_Dustproof.png\" alt=\"JBL Wave Flex Resistente al agua y al polvo - Image\" \/><strong>Resistente al agua y al polvo<\/strong><\/label><\/p>\n<div id=\"pdp-secondary-feature-5-body\" class=\"pdp-secondary-feature-body\" aria-labelledby=\"pdp-secondary-feature-5\">\n<p>Desde la playa hasta el sendero para bicicletas, los auriculares con certificaci\u00f3n IP54 y el estuche de carga IPX2 son resistentes al agua y al polvo para disfrutar de experiencias durante todo el d\u00eda.<\/p>\n<\/div>\n<\/div>\n<\/div>\n<div class=\"pdp-secondary-feature-col\">\n<div class=\"pdp-secondary-feature\"><label class=\"pdp-secondary-feature-label\" for=\"pdp-secondary-feature-4\"><img decoding=\"async\" src=\"https:\/\/www.jbl.com.pe\/on\/demandware.static\/-\/Sites-masterCatalog_Harman\/default\/dw7d2828ec\/pdp\/icon_JBL_Works_with_Voice_Control.png\" alt=\"JBL Wave Flex Llamadas manos libres con VoiceAware - Image\" \/><strong>Llamadas manos libres con VoiceAware<\/strong><\/label><\/p>\n<div id=\"pdp-secondary-feature-4-body\" class=\"pdp-secondary-feature-body\" aria-labelledby=\"pdp-secondary-feature-4\">\n<p>Cuando realizas llamadas est\u00e9reo manos libres sobre la marcha, VoiceAware te permite equilibrar la cantidad de tu propia voz que escuchas mientras hablas con los dem\u00e1s.<\/p>\n<\/div>\n<\/div>\n<div class=\"pdp-secondary-feature\"><label class=\"pdp-secondary-feature-label\" for=\"pdp-secondary-feature-6\"><img decoding=\"async\" src=\"https:\/\/www.jbl.com.pe\/on\/demandware.static\/-\/Sites-masterCatalog_Harman\/default\/dw4c980e17\/pdp\/My%20JBL%20Headphones.png\" alt=\"JBL Wave Flex Compatible con la aplicaci\u00f3n JBL Headphones - Image\" \/><strong>Compatible con la aplicaci\u00f3n JBL Headphones<\/strong><\/label><\/p>\n<div id=\"pdp-secondary-feature-6-body\" class=\"pdp-secondary-feature-body\" aria-labelledby=\"pdp-secondary-feature-6\">\n<p>Escucha todo el d\u00eda a tu manera. Disfruta de tu sonido preferido con la aplicaci\u00f3n espec\u00edfica y transforma los JBL Wave Flex en tu compa\u00f1ero de audio ideal.<\/p>\n<h3><label class=\"ds-accordion-label\" role=\"button\" for=\"pdp-specs--specifications\" aria-controls=\"pdp-specs--specifications-content\">Especificaciones<\/label><\/h3>\n<div id=\"pdp-specs--specifications-content\" class=\"ds-accordion-content\">\n<h4>Caracter\u00edsticas generales<\/h4>\n<dl class=\"ds-specs\">\n<dt>Driver (mm): 12<\/dt>\n<dt>Number of Microphones: 1<\/dt>\n<\/dl>\n<h4>Caracter\u00edsticas Audio<\/h4>\n<dl class=\"ds-specs\">\n<dt>Sensibilidad del driver a 1kHz1mW (dB): 105<\/dt>\n<dt>Respuesta de frecuencia din\u00e1mica: 20 Hz &#8211; 20 kHz<\/dt>\n<dt>Impedancia de entrada (ohms): 16<\/dt>\n<\/dl>\n<h4>Medidas<\/h4>\n<dl class=\"ds-specs\">\n<dt>Peso (g): 42.7<\/dt>\n<dt>Peso del malet\u00edn de carga (oz): 1.2<\/dt>\n<dt>Peso del auricular (oz): 0.3<\/dt>\n<dt>Peso del malet\u00edn de carga (g): 35.1<\/dt>\n<dt>Peso del auricular (g): 7.6<\/dt>\n<\/dl>\n<h4>Caracter\u00edsticas de control y conexi\u00f3n<\/h4>\n<dl class=\"ds-specs\">\n<dt>Versi\u00f3n Bluetooth: 5.2<\/dt>\n<dt>Rango de frecuencia de transmisi\u00f3n Bluetooth: 2.4 GHz &#8211; 2.4835 GHz<\/dt>\n<dt>Perfiles Bluetooth: A2DP V1.3, AVRCP V1.6, HFP V1.7<\/dt>\n<dt>Transmisi\u00f3n de modulaci\u00f3n GFSK v\u00eda Bluetooth: GFSK, \u03c0\/4 DQPSK, 8DPSK<\/dt>\n<dt>Potencia de transmisi\u00f3n Bluetooth: &lt;13 dBm<\/dt>\n<\/dl>\n<h4>Bater\u00eda<\/h4>\n<dl class=\"ds-specs\">\n<dt>Charging case battery life (max hours): 24<\/dt>\n<dt>Tiempo de carga (horas): 2<\/dt>\n<dt>Tiempo de juego m\u00e1ximo (horas): 32<\/dt>\n<\/dl>\n<h4>Caracter\u00edsticas<\/h4>\n<dl class=\"ds-specs\">\n<dt>Voice Aware: S\u00ed<\/dt>\n<dt>Water Resistant: S\u00ed<\/dt>\n<dt>Certificaci\u00f3n IPX: IP54<\/dt>\n<dt>Speed charge: S\u00ed<\/dt>\n<dt>Sonido ambiente: S\u00ed<\/dt>\n<dt>Micr\u00f3fono integrado: S\u00ed<\/dt>\n<dt>Llamadas con manos libres: S\u00ed<\/dt>\n<dt>TalkThru: S\u00ed<\/dt>\n<dt>Control t\u00e1ctil: S\u00ed<\/dt>\n<dt>True Wireless: S\u00ed<\/dt>\n<dt>Inal\u00e1mbrico: S\u00ed<\/dt>\n<dt>Cable de carga: S\u00ed<\/dt>\n<dt>Estuche de carga: S\u00ed<\/dt>\n<dt>Carga r\u00e1pida: S\u00ed<\/dt>\n<dt>Bater\u00eda recargable: S\u00ed<\/dt>\n<dt>Bluetooth: S\u00ed<\/dt>\n<dt>JBL Headphone App: S\u00ed<\/dt>\n<\/dl>\n<\/div>\n<h4><label class=\"ds-accordion-label\" role=\"button\" for=\"pdp-specs--box-contents\" aria-controls=\"pdp-specs--box-contents-content\">Contenido de la caja<\/label><\/h4>\n<div id=\"pdp-specs--box-contents-content\" class=\"ds-accordion-content\">\n<dl class=\"ds-specs\">\n<dt>1 auriculares JBL Wave Flex<\/dt>\n<dt>1\u00a0estuche de carga<\/dt>\n<dt>1 cable de carga USB tipo C<\/dt>\n<dt>1 garant\u00eda\/advertencia (W\/!)<\/dt>\n<dt>1\u00a0QSG\/hoja de seguridad (S\/i)<\/dt>\n<\/dl>\n<\/div>\n<\/div>\n<\/div>\n<\/div>\n<\/div>\n","protected":false},"excerpt":{"rendered":"<p>WAVE FLEX BT Lleva tu sonido a todas partes. Con unos bajos que puedes sentir, hasta 32 horas de autonom\u00eda<\/p>\n","protected":false},"featured_media":102699,"comment_status":"open","ping_status":"closed","template":"","meta":{"nf_dc_page":""},"product_brand":[541],"product_cat":[89],"product_tag":[3571],"class_list":{"0":"post-102698","1":"product","2":"type-product","3":"status-publish","4":"has-post-thumbnail","6":"product_brand-jbl","7":"product_cat-electronicos","8":"product_tag-jblwflexblk","10":"first","11":"instock","12":"shipping-taxable","13":"purchasable","14":"product-type-simple"},"_links":{"self":[{"href":"https:\/\/brandss.com.py\/index\/wp-json\/wp\/v2\/product\/102698","targetHints":{"allow":["GET"]}}],"collection":[{"href":"https:\/\/brandss.com.py\/index\/wp-json\/wp\/v2\/product"}],"about":[{"href":"https:\/\/brandss.com.py\/index\/wp-json\/wp\/v2\/types\/product"}],"replies":[{"embeddable":true,"href":"https:\/\/brandss.com.py\/index\/wp-json\/wp\/v2\/comments?post=102698"}],"version-history":[{"count":1,"href":"https:\/\/brandss.com.py\/index\/wp-json\/wp\/v2\/product\/102698\/revisions"}],"predecessor-version":[{"id":102703,"href":"https:\/\/brandss.com.py\/index\/wp-json\/wp\/v2\/product\/102698\/revisions\/102703"}],"wp:featuredmedia":[{"embeddable":true,"href":"https:\/\/brandss.com.py\/index\/wp-json\/wp\/v2\/media\/102699"}],"wp:attachment":[{"href":"https:\/\/brandss.com.py\/index\/wp-json\/wp\/v2\/media?parent=102698"}],"wp:term":[{"taxonomy":"product_brand","embeddable":true,"href":"https:\/\/brandss.com.py\/index\/wp-json\/wp\/v2\/product_brand?post=102698"},{"taxonomy":"product_cat","embeddable":true,"href":"https:\/\/brandss.com.py\/index\/wp-json\/wp\/v2\/product_cat?post=102698"},{"taxonomy":"product_tag","embeddable":true,"href":"https:\/\/brandss.com.py\/index\/wp-json\/wp\/v2\/product_tag?post=102698"}],"curies":[{"name":"wp","href":"https:\/\/api.w.org\/{rel}","templated":true}]}}