{"id":102725,"date":"2026-04-24T17:09:36","date_gmt":"2026-04-24T17:09:36","guid":{"rendered":"https:\/\/brandss.com.py\/index\/?post_type=product&#038;p=102725"},"modified":"2026-04-24T17:10:09","modified_gmt":"2026-04-24T17:10:09","slug":"auricular-jbl-tune-720bt-black","status":"publish","type":"product","link":"https:\/\/brandss.com.py\/index\/producto\/auricular-jbl-tune-720bt-black\/","title":{"rendered":"AURICULAR JBL TUNE 720BT BLACK"},"content":{"rendered":"<p><img loading=\"lazy\" decoding=\"async\" class=\"\" src=\"https:\/\/cdn.freebiesupply.com\/logos\/large\/2x\/jbl-2-logo-black-and-white.png\" alt=\"JBL Logo PNG Transparent &amp; SVG Vector - Freebie Supply\" width=\"104\" height=\"104\" \/><\/p>\n<h1>TUNE 720BT<\/h1>\n<h4><em><strong>Sum\u00e9rgete en el sonido JBL Pure Bass dondequiera que vayas.<\/strong><\/em><\/h4>\n<div class=\"spec-row\"><span class=\"spec-key -full\">Los auriculares JBL Tune 720BT transmiten el potente sonido JBL Pure Bass gracias a la \u00faltima tecnolog\u00eda 5.3\u00a0BT. Estos auriculares, muy f\u00e1ciles de usar, ofrecen hasta 76\u00a0horas de puro placer auditivo y 3\u00a0horas adicionales de bater\u00eda con solo 5\u00a0minutos de carga. Descarga la aplicaci\u00f3n gratuita JBL Headphones y personaliza tu sonido a trav\u00e9s del ecualizador, las indicaciones de voz te ayudar\u00e1n a conocer las prestaciones de los auriculares. Gestiona las llamadas, el sonido y el volumen desde el auricular, todo ello con c\u00f3modos botones. Si recibes una llamada mientras est\u00e1s viendo un v\u00eddeo en otro dispositivo, los auriculares JBL Tune 720BT se conectan f\u00e1cilmente a tu m\u00f3vil para que nunca pierdas una llamada. Los auriculares JBL Tune 720BT son ligeros y c\u00f3modos incluso despu\u00e9s de horas de escucha, y puedes plegarlos para llev\u00e1rtelos en tu mochila a todas partes.<\/span><\/div>\n<div>\n<section class=\"pdp-features in-view\" data-section=\"features\" data-headline=\"Caracter\u00edsticas\">\n<div class=\"expanded-features\">\n<div class=\"expanded-feature -lifestyle not-in-view\">\n<div class=\"imagery\"><img loading=\"lazy\" decoding=\"async\" class=\"alignleft\" src=\"https:\/\/uy.jbl.com\/on\/demandware.static\/-\/Sites-masterCatalog_Harman\/default\/dwb1d5b35c\/pdp\/JBL_Tune_720BT_Lifestyle_Image_Black_904x560.png\" alt=\"Sonido JBL Pure Bass\" width=\"400\" height=\"248\" data-src=\"\/on\/demandware.static\/-\/Sites-masterCatalog_Harman\/default\/dwb1d5b35c\/pdp\/JBL_Tune_720BT_Lifestyle_Image_Black_904x560.png\" \/><\/div>\n<div class=\"copy\">\n<h3><\/h3>\n<h3>Sonido JBL Pure Bass<\/h3>\n<p>El modelo JBL Tune 720BT cuenta con el famoso sonido JBL Pure Bass, el mismo que usan las salas de conciertos m\u00e1s famosas del mundo.<\/p>\n<\/div>\n<\/div>\n<div class=\"expanded-feature -lifestyle in-view\">\n<div class=\"imagery\"><img loading=\"lazy\" decoding=\"async\" class=\"alignright\" src=\"https:\/\/uy.jbl.com\/on\/demandware.static\/-\/Sites-masterCatalog_Harman\/default\/dw8899a721\/pdp\/JBL_Tune_720BT_Lifestyle_Image_White_904x560.png\" alt=\"Tecnolog\u00eda inal\u00e1mbrica Bluetooth\u00a05.3\" width=\"401\" height=\"248\" data-src=\"\/on\/demandware.static\/-\/Sites-masterCatalog_Harman\/default\/dw8899a721\/pdp\/JBL_Tune_720BT_Lifestyle_Image_White_904x560.png\" \/><\/div>\n<div class=\"copy\">\n<h3><\/h3>\n<h3><\/h3>\n<h3>Tecnolog\u00eda inal\u00e1mbrica Bluetooth\u00a05.3<\/h3>\n<p>Transmite de forma inal\u00e1mbrica sonido de alta calidad desde tu smartphone sin l\u00edos de cables con la ayuda de la \u00faltima tecnolog\u00eda Bluetooth.<\/p>\n<\/div>\n<\/div>\n<div class=\"expanded-feature -lifestyle in-view\">\n<div class=\"imagery\"><img loading=\"lazy\" decoding=\"async\" class=\"alignleft\" src=\"https:\/\/uy.jbl.com\/on\/demandware.static\/-\/Sites-masterCatalog_Harman\/default\/dw7482e000\/pdp\/JBL_Tune_720BT_Lifestyle_Image_Purple_904x560.png\" alt=\"Personaliza tu experiencia de sonido\" width=\"400\" height=\"248\" data-src=\"\/on\/demandware.static\/-\/Sites-masterCatalog_Harman\/default\/dw7482e000\/pdp\/JBL_Tune_720BT_Lifestyle_Image_Purple_904x560.png\" \/><\/div>\n<div class=\"copy\">\n<h3><\/h3>\n<h3>Personaliza tu experiencia de sonido<\/h3>\n<p>Descarga la aplicaci\u00f3n gratuita JBL Headphones para adaptar el sonido a tus gustos con el ecualizador. Las indicaciones de voz te guiar\u00e1n en tu idioma a trav\u00e9s de las funciones del modelo Tune 720BT.<\/p>\n<\/div>\n<\/div>\n<\/div>\n<div class=\"feature-slider slick-initialized slick-slider slick-dotted\">\n<div class=\"slick-list draggable\">\n<div class=\"slick-track\">\n<div class=\"feature-slide slick-slide slick-cloned\" data-slick-index=\"-2\" aria-hidden=\"true\"><\/div>\n<\/div>\n<div class=\"feature-slide slick-slide slick-cloned\" data-slick-index=\"-1\" aria-hidden=\"true\"><\/div>\n<div class=\"slick-track\">\n<div id=\"slick-slide40\" class=\"feature-slide slick-slide slick-current slick-active\" role=\"tabpanel\" data-slick-index=\"0\" aria-hidden=\"false\"><\/div>\n<div id=\"slick-slide41\" class=\"feature-slide slick-slide slick-active\" role=\"tabpanel\" data-slick-index=\"1\" aria-hidden=\"false\"><\/div>\n<div id=\"slick-slide42\" class=\"feature-slide slick-slide slick-active\" role=\"tabpanel\" data-slick-index=\"2\" aria-hidden=\"false\">\n<div class=\"spec-accordion  -active\">\n<h3>Caracter\u00edsticas generales<\/h3>\n<div class=\"accordion-content\">\n<div class=\"spec-row\"><span class=\"spec-key\">Driver (mm):\u00a0<\/span><span class=\"spec-value\">40<\/span><\/div>\n<div class=\"spec-row\"><span class=\"spec-key\">Number of Microphone: s<\/span><span class=\"spec-value\">1<\/span><\/div>\n<\/div>\n<\/div>\n<div class=\"spec-accordion  -active\">\n<h3>Caracter\u00edsticas Audio<\/h3>\n<div class=\"accordion-content\">\n<div class=\"spec-row\"><span class=\"spec-key\">Sensibilidad del driver a 1kHz1mW (dB):\u00a0<\/span><span class=\"spec-value\">101<\/span><\/div>\n<div class=\"spec-row\"><span class=\"spec-key\">Respuesta de frecuencia din\u00e1mica:\u00a0<\/span><span class=\"spec-value\">20 Hz \u2013 20 kHz<\/span><\/div>\n<div class=\"spec-row\"><span class=\"spec-key\">Impedancia de entrada (ohms):\u00a0<\/span><span class=\"spec-value\">32<\/span><\/div>\n<div>\n<div class=\"spec-accordion -active\">\n<h3>Caracter\u00edsticas de control y conexi\u00f3n<\/h3>\n<div class=\"accordion-content\">\n<div class=\"spec-row\"><span class=\"spec-key\">Perfiles Bluetooth:\u00a0<\/span><span class=\"spec-value\">HFP v1.7.2, AVRCP v1.6.2, A2DP v1.3.2<\/span><\/div>\n<div class=\"spec-row\"><span class=\"spec-key\">Rango de frecuencia de transmisi\u00f3n Bluetooth:\u00a0<\/span><span class=\"spec-value\">2.4 GHz \u2013 2.4835 GHz<\/span><\/div>\n<div class=\"spec-row\"><span class=\"spec-key\">Transmisi\u00f3n de modulaci\u00f3n GFSK v\u00eda Bluetooth:\u00a0<\/span><span class=\"spec-value\">GFSK, \u03c0\/4-DQPSK, 8-DPSK<\/span><\/div>\n<div class=\"spec-row\"><span class=\"spec-key\">Potencia de transmisi\u00f3n Bluetooth:\u00a0<\/span><span class=\"spec-value\">\u2264 10 dBm (E.I.R.P)<\/span><\/div>\n<div class=\"spec-row\"><span class=\"spec-key\">Versi\u00f3n Bluetooth:\u00a0<\/span><span class=\"spec-value\">5.3<\/span><\/div>\n<\/div>\n<\/div>\n<div class=\"spec-accordion -active\">\n<h3>Bater\u00eda<\/h3>\n<div class=\"accordion-content\">\n<div class=\"spec-row\"><span class=\"spec-key\">Tiempo de carga (horas):\u00a0<\/span><span class=\"spec-value\">2<\/span><\/div>\n<div class=\"spec-row\"><span class=\"spec-key\">Tiempo de juego m\u00e1ximo (horas):\u00a0<\/span><span class=\"spec-value\">76<\/span><\/div>\n<\/div>\n<\/div>\n<div class=\"spec-accordion -active\">\n<h3>Caracter\u00edsticas<\/h3>\n<div class=\"accordion-content\">\n<div class=\"spec-row\"><span class=\"spec-key\">Bluetooth:\u00a0<\/span><span class=\"spec-value\">S\u00ed<\/span><\/div>\n<div class=\"spec-row\"><span class=\"spec-key\">Cable de carga:\u00a0<\/span><span class=\"spec-value\">S\u00ed<\/span><\/div>\n<div class=\"spec-row\"><span class=\"spec-key\">Plegable:\u00a0<\/span><span class=\"spec-value\">S\u00ed<\/span><\/div>\n<div class=\"spec-row\"><span class=\"spec-key\">Integraci\u00f3n con asistente de voz:\u00a0<\/span><span class=\"spec-value\">S\u00ed<\/span><\/div>\n<div class=\"spec-row\"><span class=\"spec-key\">Micr\u00f3fono integrado:\u00a0<\/span><span class=\"spec-value\">S\u00ed<\/span><\/div>\n<div class=\"spec-row\"><span class=\"spec-key\">Llamadas con manos libres:\u00a0<\/span><span class=\"spec-value\">S\u00ed<\/span><\/div>\n<div class=\"spec-row\"><span class=\"spec-key\">JBL Headphone App:\u00a0<\/span><span class=\"spec-value\">S\u00ed<\/span><\/div>\n<div class=\"spec-row\"><span class=\"spec-key\">Sonido JBL Pure Bass:\u00a0<\/span><span class=\"spec-value\">S\u00ed<\/span><\/div>\n<div class=\"spec-row\"><span class=\"spec-key\">Conexi\u00f3n Multipunto:\u00a0<\/span><span class=\"spec-value\">S\u00ed<\/span><\/div>\n<div class=\"spec-row\"><span class=\"spec-key\">Over-ear:\u00a0<\/span><span class=\"spec-value\">S\u00ed<\/span><\/div>\n<div class=\"spec-row\"><span class=\"spec-key\">Carga r\u00e1pida:\u00a0<\/span><span class=\"spec-value\">S\u00ed<\/span><\/div>\n<div class=\"spec-row\"><span class=\"spec-key\">Voice Aware:\u00a0<\/span><span class=\"spec-value\">S\u00ed<\/span><\/div>\n<div class=\"spec-row\"><span class=\"spec-key\">Water Resistant:\u00a0<\/span><span class=\"spec-value\">S\u00ed<\/span><\/div>\n<div class=\"spec-row\"><span class=\"spec-key\">Inal\u00e1mbrico:\u00a0<\/span><span class=\"spec-value\">S\u00ed<\/span><\/div>\n<\/div>\n<\/div>\n<div class=\"spec-accordion -active\">\n<h3>Contenido de la caja<\/h3>\n<div class=\"accordion-content\">\n<div class=\"box-contents\">\n<ul class=\"bulleted\">\n<li>1 auricular JBL Tune 720BT<\/li>\n<li>1 cable de carga USB-C<\/li>\n<li>1 cable de audio extra\u00edble<\/li>\n<li>1 garant\u00eda\/advertencia<\/li>\n<li>1 gu\u00eda de inicio r\u00e1pido<\/li>\n<\/ul>\n<\/div>\n<\/div>\n<\/div>\n<\/div>\n<\/div>\n<\/div>\n<\/div>\n<\/div>\n<\/div>\n<\/div>\n<\/section>\n<\/div>\n","protected":false},"excerpt":{"rendered":"<p>TUNE 720BT Sum\u00e9rgete en el sonido JBL Pure Bass dondequiera que vayas. Los auriculares JBL Tune 720BT transmiten el potente<\/p>\n","protected":false},"featured_media":102726,"comment_status":"open","ping_status":"closed","template":"","meta":{"nf_dc_page":""},"product_brand":[541],"product_cat":[89],"product_tag":[3576],"class_list":{"0":"post-102725","1":"product","2":"type-product","3":"status-publish","4":"has-post-thumbnail","6":"product_brand-jbl","7":"product_cat-electronicos","8":"product_tag-jblt720btblkam","10":"first","11":"instock","12":"shipping-taxable","13":"purchasable","14":"product-type-simple"},"_links":{"self":[{"href":"https:\/\/brandss.com.py\/index\/wp-json\/wp\/v2\/product\/102725","targetHints":{"allow":["GET"]}}],"collection":[{"href":"https:\/\/brandss.com.py\/index\/wp-json\/wp\/v2\/product"}],"about":[{"href":"https:\/\/brandss.com.py\/index\/wp-json\/wp\/v2\/types\/product"}],"replies":[{"embeddable":true,"href":"https:\/\/brandss.com.py\/index\/wp-json\/wp\/v2\/comments?post=102725"}],"version-history":[{"count":1,"href":"https:\/\/brandss.com.py\/index\/wp-json\/wp\/v2\/product\/102725\/revisions"}],"predecessor-version":[{"id":102737,"href":"https:\/\/brandss.com.py\/index\/wp-json\/wp\/v2\/product\/102725\/revisions\/102737"}],"wp:featuredmedia":[{"embeddable":true,"href":"https:\/\/brandss.com.py\/index\/wp-json\/wp\/v2\/media\/102726"}],"wp:attachment":[{"href":"https:\/\/brandss.com.py\/index\/wp-json\/wp\/v2\/media?parent=102725"}],"wp:term":[{"taxonomy":"product_brand","embeddable":true,"href":"https:\/\/brandss.com.py\/index\/wp-json\/wp\/v2\/product_brand?post=102725"},{"taxonomy":"product_cat","embeddable":true,"href":"https:\/\/brandss.com.py\/index\/wp-json\/wp\/v2\/product_cat?post=102725"},{"taxonomy":"product_tag","embeddable":true,"href":"https:\/\/brandss.com.py\/index\/wp-json\/wp\/v2\/product_tag?post=102725"}],"curies":[{"name":"wp","href":"https:\/\/api.w.org\/{rel}","templated":true}]}}