{"id":102738,"date":"2026-04-24T18:07:52","date_gmt":"2026-04-24T18:07:52","guid":{"rendered":"https:\/\/brandss.com.py\/index\/?post_type=product&#038;p=102738"},"modified":"2026-04-24T18:10:34","modified_gmt":"2026-04-24T18:10:34","slug":"camara-ip-satellite-sate-a-cam008d-4mp-2cam-icsee","status":"publish","type":"product","link":"https:\/\/brandss.com.py\/index\/producto\/camara-ip-satellite-sate-a-cam008d-4mp-2cam-icsee\/","title":{"rendered":"C\u00c1MARA IP SATELLITE SATE A-CAM008D 4MP 2CAM ICSEE"},"content":{"rendered":"<p><img loading=\"lazy\" decoding=\"async\" class=\"\" src=\"https:\/\/cdn.freebiesupply.com\/logos\/large\/2x\/satellite-1-logo-png-transparent.png\" alt=\"Satellite Logo PNG Transparent &amp; SVG Vector - Freebie Supply\" width=\"89\" height=\"89\" \/><\/p>\n<h1>SATE A-CAM008D<\/h1>\n<p>La C\u00e1mara IP Satellite A-CAM008D ofrece monitoreo pr\u00e1ctico y confiable para distintos espacios. Con conectividad Wi-Fi y captura de video en alta definici\u00f3n, permite visualizar im\u00e1genes en tiempo real mediante una aplicaci\u00f3n compatible con dispositivos m\u00f3viles. Incorpora funciones inteligentes de vigilancia y una estructura preparada para exteriores, brindando mayor seguridad y tranquilidad. Una soluci\u00f3n eficiente para mejorar el control y la supervisi\u00f3n de ambientes.<\/p>\n<p><b><span dir=\"auto\">Detecci\u00f3n de movimiento avanzada<\/span><\/b><br \/>\n<span dir=\"auto\">La c\u00e1mara IP Satellite de doble lente est\u00e1 equipada con un sensor de movimiento que le notifica instant\u00e1neamente cualquier actividad sospechosa. Su sensibilidad y \u00e1reas de detecci\u00f3n ajustables minimizan las falsas alarmas, garantizando una vigilancia eficaz y precisa.<\/span><\/p>\n<p><b><span dir=\"auto\">Visi\u00f3n a color de alta resoluci\u00f3n<\/span><\/b><br \/>\n<span dir=\"auto\">Esta c\u00e1mara garantiza la captura de im\u00e1genes n\u00edtidas y detalladas, independientemente de las condiciones de iluminaci\u00f3n. Su funci\u00f3n de visi\u00f3n nocturna permite obtener detalles precisos incluso en completa oscuridad, ampliando su capacidad de captura a largas distancias. Durante el d\u00eda, su rendimiento destaca por im\u00e1genes vibrantes y coloridas, ofreciendo una experiencia visual de alta calidad en todo momento.<\/span><\/p>\n<p><b><span dir=\"auto\">Amplio campo de visi\u00f3n<\/span><\/b><br \/>\n<span dir=\"auto\">La c\u00e1mara IP Satellite de doble lente ofrece una capacidad de rotaci\u00f3n vers\u00e1til, lo que le permite controlar el \u00e1ngulo de visi\u00f3n desde su dispositivo m\u00f3vil o computadora. Con movimientos horizontales y verticales, cubre una amplia \u00e1rea sin dejar ning\u00fan rinc\u00f3n sin vigilancia.<\/span><\/p>\n<div class=\"modal-header\">\n<h3>Especificaciones<\/h3>\n<p>MODELO: A-CAM008D<br \/>\nCOLOR: Blanco\/Negro<br \/>\nRESOLUCI\u00d3N: Dual: 4MP<br \/>\nV\u00cdDEO: Calidad m\u00e1xima de captura: HD<br \/>\nMICR\u00d3FONO: Integrado<br \/>\nCONECTIVIDAD WIRELESS: Wi-Fi 802.11 b\/g\/n 2.4GHz<br \/>\nFUNCIONES: Monitorea ambientes abiertos &#8211; Grabaciones y transmisiones en tiempo real &#8211; Detector de movimiento<br \/>\nCOMPATIBILIDAD: Dispositivos m\u00f3viles habilitados con sistema operativo Android o iOS<br \/>\nCARACTER\u00cdSTICAS: Posee 2 antenas externas fijas omnidireccionales &#8211; Compatible con la aplicaci\u00f3n iCSee<br \/>\nRENDIMIENTO: Certificaci\u00f3n IP66<br \/>\nMEMORIA EXTERNA: Soporta tarjeta Micro SD<br \/>\nBOT\u00d3N: Reset<br \/>\nALIMENTACI\u00d3N: DC 12V<br \/>\nPESO BRUTO (g): 630<br \/>\nDIMENSIONES DE EMBALAJE (cm): 22.5 x 19.3 x 11.9<\/p>\n<\/div>\n<p><b><span dir=\"auto\">Contenido del paquete<\/span><\/b><\/p>\n<p><span dir=\"auto\">C\u00e1mara de seguridad IP Satellite de doble lente,<\/span><br \/>\n<span dir=\"auto\">Fuente de alimentaci\u00f3n,<\/span><br \/>\n<span dir=\"auto\">Kit de accesorios de instalaci\u00f3n,<\/span><br \/>\n<span dir=\"auto\">Cubierta impermeable,<\/span><br \/>\n<span dir=\"auto\">Manual de usuario.<\/span><\/p>\n<p>&nbsp;<\/p>\n","protected":false},"excerpt":{"rendered":"<p>SATE A-CAM008D La C\u00e1mara IP Satellite A-CAM008D ofrece monitoreo pr\u00e1ctico y confiable para distintos espacios. Con conectividad Wi-Fi y captura<\/p>\n","protected":false},"featured_media":102739,"comment_status":"open","ping_status":"closed","template":"","meta":{"nf_dc_page":""},"product_brand":[1274],"product_cat":[89],"product_tag":[3577],"class_list":{"0":"post-102738","1":"product","2":"type-product","3":"status-publish","4":"has-post-thumbnail","6":"product_brand-satellite","7":"product_cat-electronicos","8":"product_tag-3577","10":"first","11":"instock","12":"shipping-taxable","13":"purchasable","14":"product-type-simple"},"_links":{"self":[{"href":"https:\/\/brandss.com.py\/index\/wp-json\/wp\/v2\/product\/102738","targetHints":{"allow":["GET"]}}],"collection":[{"href":"https:\/\/brandss.com.py\/index\/wp-json\/wp\/v2\/product"}],"about":[{"href":"https:\/\/brandss.com.py\/index\/wp-json\/wp\/v2\/types\/product"}],"replies":[{"embeddable":true,"href":"https:\/\/brandss.com.py\/index\/wp-json\/wp\/v2\/comments?post=102738"}],"version-history":[{"count":1,"href":"https:\/\/brandss.com.py\/index\/wp-json\/wp\/v2\/product\/102738\/revisions"}],"predecessor-version":[{"id":102742,"href":"https:\/\/brandss.com.py\/index\/wp-json\/wp\/v2\/product\/102738\/revisions\/102742"}],"wp:featuredmedia":[{"embeddable":true,"href":"https:\/\/brandss.com.py\/index\/wp-json\/wp\/v2\/media\/102739"}],"wp:attachment":[{"href":"https:\/\/brandss.com.py\/index\/wp-json\/wp\/v2\/media?parent=102738"}],"wp:term":[{"taxonomy":"product_brand","embeddable":true,"href":"https:\/\/brandss.com.py\/index\/wp-json\/wp\/v2\/product_brand?post=102738"},{"taxonomy":"product_cat","embeddable":true,"href":"https:\/\/brandss.com.py\/index\/wp-json\/wp\/v2\/product_cat?post=102738"},{"taxonomy":"product_tag","embeddable":true,"href":"https:\/\/brandss.com.py\/index\/wp-json\/wp\/v2\/product_tag?post=102738"}],"curies":[{"name":"wp","href":"https:\/\/api.w.org\/{rel}","templated":true}]}}