{"id":102748,"date":"2026-04-25T10:28:49","date_gmt":"2026-04-25T10:28:49","guid":{"rendered":"https:\/\/brandss.com.py\/index\/?post_type=product&#038;p=102748"},"modified":"2026-04-25T10:30:37","modified_gmt":"2026-04-25T10:30:37","slug":"compresor-de-aire-xiaomi-mi-portable-electric-mjcqb06qw-2-black","status":"publish","type":"product","link":"https:\/\/brandss.com.py\/index\/producto\/compresor-de-aire-xiaomi-mi-portable-electric-mjcqb06qw-2-black\/","title":{"rendered":"COMPRESOR DE AIRE XIAOMI MI PORTABLE ELECTRIC MJCQB06QW 2 BLACK"},"content":{"rendered":"<p><img loading=\"lazy\" decoding=\"async\" class=\"\" src=\"https:\/\/1000logos.net\/wp-content\/uploads\/2021\/08\/Xiaomi-logo.png\" alt=\"Xiaomi Logo and symbol, meaning, history, PNG, brand\" width=\"105\" height=\"59\" \/><\/p>\n<h1>MI PORTABLE ELECTRIC<\/h1>\n<p>Presentamos el Compresor de Aire El\u00e9ctrico Port\u00e1til Xiaomi 2, una maravilla de la segunda generaci\u00f3n que redefine la experiencia de inflado de neum\u00e1ticos. Con una presi\u00f3n preestablecida que se detiene autom\u00e1ticamente cuando el neum\u00e1tico est\u00e1 lleno y una detecci\u00f3n digital de la presi\u00f3n de los neum\u00e1ticos, este compresor ofrece un rendimiento insuperable, alcanzando una presi\u00f3n de inflaci\u00f3n m\u00e1xima de 150 psi.<img loading=\"lazy\" decoding=\"async\" class=\"alignleft\" src=\"https:\/\/dojiw2m9tvv09.cloudfront.net\/48881\/product\/2023-new-xiaomi-mijia-air-pump-2-portable-electric-air-compressor-tire-sensor-mi-inflatable-treasure1101.JPG\" width=\"635\" height=\"631\" \/><\/p>\n<p>En comparaci\u00f3n con su predecesor, el Xiaomi Portable Electric Air Compressor 1S, este nuevo modelo ha sido optimizado en todos los detalles, desde su estructura interna hasta su velocidad de inflado, que ahora es aproximadamente un 25% m\u00e1s r\u00e1pida. Esto se traduce en un valioso ahorro de tiempo cuando se trata de inflar sus neum\u00e1ticos. Adem\u00e1s de su destacado rendimiento, hemos agregado un modo scooter el\u00e9ctrico y un adaptador de v\u00e1lvula de conexi\u00f3n r\u00e1pida, lo que aumenta a\u00fan m\u00e1s su versatilidad y comodidad. Con un motor magn\u00e9tico de alta potencia, este compresor puede inflar un neum\u00e1tico vac\u00edo en tan solo 8 minutos, y cuando est\u00e1 completamente cargado, puede reinflar hasta 10 neum\u00e1ticos continuamente.<\/p>\n<p>El Xiaomi 2 tambi\u00e9n es l\u00edder en eficiencia energ\u00e9tica, lo que significa que puede mantener su veh\u00edculo o equipo inflado sin problemas, simplificando su rutina de mantenimiento. Adem\u00e1s, los seis modos de inflaci\u00f3n preestablecidos hacen que sea f\u00e1cil seleccionar la configuraci\u00f3n adecuada sin complicaciones. Este compresor viene con una bater\u00eda de iones de litio incorporada de 2000 mAh, lo que significa que puede inflar en cualquier momento y en cualquier lugar sin necesidad de una fuente de alimentaci\u00f3n externa. Con un dise\u00f1o liviano y port\u00e1til, es f\u00e1cil de llevar en una mochila, en el coche o en casa.<\/p>\n<p>Adem\u00e1s, su puerto de carga tipo C es altamente compatible y su luz incorporada ha sido mejorada especialmente para uso nocturno. Con el Xiaomi 2, podr\u00e1s inflar desde m\u00faltiples \u00e1ngulos sin problemas gracias a su dise\u00f1o de conducto de aire pasante. Tambi\u00e9n incluye m\u00faltiples accesorios en un solo paquete, con una bolsa oculta para guardarlos c\u00f3modamente. Y para evitar el uso accidental, hemos agregado un interruptor de encendido\/apagado en la manguera de aire. Este es el compa\u00f1ero ideal para mantener sus neum\u00e1ticos y equipos inflados con facilidad y eficiencia.<\/p>\n<h3><\/h3>\n<h3><\/h3>\n<h3>Especificaciones<\/h3>\n<p><strong>Tipo de accesorio:<\/strong> Inflador<br \/>\n<strong>Color:<\/strong> Negro<br \/>\n<strong>Recomendaciones de uso:<\/strong> No cargar con cargador de carga rapida<br \/>\n<strong>Bater\u00eda:<\/strong> Litio 2000mAh (14.4Wh)<br \/>\n<strong>Recomendado para:<\/strong> Neumaticos y ruedas de bicicletas<br \/>\n<strong>Tiempo de inflado:<\/strong> 8 min aprox<br \/>\n<strong>Caracter\u00edsticas:<\/strong> Xiaomi Portable Electric Air Compressor 2, 0.2-10.3 bar, 3-150 psi, 6 modos, bater\u00eda 2000mAh, carga USB-C, pantalla LED<br \/>\n<strong>Modelo:<\/strong> MJCQB06QW<br \/>\n<strong>Marca:<\/strong> Xiaomi<br \/>\n<strong>Alto:<\/strong> 12.3 cm<br \/>\n<strong>Ancho:<\/strong> 7.5 cm<br \/>\n<strong>Profundidad:<\/strong> 4.5 cm<br \/>\n<strong>Peso:<\/strong> 0.5 kg<\/p>\n<h3 class=\"spec-label\">INCLUYE<\/h3>\n<ul>\n<li class=\"spec-value\">Adaptadores de v\u00e1lvula: presta, aguja y conexi\u00f3n r\u00e1pida.<\/li>\n<li class=\"spec-value\">Bolsa para transporte.<\/li>\n<li class=\"spec-value\">Cable USB.<\/li>\n<li class=\"spec-value\">Manual.<\/li>\n<\/ul>\n","protected":false},"excerpt":{"rendered":"<p>MI PORTABLE ELECTRIC Presentamos el Compresor de Aire El\u00e9ctrico Port\u00e1til Xiaomi 2, una maravilla de la segunda generaci\u00f3n que redefine<\/p>\n","protected":false},"featured_media":102749,"comment_status":"open","ping_status":"closed","template":"","meta":{"nf_dc_page":""},"product_brand":[977],"product_cat":[89],"product_tag":[3579],"class_list":{"0":"post-102748","1":"product","2":"type-product","3":"status-publish","4":"has-post-thumbnail","6":"product_brand-xiaomi","7":"product_cat-electronicos","8":"product_tag-3579","10":"first","11":"instock","12":"shipping-taxable","13":"purchasable","14":"product-type-simple"},"_links":{"self":[{"href":"https:\/\/brandss.com.py\/index\/wp-json\/wp\/v2\/product\/102748","targetHints":{"allow":["GET"]}}],"collection":[{"href":"https:\/\/brandss.com.py\/index\/wp-json\/wp\/v2\/product"}],"about":[{"href":"https:\/\/brandss.com.py\/index\/wp-json\/wp\/v2\/types\/product"}],"replies":[{"embeddable":true,"href":"https:\/\/brandss.com.py\/index\/wp-json\/wp\/v2\/comments?post=102748"}],"version-history":[{"count":3,"href":"https:\/\/brandss.com.py\/index\/wp-json\/wp\/v2\/product\/102748\/revisions"}],"predecessor-version":[{"id":102761,"href":"https:\/\/brandss.com.py\/index\/wp-json\/wp\/v2\/product\/102748\/revisions\/102761"}],"wp:featuredmedia":[{"embeddable":true,"href":"https:\/\/brandss.com.py\/index\/wp-json\/wp\/v2\/media\/102749"}],"wp:attachment":[{"href":"https:\/\/brandss.com.py\/index\/wp-json\/wp\/v2\/media?parent=102748"}],"wp:term":[{"taxonomy":"product_brand","embeddable":true,"href":"https:\/\/brandss.com.py\/index\/wp-json\/wp\/v2\/product_brand?post=102748"},{"taxonomy":"product_cat","embeddable":true,"href":"https:\/\/brandss.com.py\/index\/wp-json\/wp\/v2\/product_cat?post=102748"},{"taxonomy":"product_tag","embeddable":true,"href":"https:\/\/brandss.com.py\/index\/wp-json\/wp\/v2\/product_tag?post=102748"}],"curies":[{"name":"wp","href":"https:\/\/api.w.org\/{rel}","templated":true}]}}