{"id":102762,"date":"2026-04-25T11:04:50","date_gmt":"2026-04-25T11:04:50","guid":{"rendered":"https:\/\/brandss.com.py\/index\/?post_type=product&#038;p=102762"},"modified":"2026-04-25T11:05:14","modified_gmt":"2026-04-25T11:05:14","slug":"robot-aspirador-xiaomi-mi-robot-vacuum-s40-pro-white","status":"publish","type":"product","link":"https:\/\/brandss.com.py\/index\/producto\/robot-aspirador-xiaomi-mi-robot-vacuum-s40-pro-white\/","title":{"rendered":"ROBOT ASPIRADOR XIAOMI MI ROBOT VACUUM S40 PRO WHITE"},"content":{"rendered":"<p><img loading=\"lazy\" decoding=\"async\" class=\"\" src=\"https:\/\/1000logos.net\/wp-content\/uploads\/2021\/08\/Xiaomi-logo.png\" alt=\"Xiaomi Logo and symbol, meaning, history, PNG, brand\" width=\"70\" height=\"39\" \/><\/p>\n<h1>S40 PRO<\/h1>\n<p>El Aspirador Xiaomi Vacuum S40 Pro BHR0890US es la soluci\u00f3n definitiva para mantener tu hogar impecable con el m\u00ednimo esfuerzo. Este avanzado dispositivo combina la potencia de succi\u00f3n de 15,000 Pa con la funci\u00f3n de fregado, garantizando una limpieza profunda en cada rinc\u00f3n. Su capacidad de 430 ml es ideal para sesiones prolongadas, mientras que su bajo nivel de ruido de 65 dB asegura un funcionamiento silencioso. Equipado con tecnolog\u00eda de navegaci\u00f3n l\u00e1ser LDS y sensores de borde, obst\u00e1culo y ca\u00edda, este aspirador se desplaza inteligentemente por tu hogar sin dificultad. Compatible con iOS y Android a trav\u00e9s del aplicativo Xiaomi Home, ofrece la conveniencia del control remoto y comandos de voz mediante Alexa y Google Assistant. La potente bater\u00eda de 5200 mAh proporciona hasta 180 minutos de autonom\u00eda y se recarga completamente en solo 6 horas. Los modos de limpieza variados y los 3 niveles de flujo de agua permiten personalizar la limpieza seg\u00fan tus necesidades. Su dise\u00f1o blanco y elegante complementa cualquier decoraci\u00f3n, haciendo del Xiaomi Vacuum S40 Pro la elecci\u00f3n perfecta para quienes buscan eficiencia y estilo en la limpieza del hogar.<\/p>\n<div class=\"section div9 lazy\" role=\"\" data-type=\"bg\" data-id=\"48t56ktui3\" data-background-image=\"\" data-loaded=\"true\">\n<div class=\"div10\"><\/div>\n<\/div>\n<div class=\"section div116 lazy\" role=\"\" data-type=\"bg\" data-id=\"34ewtstbdb\" data-background-image=\"\" data-loaded=\"true\">\n<div class=\"div123\">\n<div class=\"div145\">\n<div class=\"div147\">\n<div class=\"div149\"><img decoding=\"async\" src=\"https:\/\/www.atlanticoshop.com.py\/image\/catalog\/xiaomi\/vacuum-s40-pro-desc-1-esp.jpg\" \/>\u00a0<img decoding=\"async\" src=\"https:\/\/www.atlanticoshop.com.py\/image\/catalog\/xiaomi\/vacuum-s40-pro-desc-2-esp.jpg\" \/><\/p>\n<div class=\"video-container\"><\/div>\n<p><img decoding=\"async\" src=\"https:\/\/www.atlanticoshop.com.py\/image\/catalog\/xiaomi\/vacuum-s40-pro-desc-3-esp.jpg\" \/><\/p>\n<div class=\"video-container\"><\/div>\n<p><img decoding=\"async\" src=\"https:\/\/www.atlanticoshop.com.py\/image\/catalog\/xiaomi\/vacuum-s40-pro-desc-4-esp.jpg\" \/><\/div>\n<h3><span class=\"xm-text f-bold \" data-key=\"spec_29\" data-type=\"text\" data-id=\"410a18f43a\">Contenido del paquete<\/span><\/h3>\n<p>&nbsp;<\/p>\n<div class=\"  lazy\" role=\"\" data-type=\"bg\" data-id=\"b229bbb704\" data-background-image=\"\" data-loaded=\"true\">\n<div class=\"  lazy\" role=\"\" data-type=\"bg\" data-id=\"f9a023e632\" data-background-image=\"\" data-loaded=\"true\"><span class=\"xm-text f-regular \" data-key=\"spec_30\" data-type=\"text\" data-id=\"81d22acbee\">1 robot aspirador<\/span><\/div>\n<div class=\"  lazy\" role=\"\" data-type=\"bg\" data-id=\"481b4c3e17\" data-background-image=\"\" data-loaded=\"true\"><span class=\"xm-text f-regular \" data-key=\"spec_31\" data-type=\"text\" data-id=\"4505016c65\">1 cepillo lateral<\/span><\/div>\n<div class=\"  lazy\" role=\"\" data-type=\"bg\" data-id=\"f0d6cb28cc\" data-background-image=\"\" data-loaded=\"true\"><span class=\"xm-text f-regular \" data-key=\"spec_32\" data-type=\"text\" data-id=\"5aab352b83\">1 cepillo principal<\/span><span class=\"xm-text f-regular \" data-key=\"spec_33\" data-type=\"text\" data-id=\"f2ddc2afe4\">(preinstalado en la unidad principal)<\/span><\/div>\n<div class=\"  lazy\" role=\"\" data-type=\"bg\" data-id=\"2b13e9e1ae\" data-background-image=\"\" data-loaded=\"true\"><span class=\"xm-text f-regular \" data-key=\"spec_34\" data-type=\"text\" data-id=\"6d9b6a230a\">1 cubierta del cepillo<\/span><span class=\"xm-text f-regular \" data-key=\"spec_35\" data-type=\"text\" data-id=\"80d867c23c\">(preinstalado en la unidad principal)<\/span><\/div>\n<div class=\"  lazy\" role=\"\" data-type=\"bg\" data-id=\"7ab97ac4fd\" data-background-image=\"\" data-loaded=\"true\"><span class=\"xm-text f-regular \" data-key=\"spec_36\" data-type=\"text\" data-id=\"454e247aba\">1 compartimento para polvo<\/span><span class=\"xm-text f-regular \" data-key=\"spec_37\" data-type=\"text\" data-id=\"a3d2af81a0\">(preinstalado, requerido tanto para la aspiraci\u00f3n como para el trapeado)<\/span><\/div>\n<div class=\"  lazy\" role=\"\" data-type=\"bg\" data-id=\"f671e2d77c\" data-background-image=\"\" data-loaded=\"true\"><span class=\"xm-text f-regular \" data-key=\"spec_38\" data-type=\"text\" data-id=\"02c5972e56\">1 tanque de agua<\/span><span class=\"xm-text f-regular \" data-key=\"spec_39\" data-type=\"text\" data-id=\"6ade7684c8\">(preinstalado, requerido tanto para la aspiraci\u00f3n como para el trapeado)<\/span><\/div>\n<div class=\"  lazy\" role=\"\" data-type=\"bg\" data-id=\"b8046e3b0c\" data-background-image=\"\" data-loaded=\"true\"><span class=\"xm-text f-regular \" data-key=\"spec_40\" data-type=\"text\" data-id=\"3ac7ce813c\">2 soportes de almohadilla para trapeador<\/span><\/div>\n<div class=\"  lazy\" role=\"\" data-type=\"bg\" data-id=\"627bf8f25f\" data-background-image=\"\" data-loaded=\"true\"><span class=\"xm-text f-regular \" data-key=\"spec_41\" data-type=\"text\" data-id=\"598c20d003\">2 almohadillas para trapeador<\/span><span class=\"xm-text f-regular \" data-key=\"spec_42\" data-type=\"text\" data-id=\"f2ab44865e\">(preinstaladas en los soportes de almohadillas para trapeador)<\/span><\/div>\n<div class=\"  lazy\" role=\"\" data-type=\"bg\" data-id=\"85dd1142bb\" data-background-image=\"\" data-loaded=\"true\"><span class=\"xm-text f-regular \" data-key=\"spec_43\" data-type=\"text\" data-id=\"5c0a2672b0\">1 base de carga<\/span><\/div>\n<div class=\"  lazy\" role=\"\" data-type=\"bg\" data-id=\"5f065f9fa0\" data-background-image=\"\" data-loaded=\"true\"><span class=\"xm-text f-regular \" data-key=\"spec_44\" data-type=\"text\" data-id=\"e8c3331782\">1 adaptador de corriente<\/span><\/div>\n<div class=\"  lazy\" role=\"\" data-type=\"bg\" data-id=\"50ff81c626\" data-background-image=\"\" data-loaded=\"true\"><span class=\"xm-text f-regular \" data-key=\"spec_45\" data-type=\"text\" data-id=\"ed10dd6090\">1 manual del usuario<\/span><\/div>\n<div class=\"  lazy\" role=\"\" data-type=\"bg\" data-id=\"56546ff3cb\" data-background-image=\"\" data-loaded=\"true\"><span class=\"xm-text f-regular \" data-key=\"spec_46\" data-type=\"text\" data-id=\"b4259eb3c8\">1 gu\u00eda con im\u00e1genes<\/span><\/div>\n<div class=\"  lazy\" role=\"\" data-type=\"bg\" data-id=\"95e0570974\" data-background-image=\"\" data-loaded=\"true\"><span class=\"xm-text f-regular \" data-key=\"spec_47\" data-type=\"text\" data-id=\"4dd4d03383\">1 aviso de garant\u00eda<\/span><\/div>\n<\/div>\n<p>&nbsp;<\/p>\n<\/div>\n<\/div>\n<\/div>\n<\/div>\n","protected":false},"excerpt":{"rendered":"<p>S40 PRO El Aspirador Xiaomi Vacuum S40 Pro BHR0890US es la soluci\u00f3n definitiva para mantener tu hogar impecable con el<\/p>\n","protected":false},"featured_media":102763,"comment_status":"open","ping_status":"closed","template":"","meta":{"nf_dc_page":""},"product_brand":[977],"product_cat":[89],"product_tag":[3580],"class_list":{"0":"post-102762","1":"product","2":"type-product","3":"status-publish","4":"has-post-thumbnail","6":"product_brand-xiaomi","7":"product_cat-electronicos","8":"product_tag-3580","10":"first","11":"instock","12":"shipping-taxable","13":"purchasable","14":"product-type-simple"},"_links":{"self":[{"href":"https:\/\/brandss.com.py\/index\/wp-json\/wp\/v2\/product\/102762","targetHints":{"allow":["GET"]}}],"collection":[{"href":"https:\/\/brandss.com.py\/index\/wp-json\/wp\/v2\/product"}],"about":[{"href":"https:\/\/brandss.com.py\/index\/wp-json\/wp\/v2\/types\/product"}],"replies":[{"embeddable":true,"href":"https:\/\/brandss.com.py\/index\/wp-json\/wp\/v2\/comments?post=102762"}],"version-history":[{"count":1,"href":"https:\/\/brandss.com.py\/index\/wp-json\/wp\/v2\/product\/102762\/revisions"}],"predecessor-version":[{"id":102767,"href":"https:\/\/brandss.com.py\/index\/wp-json\/wp\/v2\/product\/102762\/revisions\/102767"}],"wp:featuredmedia":[{"embeddable":true,"href":"https:\/\/brandss.com.py\/index\/wp-json\/wp\/v2\/media\/102763"}],"wp:attachment":[{"href":"https:\/\/brandss.com.py\/index\/wp-json\/wp\/v2\/media?parent=102762"}],"wp:term":[{"taxonomy":"product_brand","embeddable":true,"href":"https:\/\/brandss.com.py\/index\/wp-json\/wp\/v2\/product_brand?post=102762"},{"taxonomy":"product_cat","embeddable":true,"href":"https:\/\/brandss.com.py\/index\/wp-json\/wp\/v2\/product_cat?post=102762"},{"taxonomy":"product_tag","embeddable":true,"href":"https:\/\/brandss.com.py\/index\/wp-json\/wp\/v2\/product_tag?post=102762"}],"curies":[{"name":"wp","href":"https:\/\/api.w.org\/{rel}","templated":true}]}}