{"id":102768,"date":"2026-04-25T11:53:47","date_gmt":"2026-04-25T11:53:47","guid":{"rendered":"https:\/\/brandss.com.py\/index\/?post_type=product&#038;p=102768"},"modified":"2026-04-25T11:54:09","modified_gmt":"2026-04-25T11:54:09","slug":"serum-facial-clinians-protector-antiedad-pelle-perfetta-spf30-2-en-1-25ml","status":"publish","type":"product","link":"https:\/\/brandss.com.py\/index\/producto\/serum-facial-clinians-protector-antiedad-pelle-perfetta-spf30-2-en-1-25ml\/","title":{"rendered":"S\u00c9RUM FACIAL CLINIANS PROTECTOR ANTIEDAD PELLE PERFETTA SPF30 2 EN 1 25ML"},"content":{"rendered":"<p><img loading=\"lazy\" decoding=\"async\" class=\"\" src=\"https:\/\/clinians.it\/wp-content\/uploads\/2023\/04\/logo-clinias.jpg\" alt=\"Anti-Wrinkle Night Treatment \u2013 Clinians\" width=\"120\" height=\"34\" \/><\/p>\n<h1>PELLE PERFETTA SPF30 2 EN 1<\/h1>\n<p>El Suero Protector Anti-Envejecimiento Clinians PellePerfetta SPF 30 es un aut\u00e9ntico descubrimiento para el abrasador verano. Este producto especializado cuida de tu piel mientras est\u00e1s al sol y combate los signos del envejecimiento prematuro. Adem\u00e1s, proporciona una hidrataci\u00f3n intensiva para eliminar la incomodidad, la sequedad y la tirantez, incluso en las condiciones m\u00e1s extremas.<img loading=\"lazy\" decoding=\"async\" class=\"alignleft\" src=\"https:\/\/m.media-amazon.com\/images\/I\/61FONvco38L._AC_SL1500_.jpg\" width=\"583\" height=\"1036\" \/><\/p>\n<h3><span class=\"a-list-item\"><span dir=\"auto\">2 EN 1, Protege y unifica el tono<\/span><\/span><\/h3>\n<p><span class=\"a-list-item\"><span dir=\"auto\"><br \/>\n<\/span><\/span><span class=\"a-list-item\"><span dir=\"auto\">Este s\u00e9rum ofrece una protecci\u00f3n eficaz contra los rayos UV, infrarrojos y de luz azul, previniendo el envejecimiento prematuro y la decoloraci\u00f3n de la piel causada por el sol. Apto para todo tipo de piel, proporciona una tez natural y radiante. Su f\u00f3rmula, enriquecida con filtros solares, 4 % de niacinamida y \u00e1cido hialur\u00f3nico, hidrata y protege la piel. Disponible con FPS 30, ideal para uso diario en cualquier \u00e9poca del a\u00f1o.<\/span><\/span><\/p>\n<h3><span class=\"a-list-item\"><span dir=\"auto\">Ingredientes claves<\/span><\/span><\/h3>\n<p><span class=\"a-list-item\"><span dir=\"auto\">La niacinamida al 4% fortalece la barrera cut\u00e1nea, unifica el tono de la piel y reduce la pigmentaci\u00f3n*. El \u00e1cido hialur\u00f3nico de alto peso molecular crea una pel\u00edcula que contrarresta la deshidrataci\u00f3n. Los filtros solares SPF 30 protegen de los rayos UVA y UVB. El ingrediente activo multifuncional previene el fotoenvejecimiento*. *Pruebas in vitro\/ex vivo del ingrediente activo.<\/span><\/span><\/p>\n<h3><span class=\"a-list-item\"><span dir=\"auto\">Resultados<\/span><\/span><\/h3>\n<p><span class=\"a-list-item\"><span dir=\"auto\">Tras cada aplicaci\u00f3n, la piel se sentir\u00e1 protegida e hidratada, y el tono lucir\u00e1 visiblemente m\u00e1s uniforme, como si estuviera perfeccionado. Con el uso continuado, ayuda a prevenir el envejecimiento cut\u00e1neo y la aparici\u00f3n de nuevas manchas oscuras, reduciendo la visibilidad de las existentes.<\/span><\/span><\/p>\n<h3><strong>Caracter\u00edsticas<\/strong><\/h3>\n<ul>\n<li>Una soluci\u00f3n vers\u00e1til tanto para la ciudad como para la playa.<\/li>\n<li>Viene en un pr\u00e1ctico frasco con dispensador de gotero.<\/li>\n<li>Consistencia ligera que se absorbe r\u00e1pidamente.<\/li>\n<li>No deja manchas blancas ni brillo graso.<\/li>\n<li>Gracias al avanzado sistema de filtros UVA-UVB, protege la piel de posibles quemaduras solares y previene el fotoenvejecimiento.<\/li>\n<li>Contiene jugo de aloe y una forma soluble en agua de \u00e1cido hialur\u00f3nico: el hialuronato de sodio.<\/li>\n<li>Penetra en las capas profundas para hidratar y retener la humedad.<\/li>\n<li>Perfectamente adecuado para piel seca y muy seca, deshidratada y sensible.<\/li>\n<li>Probado bajo control dermatol\u00f3gico.<\/li>\n<\/ul>\n<h3><span class=\"a-list-item\"><span dir=\"auto\">Modo de uso<\/span><\/span><\/h3>\n<p><span class=\"a-list-item\"><span dir=\"auto\">En verano, aplica el producto como protector solar facial para proteger tu piel y favorecer el bronceado durante la exposici\u00f3n al sol. En otras \u00e9pocas del a\u00f1o, \u00fasalo como \u00faltimo paso de tu rutina de belleza antes de salir. Tras aplicar tu crema o s\u00e9rum, espera unos minutos y luego aplica unas gotas en el rostro, masajeando desde el centro hacia afuera. Apl\u00edcalo generosamente antes de la exposici\u00f3n al sol y vuelve a aplicarlo con frecuencia, especialmente despu\u00e9s de sudar o nadar. Elige un FPS adecuado para tu tipo de piel.<\/span><\/span><\/p>\n","protected":false},"excerpt":{"rendered":"<p>PELLE PERFETTA SPF30 2 EN 1 El Suero Protector Anti-Envejecimiento Clinians PellePerfetta SPF 30 es un aut\u00e9ntico descubrimiento para el<\/p>\n","protected":false},"featured_media":102769,"comment_status":"open","ping_status":"closed","template":"","meta":{"nf_dc_page":""},"product_brand":[1442],"product_cat":[104],"product_tag":[3581],"class_list":{"0":"post-102768","1":"product","2":"type-product","3":"status-publish","4":"has-post-thumbnail","6":"product_brand-clinians","7":"product_cat-skin-care","8":"product_tag-3581","10":"first","11":"instock","12":"shipping-taxable","13":"purchasable","14":"product-type-simple"},"_links":{"self":[{"href":"https:\/\/brandss.com.py\/index\/wp-json\/wp\/v2\/product\/102768","targetHints":{"allow":["GET"]}}],"collection":[{"href":"https:\/\/brandss.com.py\/index\/wp-json\/wp\/v2\/product"}],"about":[{"href":"https:\/\/brandss.com.py\/index\/wp-json\/wp\/v2\/types\/product"}],"replies":[{"embeddable":true,"href":"https:\/\/brandss.com.py\/index\/wp-json\/wp\/v2\/comments?post=102768"}],"version-history":[{"count":1,"href":"https:\/\/brandss.com.py\/index\/wp-json\/wp\/v2\/product\/102768\/revisions"}],"predecessor-version":[{"id":102773,"href":"https:\/\/brandss.com.py\/index\/wp-json\/wp\/v2\/product\/102768\/revisions\/102773"}],"wp:featuredmedia":[{"embeddable":true,"href":"https:\/\/brandss.com.py\/index\/wp-json\/wp\/v2\/media\/102769"}],"wp:attachment":[{"href":"https:\/\/brandss.com.py\/index\/wp-json\/wp\/v2\/media?parent=102768"}],"wp:term":[{"taxonomy":"product_brand","embeddable":true,"href":"https:\/\/brandss.com.py\/index\/wp-json\/wp\/v2\/product_brand?post=102768"},{"taxonomy":"product_cat","embeddable":true,"href":"https:\/\/brandss.com.py\/index\/wp-json\/wp\/v2\/product_cat?post=102768"},{"taxonomy":"product_tag","embeddable":true,"href":"https:\/\/brandss.com.py\/index\/wp-json\/wp\/v2\/product_tag?post=102768"}],"curies":[{"name":"wp","href":"https:\/\/api.w.org\/{rel}","templated":true}]}}