{"id":102780,"date":"2026-04-25T13:09:39","date_gmt":"2026-04-25T13:09:39","guid":{"rendered":"https:\/\/brandss.com.py\/index\/?post_type=product&#038;p=102780"},"modified":"2026-04-25T13:10:03","modified_gmt":"2026-04-25T13:10:03","slug":"crema-facial-clinians-vitamina-c-illuminante-spf15-50ml","status":"publish","type":"product","link":"https:\/\/brandss.com.py\/index\/producto\/crema-facial-clinians-vitamina-c-illuminante-spf15-50ml\/","title":{"rendered":"CREMA FACIAL CLINIANS VITAMINA C ILLUMINANTE SPF15 50ML"},"content":{"rendered":"<p><img loading=\"lazy\" decoding=\"async\" class=\"\" src=\"https:\/\/clinians.it\/wp-content\/uploads\/2023\/04\/logo-clinias.jpg\" alt=\"Anti-Wrinkle Night Treatment \u2013 Clinians\" width=\"131\" height=\"37\" \/><\/p>\n<h1>VITAMINA C ILLUMINANTE SPF15<\/h1>\n<p><span dir=\"auto\">El tratamiento iluminador con SPF 15 y vitamina C de Clinians est\u00e1 dise\u00f1ado para aportar luminosidad y uniformidad al cutis, protegiendo la piel de los efectos nocivos de la contaminaci\u00f3n ambiental y el estr\u00e9s urbano. Su textura es ligera, sedosa, de r\u00e1pida absorci\u00f3n y con un agradable aroma c\u00edtrico. D\u00eda tras d\u00eda, la piel del rostro luce m\u00e1s hidratada, protegida y luminosa. Con el uso continuado, la visibilidad de las imperfecciones disminuye y el cutis se ve m\u00e1s uniforme, radiante, saludable y vital.<\/span><\/p>\n<h3><strong><span dir=\"auto\">Ingredientes Claves<\/span><\/strong><\/h3>\n<p><strong><span dir=\"auto\">Vitamina C:<\/span><\/strong><span dir=\"auto\">\u00a0presente en la f\u00f3rmula y en el zumo de naranja utilizado, es un potente antioxidante que tiene una acci\u00f3n preventiva en la formaci\u00f3n de radicales libres.<\/span><br \/>\n<strong><span dir=\"auto\">Complejo AHA:<\/span><\/strong><span dir=\"auto\">\u00a0una mezcla de alfa hidroxi\u00e1cidos de fruta que realiza una delicada acci\u00f3n exfoliante eliminando las c\u00e9lulas muertas de la epidermis.<\/span><br \/>\n<strong><span dir=\"auto\">Pel\u00edcula cosm\u00e9tica:<\/span><\/strong><span dir=\"auto\">\u00a0que crea una \u201cbarrera protectora\u201d invisible que hidrata la piel y la ayuda a defenderse de los da\u00f1os causados \u200b\u200bpor los contaminantes*.<\/span><br \/>\n<strong><span dir=\"auto\">Filtros solares con SPF15:<\/span><\/strong><span dir=\"auto\">\u00a0protegen de los rayos UVA-UVB, contrarrestando el fotoenvejecimiento y la formaci\u00f3n de imperfecciones en la piel.<\/span><br \/>\n<strong><span dir=\"auto\">Extracto de ra\u00edz de jengibre:<\/span><\/strong><span dir=\"auto\">\u00a0capaz de mejorar la capacidad natural de la piel para defenderse de los da\u00f1os causados \u200b\u200bpor el sol y la contaminaci\u00f3n*. Ayuda a prevenir y reducir la visibilidad de las manchas solares e imperfecciones, haciendo que la tez sea m\u00e1s uniforme.<\/span><\/p>\n<p><span dir=\"auto\">*Prueba in vitro en principio activo.<\/span><\/p>\n<h3><strong><span dir=\"auto\">Beneficios<\/span><\/strong><\/h3>\n<ul>\n<li><span dir=\"auto\">Dermatol\u00f3gicamente probado.<\/span><\/li>\n<li><span dir=\"auto\">Protege la piel de los factores ambientales da\u00f1inos y los radicales libres.<\/span><\/li>\n<li><span dir=\"auto\">Revitaliza la tez apagada y reduce las peque\u00f1as imperfecciones.<\/span><\/li>\n<li><span dir=\"auto\">Ayuda a mejorar y mantener la hidrataci\u00f3n de la piel.<\/span><\/li>\n<\/ul>\n<h3>Modo de uso<\/h3>\n<ol>\n<li><span dir=\"auto\">\u00a0Aplicar sobre la piel del rostro y el cuello perfectamente limpia y seca.<\/span><\/li>\n<li><span dir=\"auto\">Masajear hasta su completa absorci\u00f3n.<\/span><\/li>\n<li>Aplicar ma\u00f1ana y noche .<\/li>\n<\/ol>\n","protected":false},"excerpt":{"rendered":"<p>VITAMINA C ILLUMINANTE SPF15 El tratamiento iluminador con SPF 15 y vitamina C de Clinians est\u00e1 dise\u00f1ado para aportar luminosidad<\/p>\n","protected":false},"featured_media":102781,"comment_status":"open","ping_status":"closed","template":"","meta":{"nf_dc_page":""},"product_brand":[1442],"product_cat":[104],"product_tag":[3583],"class_list":{"0":"post-102780","1":"product","2":"type-product","3":"status-publish","4":"has-post-thumbnail","6":"product_brand-clinians","7":"product_cat-skin-care","8":"product_tag-3583","10":"first","11":"instock","12":"shipping-taxable","13":"purchasable","14":"product-type-simple"},"_links":{"self":[{"href":"https:\/\/brandss.com.py\/index\/wp-json\/wp\/v2\/product\/102780","targetHints":{"allow":["GET"]}}],"collection":[{"href":"https:\/\/brandss.com.py\/index\/wp-json\/wp\/v2\/product"}],"about":[{"href":"https:\/\/brandss.com.py\/index\/wp-json\/wp\/v2\/types\/product"}],"replies":[{"embeddable":true,"href":"https:\/\/brandss.com.py\/index\/wp-json\/wp\/v2\/comments?post=102780"}],"version-history":[{"count":1,"href":"https:\/\/brandss.com.py\/index\/wp-json\/wp\/v2\/product\/102780\/revisions"}],"predecessor-version":[{"id":102784,"href":"https:\/\/brandss.com.py\/index\/wp-json\/wp\/v2\/product\/102780\/revisions\/102784"}],"wp:featuredmedia":[{"embeddable":true,"href":"https:\/\/brandss.com.py\/index\/wp-json\/wp\/v2\/media\/102781"}],"wp:attachment":[{"href":"https:\/\/brandss.com.py\/index\/wp-json\/wp\/v2\/media?parent=102780"}],"wp:term":[{"taxonomy":"product_brand","embeddable":true,"href":"https:\/\/brandss.com.py\/index\/wp-json\/wp\/v2\/product_brand?post=102780"},{"taxonomy":"product_cat","embeddable":true,"href":"https:\/\/brandss.com.py\/index\/wp-json\/wp\/v2\/product_cat?post=102780"},{"taxonomy":"product_tag","embeddable":true,"href":"https:\/\/brandss.com.py\/index\/wp-json\/wp\/v2\/product_tag?post=102780"}],"curies":[{"name":"wp","href":"https:\/\/api.w.org\/{rel}","templated":true}]}}