{"id":102785,"date":"2026-04-25T13:34:06","date_gmt":"2026-04-25T13:34:06","guid":{"rendered":"https:\/\/brandss.com.py\/index\/?post_type=product&#038;p=102785"},"modified":"2026-04-25T13:34:43","modified_gmt":"2026-04-25T13:34:43","slug":"crema-facial-clinians-hydra-plus-lenitiva-hydracomplex-50ml","status":"publish","type":"product","link":"https:\/\/brandss.com.py\/index\/producto\/crema-facial-clinians-hydra-plus-lenitiva-hydracomplex-50ml\/","title":{"rendered":"CREMA FACIAL CLINIANS HYDRA PLUS LENITIVA HYDRACOMPLEX 50ML"},"content":{"rendered":"<p><img loading=\"lazy\" decoding=\"async\" class=\"\" src=\"https:\/\/clinians.it\/wp-content\/uploads\/2023\/04\/logo-clinias.jpg\" alt=\"Anti-Wrinkle Night Treatment \u2013 Clinians\" width=\"103\" height=\"29\" \/><\/p>\n<h1>HYDRA PLUS LENITIVA HYDRACOMPLEX<\/h1>\n<p><span dir=\"auto\">La crema facial hidratante y calmante Clinians Hydra Plus es ideal para hidratar y reconfortar la piel sensible, a cualquier edad. Su f\u00f3rmula de textura rica y cremosa deja un tacto sedoso y aterciopelado. <\/span><span dir=\"auto\">D\u00eda tras d\u00eda, la piel, incluso la m\u00e1s sensible, se encuentra m\u00e1s hidratada, suave y protegida. Con el uso constante, el enrojecimiento cut\u00e1neo provocado por agresiones externas disminuye visiblemente.<\/span><\/p>\n<p>La Crema Facial Hydra Plus Lenitiva\u00a0Hydracomplex de Clinians, en su presentaci\u00f3n de 50mL, es la soluci\u00f3n perfecta para quienes buscan mantener su piel sensible hidratada y protegida. Este tratamiento hidratante est\u00e1 formulado cuidadosamente para satisfacer las necesidades de la piel en cualquier etapa de la vida. Su capacidad para proporcionar una hidrataci\u00f3n continua ayuda a calmar la piel y disminuir visiblemente el enrojecimiento causado por factores externos. Con su uso diario, notar\u00e1s c\u00f3mo incluso las pieles m\u00e1s delicadas se sienten suaves y c\u00f3modas. Gracias a su f\u00f3rmula avanzada Hydra Plus Hydracomplex, esta crema no solo mantiene la piel hidratada, sino que tambi\u00e9n act\u00faa como un escudo protector contra agresiones externas, garantizando un aspecto saludable. Recomendada especialmente para personas con piel sensible, esta crema facial es un elemento esencial en tu rutina de cuidado diario. Aprovecha los beneficios de la tecnolog\u00eda Hydra Plus y reg\u00e1lale a tu piel la suavidad y protecci\u00f3n que merece, mientras reduces notablemente las molestias del enrojecimiento.<\/p>\n<h3><strong><span dir=\"auto\">Ingredientes Claves<\/span><\/strong><\/h3>\n<ul>\n<li><strong><span dir=\"auto\">Flor de loto y leche de orqu\u00eddea:<\/span><\/strong><span dir=\"auto\"> dejan la piel suave y tersa.<\/span><\/li>\n<li><strong><span dir=\"auto\">Almid\u00f3n de arroz:<\/span><\/strong><span dir=\"auto\"> calmante y suavizante, ayuda a reducir el enrojecimiento.<\/span><\/li>\n<li><strong><span dir=\"auto\">Pantenol:<\/span><\/strong><span dir=\"auto\"> con propiedades hidratantes y calmantes, alivia la sensaci\u00f3n de sequedad.<\/span><\/li>\n<li><strong><span dir=\"auto\">Bisabolol:<\/span><\/strong><span dir=\"auto\"> un derivado de la manzanilla, con propiedades calmantes.<\/span><\/li>\n<li><strong><span dir=\"auto\">Derivado del az\u00facar:<\/span><\/strong><span dir=\"auto\"> crea una pel\u00edcula invisible que ayuda a proteger la piel de los factores de estr\u00e9s externos.<\/span><\/li>\n<\/ul>\n<h3><strong><span dir=\"auto\">Beneficios<\/span><\/strong><\/h3>\n<ul>\n<li><span dir=\"auto\">Dermatol\u00f3gicamente probado.<\/span><\/li>\n<li><span dir=\"auto\">Ayuda a mejorar y mantener la hidrataci\u00f3n de la piel.<\/span><\/li>\n<li><span dir=\"auto\">Calma la piel reduciendo el enrojecimiento.<\/span><\/li>\n<li><span dir=\"auto\">Ayuda a proteger la piel de las agresiones externas diarias.<\/span><\/li>\n<li><span dir=\"auto\">Textura rica y cremosa, con un tacto sedoso y aterciopelado.<\/span><\/li>\n<\/ul>\n<p>&nbsp;<\/p>\n<h3>Modo de uso<\/h3>\n<p>Aplicar por la ma\u00f1ana y por la noche sobre la piel perfectamente limpia y seca del rostro y el cuello, masajeando hasta su completa absorci\u00f3n. <span dir=\"auto\">Para una hidrataci\u00f3n \u00f3ptima, aplique la crema por la ma\u00f1ana y por la noche.<\/span><\/p>\n","protected":false},"excerpt":{"rendered":"<p>HYDRA PLUS LENITIVA HYDRACOMPLEX La crema facial hidratante y calmante Clinians Hydra Plus es ideal para hidratar y reconfortar la<\/p>\n","protected":false},"featured_media":102786,"comment_status":"open","ping_status":"closed","template":"","meta":{"nf_dc_page":""},"product_brand":[1442],"product_cat":[104],"product_tag":[3584],"class_list":{"0":"post-102785","1":"product","2":"type-product","3":"status-publish","4":"has-post-thumbnail","6":"product_brand-clinians","7":"product_cat-skin-care","8":"product_tag-3584","10":"first","11":"instock","12":"shipping-taxable","13":"purchasable","14":"product-type-simple"},"_links":{"self":[{"href":"https:\/\/brandss.com.py\/index\/wp-json\/wp\/v2\/product\/102785","targetHints":{"allow":["GET"]}}],"collection":[{"href":"https:\/\/brandss.com.py\/index\/wp-json\/wp\/v2\/product"}],"about":[{"href":"https:\/\/brandss.com.py\/index\/wp-json\/wp\/v2\/types\/product"}],"replies":[{"embeddable":true,"href":"https:\/\/brandss.com.py\/index\/wp-json\/wp\/v2\/comments?post=102785"}],"version-history":[{"count":1,"href":"https:\/\/brandss.com.py\/index\/wp-json\/wp\/v2\/product\/102785\/revisions"}],"predecessor-version":[{"id":102789,"href":"https:\/\/brandss.com.py\/index\/wp-json\/wp\/v2\/product\/102785\/revisions\/102789"}],"wp:featuredmedia":[{"embeddable":true,"href":"https:\/\/brandss.com.py\/index\/wp-json\/wp\/v2\/media\/102786"}],"wp:attachment":[{"href":"https:\/\/brandss.com.py\/index\/wp-json\/wp\/v2\/media?parent=102785"}],"wp:term":[{"taxonomy":"product_brand","embeddable":true,"href":"https:\/\/brandss.com.py\/index\/wp-json\/wp\/v2\/product_brand?post=102785"},{"taxonomy":"product_cat","embeddable":true,"href":"https:\/\/brandss.com.py\/index\/wp-json\/wp\/v2\/product_cat?post=102785"},{"taxonomy":"product_tag","embeddable":true,"href":"https:\/\/brandss.com.py\/index\/wp-json\/wp\/v2\/product_tag?post=102785"}],"curies":[{"name":"wp","href":"https:\/\/api.w.org\/{rel}","templated":true}]}}