{"id":102794,"date":"2026-04-25T14:28:30","date_gmt":"2026-04-25T14:28:30","guid":{"rendered":"https:\/\/brandss.com.py\/index\/?post_type=product&#038;p=102794"},"modified":"2026-04-25T14:28:50","modified_gmt":"2026-04-25T14:28:50","slug":"serum-facial-clinians-concentrato-intense-a-hyaloronic-acid-30ml","status":"publish","type":"product","link":"https:\/\/brandss.com.py\/index\/producto\/serum-facial-clinians-concentrato-intense-a-hyaloronic-acid-30ml\/","title":{"rendered":"S\u00c9RUM FACIAL CLINIANS CONCENTRATO INTENSE A HYALORONIC ACID 30ML"},"content":{"rendered":"<p><img loading=\"lazy\" decoding=\"async\" class=\"\" src=\"https:\/\/clinians.it\/wp-content\/uploads\/2023\/04\/logo-clinias.jpg\" alt=\"Anti-Wrinkle Night Treatment \u2013 Clinians\" width=\"117\" height=\"33\" \/><\/p>\n<h1>CONCENTRATO INTENSE A HYALORONIC ACID<\/h1>\n<p><span dir=\"auto\">El s\u00e9rum facial concentrado Clinians con \u00e1cido hialur\u00f3nico<\/span><span dir=\"auto\">\u00a0es un tratamiento intensivo formulado para proporcionar una acci\u00f3n superhidratante, rellenadora y voluminizadora en la piel. Este s\u00e9rum est\u00e1 formulado con un alto porcentaje de \u00e1cido hialur\u00f3nico puro, un potente agente hidratante que ayuda a restaurar el volumen de las zonas con arrugas, logrando as\u00ed un rostro de aspecto m\u00e1s joven.<\/span><br \/>\n<span dir=\"auto\">Cada frasco de este s\u00e9rum contiene 330 mg de \u00e1cido hialur\u00f3nico, una sustancia preciosa que se encuentra de forma natural en nuestro cuerpo, pero que disminuye con los a\u00f1os, lo que conlleva una p\u00e9rdida de calidad de la piel y la aparici\u00f3n de las primeras arrugas. La aplicaci\u00f3n externa de \u00e1cido hialur\u00f3nico es esencial para restaurar los niveles \u00f3ptimos de hidrataci\u00f3n, elasticidad y firmeza de la piel. La textura del s\u00e9rum es fresca, ligera y transparente, lo que facilita su aplicaci\u00f3n en el rostro. El producto se absorbe r\u00e1pidamente y no deja residuos en la piel. Desde las primeras aplicaciones, la piel lucir\u00e1 extremadamente hidratada, suave y luminosa. Con el uso continuado, gracias a la hidrataci\u00f3n profunda y constante, las arrugas se atenuar\u00e1n visiblemente y la piel se volver\u00e1 m\u00e1s el\u00e1stica, firme y suave, casi como si estuviera rellena.<\/span><\/p>\n<h3><strong><span dir=\"auto\">Ingredientes claves<\/span><\/strong><\/h3>\n<ul>\n<li><strong><span dir=\"auto\">\u00c1cido hialur\u00f3nico:<\/span><\/strong><span dir=\"auto\"> utilizado con 3 pesos moleculares diferentes para actuar en distintos niveles de la piel, garantizando un intenso poder hidratante.<\/span><\/li>\n<li><strong><span dir=\"auto\">\u00c1cido hialur\u00f3nico de alto peso molecular:<\/span><\/strong><span dir=\"auto\"> act\u00faa sobre la superficie de la piel, creando una pel\u00edcula invisible que retiene el agua y limita su evaporaci\u00f3n.<\/span><\/li>\n<li><strong><span dir=\"auto\">\u00c1cido hialur\u00f3nico de peso molecular medio:<\/span><\/strong><span dir=\"auto\"> act\u00faa sobre la epidermis para un intenso poder hidratante.<\/span><\/li>\n<li><strong><span dir=\"auto\">\u00c1cido hialur\u00f3nico de muy bajo peso molecular:<\/span><\/strong><span dir=\"auto\">\u00a0penetra en las capas m\u00e1s profundas de la piel, proporcionando una hidrataci\u00f3n profunda con efecto rellenador. Estimula la producci\u00f3n natural de col\u00e1geno*, una prote\u00edna fundamental para mantener la firmeza y elasticidad de la piel, mejorando su flacidez.<\/span><\/li>\n<\/ul>\n<p><span dir=\"auto\">*Prueba in vitro en activo<\/span><\/p>\n<h3><strong><span dir=\"auto\">Beneficios<\/span><\/strong><\/h3>\n<ul>\n<li>Hidrata profundamente con \u00e1cido hialur\u00f3nico y rellena las arrugas.<\/li>\n<li>Mejora la elasticidad y firmeza de la piel.<\/li>\n<li>Previene la deshidrataci\u00f3n de la piel manteniendo el equilibrio h\u00eddrico.<\/li>\n<li>Estimula los procesos de regeneraci\u00f3n celular.<\/li>\n<li>Adecuado para usar como producto independiente o en combinaci\u00f3n con una crema.<\/li>\n<li>F\u00f3rmula segura libre de fragancias, colorantes y parabenos.<\/li>\n<li>El envase garantiza facilidad de dosificaci\u00f3n y uso.<\/li>\n<\/ul>\n<h3>Modo de uso<\/h3>\n<ol>\n<li>Para un cuidado intensivo, aplica unas gotas del suero directamente sobre tu rostro, cuello y escote, y masajea suavemente hasta que se absorba por completo.<\/li>\n<li>Como alternativa, para un cuidado regular, mezcla unas gotas del suero con tu crema en la palma de tu mano, apl\u00edcalo en tu rostro, cuello y escote.<\/li>\n<li>Masajea hasta que se absorba completamente.<\/li>\n<\/ol>\n<p>&nbsp;<\/p>\n","protected":false},"excerpt":{"rendered":"<p>CONCENTRATO INTENSE A HYALORONIC ACID El s\u00e9rum facial concentrado Clinians con \u00e1cido hialur\u00f3nico\u00a0es un tratamiento intensivo formulado para proporcionar una<\/p>\n","protected":false},"featured_media":102795,"comment_status":"open","ping_status":"closed","template":"","meta":{"nf_dc_page":""},"product_brand":[1442],"product_cat":[104],"product_tag":[3586],"class_list":{"0":"post-102794","1":"product","2":"type-product","3":"status-publish","4":"has-post-thumbnail","6":"product_brand-clinians","7":"product_cat-skin-care","8":"product_tag-3586","10":"first","11":"instock","12":"shipping-taxable","13":"purchasable","14":"product-type-simple"},"_links":{"self":[{"href":"https:\/\/brandss.com.py\/index\/wp-json\/wp\/v2\/product\/102794","targetHints":{"allow":["GET"]}}],"collection":[{"href":"https:\/\/brandss.com.py\/index\/wp-json\/wp\/v2\/product"}],"about":[{"href":"https:\/\/brandss.com.py\/index\/wp-json\/wp\/v2\/types\/product"}],"replies":[{"embeddable":true,"href":"https:\/\/brandss.com.py\/index\/wp-json\/wp\/v2\/comments?post=102794"}],"version-history":[{"count":1,"href":"https:\/\/brandss.com.py\/index\/wp-json\/wp\/v2\/product\/102794\/revisions"}],"predecessor-version":[{"id":102799,"href":"https:\/\/brandss.com.py\/index\/wp-json\/wp\/v2\/product\/102794\/revisions\/102799"}],"wp:featuredmedia":[{"embeddable":true,"href":"https:\/\/brandss.com.py\/index\/wp-json\/wp\/v2\/media\/102795"}],"wp:attachment":[{"href":"https:\/\/brandss.com.py\/index\/wp-json\/wp\/v2\/media?parent=102794"}],"wp:term":[{"taxonomy":"product_brand","embeddable":true,"href":"https:\/\/brandss.com.py\/index\/wp-json\/wp\/v2\/product_brand?post=102794"},{"taxonomy":"product_cat","embeddable":true,"href":"https:\/\/brandss.com.py\/index\/wp-json\/wp\/v2\/product_cat?post=102794"},{"taxonomy":"product_tag","embeddable":true,"href":"https:\/\/brandss.com.py\/index\/wp-json\/wp\/v2\/product_tag?post=102794"}],"curies":[{"name":"wp","href":"https:\/\/api.w.org\/{rel}","templated":true}]}}