{"id":102800,"date":"2026-04-25T17:32:38","date_gmt":"2026-04-25T17:32:38","guid":{"rendered":"https:\/\/brandss.com.py\/index\/?post_type=product&#038;p=102800"},"modified":"2026-04-25T17:33:02","modified_gmt":"2026-04-25T17:33:02","slug":"serum-facial-clinians-concentrado-vitamina-c-illuminante-prottetivo-30ml","status":"publish","type":"product","link":"https:\/\/brandss.com.py\/index\/producto\/serum-facial-clinians-concentrado-vitamina-c-illuminante-prottetivo-30ml\/","title":{"rendered":"S\u00c9RUM FACIAL CLINIANS CONCENTRADO VITAMINA C ILLUMINANTE PROTTETIVO 30ML"},"content":{"rendered":"<p><img loading=\"lazy\" decoding=\"async\" class=\"\" src=\"https:\/\/clinians.it\/wp-content\/uploads\/2023\/04\/logo-clinias.jpg\" alt=\"Anti-Wrinkle Night Treatment \u2013 Clinians\" width=\"135\" height=\"38\" \/><\/p>\n<h1>CONCENTRADO VITAMINA C ILLUMINANTE PROTTETIVO<\/h1>\n<p><span dir=\"auto\">El s\u00e9rum iluminador con vitamina C de Clinians Concentrate es un tratamiento intensivo con acci\u00f3n iluminadora, protectora e hidratante. Contiene un alto porcentaje de vitamina C, un ingrediente activo con propiedades antioxidantes capaz de revitalizar la luminosidad natural de la piel. Cada frasco contiene 330 mg de vitamina C (fosfato de ascorbilo s\u00f3dico), una sustancia preciosa y fundamental que ayuda a combatir la aparici\u00f3n de los signos del envejecimiento cut\u00e1neo y a contrarrestar la p\u00e9rdida de luminosidad de la piel. Especialmente indicado para pieles apagadas y cansadas, con tez apagada debido a la contaminaci\u00f3n ambiental, el cansancio y el desfase horario. Su textura ligera y sedosa, de r\u00e1pida absorci\u00f3n, se funde con la piel, logrando un efecto imperceptible.<\/span><\/p>\n<p><span dir=\"auto\">Desde las primeras aplicaciones, la piel luce extremadamente luminosa, hidratada, suave y tersa. Con el uso continuado, la tez se vuelve m\u00e1s uniforme y radiante, y el rostro luce m\u00e1s joven y descansado.<\/span><\/p>\n<h3><span class=\"a-list-item\">Complejo vitamina C y AHA, iluminante<\/span><\/h3>\n<p><span class=\"a-list-item\">Este tratamiento iluminador intensivo es rico en Vitamina C, un antioxidante que reaviva la luminosidad natural de la piel. Con 330 mg de Vitamina C (Sodium Ascorbyl Phosphate), ayuda a combatir la aparici\u00f3n de los signos del envejecimiento y la p\u00e9rdida de luminosidad. Indicado para pieles apagadas y cansadas, se absorbe r\u00e1pidamente y deja la piel hidratada y radiante.<\/span><\/p>\n<h3><span dir=\"auto\">Ingredientes claves<\/span><\/h3>\n<ul>\n<li><span dir=\"auto\">Vitamina C, que ofrece protecci\u00f3n antioxidante para revitalizar el tono de la piel.<\/span><\/li>\n<li><span dir=\"auto\">Complejo AHA, una mezcla de alfa hidroxi\u00e1cidos de frutas que realiza una delicada exfoliaci\u00f3n eliminando las c\u00e9lulas muertas de la epidermis.<\/span><\/li>\n<li><span dir=\"auto\">\u00c1cido hialur\u00f3nico, con un intenso poder hidratante.<\/span><\/li>\n<li><span dir=\"auto\">Perlas, con un efecto iluminador instant\u00e1neo.<\/span><\/li>\n<\/ul>\n<h3><span dir=\"auto\">Beneficios<\/span><\/h3>\n<ul>\n<li><span dir=\"auto\">Dermatol\u00f3gicamente probado.<\/span><\/li>\n<li><span dir=\"auto\">Ilumina la piel, revitaliza la tez y aumenta su luminosidad natural.<\/span><\/li>\n<li><span dir=\"auto\">Posee una intensa actividad antioxidante que protege la piel de los efectos nocivos de los radicales libres.<\/span><\/li>\n<li><span dir=\"auto\">Garantiza la hidrataci\u00f3n durante todo el d\u00eda.<\/span><\/li>\n<\/ul>\n<p><span dir=\"auto\">Con el s\u00e9rum iluminador con vitamina C de Clinians Concentrate, la piel adquiere r\u00e1pidamente un aspecto m\u00e1s luminoso, hidratado y protegido.<\/span><\/p>\n<h3>Modo de uso<\/h3>\n<ol>\n<li><span dir=\"auto\">\u00a0Por la ma\u00f1ana, aplique unas gotas del producto directamente sobre el rostro, el cuello y el escote perfectamente limpios y secos.<\/span><\/li>\n<li><span dir=\"auto\">Masajee hasta su completa absorci\u00f3n.<\/span><\/li>\n<li><span dir=\"auto\">A continuaci\u00f3n, proceda con la aplicaci\u00f3n de su crema facial habitual, preferiblemente con un factor de protecci\u00f3n no inferior a 15.<\/span><\/li>\n<\/ol>\n<p>&nbsp;<\/p>\n<p><span dir=\"auto\">El s\u00e9rum tambi\u00e9n se puede mezclar directamente en la palma de la mano con tu crema facial diaria para potenciar su acci\u00f3n.<\/span><\/p>\n","protected":false},"excerpt":{"rendered":"<p>CONCENTRADO VITAMINA C ILLUMINANTE PROTTETIVO El s\u00e9rum iluminador con vitamina C de Clinians Concentrate es un tratamiento intensivo con acci\u00f3n<\/p>\n","protected":false},"featured_media":102801,"comment_status":"open","ping_status":"closed","template":"","meta":{"nf_dc_page":""},"product_brand":[1442],"product_cat":[104],"product_tag":[3587],"class_list":{"0":"post-102800","1":"product","2":"type-product","3":"status-publish","4":"has-post-thumbnail","6":"product_brand-clinians","7":"product_cat-skin-care","8":"product_tag-3587","10":"first","11":"instock","12":"shipping-taxable","13":"purchasable","14":"product-type-simple"},"_links":{"self":[{"href":"https:\/\/brandss.com.py\/index\/wp-json\/wp\/v2\/product\/102800","targetHints":{"allow":["GET"]}}],"collection":[{"href":"https:\/\/brandss.com.py\/index\/wp-json\/wp\/v2\/product"}],"about":[{"href":"https:\/\/brandss.com.py\/index\/wp-json\/wp\/v2\/types\/product"}],"replies":[{"embeddable":true,"href":"https:\/\/brandss.com.py\/index\/wp-json\/wp\/v2\/comments?post=102800"}],"version-history":[{"count":1,"href":"https:\/\/brandss.com.py\/index\/wp-json\/wp\/v2\/product\/102800\/revisions"}],"predecessor-version":[{"id":102804,"href":"https:\/\/brandss.com.py\/index\/wp-json\/wp\/v2\/product\/102800\/revisions\/102804"}],"wp:featuredmedia":[{"embeddable":true,"href":"https:\/\/brandss.com.py\/index\/wp-json\/wp\/v2\/media\/102801"}],"wp:attachment":[{"href":"https:\/\/brandss.com.py\/index\/wp-json\/wp\/v2\/media?parent=102800"}],"wp:term":[{"taxonomy":"product_brand","embeddable":true,"href":"https:\/\/brandss.com.py\/index\/wp-json\/wp\/v2\/product_brand?post=102800"},{"taxonomy":"product_cat","embeddable":true,"href":"https:\/\/brandss.com.py\/index\/wp-json\/wp\/v2\/product_cat?post=102800"},{"taxonomy":"product_tag","embeddable":true,"href":"https:\/\/brandss.com.py\/index\/wp-json\/wp\/v2\/product_tag?post=102800"}],"curies":[{"name":"wp","href":"https:\/\/api.w.org\/{rel}","templated":true}]}}