{"id":102805,"date":"2026-04-27T11:58:27","date_gmt":"2026-04-27T11:58:27","guid":{"rendered":"https:\/\/brandss.com.py\/index\/?post_type=product&#038;p=102805"},"modified":"2026-04-27T11:58:58","modified_gmt":"2026-04-27T11:58:58","slug":"perfume-femenino-adyan-norah-lychee-edp-100ml","status":"publish","type":"product","link":"https:\/\/brandss.com.py\/index\/producto\/perfume-femenino-adyan-norah-lychee-edp-100ml\/","title":{"rendered":"PERFUME FEMENINO ADYAN NORAH LYCHEE EDP 100ML"},"content":{"rendered":"<p><img loading=\"lazy\" decoding=\"async\" class=\"\" src=\"https:\/\/media-qatar.ansargallery.com\/brands\/logo\/adyan.png\" alt=\"Buy Adyan Perfumes &amp; Fragrances Online | Ansar Gallery Qatar\" width=\"113\" height=\"113\" \/><\/p>\n<h1>NORAH LYCHEE<\/h1>\n<p>Experimenta el ex\u00f3tico encanto de Norah Lychee, un exquisito Eau de Parfum que captura la esencia de la deliciosa fruta del lichi. Esta cautivadora fragancia te envuelve en una deliciosa mezcla de notas dulces y \u00e1cidas, transport\u00e1ndote a un para\u00edso tropical con cada aplicaci\u00f3n.<img loading=\"lazy\" decoding=\"async\" class=\"alignleft\" src=\"https:\/\/http2.mlstatic.com\/D_NQ_NP_2X_879095-MLA87349072385_072025-F.webp\" width=\"754\" height=\"715\" \/><\/p>\n<p>El frasco de 100 ml, adornado con intrincados dise\u00f1os y un emblema dorado, irradia elegancia y sofisticaci\u00f3n. D\u00e9jate seducir por el lujoso aroma de Norah Lychee y convi\u00e9rtelo en tu perfume caracter\u00edstico, dejando una huella imborrable all\u00e1 donde vayas.<\/p>\n<p>No escondas el lado apasionado de tu personalidad. El eau de parfum para mujer Adyan Norah Lychee est\u00e1 cargado de excitaci\u00f3n, deseo y provocaci\u00f3n. Te pondr\u00e1 en sinton\u00eda con su car\u00e1cter sensual tanto a ti como a todos los que te rodean.<\/p>\n<p>&nbsp;<\/p>\n<h3>Notas Olfativas<\/h3>\n<p>&nbsp;<\/p>\n<p>Norah Lychee, una luminosa fusi\u00f3n de dulzura y elegancia. Jugosa y radiante, Norah Lychee se abre con una vibrante explosi\u00f3n de lichi y frutas frescas antes de asentarse en un coraz\u00f3n floral de violeta, rosa y jazm\u00edn. Con una base sensual de almizcle, \u00e1mbar y vainilla c\u00e1lida, deja una impresi\u00f3n duradera de refinada indulgencia.<\/p>\n<p>&nbsp;<\/p>\n<p style=\"font-weight: 400\"><b><strong>Notas de salida: <\/strong><\/b>lichi, grosella negra, manzana roja, lim\u00f3n italiano.<\/p>\n<p style=\"font-weight: 400\"><b><strong>Notas de coraz\u00f3n: <\/strong><\/b>violeta, rosa, jazm\u00edn sambac.<\/p>\n<p style=\"font-weight: 400\"><b><strong>Notas de fondo: <\/strong><\/b>az\u00facar, absoluto de vainilla, almizcle, \u00e1mbar, s\u00e1ndalo.<\/p>\n","protected":false},"excerpt":{"rendered":"<p>NORAH LYCHEE Experimenta el ex\u00f3tico encanto de Norah Lychee, un exquisito Eau de Parfum que captura la esencia de la<\/p>\n","protected":false},"featured_media":102806,"comment_status":"open","ping_status":"closed","template":"","meta":{"nf_dc_page":""},"product_brand":[1972],"product_cat":[84],"product_tag":[3588],"class_list":{"0":"post-102805","1":"product","2":"type-product","3":"status-publish","4":"has-post-thumbnail","6":"product_brand-adyan","7":"product_cat-perfumeria","8":"product_tag-3588","10":"first","11":"instock","12":"shipping-taxable","13":"purchasable","14":"product-type-simple"},"_links":{"self":[{"href":"https:\/\/brandss.com.py\/index\/wp-json\/wp\/v2\/product\/102805","targetHints":{"allow":["GET"]}}],"collection":[{"href":"https:\/\/brandss.com.py\/index\/wp-json\/wp\/v2\/product"}],"about":[{"href":"https:\/\/brandss.com.py\/index\/wp-json\/wp\/v2\/types\/product"}],"replies":[{"embeddable":true,"href":"https:\/\/brandss.com.py\/index\/wp-json\/wp\/v2\/comments?post=102805"}],"version-history":[{"count":1,"href":"https:\/\/brandss.com.py\/index\/wp-json\/wp\/v2\/product\/102805\/revisions"}],"predecessor-version":[{"id":102810,"href":"https:\/\/brandss.com.py\/index\/wp-json\/wp\/v2\/product\/102805\/revisions\/102810"}],"wp:featuredmedia":[{"embeddable":true,"href":"https:\/\/brandss.com.py\/index\/wp-json\/wp\/v2\/media\/102806"}],"wp:attachment":[{"href":"https:\/\/brandss.com.py\/index\/wp-json\/wp\/v2\/media?parent=102805"}],"wp:term":[{"taxonomy":"product_brand","embeddable":true,"href":"https:\/\/brandss.com.py\/index\/wp-json\/wp\/v2\/product_brand?post=102805"},{"taxonomy":"product_cat","embeddable":true,"href":"https:\/\/brandss.com.py\/index\/wp-json\/wp\/v2\/product_cat?post=102805"},{"taxonomy":"product_tag","embeddable":true,"href":"https:\/\/brandss.com.py\/index\/wp-json\/wp\/v2\/product_tag?post=102805"}],"curies":[{"name":"wp","href":"https:\/\/api.w.org\/{rel}","templated":true}]}}