{"id":102811,"date":"2026-04-27T13:44:15","date_gmt":"2026-04-27T13:44:15","guid":{"rendered":"https:\/\/brandss.com.py\/index\/?post_type=product&#038;p=102811"},"modified":"2026-04-27T13:45:20","modified_gmt":"2026-04-27T13:45:20","slug":"perfume-unisex-ajyad-vanilla-caramel-edp-100ml","status":"publish","type":"product","link":"https:\/\/brandss.com.py\/index\/producto\/perfume-unisex-ajyad-vanilla-caramel-edp-100ml\/","title":{"rendered":"PERFUME UNISEX AJYAD VANILLA CARAMEL EDP 100ML"},"content":{"rendered":"<p><img loading=\"lazy\" decoding=\"async\" class=\"\" src=\"https:\/\/oudhshop.co.uk\/wp-content\/uploads\/nc\/catalog\/demo\/Logos\/ajyad.jpg\" alt=\"PERFUME UNISEX AJYAD REEH EXDP 100ML \u2013 Brands\" width=\"103\" height=\"103\" \/><\/p>\n<h1>VANILLA CARAMEL<\/h1>\n<div>\n<h5><em><span dir=\"auto\">Un capricho decadente y cremoso<\/span><\/em><\/h5>\n<\/div>\n<p><span dir=\"auto\">D\u00e9jese seducir por la deliciosa dulzura de Vanilla Caramel. Este exquisito Eau de Parfum es ampliamente reconocido como el <\/span><span dir=\"auto\">mejor perfume de vainilla y caramelo<\/span><span dir=\"auto\">. En concreto, equilibra a la perfecci\u00f3n la calidez azucarada con una delicada elegancia floral. Por lo tanto, si busca un cautivador\u00a0<\/span><span dir=\"auto\">perfume de vainilla dulce<\/span><span dir=\"auto\">, esta lujosa fragancia le ofrece un aroma profundamente reconfortante y delicioso.<img decoding=\"async\" class=\"alignleft\" src=\"https:\/\/www.opulensi.com\/cdn\/shop\/files\/Ajyad_Vanilla_Caramel_100ml_EDP_with_scent_note_card_and_box.webp?v=1764820643&amp;width=713\" \/><\/span><\/p>\n<p><span dir=\"auto\">Adem\u00e1s, cada suave bruma te invita a experimentar un postre puro y port\u00e1til. Por ejemplo, su aroma te envuelve como una acogedora manta dorada de az\u00facar hilado y miel. Como resultado, se destaca como un excepcional\u00a0<\/span><span dir=\"auto\">perfume dulce y gourmand<\/span><span dir=\"auto\">. En consecuencia, sus deliciosas notas se despliegan con gracia sobre tu piel. Finalmente, se asienta en un fascinante\u00a0<\/span><span dir=\"auto\">perfume de caramelo y vainilla<\/span><span dir=\"auto\">\u00a0que te acompa\u00f1a desde la ma\u00f1ana hasta la noche, convirti\u00e9ndose en la esencia definitiva\u00a0<\/span><span dir=\"auto\">de los perfumes de vainilla y caramelo<\/span><span dir=\"auto\">.<\/span><\/p>\n<p>&nbsp;<\/p>\n<h3>Notas Olfativas<\/h3>\n<p>&nbsp;<\/p>\n<p><span dir=\"auto\">El Eau de Parfum Vanilla Caramel <\/span><span dir=\"auto\">combina caramelo fundido, vainilla cremosa y miel tropical en un irresistible postre para la piel que resulta acogedor, divertido e innegablemente adictivo. De esp\u00edritu unisex, esta fragancia floral-frutal y gourmand alegra las ma\u00f1anas grises, endulza las citas rom\u00e1nticas y perdura mucho despu\u00e9s del \u00faltimo halago.<\/span><\/p>\n<p><span dir=\"auto\">El perfume se abre con exquisitas notas de\u00a0<\/span><span dir=\"auto\">caramelo<\/span><span dir=\"auto\">\u00a0y brillantes\u00a0<\/span><span dir=\"auto\">cristales de az\u00facar<\/span><span dir=\"auto\">, realzadas por suaves toques de\u00a0<\/span><span dir=\"auto\">orqu\u00eddea<\/span><span dir=\"auto\">\u00a0y\u00a0<\/span><span dir=\"auto\">heliotropo.<\/span><span dir=\"auto\">\u00a0A medida que florece el coraz\u00f3n, <\/span><span dir=\"auto\">la miel<\/span><span dir=\"auto\">\u00a0se funde con exuberantes\u00a0<\/span><span dir=\"auto\">frutas tropicales,<\/span><span dir=\"auto\">\u00a0mientras que\u00a0<\/span><span dir=\"auto\">el jazm\u00edn y\u00a0<\/span><span dir=\"auto\">la cumarina<\/span><span dir=\"auto\">\u00a0secada al sol\u00a0aportan un c\u00e1lido resplandor dorado. El final se transforma en una sedosa nube de\u00a0<\/span><span dir=\"auto\">vainilla de Madagascar, <\/span><span dir=\"auto\">almizcle blanco<\/span><span dir=\"auto\">\u00a0puro\u00a0y cremosas notas de\u00a0<\/span><span dir=\"auto\">s\u00e1ndalo<\/span><span dir=\"auto\">, dejando una estela aterciopelada que se adhiere tanto a la piel como a los pa\u00f1uelos.<\/span><\/p>\n<h3><\/h3>\n<ul>\n<li><strong><span dir=\"auto\">Notas de salida:<\/span><\/strong><span dir=\"auto\"> az\u00facar, caramelo, orqu\u00eddea, heliotropo.<\/span><\/li>\n<li><strong><span dir=\"auto\">Notas de coraz\u00f3n:<\/span><\/strong><span dir=\"auto\"> jazm\u00edn, miel, frutas tropicales, cumarina.<\/span><\/li>\n<li><strong><span dir=\"auto\">Notas de fondo:<\/span><\/strong><span dir=\"auto\"> vainilla, almizcle blanco, s\u00e1ndalo.<\/span><\/li>\n<\/ul>\n","protected":false},"excerpt":{"rendered":"<p>VANILLA CARAMEL Un capricho decadente y cremoso D\u00e9jese seducir por la deliciosa dulzura de Vanilla Caramel. Este exquisito Eau de<\/p>\n","protected":false},"featured_media":102812,"comment_status":"open","ping_status":"closed","template":"","meta":{"nf_dc_page":""},"product_brand":[3332],"product_cat":[84],"product_tag":[3589],"class_list":{"0":"post-102811","1":"product","2":"type-product","3":"status-publish","4":"has-post-thumbnail","6":"product_brand-ajyad","7":"product_cat-perfumeria","8":"product_tag-3589","10":"first","11":"instock","12":"shipping-taxable","13":"purchasable","14":"product-type-simple"},"_links":{"self":[{"href":"https:\/\/brandss.com.py\/index\/wp-json\/wp\/v2\/product\/102811","targetHints":{"allow":["GET"]}}],"collection":[{"href":"https:\/\/brandss.com.py\/index\/wp-json\/wp\/v2\/product"}],"about":[{"href":"https:\/\/brandss.com.py\/index\/wp-json\/wp\/v2\/types\/product"}],"replies":[{"embeddable":true,"href":"https:\/\/brandss.com.py\/index\/wp-json\/wp\/v2\/comments?post=102811"}],"version-history":[{"count":1,"href":"https:\/\/brandss.com.py\/index\/wp-json\/wp\/v2\/product\/102811\/revisions"}],"predecessor-version":[{"id":102818,"href":"https:\/\/brandss.com.py\/index\/wp-json\/wp\/v2\/product\/102811\/revisions\/102818"}],"wp:featuredmedia":[{"embeddable":true,"href":"https:\/\/brandss.com.py\/index\/wp-json\/wp\/v2\/media\/102812"}],"wp:attachment":[{"href":"https:\/\/brandss.com.py\/index\/wp-json\/wp\/v2\/media?parent=102811"}],"wp:term":[{"taxonomy":"product_brand","embeddable":true,"href":"https:\/\/brandss.com.py\/index\/wp-json\/wp\/v2\/product_brand?post=102811"},{"taxonomy":"product_cat","embeddable":true,"href":"https:\/\/brandss.com.py\/index\/wp-json\/wp\/v2\/product_cat?post=102811"},{"taxonomy":"product_tag","embeddable":true,"href":"https:\/\/brandss.com.py\/index\/wp-json\/wp\/v2\/product_tag?post=102811"}],"curies":[{"name":"wp","href":"https:\/\/api.w.org\/{rel}","templated":true}]}}