{"id":102819,"date":"2026-04-27T14:04:42","date_gmt":"2026-04-27T14:04:42","guid":{"rendered":"https:\/\/brandss.com.py\/index\/?post_type=product&#038;p=102819"},"modified":"2026-04-27T14:05:02","modified_gmt":"2026-04-27T14:05:02","slug":"perfume-masculino-ajyad-oudy-edp-100ml","status":"publish","type":"product","link":"https:\/\/brandss.com.py\/index\/producto\/perfume-masculino-ajyad-oudy-edp-100ml\/","title":{"rendered":"PERFUME MASCULINO AJYAD OUDY EDP 100ML"},"content":{"rendered":"<p><img loading=\"lazy\" decoding=\"async\" class=\"\" src=\"https:\/\/oudhshop.co.uk\/wp-content\/uploads\/nc\/catalog\/demo\/Logos\/ajyad.jpg\" alt=\"PERFUME UNISEX AJYAD REEH EXDP 100ML \u2013 Brands\" width=\"68\" height=\"68\" \/><\/p>\n<h1>OUDY<\/h1>\n<p><span dir=\"auto\">Descubre el cautivador encanto de Oudy, un distinguido Eau de Parfum creado exclusivamente para hombres. Con su aroma rico y evocador, esta fragancia destaca como una verdadera obra maestra de la reconocida casa de dise\u00f1o Ajyad. Dise\u00f1ada para el hombre moderno que aprecia tanto la tradici\u00f3n como la sofisticaci\u00f3n, Oudy ofrece un viaje olfativo \u00fanico, audaz y refinado a la vez.<\/span><\/p>\n<p><span dir=\"auto\">Presentada en un elegante frasco de 100 ml, Oudy es perfecta para quienes buscan una fragancia que deje una huella imborrable. Su ex\u00f3tico aroma se fusiona a la perfecci\u00f3n con tu esencia natural, creando una fragancia personal e inconfundible. Ya sea para una reuni\u00f3n de negocios o una salida nocturna, Oudy de Ajyad te garantiza confianza y carisma. <\/span><span dir=\"auto\">Con el perfume Oudy, enriquezca su colecci\u00f3n de fragancias y experimente la esencia de la elegancia y el poder.<\/span><\/p>\n<h3>Notas Olfativas<\/h3>\n<p>&nbsp;<\/p>\n<p>Descubre Oudy, un perfume masculino de la familia olfativa amaderada oriental. Sus notas de salida de frutas c\u00edtricas y especias suaves despiertan los sentidos con frescura y energ\u00eda. En el coraz\u00f3n, el oud, incienso y maderas preciosas aportan sofisticaci\u00f3n y profundidad, mientras que las notas de fondo de almizcle, \u00e1mbar y vainilla dejan una estela c\u00e1lida y duradera. Ideal para hombres que buscan un aroma elegante, \u00fanico y memorable.<\/p>\n<p><strong>Notas de salida:<\/strong> c\u00edtricos, especias suaves.<br \/>\n<strong>Notas de coraz\u00f3n:<\/strong> oud, incienso, maderas nobles.<br \/>\n<strong>Notas de fondo:<\/strong> almizcle, \u00e1mbar, vainilla.<\/p>\n","protected":false},"excerpt":{"rendered":"<p>OUDY Descubre el cautivador encanto de Oudy, un distinguido Eau de Parfum creado exclusivamente para hombres. Con su aroma rico<\/p>\n","protected":false},"featured_media":102820,"comment_status":"open","ping_status":"closed","template":"","meta":{"nf_dc_page":""},"product_brand":[3332],"product_cat":[84],"product_tag":[3590],"class_list":{"0":"post-102819","1":"product","2":"type-product","3":"status-publish","4":"has-post-thumbnail","6":"product_brand-ajyad","7":"product_cat-perfumeria","8":"product_tag-3590","10":"first","11":"instock","12":"shipping-taxable","13":"purchasable","14":"product-type-simple"},"_links":{"self":[{"href":"https:\/\/brandss.com.py\/index\/wp-json\/wp\/v2\/product\/102819","targetHints":{"allow":["GET"]}}],"collection":[{"href":"https:\/\/brandss.com.py\/index\/wp-json\/wp\/v2\/product"}],"about":[{"href":"https:\/\/brandss.com.py\/index\/wp-json\/wp\/v2\/types\/product"}],"replies":[{"embeddable":true,"href":"https:\/\/brandss.com.py\/index\/wp-json\/wp\/v2\/comments?post=102819"}],"version-history":[{"count":1,"href":"https:\/\/brandss.com.py\/index\/wp-json\/wp\/v2\/product\/102819\/revisions"}],"predecessor-version":[{"id":102823,"href":"https:\/\/brandss.com.py\/index\/wp-json\/wp\/v2\/product\/102819\/revisions\/102823"}],"wp:featuredmedia":[{"embeddable":true,"href":"https:\/\/brandss.com.py\/index\/wp-json\/wp\/v2\/media\/102820"}],"wp:attachment":[{"href":"https:\/\/brandss.com.py\/index\/wp-json\/wp\/v2\/media?parent=102819"}],"wp:term":[{"taxonomy":"product_brand","embeddable":true,"href":"https:\/\/brandss.com.py\/index\/wp-json\/wp\/v2\/product_brand?post=102819"},{"taxonomy":"product_cat","embeddable":true,"href":"https:\/\/brandss.com.py\/index\/wp-json\/wp\/v2\/product_cat?post=102819"},{"taxonomy":"product_tag","embeddable":true,"href":"https:\/\/brandss.com.py\/index\/wp-json\/wp\/v2\/product_tag?post=102819"}],"curies":[{"name":"wp","href":"https:\/\/api.w.org\/{rel}","templated":true}]}}