{"id":102824,"date":"2026-04-27T14:22:52","date_gmt":"2026-04-27T14:22:52","guid":{"rendered":"https:\/\/brandss.com.py\/index\/?post_type=product&#038;p=102824"},"modified":"2026-04-27T14:23:12","modified_gmt":"2026-04-27T14:23:12","slug":"perfume-femenino-ajyad-amber-1950-edp-100ml","status":"publish","type":"product","link":"https:\/\/brandss.com.py\/index\/producto\/perfume-femenino-ajyad-amber-1950-edp-100ml\/","title":{"rendered":"PERFUME FEMENINO AJYAD AMBER 1950 EDP 100ML"},"content":{"rendered":"<h1><img loading=\"lazy\" decoding=\"async\" class=\"\" src=\"https:\/\/oudhshop.co.uk\/wp-content\/uploads\/nc\/catalog\/demo\/Logos\/ajyad.jpg\" alt=\"PERFUME UNISEX AJYAD REEH EXDP 100ML \u2013 Brands\" width=\"84\" height=\"84\" \/><\/h1>\n<h1>AMBER 1950<\/h1>\n<p>Descubre el encanto cautivador del Amber 1950, una fragancia creada exclusivamente para mujeres que buscan la elegancia y la sofisticaci\u00f3n. Amber captura la esencia de la familia oriental-amaderada, ofreciendo un aroma c\u00e1lido y cautivador que perdura en la piel. Sus notas, cuidadosamente combinadas, crean una armon\u00eda que evoca confianza y elegancia.<\/p>\n<p><img decoding=\"async\" class=\"alignleft\" src=\"https:\/\/http2.mlstatic.com\/D_NQ_NP_2X_845683-MLC97665206205_112025-F.webp\" \/>Perfecta para cualquier ocasi\u00f3n, ya sea para un evento formal o simplemente para disfrutar de una salida, esta fragancia complementar\u00e1 tu estilo y dejar\u00e1 una huella imborrable.<\/p>\n<p>&nbsp;<\/p>\n<h1>Notas Olfativas<\/h1>\n<p>&nbsp;<\/p>\n<p>Amber 195 es una fragancia de la familia olfativa \u00e1mbar amaderada para mujeres. Amber 1950 es un perfume que se desliza sobre la piel como un vestido de seda dorada. La chispa vibrante de lim\u00f3n y bergamota se enciende al contacto con el romero, creando un inicio tan fresco como provocador. Entre las curvas de su coraz\u00f3n, las especias y el cedro laten con un magnetismo \u00edntimo, insinuando caricias de fuego. La madera de gaiac y las resinas despiertan un \u00e1mbar profundo que abraza el cuerpo con un calor envolvente y adictivo. El almizcle final deja un rastro insinuante, como un secreto que solo se revela en la cercan\u00eda. Amber 1950 no se lleva, se conquista. Es la tentaci\u00f3n de una mujer que convierte cada instante en un recuerdo imposible de olvidar!!!<\/p>\n<p><strong>Notas de salida:<\/strong> romero, bergamota, cedro, lim\u00f3n.<\/p>\n<p><strong>Notas de coraz\u00f3n:<\/strong> especias, cedro, madera de gaiac.<\/p>\n<p><strong>Notas de fondo:<\/strong> resina, \u00e1mbar, almizcle.<\/p>\n<p>&nbsp;<\/p>\n<p>&nbsp;<\/p>\n","protected":false},"excerpt":{"rendered":"<p>AMBER 1950 Descubre el encanto cautivador del Amber 1950, una fragancia creada exclusivamente para mujeres que buscan la elegancia y<\/p>\n","protected":false},"featured_media":102825,"comment_status":"open","ping_status":"closed","template":"","meta":{"nf_dc_page":""},"product_brand":[3332],"product_cat":[84],"product_tag":[3591],"class_list":{"0":"post-102824","1":"product","2":"type-product","3":"status-publish","4":"has-post-thumbnail","6":"product_brand-ajyad","7":"product_cat-perfumeria","8":"product_tag-3591","10":"first","11":"instock","12":"shipping-taxable","13":"purchasable","14":"product-type-simple"},"_links":{"self":[{"href":"https:\/\/brandss.com.py\/index\/wp-json\/wp\/v2\/product\/102824","targetHints":{"allow":["GET"]}}],"collection":[{"href":"https:\/\/brandss.com.py\/index\/wp-json\/wp\/v2\/product"}],"about":[{"href":"https:\/\/brandss.com.py\/index\/wp-json\/wp\/v2\/types\/product"}],"replies":[{"embeddable":true,"href":"https:\/\/brandss.com.py\/index\/wp-json\/wp\/v2\/comments?post=102824"}],"version-history":[{"count":1,"href":"https:\/\/brandss.com.py\/index\/wp-json\/wp\/v2\/product\/102824\/revisions"}],"predecessor-version":[{"id":102829,"href":"https:\/\/brandss.com.py\/index\/wp-json\/wp\/v2\/product\/102824\/revisions\/102829"}],"wp:featuredmedia":[{"embeddable":true,"href":"https:\/\/brandss.com.py\/index\/wp-json\/wp\/v2\/media\/102825"}],"wp:attachment":[{"href":"https:\/\/brandss.com.py\/index\/wp-json\/wp\/v2\/media?parent=102824"}],"wp:term":[{"taxonomy":"product_brand","embeddable":true,"href":"https:\/\/brandss.com.py\/index\/wp-json\/wp\/v2\/product_brand?post=102824"},{"taxonomy":"product_cat","embeddable":true,"href":"https:\/\/brandss.com.py\/index\/wp-json\/wp\/v2\/product_cat?post=102824"},{"taxonomy":"product_tag","embeddable":true,"href":"https:\/\/brandss.com.py\/index\/wp-json\/wp\/v2\/product_tag?post=102824"}],"curies":[{"name":"wp","href":"https:\/\/api.w.org\/{rel}","templated":true}]}}