{"id":102830,"date":"2026-04-27T16:29:01","date_gmt":"2026-04-27T16:29:01","guid":{"rendered":"https:\/\/brandss.com.py\/index\/?post_type=product&#038;p=102830"},"modified":"2026-04-27T16:29:30","modified_gmt":"2026-04-27T16:29:30","slug":"perfume-masculino-elodie-roy-pavane-edp-100ml","status":"publish","type":"product","link":"https:\/\/brandss.com.py\/index\/producto\/perfume-masculino-elodie-roy-pavane-edp-100ml\/","title":{"rendered":"PERFUME MASCULINO ELODIE ROY PAVANE EDP 100ML"},"content":{"rendered":"<p><img loading=\"lazy\" decoding=\"async\" class=\"\" src=\"https:\/\/charmeperfumeria.com.br\/public\/images\/brands\/elodie.jpg\" alt=\"PERFUME FEMENINO ELODIE ROY MISS BELIZE EDP 100ML \u2013 Brands\" width=\"70\" height=\"69\" \/><\/p>\n<h1>PAVANE<\/h1>\n<p><span dir=\"auto\">\u00a0Es una fragancia <\/span><span dir=\"auto\">amaderada arom\u00e1tica<\/span><span dir=\"auto\">\u00a0que combina\u00a0<\/span><span dir=\"auto\">frescura<\/span><span dir=\"auto\">\u00a0y\u00a0<\/span><span dir=\"auto\">sofisticaci\u00f3n<\/span><span dir=\"auto\">, dise\u00f1ada para el hombre que valora\u00a0<\/span><span dir=\"auto\">la autenticidad<\/span><span dir=\"auto\">\u00a0y\u00a0<\/span><span dir=\"auto\">la presencia<\/span><span dir=\"auto\">. Un esp\u00edritu libre, la definici\u00f3n de un hombre conquistador. El Perfume masculino Pavane es una fragancia arom\u00e1tica amaderada, caracter\u00edstica de quienes tienen un estilo moderno y sensual. Una fragancia que evoca una sensaci\u00f3n de libertad que proviene de la energ\u00eda y espontaneidad de la virilidad moderna. Con una estela poderosa, el perfume de un hombre de hoy. La botella es una alegr\u00eda para los brutos, pesada, imponente y al igual que la casa Pavane, est\u00e1 llena de misterios y secretos.\u00a0<\/span><\/p>\n<p>&nbsp;<\/p>\n<h3>Notas Olfativas<\/h3>\n<p>&nbsp;<\/p>\n<p><span dir=\"auto\">Este perfume destaca por su pir\u00e1mide olfativa compleja y armoniosa. La apertura est\u00e1 marcada por una explosi\u00f3n\u00a0<\/span><span dir=\"auto\">c\u00edtrica<\/span><span dir=\"auto\">\u00a0y\u00a0<\/span><span dir=\"auto\">refrescante<\/span><span dir=\"auto\">\u00a0de\u00a0<\/span><span dir=\"auto\">bergamota<\/span><span dir=\"auto\">,\u00a0<\/span><span dir=\"auto\">lim\u00f3n siciliano<\/span><span dir=\"auto\">\u00a0,\u00a0<\/span><span dir=\"auto\">mandarina<\/span><span dir=\"auto\">\u00a0y\u00a0<\/span><span dir=\"auto\">grosella negra<\/span><span dir=\"auto\">, complementada con toques de\u00a0<\/span><span dir=\"auto\">menta<\/span><span dir=\"auto\">\u00a0y\u00a0<\/span><span dir=\"auto\">romero<\/span><span dir=\"auto\">, que transmiten una sensaci\u00f3n de\u00a0<\/span><span dir=\"auto\">vitalidad<\/span><span dir=\"auto\">\u00a0y\u00a0<\/span><span dir=\"auto\">elegancia moderna<\/span><span dir=\"auto\">. En el coraz\u00f3n,\u00a0<\/span><span dir=\"auto\">la lavanda<\/span><span dir=\"auto\">\u00a0y\u00a0<\/span><span dir=\"auto\">la salvia<\/span><span dir=\"auto\">\u00a0se mezclan con\u00a0<\/span><span dir=\"auto\">maderas nobles<\/span><span dir=\"auto\">\u00a0como\u00a0<\/span><span dir=\"auto\">el cedro<\/span><span dir=\"auto\">\u00a0y\u00a0<\/span><span dir=\"auto\">el pino<\/span><span dir=\"auto\">, a\u00f1adiendo\u00a0<\/span><span dir=\"auto\">profundidad<\/span><span dir=\"auto\">\u00a0y\u00a0<\/span><span dir=\"auto\">elegancia arom\u00e1tica<\/span><span dir=\"auto\">. La base se vuelve intensamente\u00a0<\/span><span dir=\"auto\">masculina<\/span><span dir=\"auto\">\u00a0y\u00a0<\/span><span dir=\"auto\">llamativa<\/span><span dir=\"auto\">, con acordes de\u00a0<\/span><span dir=\"auto\">\u00e1mbar<\/span><span dir=\"auto\">,\u00a0<\/span><span dir=\"auto\">almizcle<\/span><span dir=\"auto\">,\u00a0<\/span><span dir=\"auto\">musgo,<\/span><span dir=\"auto\">\u00a0<\/span><span dir=\"auto\">pachul\u00ed<\/span><span dir=\"auto\">\u00a0y\u00a0<\/span><span dir=\"auto\">cuero<\/span><span dir=\"auto\">, que se asientan en la piel con\u00a0<\/span><span dir=\"auto\">confort<\/span><span dir=\"auto\">\u00a0y\u00a0<\/span><span dir=\"auto\">actitud<\/span><span dir=\"auto\">, reflejando una\u00a0<\/span><span dir=\"auto\">masculinidad contempor\u00e1nea<\/span><span dir=\"auto\"> refinada y segura. Este\u00a0EDP <\/span><span dir=\"auto\">es ideal para el uso diario y ocasiones especiales, especialmente en climas templados, garantizando\u00a0<\/span><span dir=\"auto\">una excelente duraci\u00f3n<\/span><span dir=\"auto\">\u00a0y una\u00a0<\/span><span dir=\"auto\">estela envolvente<\/span><span dir=\"auto\">.<\/span><\/p>\n<p><strong>Notas de salida: <\/strong>bergamota, lim\u00f3n siciliano, grosella negra, mandarina.<br \/>\n<strong>Notas de coraz\u00f3n:<\/strong> lavanda, salvia, cedro, pino<br \/>\n<strong>Notas de fondo:<\/strong> \u00e1mbar, almizcle, musgo, <span dir=\"auto\">pachul\u00ed,<\/span><span dir=\"auto\">\u00a0<\/span><span dir=\"auto\">cuero<\/span>.<\/p>\n","protected":false},"excerpt":{"rendered":"<p>PAVANE \u00a0Es una fragancia amaderada arom\u00e1tica\u00a0que combina\u00a0frescura\u00a0y\u00a0sofisticaci\u00f3n, dise\u00f1ada para el hombre que valora\u00a0la autenticidad\u00a0y\u00a0la presencia. Un esp\u00edritu libre, la definici\u00f3n<\/p>\n","protected":false},"featured_media":102831,"comment_status":"open","ping_status":"closed","template":"","meta":{"nf_dc_page":""},"product_brand":[1837],"product_cat":[84],"product_tag":[3593],"class_list":{"0":"post-102830","1":"product","2":"type-product","3":"status-publish","4":"has-post-thumbnail","6":"product_brand-elodie-roy","7":"product_cat-perfumeria","8":"product_tag-3593","10":"first","11":"instock","12":"shipping-taxable","13":"purchasable","14":"product-type-simple"},"_links":{"self":[{"href":"https:\/\/brandss.com.py\/index\/wp-json\/wp\/v2\/product\/102830","targetHints":{"allow":["GET"]}}],"collection":[{"href":"https:\/\/brandss.com.py\/index\/wp-json\/wp\/v2\/product"}],"about":[{"href":"https:\/\/brandss.com.py\/index\/wp-json\/wp\/v2\/types\/product"}],"replies":[{"embeddable":true,"href":"https:\/\/brandss.com.py\/index\/wp-json\/wp\/v2\/comments?post=102830"}],"version-history":[{"count":1,"href":"https:\/\/brandss.com.py\/index\/wp-json\/wp\/v2\/product\/102830\/revisions"}],"predecessor-version":[{"id":102835,"href":"https:\/\/brandss.com.py\/index\/wp-json\/wp\/v2\/product\/102830\/revisions\/102835"}],"wp:featuredmedia":[{"embeddable":true,"href":"https:\/\/brandss.com.py\/index\/wp-json\/wp\/v2\/media\/102831"}],"wp:attachment":[{"href":"https:\/\/brandss.com.py\/index\/wp-json\/wp\/v2\/media?parent=102830"}],"wp:term":[{"taxonomy":"product_brand","embeddable":true,"href":"https:\/\/brandss.com.py\/index\/wp-json\/wp\/v2\/product_brand?post=102830"},{"taxonomy":"product_cat","embeddable":true,"href":"https:\/\/brandss.com.py\/index\/wp-json\/wp\/v2\/product_cat?post=102830"},{"taxonomy":"product_tag","embeddable":true,"href":"https:\/\/brandss.com.py\/index\/wp-json\/wp\/v2\/product_tag?post=102830"}],"curies":[{"name":"wp","href":"https:\/\/api.w.org\/{rel}","templated":true}]}}