{"id":102857,"date":"2026-04-28T10:54:35","date_gmt":"2026-04-28T10:54:35","guid":{"rendered":"https:\/\/brandss.com.py\/index\/?post_type=product&#038;p=102857"},"modified":"2026-04-28T10:56:11","modified_gmt":"2026-04-28T10:56:11","slug":"perfume-masculino-zirconia-prive-spartan-edp-100ml","status":"publish","type":"product","link":"https:\/\/brandss.com.py\/index\/producto\/perfume-masculino-zirconia-prive-spartan-edp-100ml\/","title":{"rendered":"PERFUME MASCULINO ZIRCONIA PRIV\u00c9 SPARTAN EDP 100ML"},"content":{"rendered":"<p><img loading=\"lazy\" decoding=\"async\" class=\"\" src=\"https:\/\/res.cloudinary.com\/beleza-na-web\/image\/upload\/f_auto,fl_progressive,q_auto:best\/v1\/imagens\/brands\/zircn_64dbbb531174ca4e0b2c2d4b\/logo_logo-zircania.svg\" alt=\"PERFUME FEMENINO ZIRCONIA PRIV\u00c9 FORBIDDEN EDP 100ML \u2013 Brands\" width=\"121\" height=\"121\" \/><\/p>\n<h1>SPARTAN<\/h1>\n<p>Descubre Spartan, una fragancia potente y sofisticada dise\u00f1ada para el hombre moderno. Con una composici\u00f3n olfativa amaderada y arom\u00e1tica, este perfume revela una personalidad fuerte y llamativa, perfecta para quienes desean dejar una impresi\u00f3n duradera.<\/p>\n<p>Spartan una moderna fragancia masculina oriental ambarina. Su poder seductor y frescura, con notas c\u00edtricas de lim\u00f3n, resultan evidentes y cautivadoras desde el primer instante, ofreciendo adem\u00e1s una experiencia energizante, sensual y apasionada.<\/p>\n<p>&nbsp;<\/p>\n<h3>Notas Olfativas<\/h3>\n<p>&nbsp;<\/p>\n<p>El perfume Spartan de Zirconia Priv\u00e9 es una fragancia de la familia olfativa oriental para hombres. El secreto de los mejores perfumes es la combinaci\u00f3n perfecta de ingredientes potenciados entre s\u00ed y que nos permiten viajar a lugares \u00fanicos. Disfruta de esta fragancia en todo momento. Las notas de salida, con la combinaci\u00f3n de pimienta rosa y lim\u00f3n, ofrecen una apertura fresca y vibrante, mientras que el coraz\u00f3n de lavanda e incienso aporta una elegancia refinada. Finalmente, las notas de fondo de vainilla, \u00e1mbar y haba tonka proporcionan calidez y profundidad, creando una firma olfativa irresistible.<\/p>\n<ul>\n<li><strong>Notas de salida:<\/strong> pimienta rosa, lim\u00f3n.<\/li>\n<li><strong>Notas de coraz\u00f3n:<\/strong> incienso, lavanda.<\/li>\n<li><strong>Notas de fondo:<\/strong> vainilla, \u00e1mbar, haba tonka.<\/li>\n<\/ul>\n","protected":false},"excerpt":{"rendered":"<p>SPARTAN Descubre Spartan, una fragancia potente y sofisticada dise\u00f1ada para el hombre moderno. Con una composici\u00f3n olfativa amaderada y arom\u00e1tica,<\/p>\n","protected":false},"featured_media":102858,"comment_status":"open","ping_status":"closed","template":"","meta":{"nf_dc_page":""},"product_brand":[1943],"product_cat":[84],"product_tag":[3598],"class_list":{"0":"post-102857","1":"product","2":"type-product","3":"status-publish","4":"has-post-thumbnail","6":"product_brand-zirconia-prive","7":"product_cat-perfumeria","8":"product_tag-3598","10":"first","11":"instock","12":"shipping-taxable","13":"purchasable","14":"product-type-simple"},"_links":{"self":[{"href":"https:\/\/brandss.com.py\/index\/wp-json\/wp\/v2\/product\/102857","targetHints":{"allow":["GET"]}}],"collection":[{"href":"https:\/\/brandss.com.py\/index\/wp-json\/wp\/v2\/product"}],"about":[{"href":"https:\/\/brandss.com.py\/index\/wp-json\/wp\/v2\/types\/product"}],"replies":[{"embeddable":true,"href":"https:\/\/brandss.com.py\/index\/wp-json\/wp\/v2\/comments?post=102857"}],"version-history":[{"count":1,"href":"https:\/\/brandss.com.py\/index\/wp-json\/wp\/v2\/product\/102857\/revisions"}],"predecessor-version":[{"id":102862,"href":"https:\/\/brandss.com.py\/index\/wp-json\/wp\/v2\/product\/102857\/revisions\/102862"}],"wp:featuredmedia":[{"embeddable":true,"href":"https:\/\/brandss.com.py\/index\/wp-json\/wp\/v2\/media\/102858"}],"wp:attachment":[{"href":"https:\/\/brandss.com.py\/index\/wp-json\/wp\/v2\/media?parent=102857"}],"wp:term":[{"taxonomy":"product_brand","embeddable":true,"href":"https:\/\/brandss.com.py\/index\/wp-json\/wp\/v2\/product_brand?post=102857"},{"taxonomy":"product_cat","embeddable":true,"href":"https:\/\/brandss.com.py\/index\/wp-json\/wp\/v2\/product_cat?post=102857"},{"taxonomy":"product_tag","embeddable":true,"href":"https:\/\/brandss.com.py\/index\/wp-json\/wp\/v2\/product_tag?post=102857"}],"curies":[{"name":"wp","href":"https:\/\/api.w.org\/{rel}","templated":true}]}}