{"id":102869,"date":"2026-04-28T12:02:34","date_gmt":"2026-04-28T12:02:34","guid":{"rendered":"https:\/\/brandss.com.py\/index\/?post_type=product&#038;p=102869"},"modified":"2026-04-28T12:03:07","modified_gmt":"2026-04-28T12:03:07","slug":"perfume-femenino-camara-seniorita-serina-edp-100ml","status":"publish","type":"product","link":"https:\/\/brandss.com.py\/index\/producto\/perfume-femenino-camara-seniorita-serina-edp-100ml\/","title":{"rendered":"PERFUME FEMENINO CAMARA SENIORITA SERINA EDP 100ML"},"content":{"rendered":"<p><img loading=\"lazy\" decoding=\"async\" class=\"\" src=\"https:\/\/aunmasguapa.com\/cdn\/shop\/collections\/Captura_de_pantalla_2025-01-12_a_las_20.12.24.png?v=1736709579&amp;width=1500\" alt=\"PERFUME FEMENINO CAMARA POSH POWDERY EDP 100ML \u2013 Brands\" width=\"143\" height=\"132\" \/><\/p>\n<h1>SENIORITA SERINA<\/h1>\n<p>Es una fragancia encantadora y sofisticada, dise\u00f1ada para la mujer moderna que desea resaltar su elegancia y feminidad. Envuelve los sentidos con delicadas notas y una composici\u00f3n armoniosa, prometiendo una larga duraci\u00f3n gracias a su concentraci\u00f3n de esencias. Seniorita Serina es una sinfon\u00eda de sofisticaci\u00f3n y elegancia contempor\u00e1nea. Presentado en un elegante frasco de 100 ml, es el accesorio perfecto para cualquier ocasi\u00f3n, ya sea un d\u00eda de trabajo o una noche especial. Despierta a la Senorita que llevas dentro con este perfume exclusivo y seductor.<\/p>\n<h3>Notas Olfativas<\/h3>\n<p>El perfume\u00a0Seniorita Serina\u00a0de Camara es una fragancia de la familia olfativa<strong>\u00a0<\/strong>floral frutal para mujeres. Con una mezcla armoniosa de notas frescas, florales y amaderadas, esta fragancia envolvente cautiva los sentidos desde el primer instante. Las notas de salida c\u00edtricas y revitalizantes, el coraz\u00f3n floral delicado, y la base c\u00e1lida de maderas nobles y almizcle aseguran una experiencia duradera y distintiva. Ideal para quienes buscan una fragancia que exprese estilo y sofisticaci\u00f3n, Camara es perfecto para cualquier ocasi\u00f3n especial, dejando una presencia inolvidable y refinada.<\/p>\n<ul>\n<li><strong>Notas de salida:<\/strong> bergamota, grosella negra, manzana.<\/li>\n<li><strong>Nota de coraz\u00f3n: <\/strong>jazm\u00edn, rosa, flor de azahar.<\/li>\n<li><span dir=\"ltr\" lang=\"es-MX\"><strong>Notas de fondo: <\/strong>\u00e1<\/span><span dir=\"ltr\" lang=\"es-MX\">mbar, vainilla, almizcle.<\/span><\/li>\n<\/ul>\n","protected":false},"excerpt":{"rendered":"<p>SENIORITA SERINA Es una fragancia encantadora y sofisticada, dise\u00f1ada para la mujer moderna que desea resaltar su elegancia y feminidad.<\/p>\n","protected":false},"featured_media":102870,"comment_status":"open","ping_status":"closed","template":"","meta":{"nf_dc_page":""},"product_brand":[1992],"product_cat":[84],"product_tag":[3600],"class_list":{"0":"post-102869","1":"product","2":"type-product","3":"status-publish","4":"has-post-thumbnail","6":"product_brand-camara","7":"product_cat-perfumeria","8":"product_tag-3600","10":"first","11":"instock","12":"shipping-taxable","13":"purchasable","14":"product-type-simple"},"_links":{"self":[{"href":"https:\/\/brandss.com.py\/index\/wp-json\/wp\/v2\/product\/102869","targetHints":{"allow":["GET"]}}],"collection":[{"href":"https:\/\/brandss.com.py\/index\/wp-json\/wp\/v2\/product"}],"about":[{"href":"https:\/\/brandss.com.py\/index\/wp-json\/wp\/v2\/types\/product"}],"replies":[{"embeddable":true,"href":"https:\/\/brandss.com.py\/index\/wp-json\/wp\/v2\/comments?post=102869"}],"version-history":[{"count":1,"href":"https:\/\/brandss.com.py\/index\/wp-json\/wp\/v2\/product\/102869\/revisions"}],"predecessor-version":[{"id":102873,"href":"https:\/\/brandss.com.py\/index\/wp-json\/wp\/v2\/product\/102869\/revisions\/102873"}],"wp:featuredmedia":[{"embeddable":true,"href":"https:\/\/brandss.com.py\/index\/wp-json\/wp\/v2\/media\/102870"}],"wp:attachment":[{"href":"https:\/\/brandss.com.py\/index\/wp-json\/wp\/v2\/media?parent=102869"}],"wp:term":[{"taxonomy":"product_brand","embeddable":true,"href":"https:\/\/brandss.com.py\/index\/wp-json\/wp\/v2\/product_brand?post=102869"},{"taxonomy":"product_cat","embeddable":true,"href":"https:\/\/brandss.com.py\/index\/wp-json\/wp\/v2\/product_cat?post=102869"},{"taxonomy":"product_tag","embeddable":true,"href":"https:\/\/brandss.com.py\/index\/wp-json\/wp\/v2\/product_tag?post=102869"}],"curies":[{"name":"wp","href":"https:\/\/api.w.org\/{rel}","templated":true}]}}