{"id":102890,"date":"2026-04-28T14:36:01","date_gmt":"2026-04-28T14:36:01","guid":{"rendered":"https:\/\/brandss.com.py\/index\/?post_type=product&#038;p=102890"},"modified":"2026-04-28T14:36:24","modified_gmt":"2026-04-28T14:36:24","slug":"perfume-masculino-hamidi-addicted-intense-parfum-120ml","status":"publish","type":"product","link":"https:\/\/brandss.com.py\/index\/producto\/perfume-masculino-hamidi-addicted-intense-parfum-120ml\/","title":{"rendered":"PERFUME MASCULINO HAMIDI ADDICTED INTENSE PARFUM 120ML"},"content":{"rendered":"<p><img loading=\"lazy\" decoding=\"async\" class=\"\" src=\"https:\/\/www.hamidi.us\/cdn\/shop\/files\/LOGO_2_HAMIDI_PNG.png?v=1739567192\" alt=\"HAMIDI USA\" width=\"97\" height=\"97\" \/><\/p>\n<h1>ADDICTED INTENSE<\/h1>\n<p><span dir=\"auto\">Desata tu masculinidad moderna con Addictive Intense: tu fragancia distintiva para cada ocasi\u00f3n. <\/span><span dir=\"auto\">Una fragancia revitalizante que irradia un car\u00e1cter masculino profundo e intenso. El perfume Masculino Addicted Intense representa una nueva adicci\u00f3n a la que no querr\u00e1s renunciar. Revelar\u00e1 todas las facetas de tu personalidad y resaltar\u00e1 a la perfecci\u00f3n tu extraordinario atractivo.<\/span><\/p>\n<p><img loading=\"lazy\" decoding=\"async\" class=\"alignleft\" src=\"https:\/\/tuzzut.com\/cdn\/shop\/files\/rn-image_picker_lib_temp_c6ba0fad-471e-44fd-8b3a-d7b97008d3b6_500x.jpg?v=1740802474\" width=\"348\" height=\"386\" \/><\/p>\n<h3><\/h3>\n<h3>Notas Olfativas<\/h3>\n<p>Addicted Intense Parfum es una fragancia masculina perteneciente a la familia olfativa chipre frutada con car\u00e1cter moderno y sofisticado.<\/p>\n<p>Addictive Intense de Hamidi se abre con notas frutales frescas que crean un aroma estimulante. En el coraz\u00f3n, delicadas notas florales se combinan con abedul para a\u00f1adir un misterioso toque ahumado. El secado es una rica mezcla que culmina con una estela almizclada.<\/p>\n<p>&nbsp;<\/p>\n<p><strong>Notas de salida:<\/strong> bergamota, grosella negra, lima \u00e1cida, manzana, pi\u00f1a.<br \/>\n<strong>Notas de coraz\u00f3n:<\/strong> abedul, jazm\u00edn, rosa.<br \/>\n<strong>Notas de fondo:<\/strong> almizcle, \u00e1mbar gris, pachul\u00ed, vainilla.<\/p>\n","protected":false},"excerpt":{"rendered":"<p>ADDICTED INTENSE Desata tu masculinidad moderna con Addictive Intense: tu fragancia distintiva para cada ocasi\u00f3n. Una fragancia revitalizante que irradia<\/p>\n","protected":false},"featured_media":102891,"comment_status":"open","ping_status":"closed","template":"","meta":{"nf_dc_page":""},"product_brand":[2254],"product_cat":[84],"product_tag":[3603],"class_list":{"0":"post-102890","1":"product","2":"type-product","3":"status-publish","4":"has-post-thumbnail","6":"product_brand-hamidi","7":"product_cat-perfumeria","8":"product_tag-3603","10":"first","11":"instock","12":"shipping-taxable","13":"purchasable","14":"product-type-simple"},"_links":{"self":[{"href":"https:\/\/brandss.com.py\/index\/wp-json\/wp\/v2\/product\/102890","targetHints":{"allow":["GET"]}}],"collection":[{"href":"https:\/\/brandss.com.py\/index\/wp-json\/wp\/v2\/product"}],"about":[{"href":"https:\/\/brandss.com.py\/index\/wp-json\/wp\/v2\/types\/product"}],"replies":[{"embeddable":true,"href":"https:\/\/brandss.com.py\/index\/wp-json\/wp\/v2\/comments?post=102890"}],"version-history":[{"count":1,"href":"https:\/\/brandss.com.py\/index\/wp-json\/wp\/v2\/product\/102890\/revisions"}],"predecessor-version":[{"id":102898,"href":"https:\/\/brandss.com.py\/index\/wp-json\/wp\/v2\/product\/102890\/revisions\/102898"}],"wp:featuredmedia":[{"embeddable":true,"href":"https:\/\/brandss.com.py\/index\/wp-json\/wp\/v2\/media\/102891"}],"wp:attachment":[{"href":"https:\/\/brandss.com.py\/index\/wp-json\/wp\/v2\/media?parent=102890"}],"wp:term":[{"taxonomy":"product_brand","embeddable":true,"href":"https:\/\/brandss.com.py\/index\/wp-json\/wp\/v2\/product_brand?post=102890"},{"taxonomy":"product_cat","embeddable":true,"href":"https:\/\/brandss.com.py\/index\/wp-json\/wp\/v2\/product_cat?post=102890"},{"taxonomy":"product_tag","embeddable":true,"href":"https:\/\/brandss.com.py\/index\/wp-json\/wp\/v2\/product_tag?post=102890"}],"curies":[{"name":"wp","href":"https:\/\/api.w.org\/{rel}","templated":true}]}}