{"id":102899,"date":"2026-04-28T17:02:55","date_gmt":"2026-04-28T17:02:55","guid":{"rendered":"https:\/\/brandss.com.py\/index\/?post_type=product&#038;p=102899"},"modified":"2026-04-28T17:29:57","modified_gmt":"2026-04-28T17:29:57","slug":"mascara-de-pestana-maybelline-volumen-express-the-colossal-classic-washable-black","status":"publish","type":"product","link":"https:\/\/brandss.com.py\/index\/producto\/mascara-de-pestana-maybelline-volumen-express-the-colossal-classic-washable-black\/","title":{"rendered":"M\u00c1SCARA DE PESTA\u00d1A MAYBELLINE VOLUMEN EXPRESS THE COLOSSAL CLASSIC WASHABLE BLACK"},"content":{"rendered":"<p><img loading=\"lazy\" decoding=\"async\" class=\"\" src=\"https:\/\/1000marcas.net\/wp-content\/uploads\/2020\/02\/logo-Maybelline.png\" alt=\"Maybelline Logo - s\u00edmbolo, significado logotipo, historia, PNG\" width=\"165\" height=\"93\" \/><\/p>\n<h1>VOLUMEN EXPRESS THE COLOSSAL CLASSIC<\/h1>\n<p>La m\u00e1scara lavable Colossal\u00ae ofrece un volumen audaz, r\u00e1pido y colosal al instante. \u00a1El cepillo Mega Brush y la f\u00f3rmula con infusi\u00f3n de col\u00e1geno ofrecen nuestro mayor volumen en una sola capa! Gracias a su f\u00f3rmula con col\u00e1geno se funde con las pesta\u00f1as aportando m\u00e1s volumen.\u00a0Su mega cepillo, el doble que un cepillo normal, r\u00e1pido y f\u00e1cil de usar, consigue en una sola pasada un volumen extremo al instante, sin grumos, para unas pesta\u00f1as m\u00e1s voluminosas, m\u00e1s gruesas, impactantes.<img loading=\"lazy\" decoding=\"async\" class=\"alignleft\" src=\"https:\/\/es.maybelline.com\/-\/media\/project\/loreal\/brand-sites\/mny\/americas\/us\/eye-makeup\/mascara\/volum-express-the-colossal-washable-mascara\/new-2025\/maybelline-mascara-colossalclassic-black-wsh041554050905-hero.jpg?rev=f6d40870dbed4773a101c973f7dc3829&amp;cx=0.51&amp;cy=0.24&amp;cw=1500&amp;ch=1500&amp;hash=BB9165A4F6D84D0860D865C3D21F6138\" width=\"613\" height=\"613\" \/><\/p>\n<div id=\"ac-tabitem-1777394709505_1\" class=\"accordion__trigger is-active\" data-qa=\"ac-show\">\n<h2><\/h2>\n<h2 class=\"accordion-action--inner-text\">Beneficios<\/h2>\n<p>&nbsp;<\/p>\n<\/div>\n<div id=\"ac-panel-1777394709505_1\" class=\"accordion__content\" role=\"region\" aria-labelledby=\"ac-trigger-1777394709505_1\" aria-hidden=\"false\" data-qa=\"ac-panel\">\n<p>Grande, audaz y lo suficientemente r\u00e1pida como para conquistar Nueva York, esta m\u00e1scara de pesta\u00f1as sin grumos aumenta el volumen 9\u00a0veces en una sola pasada. Las pesta\u00f1as se ven m\u00e1s espesas y voluminosas gracias al ic\u00f3nico cepillo Mega Brush y a su f\u00f3rmula rellenadora, que contiene el doble de col\u00e1geno. Probada por oftalm\u00f3logos y apta para quienes usan lentes de contacto.<\/p>\n<div id=\"ac-tabitem-1777394709505_2\" class=\"accordion__trigger is-active\" data-qa=\"ac-show\">\n<h2><\/h2>\n<h2 class=\"accordion-action--inner-text\">C\u00f3mo aplicarlo<\/h2>\n<p>&nbsp;<\/p>\n<\/div>\n<div id=\"ac-panel-1777394709505_2\" class=\"accordion__content\" role=\"region\" aria-labelledby=\"ac-trigger-1777394709505_2\" aria-hidden=\"false\" data-qa=\"ac-panel\">\n<p>Paso\u00a01: Desliza el cepillo Mega Brush desde la ra\u00edz hasta la punta de las pesta\u00f1as para crear volumen instant\u00e1neo.<br \/>\nPaso\u00a02: Intenta que la m\u00e1scara no se seque entre capa y capa.<br \/>\nPaso\u00a03: La m\u00e1scara se puede quitar f\u00e1cilmente con el desmaquillante de ojos 100% sin aceites Maybelline Expert Eyes.<\/p>\n<\/div>\n<\/div>\n","protected":false},"excerpt":{"rendered":"<p>VOLUMEN EXPRESS THE COLOSSAL CLASSIC La m\u00e1scara lavable Colossal\u00ae ofrece un volumen audaz, r\u00e1pido y colosal al instante. \u00a1El cepillo<\/p>\n","protected":false},"featured_media":102900,"comment_status":"open","ping_status":"closed","template":"","meta":{"nf_dc_page":""},"product_brand":[224],"product_cat":[95],"product_tag":[3604],"class_list":{"0":"post-102899","1":"product","2":"type-product","3":"status-publish","4":"has-post-thumbnail","6":"product_brand-maybelline","7":"product_cat-maquillaje","8":"product_tag-3604","10":"first","11":"instock","12":"shipping-taxable","13":"purchasable","14":"product-type-simple"},"_links":{"self":[{"href":"https:\/\/brandss.com.py\/index\/wp-json\/wp\/v2\/product\/102899","targetHints":{"allow":["GET"]}}],"collection":[{"href":"https:\/\/brandss.com.py\/index\/wp-json\/wp\/v2\/product"}],"about":[{"href":"https:\/\/brandss.com.py\/index\/wp-json\/wp\/v2\/types\/product"}],"replies":[{"embeddable":true,"href":"https:\/\/brandss.com.py\/index\/wp-json\/wp\/v2\/comments?post=102899"}],"version-history":[{"count":1,"href":"https:\/\/brandss.com.py\/index\/wp-json\/wp\/v2\/product\/102899\/revisions"}],"predecessor-version":[{"id":102909,"href":"https:\/\/brandss.com.py\/index\/wp-json\/wp\/v2\/product\/102899\/revisions\/102909"}],"wp:featuredmedia":[{"embeddable":true,"href":"https:\/\/brandss.com.py\/index\/wp-json\/wp\/v2\/media\/102900"}],"wp:attachment":[{"href":"https:\/\/brandss.com.py\/index\/wp-json\/wp\/v2\/media?parent=102899"}],"wp:term":[{"taxonomy":"product_brand","embeddable":true,"href":"https:\/\/brandss.com.py\/index\/wp-json\/wp\/v2\/product_brand?post=102899"},{"taxonomy":"product_cat","embeddable":true,"href":"https:\/\/brandss.com.py\/index\/wp-json\/wp\/v2\/product_cat?post=102899"},{"taxonomy":"product_tag","embeddable":true,"href":"https:\/\/brandss.com.py\/index\/wp-json\/wp\/v2\/product_tag?post=102899"}],"curies":[{"name":"wp","href":"https:\/\/api.w.org\/{rel}","templated":true}]}}