{"id":102910,"date":"2026-04-28T17:29:38","date_gmt":"2026-04-28T17:29:38","guid":{"rendered":"https:\/\/brandss.com.py\/index\/?post_type=product&#038;p=102910"},"modified":"2026-04-28T17:30:11","modified_gmt":"2026-04-28T17:30:11","slug":"mascara-de-pestanas-maybelline-lash-sensational-sky-high-waterproof-very-black","status":"publish","type":"product","link":"https:\/\/brandss.com.py\/index\/producto\/mascara-de-pestanas-maybelline-lash-sensational-sky-high-waterproof-very-black\/","title":{"rendered":"M\u00c1SCARA DE PESTA\u00d1AS MAYBELLINE LASH SENSATIONAL SKY HIGH WATERPROOF VERY BLACK"},"content":{"rendered":"<p><img loading=\"lazy\" decoding=\"async\" class=\"\" src=\"https:\/\/1000marcas.net\/wp-content\/uploads\/2020\/02\/logo-Maybelline.png\" alt=\"Maybelline Logo - s\u00edmbolo, significado logotipo, historia, PNG\" width=\"156\" height=\"88\" \/><\/p>\n<h1>LASH SENSATIONAL SKY HIGH WATERPROOF<\/h1>\n<p>M\u00e1scara alargadora y voluminizadora para unas pesta\u00f1as impactantes Sky High desde todos los \u00e1ngulos. La m\u00e1scara de larga duraci\u00f3n ofrece longitud ilimitada y volumen completo. Esta incre\u00edble m\u00e1scara a prueba de agua ofrece una longitud ilimitada y un volumen redefinido a tus pesta\u00f1as.\u00a0 Su innovador cepillo c\u00f3nico y flexible alcanza todas tus pesta\u00f1as, incluso las m\u00e1s cortas.\u00a0 Su f\u00f3rmula a prueba de agua est\u00e1 infundida con extracto de bamb\u00fa y su dosificador permite tomar la cantidad exacta de producto para obtener unas pesta\u00f1as &#8220;altas&#8221;. Para conseguir su incre\u00edble efecto, aplica la m\u00e1scara de pesta\u00f1as desde la ra\u00edz hasta las puntas con un movimiento ascendente en zig-zag para distribuir la f\u00f3rmula uniformemente en todas las pesta\u00f1as. Si desea continuar aumentando el volumen, aplique una segunda o tercera capa. Para una mayor longitud, cepilla las pesta\u00f1as hacia arriba.\u00a0\u00a1Y ahora lo tienes!<img loading=\"lazy\" decoding=\"async\" class=\"alignleft\" src=\"https:\/\/es.maybelline.com\/-\/media\/project\/loreal\/brand-sites\/mny\/americas\/us\/eye-makeup\/mascara\/lash-sensational-sky-high-washable-mascara-makeup\/new-2025\/mny-eye-mascara-ls-sky-high-2026-atf-application_7863359.jpg?rev=-1&amp;cx=0&amp;cy=0&amp;cw=2000&amp;ch=2000&amp;hash=5726C4B989BFD5CF463DA419E6979037\" width=\"713\" height=\"713\" \/><\/p>\n<div id=\"ac-tabitem-1777396315752_1\" class=\"accordion__trigger is-active\" data-qa=\"ac-show\">\n<h2><\/h2>\n<h2 class=\"accordion-action--inner-text\">Beneficios<\/h2>\n<p>&nbsp;<\/p>\n<\/div>\n<div id=\"ac-panel-1777396315752_1\" class=\"accordion__content\" role=\"region\" aria-labelledby=\"ac-trigger-1777396315752_1\" aria-hidden=\"false\" data-qa=\"ac-panel\">\n<ul>\n<li>Pesta\u00f1as de gran impacto desde todos los \u00e1ngulos.<\/li>\n<li>La m\u00e1scara Lash Sensational Sky High proporciona un volumen completo y una longitud ilimitada.<\/li>\n<li>El exclusivo cepillo Flex Tower de la m\u00e1scara de pesta\u00f1as se dobla para dar volumen y extender cada pesta\u00f1a desde la ra\u00edz hasta la punta.<\/li>\n<li>M\u00e1scara resistente al agua con extracto y fibras de bamb\u00fa para unas pesta\u00f1as largas, voluminosas y ligeras que no se escaman ni manchan.<\/li>\n<li>Disponible de colores Very Black y Blackest Black.<\/li>\n<li>Probado para alergias.<\/li>\n<li>Probado por oftalm\u00f3logos.<\/li>\n<li>Adecuado para ojos sensibles y usuarios de lentes de contacto.<\/li>\n<li>Se quita f\u00e1cilmente con desmaquillante para ojos a prueba de agua.<\/li>\n<\/ul>\n<div id=\"ac-tabitem-1777396315752_2\" class=\"accordion__trigger is-active\" data-qa=\"ac-show\">\n<h2><\/h2>\n<h2 class=\"accordion-action--inner-text\">C\u00f3mo aplicarlo<\/h2>\n<p>&nbsp;<\/p>\n<\/div>\n<div id=\"ac-panel-1777396315752_2\" class=\"accordion__content\" role=\"region\" aria-labelledby=\"ac-trigger-1777396315752_2\" aria-hidden=\"false\" data-qa=\"ac-panel\">\n<p>Para obtener los mejores resultados, sujeta el cepillo flexible de la m\u00e1scara Maybelline Lash Sensational Sky High contra las pesta\u00f1as y exti\u00e9ndelo de la ra\u00edz a las puntas repetidamente hasta conseguir el volumen y la longitud deseados.<\/p>\n<\/div>\n<\/div>\n","protected":false},"excerpt":{"rendered":"<p>LASH SENSATIONAL SKY HIGH WATERPROOF M\u00e1scara alargadora y voluminizadora para unas pesta\u00f1as impactantes Sky High desde todos los \u00e1ngulos. La<\/p>\n","protected":false},"featured_media":102911,"comment_status":"open","ping_status":"closed","template":"","meta":{"nf_dc_page":""},"product_brand":[224],"product_cat":[95],"product_tag":[3605],"class_list":{"0":"post-102910","1":"product","2":"type-product","3":"status-publish","4":"has-post-thumbnail","6":"product_brand-maybelline","7":"product_cat-maquillaje","8":"product_tag-3605","10":"first","11":"instock","12":"shipping-taxable","13":"purchasable","14":"product-type-simple"},"_links":{"self":[{"href":"https:\/\/brandss.com.py\/index\/wp-json\/wp\/v2\/product\/102910","targetHints":{"allow":["GET"]}}],"collection":[{"href":"https:\/\/brandss.com.py\/index\/wp-json\/wp\/v2\/product"}],"about":[{"href":"https:\/\/brandss.com.py\/index\/wp-json\/wp\/v2\/types\/product"}],"replies":[{"embeddable":true,"href":"https:\/\/brandss.com.py\/index\/wp-json\/wp\/v2\/comments?post=102910"}],"version-history":[{"count":1,"href":"https:\/\/brandss.com.py\/index\/wp-json\/wp\/v2\/product\/102910\/revisions"}],"predecessor-version":[{"id":102920,"href":"https:\/\/brandss.com.py\/index\/wp-json\/wp\/v2\/product\/102910\/revisions\/102920"}],"wp:featuredmedia":[{"embeddable":true,"href":"https:\/\/brandss.com.py\/index\/wp-json\/wp\/v2\/media\/102911"}],"wp:attachment":[{"href":"https:\/\/brandss.com.py\/index\/wp-json\/wp\/v2\/media?parent=102910"}],"wp:term":[{"taxonomy":"product_brand","embeddable":true,"href":"https:\/\/brandss.com.py\/index\/wp-json\/wp\/v2\/product_brand?post=102910"},{"taxonomy":"product_cat","embeddable":true,"href":"https:\/\/brandss.com.py\/index\/wp-json\/wp\/v2\/product_cat?post=102910"},{"taxonomy":"product_tag","embeddable":true,"href":"https:\/\/brandss.com.py\/index\/wp-json\/wp\/v2\/product_tag?post=102910"}],"curies":[{"name":"wp","href":"https:\/\/api.w.org\/{rel}","templated":true}]}}