{"id":102921,"date":"2026-04-28T18:18:37","date_gmt":"2026-04-28T18:18:37","guid":{"rendered":"https:\/\/brandss.com.py\/index\/?post_type=product&#038;p=102921"},"modified":"2026-04-28T18:19:03","modified_gmt":"2026-04-28T18:19:03","slug":"mascara-para-pestanas-loreal-voluminous-lash-paradise-washable-200-black","status":"publish","type":"product","link":"https:\/\/brandss.com.py\/index\/producto\/mascara-para-pestanas-loreal-voluminous-lash-paradise-washable-200-black\/","title":{"rendered":"M\u00c1SCARA PARA PESTA\u00d1AS L\u2019OREAL VOLUMINOUS LASH PARADISE WASHABLE 200 BLACK"},"content":{"rendered":"<p><img loading=\"lazy\" decoding=\"async\" class=\"\" src=\"https:\/\/cdn.freebiesupply.com\/logos\/large\/2x\/l-oreal-3-logo-png-transparent.png\" alt=\"L'Oreal Logo PNG Transparent &amp; SVG Vector - Freebie Supply\" width=\"77\" height=\"77\" \/><\/p>\n<h1>VOLUMINOUS LASH PARADISE WASHABLE<\/h1>\n<p>\u00a1Lleva tus pesta\u00f1as al para\u00edso! La\u00a0m\u00e1scara para pesta\u00f1as\u00a0Lash Paradise Washable de\u00a0L\u2019Or\u00e9al Paris\u00a0te brinda volumen espectacular as\u00ed como alargamiento de impacto con el que no volver\u00e1s a necesitar un\u00a0<i>lifting<\/i>\u00a0de pesta\u00f1as. Nuestra primera m\u00e1scara de pesta\u00f1as para volumen y longitud voluptuosos. El cepillo de cerdas suaves y onduladas mantiene la f\u00f3rmula m\u00e1xima para una carga voluminizadora espectacular. M\u00e1s de 200 cerdas atrapan cada pesta\u00f1a para un efecto de flecos completo. La f\u00f3rmula de deslizamiento suave proporciona un volumen sedoso en una sola capa. Las pesta\u00f1as son muy suaves al tacto.<img decoding=\"async\" class=\"alignleft\" src=\"https:\/\/www.lorealparis-centroamerica.com\/-\/media\/project\/loreal\/brand-sites\/oap\/americas\/latam\/products\/makeup\/eye-makeup\/voluminous\/lash-paradise\/lash-paradise-washable\/lash-paradise-ws-mascara-before-after-2.jpg?w=500&amp;hash=F60F5AC3A1556741EBBC922737EEA897\" \/><\/p>\n<p>Las mujeres estuvieron de acuerdo: el 91% vio pesta\u00f1as intensas y voluminosas y el 87% vio pesta\u00f1as m\u00e1s hermosas. + 98% de efecto alargador.<\/p>\n<div class=\"oap-collapsible__content\">\n<div class=\"rich-text\">\n<div class=\"component-content\">\n<div class=\"field-text\">\n<p>Lash Paradise Washable tiene un formato lavable, por lo que podr\u00e1s retirarla con facilidad y sin frotar, protegiendo as\u00ed tus pesta\u00f1as y ojos. Su f\u00f3rmula est\u00e1 enriquecida con aceite de ricino, el cual cuida tus pesta\u00f1as, dej\u00e1ndolas m\u00e1s suaves y flexibles.<\/p>\n<p>Su cepillo ultra suave las densifica y eleva para darte unas\u00a0pesta\u00f1as rizadas\u00a0por m\u00e1s tiempo. Adem\u00e1s, multiplica su grosor y volumen mientras retiene la cantidad perfecta de f\u00f3rmula para intensificar el look de tu mirada sin desperdiciar producto. Sin sensaci\u00f3n pesada gracias a su textura cremosa. Tampoco deja grumos y no despigmenta despu\u00e9s de su uso.<\/p>\n<p>T\u00fa decides c\u00f3mo usar esta\u00a0m\u00e1scara L\u2019Or\u00e9al Paris\u00a0que ya es una de las favoritas entre las amantes del maquillaje y la belleza. Con una aplicaci\u00f3n ligera podr\u00e1s conseguir una apariencia natural y al aplicar m\u00e1s capas, obtendr\u00e1s un resultado dram\u00e1tico y llamativo. Su larga duraci\u00f3n te acompa\u00f1ar\u00e1 a donde sea que vayas.<\/p>\n<p>Prueba ya Lash Paradise Washable y consigue un efecto\u00a0<em>lifting<\/em>\u00a0de pesta\u00f1as\u00a0todos los d\u00edas y sin salir de casa.<\/p>\n<h3><\/h3>\n<h3 class=\"text-uppercase bold-text\">Modo de uso<\/h3>\n<p>&nbsp;<\/p>\n<div id=\"howTo\" class=\"collapse in product\">\n<p>Aplicar sobre las pesta\u00f1as superiores e inferiores hasta conseguir el volumen y la intensidad deseados. Aplica la mascara comenzando desde la base, haciendo peque\u00f1os movimientos en zigzag para cubrir cada pesta\u00f1a con la f\u00f3rmula.<\/p>\n<\/div>\n<\/div>\n<\/div>\n<\/div>\n<\/div>\n","protected":false},"excerpt":{"rendered":"<p>VOLUMINOUS LASH PARADISE WASHABLE \u00a1Lleva tus pesta\u00f1as al para\u00edso! La\u00a0m\u00e1scara para pesta\u00f1as\u00a0Lash Paradise Washable de\u00a0L\u2019Or\u00e9al Paris\u00a0te brinda volumen espectacular as\u00ed<\/p>\n","protected":false},"featured_media":102922,"comment_status":"open","ping_status":"closed","template":"","meta":{"nf_dc_page":""},"product_brand":[349],"product_cat":[95],"product_tag":[3606],"class_list":{"0":"post-102921","1":"product","2":"type-product","3":"status-publish","4":"has-post-thumbnail","6":"product_brand-loreal","7":"product_cat-maquillaje","8":"product_tag-3606","10":"first","11":"instock","12":"shipping-taxable","13":"purchasable","14":"product-type-simple"},"_links":{"self":[{"href":"https:\/\/brandss.com.py\/index\/wp-json\/wp\/v2\/product\/102921","targetHints":{"allow":["GET"]}}],"collection":[{"href":"https:\/\/brandss.com.py\/index\/wp-json\/wp\/v2\/product"}],"about":[{"href":"https:\/\/brandss.com.py\/index\/wp-json\/wp\/v2\/types\/product"}],"replies":[{"embeddable":true,"href":"https:\/\/brandss.com.py\/index\/wp-json\/wp\/v2\/comments?post=102921"}],"version-history":[{"count":1,"href":"https:\/\/brandss.com.py\/index\/wp-json\/wp\/v2\/product\/102921\/revisions"}],"predecessor-version":[{"id":102929,"href":"https:\/\/brandss.com.py\/index\/wp-json\/wp\/v2\/product\/102921\/revisions\/102929"}],"wp:featuredmedia":[{"embeddable":true,"href":"https:\/\/brandss.com.py\/index\/wp-json\/wp\/v2\/media\/102922"}],"wp:attachment":[{"href":"https:\/\/brandss.com.py\/index\/wp-json\/wp\/v2\/media?parent=102921"}],"wp:term":[{"taxonomy":"product_brand","embeddable":true,"href":"https:\/\/brandss.com.py\/index\/wp-json\/wp\/v2\/product_brand?post=102921"},{"taxonomy":"product_cat","embeddable":true,"href":"https:\/\/brandss.com.py\/index\/wp-json\/wp\/v2\/product_cat?post=102921"},{"taxonomy":"product_tag","embeddable":true,"href":"https:\/\/brandss.com.py\/index\/wp-json\/wp\/v2\/product_tag?post=102921"}],"curies":[{"name":"wp","href":"https:\/\/api.w.org\/{rel}","templated":true}]}}