{"id":102930,"date":"2026-04-28T18:44:27","date_gmt":"2026-04-28T18:44:27","guid":{"rendered":"https:\/\/brandss.com.py\/index\/?post_type=product&#038;p=102930"},"modified":"2026-04-28T18:44:47","modified_gmt":"2026-04-28T18:44:47","slug":"mascara-para-pestanas-loreal-telescopic-lift-washable-black","status":"publish","type":"product","link":"https:\/\/brandss.com.py\/index\/producto\/mascara-para-pestanas-loreal-telescopic-lift-washable-black\/","title":{"rendered":"M\u00c1SCARA PARA PESTA\u00d1AS L\u2019OR\u00c9AL TELESCOPIC LIFT WASHABLE BLACK"},"content":{"rendered":"<p><img loading=\"lazy\" decoding=\"async\" class=\"\" src=\"https:\/\/cdn.freebiesupply.com\/logos\/large\/2x\/l-oreal-3-logo-png-transparent.png\" alt=\"L'Oreal Logo PNG Transparent &amp; SVG Vector - Freebie Supply\" width=\"113\" height=\"113\" \/><\/p>\n<h1>TELESCOPIC LIFT WASHABLE<\/h1>\n<div class=\"rich-text\"><em><strong>\u00a1Lleva tus pesta\u00f1as al siguiente nivel con Telescopic Lift de L&#8217;Or\u00e9al Paris! <\/strong><\/em><\/div>\n<div class=\"rich-text\">Una mascara de pesta\u00f1as que te da +5mm de alargamiento, volumen y curvatura al instante. F\u00f3rmula infusionada con ceramidas para dejarte un pesta\u00f1on hasta por 36 horas. Un ic\u00f3nico cepillo de doble gancho para levantar y curvear tus pesta\u00f1as, ideal para todo tipo de pesta\u00f1as.<img decoding=\"async\" class=\"alignleft\" src=\"https:\/\/www.lorealparis-centroamerica.com\/-\/media\/project\/loreal\/brand-sites\/oap\/americas\/latam\/products\/makeup\/eye-makeup\/telescopic-lift\/pestanas-lavable\/loreal-paris-telescopic-lift-mascara-lavable-pestanas-beneficios.jpg?w=500&amp;hash=EED677FC1D63888BC9E87562120799C9\" \/><\/div>\n<div class=\"rich-text\">Su exclusivo cepillo de cerdas de doble gancho atrapa y carga cada pesta\u00f1a, garantizando un efecto impresionante. Adem\u00e1s, su f\u00f3rmula asegura que tu mirada se mantenga impecable durante hasta 36 horas de uso, para que obtengas unas pesta\u00f1as irresistibles con facilidad y estilo.<\/div>\n<div><\/div>\n<h3>Modo de uso<\/h3>\n<div>\n<div class=\"oap-collapsible__content\">\n<div class=\"rich-text\">\n<div class=\"component-content\">\n<div class=\"field-text\">Paso 1: Usa el lado curvo del cepillo para levantar tus pesta\u00f1as. Coloca el cepillo en la base de las pesta\u00f1as y haz un movimiento ascendente hasta la punta.<br \/>\nPaso 2: Usa el lado m\u00e1s largo del cepillo para separar tus pesta\u00f1as, obtener m\u00e1s volumen y longitud.<br \/>\nPaso 3: Si es necesario, agrega otra capa para realzar y dar volumen adicional.<\/div>\n<\/div>\n<\/div>\n<\/div>\n<\/div>\n","protected":false},"excerpt":{"rendered":"<p>TELESCOPIC LIFT WASHABLE \u00a1Lleva tus pesta\u00f1as al siguiente nivel con Telescopic Lift de L&#8217;Or\u00e9al Paris! Una mascara de pesta\u00f1as que<\/p>\n","protected":false},"featured_media":102931,"comment_status":"open","ping_status":"closed","template":"","meta":{"nf_dc_page":""},"product_brand":[349],"product_cat":[95],"product_tag":[3607],"class_list":{"0":"post-102930","1":"product","2":"type-product","3":"status-publish","4":"has-post-thumbnail","6":"product_brand-loreal","7":"product_cat-maquillaje","8":"product_tag-3607","10":"first","11":"instock","12":"shipping-taxable","13":"purchasable","14":"product-type-simple"},"_links":{"self":[{"href":"https:\/\/brandss.com.py\/index\/wp-json\/wp\/v2\/product\/102930","targetHints":{"allow":["GET"]}}],"collection":[{"href":"https:\/\/brandss.com.py\/index\/wp-json\/wp\/v2\/product"}],"about":[{"href":"https:\/\/brandss.com.py\/index\/wp-json\/wp\/v2\/types\/product"}],"replies":[{"embeddable":true,"href":"https:\/\/brandss.com.py\/index\/wp-json\/wp\/v2\/comments?post=102930"}],"version-history":[{"count":1,"href":"https:\/\/brandss.com.py\/index\/wp-json\/wp\/v2\/product\/102930\/revisions"}],"predecessor-version":[{"id":102938,"href":"https:\/\/brandss.com.py\/index\/wp-json\/wp\/v2\/product\/102930\/revisions\/102938"}],"wp:featuredmedia":[{"embeddable":true,"href":"https:\/\/brandss.com.py\/index\/wp-json\/wp\/v2\/media\/102931"}],"wp:attachment":[{"href":"https:\/\/brandss.com.py\/index\/wp-json\/wp\/v2\/media?parent=102930"}],"wp:term":[{"taxonomy":"product_brand","embeddable":true,"href":"https:\/\/brandss.com.py\/index\/wp-json\/wp\/v2\/product_brand?post=102930"},{"taxonomy":"product_cat","embeddable":true,"href":"https:\/\/brandss.com.py\/index\/wp-json\/wp\/v2\/product_cat?post=102930"},{"taxonomy":"product_tag","embeddable":true,"href":"https:\/\/brandss.com.py\/index\/wp-json\/wp\/v2\/product_tag?post=102930"}],"curies":[{"name":"wp","href":"https:\/\/api.w.org\/{rel}","templated":true}]}}