{"id":102948,"date":"2026-04-29T11:27:08","date_gmt":"2026-04-29T11:27:08","guid":{"rendered":"https:\/\/brandss.com.py\/index\/?post_type=product&#038;p=102948"},"modified":"2026-04-29T11:27:33","modified_gmt":"2026-04-29T11:27:33","slug":"mascara-para-pestanas-loreal-air-volume-mega-waterproof-blackest-black","status":"publish","type":"product","link":"https:\/\/brandss.com.py\/index\/producto\/mascara-para-pestanas-loreal-air-volume-mega-waterproof-blackest-black\/","title":{"rendered":"M\u00c1SCARA PARA PESTA\u00d1AS L\u2019OR\u00c9AL AIR VOLUME MEGA WATERPROOF BLACKEST BLACK"},"content":{"rendered":"<p><img loading=\"lazy\" decoding=\"async\" class=\"\" src=\"https:\/\/cdn.freebiesupply.com\/logos\/large\/2x\/l-oreal-3-logo-png-transparent.png\" alt=\"L'Oreal Logo PNG Transparent &amp; SVG Vector - Freebie Supply\" width=\"106\" height=\"106\" \/><\/p>\n<h1>AIR VOLUME MEGA WATERPROOF<\/h1>\n<h6><em>Desaf\u00eda las reglas del volumen con la nueva m\u00e1scara de pesta\u00f1as Volume Air: Pesta\u00f1as voluminosas, pero livianas como el aire.<\/em><\/h6>\n<p>Haz saltar por los aires las reglas del volumen con Air Volume Mascara waterproof. La f\u00f3rmula waterproof crea un volumen ligero que dura hasta 24 horas. Air Volume Mega Mascara waterproof, una nueva evoluci\u00f3n del mega volumen de pesta\u00f1as que las infla e hincha, como un globo aerost\u00e1tico, pero que resulta tan ligera como el aire Con una f\u00f3rmula y un envase nuevos e ingeniosos, Air Volume desaf\u00eda las reglas de la gravedad y el volumen.<img loading=\"lazy\" decoding=\"async\" class=\"alignleft\" src=\"https:\/\/gpsfarma.com\/media\/catalog\/product\/3\/0\/30162174_7.jpg?quality=80&amp;bg-color=255,255,255&amp;fit=bounds&amp;height=610&amp;width=942&amp;canvas=942:610\" width=\"880\" height=\"880\" \/><\/p>\n<p>La f\u00f3rmula Air Volume waterproof se aplica con aire para crear un efecto multiplicador de pesta\u00f1as con volumen que no pesa sobre las pesta\u00f1as. Este mega volumen ligero y waterproof se fija durante todo el d\u00eda y dura hasta 24 horas. La clave del impacto del mega volumen y de la larga duraci\u00f3n est\u00e1 en el equipo de construcci\u00f3n de pesta\u00f1as de la f\u00f3rmula aireada y el cepillo de doble cerda. El exclusivo cepillo de cerdas acolchadas y alta carga captura, separa y recubre cada pesta\u00f1a desde la ra\u00edz hasta la punta para conseguir unas pesta\u00f1as espesas y voluminosas. Las cerdas cortas atrapan y cargan las pesta\u00f1as profundamente en las ra\u00edces, mientras que las cerdas largas dispensan la f\u00f3rmula negro intenso de manera uniforme para unas pesta\u00f1as totalmente desplegadas. El envase azul met\u00e1lico en forma de globo protege y sella la f\u00f3rmula aireada. En cada aplicaci\u00f3n, las pesta\u00f1as se inflan y se hinchan hasta alcanzar niveles espectaculares de volumen.<\/p>\n<p>\u00a1Waterproof pero no dif\u00edcil de remover!<\/p>\n<h3>Caracter\u00edsticas<\/h3>\n<ul class=\"mv0 pl4\">\n<li>L&#8217;Oreal Paris Air Volume ligero Washable Mega Mascara, Blackest Black.<\/li>\n<li>L&#8217;Oreal Paris presenta el mega r\u00edmel de volumen de aire, una nueva evoluci\u00f3n del mega volumen de pesta\u00f1as que infla y abulta las pesta\u00f1as, como un globo aerost\u00e1tico, pero se siente ligero como el aire.<\/li>\n<li>Con una nueva f\u00f3rmula ingeniosa y empaque, el volumen de aire desaf\u00eda las reglas de gravedad y volumen.<\/li>\n<li>La f\u00f3rmula de volumen de aire se bate con aire para crear un efecto de multiplicaci\u00f3n de pesta\u00f1as con m\u00e1s volumen y sin peso en las pesta\u00f1as.<\/li>\n<li>Este mega volumen y uso sin peso se asegura para un uso durante todo el d\u00eda, durando hasta 24 horas.<\/li>\n<li>La clave para el impacto de mega volumen y el uso prolongado est\u00e1 en el equipo de construcci\u00f3n de pesta\u00f1as de la f\u00f3rmula aireada y el cepillo de doble cerda<\/li>\n<\/ul>\n<h3>\nModo de uso<\/h3>\n<p>Aplica la m\u00e1scara desde la ra\u00edz a las puntas de tus pesta\u00f1as. Consigue un efecto m\u00e1s voluminoso aplicando varias capas de Volume Air.<\/p>\n","protected":false},"excerpt":{"rendered":"<p>AIR VOLUME MEGA WATERPROOF Desaf\u00eda las reglas del volumen con la nueva m\u00e1scara de pesta\u00f1as Volume Air: Pesta\u00f1as voluminosas, pero<\/p>\n","protected":false},"featured_media":102949,"comment_status":"open","ping_status":"closed","template":"","meta":{"nf_dc_page":""},"product_brand":[349],"product_cat":[95],"product_tag":[3609],"class_list":{"0":"post-102948","1":"product","2":"type-product","3":"status-publish","4":"has-post-thumbnail","6":"product_brand-loreal","7":"product_cat-maquillaje","8":"product_tag-3609","10":"first","11":"instock","12":"shipping-taxable","13":"purchasable","14":"product-type-simple"},"_links":{"self":[{"href":"https:\/\/brandss.com.py\/index\/wp-json\/wp\/v2\/product\/102948","targetHints":{"allow":["GET"]}}],"collection":[{"href":"https:\/\/brandss.com.py\/index\/wp-json\/wp\/v2\/product"}],"about":[{"href":"https:\/\/brandss.com.py\/index\/wp-json\/wp\/v2\/types\/product"}],"replies":[{"embeddable":true,"href":"https:\/\/brandss.com.py\/index\/wp-json\/wp\/v2\/comments?post=102948"}],"version-history":[{"count":1,"href":"https:\/\/brandss.com.py\/index\/wp-json\/wp\/v2\/product\/102948\/revisions"}],"predecessor-version":[{"id":102956,"href":"https:\/\/brandss.com.py\/index\/wp-json\/wp\/v2\/product\/102948\/revisions\/102956"}],"wp:featuredmedia":[{"embeddable":true,"href":"https:\/\/brandss.com.py\/index\/wp-json\/wp\/v2\/media\/102949"}],"wp:attachment":[{"href":"https:\/\/brandss.com.py\/index\/wp-json\/wp\/v2\/media?parent=102948"}],"wp:term":[{"taxonomy":"product_brand","embeddable":true,"href":"https:\/\/brandss.com.py\/index\/wp-json\/wp\/v2\/product_brand?post=102948"},{"taxonomy":"product_cat","embeddable":true,"href":"https:\/\/brandss.com.py\/index\/wp-json\/wp\/v2\/product_cat?post=102948"},{"taxonomy":"product_tag","embeddable":true,"href":"https:\/\/brandss.com.py\/index\/wp-json\/wp\/v2\/product_tag?post=102948"}],"curies":[{"name":"wp","href":"https:\/\/api.w.org\/{rel}","templated":true}]}}