{"id":102957,"date":"2026-04-29T11:47:24","date_gmt":"2026-04-29T11:47:24","guid":{"rendered":"https:\/\/brandss.com.py\/index\/?post_type=product&#038;p=102957"},"modified":"2026-04-29T11:47:42","modified_gmt":"2026-04-29T11:47:42","slug":"mascara-para-pestanas-loreal-paradise-big-deal-black-washable","status":"publish","type":"product","link":"https:\/\/brandss.com.py\/index\/producto\/mascara-para-pestanas-loreal-paradise-big-deal-black-washable\/","title":{"rendered":"M\u00c1SCARA PARA PESTA\u00d1AS L&#8217;OR\u00c9AL PARADISE BIG DEAL BLACK WASHABLE"},"content":{"rendered":"<p><img loading=\"lazy\" decoding=\"async\" class=\"\" src=\"https:\/\/cdn.freebiesupply.com\/logos\/large\/2x\/l-oreal-3-logo-png-transparent.png\" alt=\"L'Oreal Logo PNG Transparent &amp; SVG Vector - Freebie Supply\" width=\"82\" height=\"82\" \/><\/p>\n<h1>PARADISE BIG DEAL<\/h1>\n<h5 class=\"rich-text\"><em>\u00a1Hac\u00e9 de tus pesta\u00f1as algo grande con la nueva M\u00e1scara Paradise Big Deal lavable de L\u00b4Or\u00e9al Paris!\u00a0\u00a0<\/em><\/h5>\n<div class=\"rich-text\">\nConsegu\u00ed una longitud y un volumen excepcionales. Descubr\u00ed el nuevo cepillo c\u00f3nico cruzado y no te saltees ni una pesta\u00f1a. Sus cerdas cubren las pesta\u00f1as uniformemente, una a una, desde la ra\u00edz hasta la punta, para una intensidad modulable sin grumos.<img decoding=\"async\" class=\"alignleft\" src=\"https:\/\/www.lorealparis.com.ar\/-\/media\/project\/loreal\/brand-sites\/oap\/americas\/ar\/articles\/paradise-big-deal\/paradise-wsh\/7.jpg?w=500&amp;hash=FFBF7BF327416F84CA1C194608A6C8F7\" \/><br \/>\nSu f\u00f3rmula te permite lucir unas pesta\u00f1as voluminosas y suaves con un acabado ligero. M\u00e1s que una m\u00e1scara de pesta\u00f1as, es una sensaci\u00f3n.<br \/>\nTesteada bajo control oftalmol\u00f3gico, apta para ojos sensibles y usuarios de lentes de contacto.<\/div>\n<div><\/div>\n<h3>Beneficios<\/h3>\n<div><\/div>\n<div>\n<div class=\"oap-collapsible__content\">\n<div data-ioplist=\"\">\n<div class=\"rich-text\">\n<div class=\"component-content\">\n<ul>\n<li class=\"field-text\">Aporta 20 veces m\u00e1s volumen.<\/li>\n<li class=\"field-text\">Alarga y separa tus pesta\u00f1as sin grumos, capa tras capa.<\/li>\n<li class=\"field-text\">F\u00f3rmula suave y ligera.<\/li>\n<li class=\"field-text\">F\u00e1cil de desmaquillar.<\/li>\n<li class=\"field-text\">Testeada bajo control oftalmol\u00f3gico, apta para ojos sensibles y usuarios de lentes de contacto.<\/li>\n<\/ul>\n<h3>Modo de uso<\/h3>\n<div class=\"oap-collapsible__content\">\n<div class=\"rich-text\">\n<div class=\"component-content\">\n<ol>\n<li class=\"field-text\">Coloc\u00e1 el cepillo c\u00f3nico en la base de las pesta\u00f1as y deslizalo suavemente hacia las puntas.<\/li>\n<li class=\"field-text\">Repet\u00ed las veces que quieras para lograr mayor volumen y longitud.<\/li>\n<\/ol>\n<\/div>\n<\/div>\n<\/div>\n<\/div>\n<\/div>\n<\/div>\n<\/div>\n<\/div>\n","protected":false},"excerpt":{"rendered":"<p>PARADISE BIG DEAL \u00a1Hac\u00e9 de tus pesta\u00f1as algo grande con la nueva M\u00e1scara Paradise Big Deal lavable de L\u00b4Or\u00e9al Paris!\u00a0\u00a0<\/p>\n","protected":false},"featured_media":102958,"comment_status":"open","ping_status":"closed","template":"","meta":{"nf_dc_page":""},"product_brand":[349],"product_cat":[95],"product_tag":[3610],"class_list":{"0":"post-102957","1":"product","2":"type-product","3":"status-publish","4":"has-post-thumbnail","6":"product_brand-loreal","7":"product_cat-maquillaje","8":"product_tag-3610","10":"first","11":"instock","12":"shipping-taxable","13":"purchasable","14":"product-type-simple"},"_links":{"self":[{"href":"https:\/\/brandss.com.py\/index\/wp-json\/wp\/v2\/product\/102957","targetHints":{"allow":["GET"]}}],"collection":[{"href":"https:\/\/brandss.com.py\/index\/wp-json\/wp\/v2\/product"}],"about":[{"href":"https:\/\/brandss.com.py\/index\/wp-json\/wp\/v2\/types\/product"}],"replies":[{"embeddable":true,"href":"https:\/\/brandss.com.py\/index\/wp-json\/wp\/v2\/comments?post=102957"}],"version-history":[{"count":1,"href":"https:\/\/brandss.com.py\/index\/wp-json\/wp\/v2\/product\/102957\/revisions"}],"predecessor-version":[{"id":102966,"href":"https:\/\/brandss.com.py\/index\/wp-json\/wp\/v2\/product\/102957\/revisions\/102966"}],"wp:featuredmedia":[{"embeddable":true,"href":"https:\/\/brandss.com.py\/index\/wp-json\/wp\/v2\/media\/102958"}],"wp:attachment":[{"href":"https:\/\/brandss.com.py\/index\/wp-json\/wp\/v2\/media?parent=102957"}],"wp:term":[{"taxonomy":"product_brand","embeddable":true,"href":"https:\/\/brandss.com.py\/index\/wp-json\/wp\/v2\/product_brand?post=102957"},{"taxonomy":"product_cat","embeddable":true,"href":"https:\/\/brandss.com.py\/index\/wp-json\/wp\/v2\/product_cat?post=102957"},{"taxonomy":"product_tag","embeddable":true,"href":"https:\/\/brandss.com.py\/index\/wp-json\/wp\/v2\/product_tag?post=102957"}],"curies":[{"name":"wp","href":"https:\/\/api.w.org\/{rel}","templated":true}]}}