{"id":102977,"date":"2026-04-29T12:49:23","date_gmt":"2026-04-29T12:49:23","guid":{"rendered":"https:\/\/brandss.com.py\/index\/?post_type=product&#038;p=102977"},"modified":"2026-04-29T12:49:43","modified_gmt":"2026-04-29T12:49:43","slug":"crema-hidratante-masculino-nivea-men-care-150ml","status":"publish","type":"product","link":"https:\/\/brandss.com.py\/index\/producto\/crema-hidratante-masculino-nivea-men-care-150ml\/","title":{"rendered":"CREMA HIDRATANTE MASCULINO NIVEA MEN CARE 150ML"},"content":{"rendered":"<p><img loading=\"lazy\" decoding=\"async\" class=\"\" src=\"https:\/\/1000logos.net\/wp-content\/uploads\/2021\/04\/Nivea-logo.png\" alt=\"Nivea Logo and symbol, meaning, history, PNG, brand\" width=\"128\" height=\"72\" \/><\/p>\n<h1>CARE MEN<\/h1>\n<p>Una crema con una f\u00f3rmula ligera, no grasa, que se absorbe en cuesti\u00f3n de segundos y aporta una hidrataci\u00f3n duradera. Pr\u00e1ctica y funcional, apropiada para usar en la cara, manos, codos&#8230;La revolucionaria crema para la piel del hombre:\u00a0<span class=\"nx-no-hyphens\">NIVEA<\/span>\u00a0<span class=\"nx-no-hyphens\">MEN<\/span>\u00a0<span class=\"nx-no-hyphens\">Creme<\/span>.<\/p>\n<p>NIVEA\u00a0<span class=\"nx-no-hyphens\">MEN<\/span>\u00a0<span class=\"nx-no-hyphens\">Creme<\/span>: hombres, esta es su crema. Su f\u00f3rmula, con\u00a0<span class=\"nx-no-hyphens\">Vitamin<\/span>a E y enriquecida con una agradable fragancia masculina, ha sido desarrollada especial<span class=\"nx-no-hyphens\">men<\/span>te para cubrir las necesidades de hidrataci\u00f3n de la piel del hombre. Una crema con una f\u00f3rmula ligera, no grasa, que se absorbe en cuesti\u00f3n de segundos y aporta una hidrataci\u00f3n duradera. Pr\u00e1ctica y funcional, apropiada para usar en la cara, manos, codos&#8230;La revolucionaria crema para la piel del hombre:\u00a0<span class=\"nx-no-hyphens\">NIVEA<\/span>\u00a0<span class=\"nx-no-hyphens\">MEN<\/span>\u00a0<span class=\"nx-no-hyphens\">Creme<\/span>.<\/p>\n<h2 class=\"nx-u-section__headline nx-font--extrabold nx-font-heading-3 nx-u-mb-base-2 nx-txt-uppercase nx-u-txt--left nx-expand-section__headline\">Caracter\u00edsticas<\/h2>\n<div class=\"nx-benefits-list nx-benefits-list__advantages\">\n<ul class=\"nx-benefits-list__block\">\n<li class=\"nx-benefits-list__item\">Cuida tu piel hidrat\u00e1ndola y evitando que se reseque.<\/li>\n<li>Apropiada para la cara, cuerpo y manos.<\/li>\n<li class=\"nx-benefits-list__item\">F\u00f3rmula ligera y de r\u00e1pida absorci\u00f3n.<\/li>\n<li class=\"nx-benefits-list__item\">F\u00f3rmula no grasa y no pegajosa.<\/li>\n<li class=\"nx-benefits-list__item\">Especial<span class=\"nx-no-hyphens\">men<\/span>te elaborada para la piel del hombre.<\/li>\n<li>Dermatol\u00f3gica<span class=\"nx-no-hyphens\">men<\/span>te comprobado.<\/li>\n<\/ul>\n<\/div>\n<section class=\"nx-pdp-two-columns\" data-module=\"ProductDetailPageTwoColumns\" data-module-initialized=\"true\">\n<div class=\"nx-two-columns \">\n<div class=\"nx-two-columns__half-col nx-u-justify-start \">\n<section id=\"beneficios\" class=\"nx-advantages nx-u-section--separator nx-u-pt-base-3 nx-u-pb-base-3 nx-expand-section--show-on-mobile-only nx-expand-section nx-expand-section__background--desktop nx-expand-section--active\" data-anchor-text=\"Beneficios\" data-anchor-id=\"beneficios\" data-test=\"advantages\" data-options=\"{&quot;hideExpandable&quot;: false, &quot;titleAlignment&quot;: &quot;left&quot;, &quot;expanderOptions&quot;: {&quot;isExpanderOnPdp&quot;:true,&quot;isActive&quot;: true, &quot;contentAlignment&quot;: &quot;left&quot;, &quot;displayType&quot;: &quot;mobile only&quot; }}\" data-module=\"ExpandableSection\" data-tdata=\"[{&quot;Rule&quot;:&quot;GA4 Expandable Section Collapse&quot;,&quot;Ttrigger&quot;:&quot;Click&quot;,&quot;Tevent&quot;:{&quot;event&quot;:&quot;ga4_event&quot;,&quot;_clear&quot;:true,&quot;event_name&quot;:&quot;accordion_close&quot;,&quot;parameters&quot;:{&quot;accordion_title&quot;:&quot;Product Benefits&quot;}},&quot;Thint&quot;:&quot;.nx-u-section__headline&quot;,&quot;Tcondition&quot;:&quot;.nx-expand-section--active&quot;},{&quot;Rule&quot;:&quot;GA4 Expandable Section Expand&quot;,&quot;Ttrigger&quot;:&quot;Click&quot;,&quot;Tevent&quot;:{&quot;event&quot;:&quot;ga4_event&quot;,&quot;_clear&quot;:true,&quot;event_name&quot;:&quot;accordion_open&quot;,&quot;parameters&quot;:{&quot;accordion_title&quot;:&quot;Product Benefits&quot;}},&quot;Thint&quot;:&quot;.nx-u-section__headline&quot;,&quot;Tcondition&quot;:&quot;!.nx-expand-section--active&quot;}]\" data-tracking-initialized=\"true\" data-module-initialized=\"true\">\n<div class=\"nx-u-container nx-expand-section__container nx-expand-section__container--with-fade nx-expand-section__container--align-left\">\n<h2 class=\"nx-u-section__headline nx-txt-uppercase nx-font--extrabold nx-font-heading-3 nx-u-mb-base-3 nx-u-txt--left nx-expand-section__headline\">Beneficios<\/h2>\n<div class=\"nx-benefits-section\">\n<div class=\"nx-benefits nx-benefits__advantages nx-benefits__with-icons nx-benefits__with-labels\">\n<div class=\"nx-benefits__list\">\n<div class=\" nx-benefit\">\n<ul>\n<li class=\"nx-benefit__label nx-font-overheader-3 nx-font--bold\">Piel Equilibrada.<\/li>\n<li class=\"nx-benefit__label nx-font-overheader-3 nx-font--bold\">Cuidado.<\/li>\n<li class=\"nx-benefit__label nx-font-overheader-3 nx-font--bold\">Uso Diario.<\/li>\n<li class=\"nx-benefit__label nx-font-overheader-3 nx-font--bold\">Vitamina E.<\/li>\n<li class=\"nx-benefit__label nx-font-overheader-3 nx-font--bold\">Todo tipo de piel.<\/li>\n<li class=\"nx-benefit__label nx-font-overheader-3 nx-font--bold\">Piel Normal.<\/li>\n<\/ul>\n<\/div>\n<\/div>\n<\/div>\n<\/div>\n<\/div>\n<\/section>\n<\/div>\n<\/div>\n<\/section>\n<div class=\"nx-skip-link\"><\/div>\n<section class=\"nx-how-to-list nx-u-pt-base-3 nx-u-pb-base-3 nx-u-section--separator nx-expand-section--show-on-mobile-only nx-expand-section nx-expand-section__background--desktop nx-expand-section--active\" data-anchor-text=\"C\u00f3mo\" data-module=\"ExpandableSection\" data-text=\"howToList\" data-options=\"{&quot;hideExpandable&quot;: false, &quot;titleAlignment&quot;: &quot;left&quot;, &quot;expanderOptions&quot;: {&quot;isExpanderOnPdp&quot;:true,&quot;isActive&quot;: true, &quot;contentAlignment&quot;: &quot;left&quot;, &quot;displayType&quot;: &quot;mobile only&quot; }}\" data-is-portrait-video=\"False\" data-tdata=\"[{&quot;Rule&quot;:&quot;GA4 Expandable Section Collapse&quot;,&quot;Ttrigger&quot;:&quot;Click&quot;,&quot;Tevent&quot;:{&quot;event&quot;:&quot;ga4_event&quot;,&quot;_clear&quot;:true,&quot;event_name&quot;:&quot;accordion_close&quot;,&quot;parameters&quot;:{&quot;accordion_title&quot;:&quot;HowTo&quot;}},&quot;Thint&quot;:&quot;.nx-u-section__headline&quot;,&quot;Tcondition&quot;:&quot;.nx-expand-section--active&quot;},{&quot;Rule&quot;:&quot;GA4 Expandable Section Expand&quot;,&quot;Ttrigger&quot;:&quot;Click&quot;,&quot;Tevent&quot;:{&quot;event&quot;:&quot;ga4_event&quot;,&quot;_clear&quot;:true,&quot;event_name&quot;:&quot;accordion_open&quot;,&quot;parameters&quot;:{&quot;accordion_title&quot;:&quot;HowTo&quot;}},&quot;Thint&quot;:&quot;.nx-u-section__headline&quot;,&quot;Tcondition&quot;:&quot;!.nx-expand-section--active&quot;}]\" data-tracking-initialized=\"true\" data-module-initialized=\"true\">\n<div class=\"nx-u-container nx-expand-section__container nx-expand-section__container--with-fade nx-expand-section__container--align-left\">\n<h3 class=\"nx-u-section__headline nx-txt-uppercase nx-font--extrabold nx-font-heading-3 nx-u-mb-base-2 nx-u-txt--left nx-expand-section__headline\">Modo de uso<\/h3>\n<div data-tdata=\"[{&quot;Rule&quot;:&quot;GA4 Click - Slider Navigation Next&quot;,&quot;Ttrigger&quot;:&quot;Click&quot;,&quot;Tevent&quot;:{&quot;event&quot;:&quot;ga4_event&quot;,&quot;_clear&quot;:true,&quot;event_name&quot;:&quot;slider_action&quot;,&quot;parameters&quot;:{&quot;navigation&quot;:&quot;[[GalleryAndSliderIneraction|{{event_type}}]]&quot;,&quot;slider_headline&quot;:&quot;HowTo&quot;}},&quot;Thint&quot;:&quot;.nx-controls__btn--next&quot;,&quot;Tcondition&quot;:&quot;&quot;},{&quot;Rule&quot;:&quot;GA4 Click - Slider Navigation Previous&quot;,&quot;Ttrigger&quot;:&quot;Click&quot;,&quot;Tevent&quot;:{&quot;event&quot;:&quot;ga4_event&quot;,&quot;_clear&quot;:true,&quot;event_name&quot;:&quot;slider_action&quot;,&quot;parameters&quot;:{&quot;navigation&quot;:&quot;[[GalleryAndSliderIneraction|{{event_type}}]]&quot;,&quot;slider_headline&quot;:&quot;HowTo&quot;}},&quot;Thint&quot;:&quot;.nx-controls__btn--prev&quot;,&quot;Tcondition&quot;:&quot;&quot;}]\" data-tracking-initialized=\"true\">\n<div id=\"tns2-ow\" class=\"tns-outer\">\n<div id=\"tns2-mw\" class=\"tns-ovh tns-ah\">\n<div id=\"tns2-iw\" class=\"tns-inner\">\n<div id=\"tns2\" class=\"nx-slider nx-how-to__slider  tns-slider tns-carousel tns-subpixel tns-calc tns-horizontal\" data-module=\"SliderPagination\" data-no-lazy-load=\"\" data-options=\"{&quot;autoHeight&quot;: true,&quot;responsive&quot;:{&quot;136&quot;:{&quot;items&quot;:1,&quot;gutter&quot;:8,&quot;slideBy&quot;: 1},&quot;768&quot;:{&quot;items&quot;:2,&quot;gutter&quot;:16},&quot;1024&quot;:{&quot;items&quot;:3,&quot;gutter&quot;:16},&quot;1280&quot;:{&quot;gutter&quot;:16}}}\" data-module-initialized=\"true\">\n<div id=\"tns2-item0\" class=\"nx-how-to nx-how-to-list__item nx-u-image nx-u-pt-base-4 tns-item tns-slide-active\" data-test=\"howToText\">\n<h5 class=\"nx-how-to__heading nx-font-heading-5 nx-font--bold nx-u-mb-base-1 nx-txt-uppercase\"><span class=\"nx-u-counter nx-font-display-4 nx-font--extrabold\">1<\/span>\u00a0Aplica<\/h5>\n<div class=\"nx-how-to__description nx-font-body-1\">Aplica generosa<span class=\"nx-no-hyphens\">men<\/span>te en manos, codos, rostro despu\u00e9s del afeitado y\/o donde sea que lo necesites<\/div>\n<\/div>\n<div id=\"tns2-item1\" class=\"nx-how-to nx-how-to-list__item nx-u-image nx-u-pt-base-4 tns-item tns-slide-active\" data-test=\"howToText\">\n<h5 class=\"nx-how-to__heading nx-font-heading-5 nx-font--bold nx-u-mb-base-1 nx-txt-uppercase\"><span class=\"nx-u-counter nx-font-display-4 nx-font--extrabold\">2<\/span>\u00a0Secado<\/h5>\n<div class=\"nx-how-to__description nx-font-body-1\">Permitir que el producto se seque\u00a0<span class=\"nx-no-hyphens\">natural<\/span><span class=\"nx-no-hyphens\">men<\/span>te. Recuerda que es de r\u00e1pida absorci\u00f3n y textura ligera.<\/div>\n<\/div>\n<\/div>\n<\/div>\n<\/div>\n<\/div>\n<\/div>\n<\/div>\n<\/section>\n","protected":false},"excerpt":{"rendered":"<p>CARE MEN Una crema con una f\u00f3rmula ligera, no grasa, que se absorbe en cuesti\u00f3n de segundos y aporta una<\/p>\n","protected":false},"featured_media":102978,"comment_status":"open","ping_status":"closed","template":"","meta":{"nf_dc_page":""},"product_brand":[3612],"product_cat":[85],"product_tag":[3613],"class_list":{"0":"post-102977","1":"product","2":"type-product","3":"status-publish","4":"has-post-thumbnail","6":"product_brand-nivea","7":"product_cat-cosmeticos","8":"product_tag-3613","10":"first","11":"instock","12":"shipping-taxable","13":"purchasable","14":"product-type-simple"},"_links":{"self":[{"href":"https:\/\/brandss.com.py\/index\/wp-json\/wp\/v2\/product\/102977","targetHints":{"allow":["GET"]}}],"collection":[{"href":"https:\/\/brandss.com.py\/index\/wp-json\/wp\/v2\/product"}],"about":[{"href":"https:\/\/brandss.com.py\/index\/wp-json\/wp\/v2\/types\/product"}],"replies":[{"embeddable":true,"href":"https:\/\/brandss.com.py\/index\/wp-json\/wp\/v2\/comments?post=102977"}],"version-history":[{"count":1,"href":"https:\/\/brandss.com.py\/index\/wp-json\/wp\/v2\/product\/102977\/revisions"}],"predecessor-version":[{"id":102985,"href":"https:\/\/brandss.com.py\/index\/wp-json\/wp\/v2\/product\/102977\/revisions\/102985"}],"wp:featuredmedia":[{"embeddable":true,"href":"https:\/\/brandss.com.py\/index\/wp-json\/wp\/v2\/media\/102978"}],"wp:attachment":[{"href":"https:\/\/brandss.com.py\/index\/wp-json\/wp\/v2\/media?parent=102977"}],"wp:term":[{"taxonomy":"product_brand","embeddable":true,"href":"https:\/\/brandss.com.py\/index\/wp-json\/wp\/v2\/product_brand?post=102977"},{"taxonomy":"product_cat","embeddable":true,"href":"https:\/\/brandss.com.py\/index\/wp-json\/wp\/v2\/product_cat?post=102977"},{"taxonomy":"product_tag","embeddable":true,"href":"https:\/\/brandss.com.py\/index\/wp-json\/wp\/v2\/product_tag?post=102977"}],"curies":[{"name":"wp","href":"https:\/\/api.w.org\/{rel}","templated":true}]}}