{"id":102986,"date":"2026-04-29T13:26:32","date_gmt":"2026-04-29T13:26:32","guid":{"rendered":"https:\/\/brandss.com.py\/index\/?post_type=product&#038;p=102986"},"modified":"2026-04-29T13:28:00","modified_gmt":"2026-04-29T13:28:00","slug":"crema-corporal-nivea-milk-nutritiva-5-en-1-400ml","status":"publish","type":"product","link":"https:\/\/brandss.com.py\/index\/producto\/crema-corporal-nivea-milk-nutritiva-5-en-1-400ml\/","title":{"rendered":"CREMA CORPORAL NIVEA MILK NUTRITIVA 5 EN 1 400ML"},"content":{"rendered":"<p><img loading=\"lazy\" decoding=\"async\" class=\"\" src=\"https:\/\/1000logos.net\/wp-content\/uploads\/2021\/04\/Nivea-logo.png\" alt=\"Nivea Logo and symbol, meaning, history, PNG, brand\" width=\"181\" height=\"102\" \/><\/p>\n<h1>MILK NUTRITIVA 5 EN 1<\/h1>\n<p>\u00bfTienes la piel seca o muy seca? Prueba\u00a0<span class=\"nx-no-hyphens\">NIVEA<\/span> Body Milk Nutritivo y notar\u00e1s como su f\u00f3rmula con s\u00e9rum de hidrataci\u00f3n profunda, aceite de al<span class=\"nx-no-hyphens\">men<\/span>dras\u00a0<span class=\"nx-no-hyphens\">natural<\/span>\u00a0y\u00a0<span class=\"nx-no-hyphens\">vitamin<\/span>a E aporta a tu piel un cuidado completo 5 en 1 hidrat\u00e1ndola en profundidad. Crema Corporal Milk Nutritiva especial por su serum de humectaci\u00f3n profunda que brinda un cuidado completo para pieles secas o muy secas, gracias a que contiene aceite de al<span class=\"nx-no-hyphens\">men<\/span>dras y\u00a0<span class=\"nx-no-hyphens\">vitamin<\/span>a E.<\/p>\n<p>Descubre la suavidad intensa con la Crema\u00a0<span class=\"nx-no-hyphens\">Nivea<\/span>\u00ae Body Milk Nutritiva 5 en 1. Su f\u00f3rmula rica en aceites nutritivos y\u00a0<span class=\"nx-no-hyphens\">vitamin<\/span>as proporciona una hidrataci\u00f3n profunda que transforma la piel seca en una piel suave y radiante. Ideal para el uso diario, esta crema te ofrece un delicado aroma y una sensaci\u00f3n de confort duradero. Dale a tu piel seca o extra seca, el cuidado que merece y disfruta de una hidrataci\u00f3n completa y re<span class=\"nx-no-hyphens\">vital<\/span>izante con cada aplicaci\u00f3n. \u00a1Tu piel te lo agradecer\u00e1!<\/p>\n<h2 class=\"nx-u-section__headline nx-font--extrabold nx-font-heading-3 nx-u-mb-base-2 nx-txt-uppercase nx-u-txt--left nx-expand-section__headline\">Caracter\u00edsticas<\/h2>\n<div class=\"nx-benefits-list nx-benefits-list__advantages\">\n<ul class=\"nx-benefits-list__block\">\n<li class=\"nx-benefits-list__item\">\u00a0Piel visible<span class=\"nx-no-hyphens\">men<\/span>te m\u00e1s saludable.<\/li>\n<li class=\"nx-benefits-list__item\">\u00a072h de humectaci\u00f3n.<\/li>\n<li class=\"nx-benefits-list__item\">\u00a0Nutre tu piel con cada aplicaci\u00f3n gracias a sus ingredientes especiales.<\/li>\n<li class=\"nx-benefits-list__item\">\u00a0Piel suave y tersa por un tiempo prolongado.<\/li>\n<li class=\"nx-benefits-list__item\">\u00a0Experi<span class=\"nx-no-hyphens\">men<\/span>ta una protecci\u00f3n anti sequedad.<\/li>\n<li class=\"nx-benefits-list__item\">\u00a0Cl\u00ednica<span class=\"nx-no-hyphens\">men<\/span>te probado.<\/li>\n<li class=\"nx-benefits-list__item\">\u00a0\u00c1cido hialur\u00f3nico puro.<\/li>\n<li class=\"nx-benefits-list__item\">\u00a0Aceite de al<span class=\"nx-no-hyphens\">men<\/span>dras.<\/li>\n<li class=\"nx-benefits-list__item\">\u00a0Suavidad inmediata.<\/li>\n<li class=\"nx-benefits-list__item\">\u00a0Para piel seca y muy seca.<\/li>\n<\/ul>\n<\/div>\n<p>&nbsp;<\/p>\n<div class=\"nx-two-columns__half-col nx-u-justify-start \">\n<section id=\"beneficios\" class=\"nx-advantages nx-u-section--separator nx-u-pt-base-3 nx-u-pb-base-3 nx-expand-section--show-on-mobile-only nx-expand-section nx-expand-section__background--desktop nx-expand-section--active\" data-anchor-text=\"Beneficios\" data-anchor-id=\"beneficios\" data-test=\"advantages\" data-options=\"{&quot;hideExpandable&quot;: false, &quot;titleAlignment&quot;: &quot;left&quot;, &quot;expanderOptions&quot;: {&quot;isExpanderOnPdp&quot;:true,&quot;isActive&quot;: true, &quot;contentAlignment&quot;: &quot;left&quot;, &quot;displayType&quot;: &quot;mobile only&quot; }}\" data-module=\"ExpandableSection\" data-tdata=\"[{&quot;Rule&quot;:&quot;GA4 Expandable Section Collapse&quot;,&quot;Ttrigger&quot;:&quot;Click&quot;,&quot;Tevent&quot;:{&quot;event&quot;:&quot;ga4_event&quot;,&quot;_clear&quot;:true,&quot;event_name&quot;:&quot;accordion_close&quot;,&quot;parameters&quot;:{&quot;accordion_title&quot;:&quot;Product Benefits&quot;}},&quot;Thint&quot;:&quot;.nx-u-section__headline&quot;,&quot;Tcondition&quot;:&quot;.nx-expand-section--active&quot;},{&quot;Rule&quot;:&quot;GA4 Expandable Section Expand&quot;,&quot;Ttrigger&quot;:&quot;Click&quot;,&quot;Tevent&quot;:{&quot;event&quot;:&quot;ga4_event&quot;,&quot;_clear&quot;:true,&quot;event_name&quot;:&quot;accordion_open&quot;,&quot;parameters&quot;:{&quot;accordion_title&quot;:&quot;Product Benefits&quot;}},&quot;Thint&quot;:&quot;.nx-u-section__headline&quot;,&quot;Tcondition&quot;:&quot;!.nx-expand-section--active&quot;}]\" data-tracking-initialized=\"true\" data-module-initialized=\"true\" data-anchor-content=\"\">\n<div class=\"nx-u-container nx-expand-section__container nx-expand-section__container--with-fade nx-expand-section__container--align-left\">\n<h2 class=\"nx-u-section__headline nx-txt-uppercase nx-font--extrabold nx-font-heading-3 nx-u-mb-base-3 nx-u-txt--left nx-expand-section__headline\">Beneficios<\/h2>\n<div class=\"nx-benefits-section\">\n<div class=\"nx-benefits nx-benefits__advantages nx-benefits__with-icons nx-benefits__with-labels\">\n<div class=\"nx-benefits__list\">\n<div class=\" nx-benefit\">\n<ul>\n<li class=\"nx-benefit__label nx-font-overheader-3 nx-font--bold\">Nutritiva.<\/li>\n<li class=\"nx-benefit__label nx-font-overheader-3 nx-font--bold\">Cuidado Intensivo.<\/li>\n<li class=\"nx-benefit__label nx-font-overheader-3 nx-font--bold\">Humectante.<\/li>\n<li class=\"nx-benefit__label nx-font-overheader-3 nx-font--bold\">Uso diario.<\/li>\n<li class=\"nx-benefit__label nx-font-overheader-3 nx-font--bold\">72h Humectaci\u00f3n.<\/li>\n<li class=\"nx-benefit__label nx-font-overheader-3 nx-font--bold\">Sensaci\u00f3n de Piel Suave.<\/li>\n<li class=\"nx-benefit__label nx-font-overheader-3 nx-font--bold\">Vitamina E.<\/li>\n<li class=\"nx-benefit__label nx-font-overheader-3 nx-font--bold\">Piel seca.<\/li>\n<li class=\"nx-benefit__label nx-font-overheader-3 nx-font--bold\">Piel extra seca.<\/li>\n<\/ul>\n<h3>Modo de uso:<\/h3>\n<ol>\n<li>Aplica la crema diariamente en todo tu cuerpo.<\/li>\n<li>Aplicar nuevamente de ser necesario.<\/li>\n<\/ol>\n<h3>Advertencias:<\/h3>\n<p>Si observa alguna reacci\u00f3n desfavorable, suspenda su uso. Mantener fuera del alcance de los ni\u00f1os. Evitar el contacto con los ojos. No usar en menores de 6 meses. Este producto no es un protector solar. Uso externo.<\/p>\n<\/div>\n<\/div>\n<\/div>\n<\/div>\n<\/div>\n<\/section>\n<\/div>\n","protected":false},"excerpt":{"rendered":"<p>MILK NUTRITIVA 5 EN 1 \u00bfTienes la piel seca o muy seca? Prueba\u00a0NIVEA Body Milk Nutritivo y notar\u00e1s como su<\/p>\n","protected":false},"featured_media":102987,"comment_status":"open","ping_status":"closed","template":"","meta":{"nf_dc_page":""},"product_brand":[3612],"product_cat":[85],"product_tag":[3614],"class_list":{"0":"post-102986","1":"product","2":"type-product","3":"status-publish","4":"has-post-thumbnail","6":"product_brand-nivea","7":"product_cat-cosmeticos","8":"product_tag-3614","10":"first","11":"instock","12":"shipping-taxable","13":"purchasable","14":"product-type-simple"},"_links":{"self":[{"href":"https:\/\/brandss.com.py\/index\/wp-json\/wp\/v2\/product\/102986","targetHints":{"allow":["GET"]}}],"collection":[{"href":"https:\/\/brandss.com.py\/index\/wp-json\/wp\/v2\/product"}],"about":[{"href":"https:\/\/brandss.com.py\/index\/wp-json\/wp\/v2\/types\/product"}],"replies":[{"embeddable":true,"href":"https:\/\/brandss.com.py\/index\/wp-json\/wp\/v2\/comments?post=102986"}],"version-history":[{"count":1,"href":"https:\/\/brandss.com.py\/index\/wp-json\/wp\/v2\/product\/102986\/revisions"}],"predecessor-version":[{"id":102994,"href":"https:\/\/brandss.com.py\/index\/wp-json\/wp\/v2\/product\/102986\/revisions\/102994"}],"wp:featuredmedia":[{"embeddable":true,"href":"https:\/\/brandss.com.py\/index\/wp-json\/wp\/v2\/media\/102987"}],"wp:attachment":[{"href":"https:\/\/brandss.com.py\/index\/wp-json\/wp\/v2\/media?parent=102986"}],"wp:term":[{"taxonomy":"product_brand","embeddable":true,"href":"https:\/\/brandss.com.py\/index\/wp-json\/wp\/v2\/product_brand?post=102986"},{"taxonomy":"product_cat","embeddable":true,"href":"https:\/\/brandss.com.py\/index\/wp-json\/wp\/v2\/product_cat?post=102986"},{"taxonomy":"product_tag","embeddable":true,"href":"https:\/\/brandss.com.py\/index\/wp-json\/wp\/v2\/product_tag?post=102986"}],"curies":[{"name":"wp","href":"https:\/\/api.w.org\/{rel}","templated":true}]}}