{"id":102995,"date":"2026-04-29T14:05:49","date_gmt":"2026-04-29T14:05:49","guid":{"rendered":"https:\/\/brandss.com.py\/index\/?post_type=product&#038;p=102995"},"modified":"2026-04-29T14:06:10","modified_gmt":"2026-04-29T14:06:10","slug":"crema-corporal-nivea-milk-soft-5-en-1-400ml","status":"publish","type":"product","link":"https:\/\/brandss.com.py\/index\/producto\/crema-corporal-nivea-milk-soft-5-en-1-400ml\/","title":{"rendered":"CREMA CORPORAL NIVEA MILK SOFT 5 EN 1 400ML"},"content":{"rendered":"<p><img loading=\"lazy\" decoding=\"async\" class=\"\" src=\"https:\/\/1000logos.net\/wp-content\/uploads\/2021\/04\/Nivea-logo.png\" alt=\"Nivea Logo and symbol, meaning, history, PNG, brand\" width=\"253\" height=\"142\" \/><\/p>\n<h1>MILK SOFT 5 EN 1<\/h1>\n<p>Transforma tu piel seca con la crema corporal\u00a0<span class=\"nx-no-hyphens\">NIVEA<\/span>\u00a0Soft Milk con el SERUM HUMECTACI\u00d3N PROFUNDA y Manteca de Karit\u00e9. Proporcionando un cuidado completo 5en1, esta f\u00f3rmula rica y cremosa sin sensaci\u00f3n grasosa y proporciona 48 horas de humectaci\u00f3n profunda, protecci\u00f3n contra la resequedad, sensaci\u00f3n de suavidad y una piel visible<span class=\"nx-no-hyphens\">men<\/span>te m\u00e1s saludable.<img loading=\"lazy\" decoding=\"async\" class=\"alignleft\" src=\"https:\/\/img.nivea.com\/-\/media\/miscellaneous\/media-center-items\/0\/c\/1\/58c43495fbf249eea4a18fcdd6b060d6-screen.webp?mw=1024&amp;hash=0DDC2A8C8B5196532886F729BA819AD2\" width=\"541\" height=\"541\" \/><\/p>\n<p>Transforma tu piel seca con la crema corporal\u00a0<span class=\"nx-no-hyphens\">NIVEA<\/span>\u00a0Soft Milk. Proporcionando un cuidado completo 5en1:<\/p>\n<p>1. 48h de humectaci\u00f3n profunda.<\/p>\n<p>2. Protecci\u00f3n contra resequedad.<\/p>\n<p>3. Sensaci\u00f3n de suavidad en la piel.<\/p>\n<p>4. Sin sensaci\u00f3n grasosa.<\/p>\n<p>5. Piel visible<span class=\"nx-no-hyphens\">men<\/span>te m\u00e1s saludable.<\/p>\n<p>Enriquecida con una combinaci\u00f3n de ingredientes para el cuidado, incluyendo el Serum de Humectaci\u00f3n Profunda y Manteca de Karit\u00e9, esta crema corporal protege la piel y humecta profunda<span class=\"nx-no-hyphens\">men<\/span>te. Algunas \u00e1reas de la piel se secan m\u00e1s r\u00e1pido que otras. Por eso es importante darle un cuidado extra durante todo el a\u00f1o y darle a tu piel todo lo que se merece. Cuida tu piel con la crema corporal\u00a0<span class=\"nx-no-hyphens\">NIVEA<\/span>\u00a0Soft Milk. Presente en m\u00e1s de 160 pa\u00edses,\u00a0<span class=\"nx-no-hyphens\">NIVEA<\/span>\u00a0es la marca de cuidado de la piel n.\u00ba 1 del mundo* con m\u00e1s de 100 a\u00f1os de experiencia. Como l\u00edder del mercado en la industria mundial del cuidado de la piel, utilizamos nuestra experiencia para seleccionar cuidadosa<span class=\"nx-no-hyphens\">men<\/span>te los ingredientes de la m\u00e1s alta calidad y proporcionar productos compatibles con la piel y aprobados dermatol\u00f3gica<span class=\"nx-no-hyphens\">men<\/span>te para adaptarse a varios tipos de piel y necesidades de la piel. *Fuente: Euromonitor International Limited,\u00a0<span class=\"nx-no-hyphens\">NIVEA<\/span>\u00a0en la categor\u00eda Cuidado Corporal; valor retail RSP, datos de 2021<\/p>\n<h2><\/h2>\n<h2><\/h2>\n<h2 class=\"nx-u-section__headline nx-font--extrabold nx-font-heading-3 nx-u-mb-base-2 nx-txt-uppercase nx-u-txt--left nx-expand-section__headline\">Caracter\u00edsticas<\/h2>\n<div class=\"nx-benefits-list nx-benefits-list__advantages\">\n<ul class=\"nx-benefits-list__block\">\n<li class=\"nx-benefits-list__item\">\u00a05en1 Cuidado Completo<\/li>\n<li class=\"nx-benefits-list__item\">\u00a048h de humectaci\u00f3n profunda<img loading=\"lazy\" decoding=\"async\" class=\"alignright\" src=\"https:\/\/img.nivea.com\/-\/media\/miscellaneous\/media-center-items\/e\/4\/3\/b7433cd95f804b11badb5ce56daebe98-screen.webp?mw=1024&amp;hash=DBBB27F72F4EBE4C1E8B7BE06B4DD5A9\" width=\"613\" height=\"613\" \/><\/li>\n<li class=\"nx-benefits-list__item\">\u00a0Sensaci\u00f3n de suavidad en la piel<\/li>\n<li class=\"nx-benefits-list__item\">\u00a0R\u00e1pida absorci\u00f3n<\/li>\n<li class=\"nx-benefits-list__item\">\u00a0Sin sensaci\u00f3n grasosa<\/li>\n<li class=\"nx-benefits-list__item\">\u00a0Piel visible<span class=\"nx-no-hyphens\">men<\/span>te m\u00e1s saludable<\/li>\n<\/ul>\n<\/div>\n<section class=\"nx-pdp-two-columns\" data-module=\"ProductDetailPageTwoColumns\" data-module-initialized=\"true\">\n<div class=\"nx-two-columns \">\n<div class=\"nx-two-columns__half-col nx-u-justify-start \">\n<section id=\"beneficios\" class=\"nx-advantages nx-u-section--separator nx-u-pt-base-3 nx-u-pb-base-3 nx-expand-section--show-on-mobile-only nx-expand-section nx-expand-section__background--desktop nx-expand-section--active\" data-anchor-text=\"Beneficios\" data-anchor-id=\"beneficios\" data-test=\"advantages\" data-options=\"{&quot;hideExpandable&quot;: false, &quot;titleAlignment&quot;: &quot;left&quot;, &quot;expanderOptions&quot;: {&quot;isExpanderOnPdp&quot;:true,&quot;isActive&quot;: true, &quot;contentAlignment&quot;: &quot;left&quot;, &quot;displayType&quot;: &quot;mobile only&quot; }}\" data-module=\"ExpandableSection\" data-tdata=\"[{&quot;Rule&quot;:&quot;GA4 Expandable Section Collapse&quot;,&quot;Ttrigger&quot;:&quot;Click&quot;,&quot;Tevent&quot;:{&quot;event&quot;:&quot;ga4_event&quot;,&quot;_clear&quot;:true,&quot;event_name&quot;:&quot;accordion_close&quot;,&quot;parameters&quot;:{&quot;accordion_title&quot;:&quot;Product Benefits&quot;}},&quot;Thint&quot;:&quot;.nx-u-section__headline&quot;,&quot;Tcondition&quot;:&quot;.nx-expand-section--active&quot;},{&quot;Rule&quot;:&quot;GA4 Expandable Section Expand&quot;,&quot;Ttrigger&quot;:&quot;Click&quot;,&quot;Tevent&quot;:{&quot;event&quot;:&quot;ga4_event&quot;,&quot;_clear&quot;:true,&quot;event_name&quot;:&quot;accordion_open&quot;,&quot;parameters&quot;:{&quot;accordion_title&quot;:&quot;Product Benefits&quot;}},&quot;Thint&quot;:&quot;.nx-u-section__headline&quot;,&quot;Tcondition&quot;:&quot;!.nx-expand-section--active&quot;}]\" data-tracking-initialized=\"true\" data-module-initialized=\"true\">\n<div class=\"nx-u-container nx-expand-section__container nx-expand-section__container--with-fade nx-expand-section__container--align-left\">\n<h2 class=\"nx-u-section__headline nx-txt-uppercase nx-font--extrabold nx-font-heading-3 nx-u-mb-base-3 nx-u-txt--left nx-expand-section__headline\">Beneficios<\/h2>\n<div class=\"nx-benefits-section\">\n<div class=\"nx-benefits nx-benefits__advantages nx-benefits__with-icons nx-benefits__with-labels\">\n<div class=\"nx-benefits__list\">\n<div class=\" nx-benefit\">\n<ul>\n<li class=\"nx-benefit__label nx-font-overheader-3 nx-font--bold\">Nutritivo.<\/li>\n<li class=\"nx-benefit__label nx-font-overheader-3 nx-font--bold\">Cuidado.<\/li>\n<li class=\"nx-benefit__label nx-font-overheader-3 nx-font--bold\">Humectante.<\/li>\n<li class=\"nx-benefit__label nx-font-overheader-3 nx-font--bold\">R\u00e1pida Absorci\u00f3n.<\/li>\n<li class=\"nx-benefit__label nx-font-overheader-3 nx-font--bold\">Manteca de Karit\u00e9 Bio.<\/li>\n<li class=\"nx-benefit__label nx-font-overheader-3 nx-font--bold\">Piel Seca.<\/li>\n<\/ul>\n<\/div>\n<\/div>\n<\/div>\n<\/div>\n<\/div>\n<\/section>\n<\/div>\n<\/div>\n<\/section>\n<div class=\"nx-skip-link\"><\/div>\n<section class=\"nx-how-to-list nx-u-pt-base-3 nx-u-pb-base-3 nx-u-section--separator nx-expand-section--show-on-mobile-only nx-expand-section nx-expand-section__background--desktop nx-expand-section--active\" data-anchor-text=\"C\u00f3mo \" data-module=\"ExpandableSection\" data-text=\"howToList\" data-options=\"{&quot;hideExpandable&quot;: false, &quot;titleAlignment&quot;: &quot;left&quot;, &quot;expanderOptions&quot;: {&quot;isExpanderOnPdp&quot;:true,&quot;isActive&quot;: true, &quot;contentAlignment&quot;: &quot;left&quot;, &quot;displayType&quot;: &quot;mobile only&quot; }}\" data-is-portrait-video=\"False\" data-tdata=\"[{&quot;Rule&quot;:&quot;GA4 Expandable Section Collapse&quot;,&quot;Ttrigger&quot;:&quot;Click&quot;,&quot;Tevent&quot;:{&quot;event&quot;:&quot;ga4_event&quot;,&quot;_clear&quot;:true,&quot;event_name&quot;:&quot;accordion_close&quot;,&quot;parameters&quot;:{&quot;accordion_title&quot;:&quot;HowTo&quot;}},&quot;Thint&quot;:&quot;.nx-u-section__headline&quot;,&quot;Tcondition&quot;:&quot;.nx-expand-section--active&quot;},{&quot;Rule&quot;:&quot;GA4 Expandable Section Expand&quot;,&quot;Ttrigger&quot;:&quot;Click&quot;,&quot;Tevent&quot;:{&quot;event&quot;:&quot;ga4_event&quot;,&quot;_clear&quot;:true,&quot;event_name&quot;:&quot;accordion_open&quot;,&quot;parameters&quot;:{&quot;accordion_title&quot;:&quot;HowTo&quot;}},&quot;Thint&quot;:&quot;.nx-u-section__headline&quot;,&quot;Tcondition&quot;:&quot;!.nx-expand-section--active&quot;}]\" data-tracking-initialized=\"true\" data-module-initialized=\"true\">\n<div class=\"nx-u-container nx-expand-section__container nx-expand-section__container--with-fade nx-expand-section__container--align-left\">\n<h2 class=\"nx-u-section__headline nx-txt-uppercase nx-font--extrabold nx-font-heading-3 nx-u-mb-base-2 nx-u-txt--left nx-expand-section__headline\">Modo de uso<\/h2>\n<div data-tdata=\"[{&quot;Rule&quot;:&quot;GA4 Click - Slider Navigation Next&quot;,&quot;Ttrigger&quot;:&quot;Click&quot;,&quot;Tevent&quot;:{&quot;event&quot;:&quot;ga4_event&quot;,&quot;_clear&quot;:true,&quot;event_name&quot;:&quot;slider_action&quot;,&quot;parameters&quot;:{&quot;navigation&quot;:&quot;[[GalleryAndSliderIneraction|{{event_type}}]]&quot;,&quot;slider_headline&quot;:&quot;HowTo&quot;}},&quot;Thint&quot;:&quot;.nx-controls__btn--next&quot;,&quot;Tcondition&quot;:&quot;&quot;},{&quot;Rule&quot;:&quot;GA4 Click - Slider Navigation Previous&quot;,&quot;Ttrigger&quot;:&quot;Click&quot;,&quot;Tevent&quot;:{&quot;event&quot;:&quot;ga4_event&quot;,&quot;_clear&quot;:true,&quot;event_name&quot;:&quot;slider_action&quot;,&quot;parameters&quot;:{&quot;navigation&quot;:&quot;[[GalleryAndSliderIneraction|{{event_type}}]]&quot;,&quot;slider_headline&quot;:&quot;HowTo&quot;}},&quot;Thint&quot;:&quot;.nx-controls__btn--prev&quot;,&quot;Tcondition&quot;:&quot;&quot;}]\" data-tracking-initialized=\"true\">\n<div id=\"tns2-ow\" class=\"tns-outer\">\n<div id=\"tns2-mw\" class=\"tns-ovh tns-ah\">\n<div id=\"tns2-iw\" class=\"tns-inner\">\n<div id=\"tns2\" class=\"nx-slider nx-how-to__slider  tns-slider tns-carousel tns-subpixel tns-calc tns-horizontal\" data-module=\"SliderPagination\" data-no-lazy-load=\"\" data-options=\"{&quot;autoHeight&quot;: true,&quot;responsive&quot;:{&quot;136&quot;:{&quot;items&quot;:1,&quot;gutter&quot;:8,&quot;slideBy&quot;: 1},&quot;768&quot;:{&quot;items&quot;:2,&quot;gutter&quot;:16},&quot;1024&quot;:{&quot;items&quot;:3,&quot;gutter&quot;:16},&quot;1280&quot;:{&quot;gutter&quot;:16}}}\" data-module-initialized=\"true\">\n<div id=\"tns2-item0\" class=\"nx-how-to nx-how-to-list__item nx-u-image nx-u-pt-base-4 tns-item tns-slide-active\" data-test=\"howToText\">\n<h5 class=\"nx-how-to__heading nx-font-heading-5 nx-font--bold nx-u-mb-base-1 nx-txt-uppercase\"><span class=\"nx-u-counter nx-font-display-4 nx-font--extrabold\">1<\/span>\u00a0D\u00fachate<\/h5>\n<div class=\"nx-how-to__description nx-font-body-1\">D\u00fachate para limpiar a fondo todo tu cuerpo.<\/div>\n<\/div>\n<div id=\"tns2-item1\" class=\"nx-how-to nx-how-to-list__item nx-u-image nx-u-pt-base-4 tns-item tns-slide-active\" data-test=\"howToText\">\n<div id=\"tns2-item1\" class=\"nx-how-to nx-how-to-list__item nx-u-image nx-u-pt-base-4 tns-item tns-slide-active tns-item--next\" data-test=\"howToText\">\n<h5 class=\"nx-how-to__heading nx-font-heading-5 nx-font--bold nx-u-mb-base-1 nx-txt-uppercase\"><span class=\"nx-u-counter nx-font-display-4 nx-font--extrabold\">2<\/span>\u00a0Deja secar tu piel<\/h5>\n<div class=\"nx-how-to__description nx-font-body-1\">Con una toalla, frote su piel suave<span class=\"nx-no-hyphens\">men<\/span>te para secarla.<\/div>\n<\/div>\n<div id=\"tns2-item2\" class=\"nx-how-to nx-how-to-list__item nx-u-image nx-u-pt-base-4 tns-item tns-slide-active tns-item--next\" data-test=\"howToText\">\n<h5 class=\"nx-how-to__heading nx-font-heading-5 nx-font--bold nx-u-mb-base-1 nx-txt-uppercase\"><span class=\"nx-u-counter nx-font-display-4 nx-font--extrabold\">3<\/span>\u00a0Aplica<\/h5>\n<div class=\"nx-how-to__description nx-font-body-1\">Aplique generosa<span class=\"nx-no-hyphens\">men<\/span>te la crema corporal en su cuerpo y masajee.<\/div>\n<\/div>\n<div id=\"tns2-item3\" class=\"nx-how-to nx-how-to-list__item nx-u-image nx-u-pt-base-4 tns-item tns-slide-active tns-item--next\" data-test=\"howToText\">\n<h5 class=\"nx-how-to__heading nx-font-heading-5 nx-font--bold nx-u-mb-base-1 nx-txt-uppercase\"><span class=\"nx-u-counter nx-font-display-4 nx-font--extrabold\">4<\/span>\u00a0Deje secar<\/h5>\n<div class=\"nx-how-to__description nx-font-body-1\">Dale tiempo a la crema corporal para que la piel la absorba.<\/div>\n<\/div>\n<div id=\"tns2-item4\" class=\"nx-how-to nx-how-to-list__item nx-u-image nx-u-pt-base-4 tns-item tns-slide-active tns-item--next\" data-test=\"howToText\">\n<h5 class=\"nx-how-to__heading nx-font-heading-5 nx-font--bold nx-u-mb-base-1 nx-txt-uppercase\"><span class=\"nx-u-counter nx-font-display-4 nx-font--extrabold\">5<\/span>\u00a0Reaplica<\/h5>\n<div class=\"nx-how-to__description nx-font-body-1\">Vuelva a aplicar la crema corporal en las zonas especial<span class=\"nx-no-hyphens\">men<\/span>te secas.<\/div>\n<\/div>\n<\/div>\n<\/div>\n<\/div>\n<\/div>\n<\/div>\n<\/div>\n<\/div>\n<\/section>\n","protected":false},"excerpt":{"rendered":"<p>MILK SOFT 5 EN 1 Transforma tu piel seca con la crema corporal\u00a0NIVEA\u00a0Soft Milk con el SERUM HUMECTACI\u00d3N PROFUNDA y<\/p>\n","protected":false},"featured_media":102996,"comment_status":"open","ping_status":"closed","template":"","meta":{"nf_dc_page":""},"product_brand":[3612],"product_cat":[85],"product_tag":[3615],"class_list":{"0":"post-102995","1":"product","2":"type-product","3":"status-publish","4":"has-post-thumbnail","6":"product_brand-nivea","7":"product_cat-cosmeticos","8":"product_tag-3615","10":"first","11":"instock","12":"shipping-taxable","13":"purchasable","14":"product-type-simple"},"_links":{"self":[{"href":"https:\/\/brandss.com.py\/index\/wp-json\/wp\/v2\/product\/102995","targetHints":{"allow":["GET"]}}],"collection":[{"href":"https:\/\/brandss.com.py\/index\/wp-json\/wp\/v2\/product"}],"about":[{"href":"https:\/\/brandss.com.py\/index\/wp-json\/wp\/v2\/types\/product"}],"replies":[{"embeddable":true,"href":"https:\/\/brandss.com.py\/index\/wp-json\/wp\/v2\/comments?post=102995"}],"version-history":[{"count":1,"href":"https:\/\/brandss.com.py\/index\/wp-json\/wp\/v2\/product\/102995\/revisions"}],"predecessor-version":[{"id":103003,"href":"https:\/\/brandss.com.py\/index\/wp-json\/wp\/v2\/product\/102995\/revisions\/103003"}],"wp:featuredmedia":[{"embeddable":true,"href":"https:\/\/brandss.com.py\/index\/wp-json\/wp\/v2\/media\/102996"}],"wp:attachment":[{"href":"https:\/\/brandss.com.py\/index\/wp-json\/wp\/v2\/media?parent=102995"}],"wp:term":[{"taxonomy":"product_brand","embeddable":true,"href":"https:\/\/brandss.com.py\/index\/wp-json\/wp\/v2\/product_brand?post=102995"},{"taxonomy":"product_cat","embeddable":true,"href":"https:\/\/brandss.com.py\/index\/wp-json\/wp\/v2\/product_cat?post=102995"},{"taxonomy":"product_tag","embeddable":true,"href":"https:\/\/brandss.com.py\/index\/wp-json\/wp\/v2\/product_tag?post=102995"}],"curies":[{"name":"wp","href":"https:\/\/api.w.org\/{rel}","templated":true}]}}