{"id":103004,"date":"2026-04-29T14:37:52","date_gmt":"2026-04-29T14:37:52","guid":{"rendered":"https:\/\/brandss.com.py\/index\/?post_type=product&#038;p=103004"},"modified":"2026-04-29T14:38:15","modified_gmt":"2026-04-29T14:38:15","slug":"crema-corporal-nivea-reafirmante-q10-plus-400ml","status":"publish","type":"product","link":"https:\/\/brandss.com.py\/index\/producto\/crema-corporal-nivea-reafirmante-q10-plus-400ml\/","title":{"rendered":"CREMA CORPORAL NIVEA REAFIRMANTE Q10 PLUS 400ML"},"content":{"rendered":"<p><img loading=\"lazy\" decoding=\"async\" class=\"\" src=\"https:\/\/1000logos.net\/wp-content\/uploads\/2021\/04\/Nivea-logo.png\" alt=\"Nivea Logo and symbol, meaning, history, PNG, brand\" width=\"190\" height=\"107\" \/><\/p>\n<h1>REAFIRMANTE Q10 PLUS<\/h1>\n<p>\u00bfQuieres una piel m\u00e1s firme? \u00a1Has venido al lugar correcto! Esta crema corporal mejora notable<span class=\"nx-no-hyphens\">men<\/span>te la firmeza de su piel en dos semanas, dej\u00e1ndola hidratada por 48 horas. A medida que pasa el tiempo los niveles\u00a0<span class=\"nx-no-hyphens\">natural<\/span>es de Coenzima Q10 de la piel disminuyen, causando una perdida en su firmeza y elasticidad. Esta poderosa formula, enriquecida con Coenzima propia de la piel, estimula la renovaci\u00f3n celular y mejora su apariencia. Deja la piel m\u00e1s el\u00e1stica. Mejora visible<span class=\"nx-no-hyphens\">men<\/span>te la apariencia de la piel en solo 2 semanas Refuerza la piel y la protege contra la perdida de elasticidad. Compatibilidad de la piel dermatol\u00f3gica<span class=\"nx-no-hyphens\">men<\/span>te probada.<\/p>\n<h3 class=\"nx-u-section__headline nx-font--extrabold nx-font-heading-3 nx-u-mb-base-2 nx-txt-uppercase nx-u-txt--left nx-expand-section__headline\">Caracter\u00edsticas<img decoding=\"async\" class=\"alignleft\" src=\"https:\/\/www.compraonline.alcampo.es\/images-v3\/37ea0506-72ec-4543-93c8-a77bb916ec12\/a54b1e1c-ef6e-4522-953c-53655d8046b1\/500x500.jpg\" \/><\/h3>\n<div class=\"nx-benefits-list nx-benefits-list__advantages\">\n<ul class=\"nx-benefits-list__block\">\n<li class=\"nx-benefits-list__item\">\u00a0Reafirma la piel y mejora la elasticidad en solo 10 d\u00edas.<\/li>\n<li class=\"nx-benefits-list__item\">\u00a0Hidrata intensa<span class=\"nx-no-hyphens\">men<\/span>te durante 48 horas proporcionando una sensaci\u00f3n suave en la piel.<\/li>\n<li class=\"nx-benefits-list__item\">\u00a0Textura ligera para piel normal.<\/li>\n<li class=\"nx-benefits-list__item\">\u00a0Con Coenzima Q10 y\u00a0<span class=\"nx-no-hyphens\">Vitamin<\/span>a C.<\/li>\n<\/ul>\n<\/div>\n<section class=\"nx-pdp-two-columns\" data-module=\"ProductDetailPageTwoColumns\">\n<div class=\"nx-two-columns \">\n<div class=\"nx-two-columns__half-col nx-u-justify-start \">\n<section id=\"beneficios\" class=\"nx-advantages nx-u-section--separator nx-u-pt-base-3 nx-u-pb-base-3 nx-expand-section--show-on-mobile-only nx-expand-section nx-expand-section__background--desktop nx-expand-section--active\" data-anchor-text=\"Beneficios\" data-anchor-id=\"beneficios\" data-test=\"advantages\" data-options=\"{&quot;hideExpandable&quot;: false, &quot;titleAlignment&quot;: &quot;left&quot;, &quot;expanderOptions&quot;: {&quot;isExpanderOnPdp&quot;:true,&quot;isActive&quot;: true, &quot;contentAlignment&quot;: &quot;left&quot;, &quot;displayType&quot;: &quot;mobile only&quot; }}\" data-module=\"ExpandableSection\" data-tdata=\"[{&quot;Rule&quot;:&quot;GA4 Expandable Section Collapse&quot;,&quot;Ttrigger&quot;:&quot;Click&quot;,&quot;Tevent&quot;:{&quot;event&quot;:&quot;ga4_event&quot;,&quot;_clear&quot;:true,&quot;event_name&quot;:&quot;accordion_close&quot;,&quot;parameters&quot;:{&quot;accordion_title&quot;:&quot;Product Benefits&quot;}},&quot;Thint&quot;:&quot;.nx-u-section__headline&quot;,&quot;Tcondition&quot;:&quot;.nx-expand-section--active&quot;},{&quot;Rule&quot;:&quot;GA4 Expandable Section Expand&quot;,&quot;Ttrigger&quot;:&quot;Click&quot;,&quot;Tevent&quot;:{&quot;event&quot;:&quot;ga4_event&quot;,&quot;_clear&quot;:true,&quot;event_name&quot;:&quot;accordion_open&quot;,&quot;parameters&quot;:{&quot;accordion_title&quot;:&quot;Product Benefits&quot;}},&quot;Thint&quot;:&quot;.nx-u-section__headline&quot;,&quot;Tcondition&quot;:&quot;!.nx-expand-section--active&quot;}]\" data-tracking-initialized=\"true\" data-module-initialized=\"true\">\n<div class=\"nx-u-container nx-expand-section__container nx-expand-section__container--with-fade nx-expand-section__container--align-left\">\n<h3 class=\"nx-u-section__headline nx-txt-uppercase nx-font--extrabold nx-font-heading-3 nx-u-mb-base-3 nx-u-txt--left nx-expand-section__headline\">Beneficios<\/h3>\n<div class=\"nx-benefits-section\">\n<div class=\"nx-benefits nx-benefits__advantages nx-benefits__with-icons nx-benefits__with-labels\">\n<div class=\"nx-benefits__list\">\n<div class=\" nx-benefit\">\n<ul>\n<li class=\"nx-benefit__label nx-font-overheader-3 nx-font--bold\">Reafirmante.<\/li>\n<li class=\"nx-benefit__label nx-font-overheader-3 nx-font--bold\">Energizante.<\/li>\n<li class=\"nx-benefit__label nx-font-overheader-3 nx-font--bold\">Hidratante.<\/li>\n<li class=\"nx-benefit__label nx-font-overheader-3 nx-font--bold\">Vitamina C.<\/li>\n<li class=\"nx-benefit__label nx-font-overheader-3 nx-font--bold\">Q10.<\/li>\n<li class=\"nx-benefit__label nx-font-overheader-3 nx-font--bold\">Creatina.<\/li>\n<li class=\"nx-benefit__label nx-font-overheader-3 nx-font--bold\">L-carnitina.<\/li>\n<li class=\"nx-benefit__label nx-font-overheader-3 nx-font--bold\">Piel normal.<\/li>\n<\/ul>\n<\/div>\n<\/div>\n<\/div>\n<\/div>\n<\/div>\n<\/section>\n<\/div>\n<\/div>\n<\/section>\n<div class=\"nx-skip-link\"><\/div>\n<section class=\"nx-how-to-list nx-u-pt-base-3 nx-u-pb-base-3 nx-u-section--separator nx-expand-section--show-on-mobile-only nx-expand-section nx-expand-section__background--desktop nx-expand-section--active\" data-anchor-text=\"Paso a Paso\" data-module=\"ExpandableSection\" data-text=\"howToList\" data-options=\"{&quot;hideExpandable&quot;: false, &quot;titleAlignment&quot;: &quot;left&quot;, &quot;expanderOptions&quot;: {&quot;isExpanderOnPdp&quot;:true,&quot;isActive&quot;: true, &quot;contentAlignment&quot;: &quot;left&quot;, &quot;displayType&quot;: &quot;mobile only&quot; }}\" data-is-portrait-video=\"False\" data-tdata=\"[{&quot;Rule&quot;:&quot;GA4 Expandable Section Collapse&quot;,&quot;Ttrigger&quot;:&quot;Click&quot;,&quot;Tevent&quot;:{&quot;event&quot;:&quot;ga4_event&quot;,&quot;_clear&quot;:true,&quot;event_name&quot;:&quot;accordion_close&quot;,&quot;parameters&quot;:{&quot;accordion_title&quot;:&quot;HowTo&quot;}},&quot;Thint&quot;:&quot;.nx-u-section__headline&quot;,&quot;Tcondition&quot;:&quot;.nx-expand-section--active&quot;},{&quot;Rule&quot;:&quot;GA4 Expandable Section Expand&quot;,&quot;Ttrigger&quot;:&quot;Click&quot;,&quot;Tevent&quot;:{&quot;event&quot;:&quot;ga4_event&quot;,&quot;_clear&quot;:true,&quot;event_name&quot;:&quot;accordion_open&quot;,&quot;parameters&quot;:{&quot;accordion_title&quot;:&quot;HowTo&quot;}},&quot;Thint&quot;:&quot;.nx-u-section__headline&quot;,&quot;Tcondition&quot;:&quot;!.nx-expand-section--active&quot;}]\" data-tracking-initialized=\"true\" data-module-initialized=\"true\">\n<div class=\"nx-u-container nx-expand-section__container nx-expand-section__container--with-fade nx-expand-section__container--align-left\">\n<h3><\/h3>\n<h3 class=\"nx-u-section__headline nx-txt-uppercase nx-font--extrabold nx-font-heading-3 nx-u-mb-base-2 nx-u-txt--left nx-expand-section__headline\">Modo de uso<\/h3>\n<div data-tdata=\"[{&quot;Rule&quot;:&quot;GA4 Click - Slider Navigation Next&quot;,&quot;Ttrigger&quot;:&quot;Click&quot;,&quot;Tevent&quot;:{&quot;event&quot;:&quot;ga4_event&quot;,&quot;_clear&quot;:true,&quot;event_name&quot;:&quot;slider_action&quot;,&quot;parameters&quot;:{&quot;navigation&quot;:&quot;[[GalleryAndSliderIneraction|{{event_type}}]]&quot;,&quot;slider_headline&quot;:&quot;HowTo&quot;}},&quot;Thint&quot;:&quot;.nx-controls__btn--next&quot;,&quot;Tcondition&quot;:&quot;&quot;},{&quot;Rule&quot;:&quot;GA4 Click - Slider Navigation Previous&quot;,&quot;Ttrigger&quot;:&quot;Click&quot;,&quot;Tevent&quot;:{&quot;event&quot;:&quot;ga4_event&quot;,&quot;_clear&quot;:true,&quot;event_name&quot;:&quot;slider_action&quot;,&quot;parameters&quot;:{&quot;navigation&quot;:&quot;[[GalleryAndSliderIneraction|{{event_type}}]]&quot;,&quot;slider_headline&quot;:&quot;HowTo&quot;}},&quot;Thint&quot;:&quot;.nx-controls__btn--prev&quot;,&quot;Tcondition&quot;:&quot;&quot;}]\" data-tracking-initialized=\"true\">\n<div id=\"tns2-ow\" class=\"tns-outer\">\n<div id=\"tns2-mw\" class=\"tns-ovh tns-ah\">\n<div id=\"tns2-iw\" class=\"tns-inner\">\n<div id=\"tns2\" class=\"nx-slider nx-how-to__slider  tns-slider tns-carousel tns-subpixel tns-calc tns-horizontal\" data-module=\"SliderPagination\" data-no-lazy-load=\"\" data-options=\"{&quot;autoHeight&quot;: true,&quot;responsive&quot;:{&quot;136&quot;:{&quot;items&quot;:1,&quot;gutter&quot;:8,&quot;slideBy&quot;: 1},&quot;768&quot;:{&quot;items&quot;:2,&quot;gutter&quot;:16},&quot;1024&quot;:{&quot;items&quot;:3,&quot;gutter&quot;:16},&quot;1280&quot;:{&quot;gutter&quot;:16}}}\" data-module-initialized=\"true\">\n<div id=\"tns2-item0\" class=\"nx-how-to nx-how-to-list__item nx-u-image nx-u-pt-base-4 tns-item tns-slide-active\" data-test=\"howToText\">\n<h5 class=\"nx-how-to__heading nx-font-heading-5 nx-font--bold nx-u-mb-base-1 nx-txt-uppercase\"><span class=\"nx-u-counter nx-font-display-4 nx-font--extrabold\">1<\/span>\u00a0Ducha<\/h5>\n<div class=\"nx-how-to__description nx-font-body-1\">Empieza tus d\u00edas con una placentera ducha con\u00a0<span class=\"nx-no-hyphens\">NIVEA<\/span>\u00a0<span class=\"nx-no-hyphens\">Creme<\/span>\u00a0<span class=\"nx-no-hyphens\">Care<\/span> con textura cremosa.<\/div>\n<\/div>\n<div id=\"tns2-item1\" class=\"nx-how-to nx-how-to-list__item nx-u-image nx-u-pt-base-4 tns-item tns-slide-active\" data-test=\"howToText\">\n<h5 class=\"nx-how-to__heading nx-font-heading-5 nx-font--bold nx-u-mb-base-1 nx-txt-uppercase\"><span class=\"nx-u-counter nx-font-display-4 nx-font--extrabold\">2<\/span>\u00a0Aplica<\/h5>\n<div class=\"nx-how-to__description nx-font-body-1\">Aplica generosa<span class=\"nx-no-hyphens\">men<\/span>te la Crema Corporal\u00a0<span class=\"nx-no-hyphens\">NIVEA<\/span>\u00a0Q10 Reafirmante en todo tu cuerpo y masajea suave<span class=\"nx-no-hyphens\">men<\/span>te mientras se absorbe.<\/div>\n<\/div>\n<div id=\"tns2-item2\" class=\"nx-how-to nx-how-to-list__item nx-u-image nx-u-pt-base-4 tns-item tns-slide-active\" data-test=\"howToText\">\n<h5 class=\"nx-how-to__heading nx-font-heading-5 nx-font--bold nx-u-mb-base-1 nx-txt-uppercase\"><span class=\"nx-u-counter nx-font-display-4 nx-font--extrabold\">3<\/span>\u00a0Completa tu rutina<\/h5>\n<div class=\"nx-how-to__description nx-font-body-1\">Completa tu rutina reafirmante con la Crema Remoldeadora + Reafirmante\u00a0<span class=\"nx-no-hyphens\">NIVEA<\/span>\u00a0Q10 aplic\u00e1ndola en el abdo<span class=\"nx-no-hyphens\">men<\/span>, gl\u00fateos y muslos.<\/div>\n<\/div>\n<\/div>\n<\/div>\n<\/div>\n<\/div>\n<\/div>\n<\/div>\n<\/section>\n","protected":false},"excerpt":{"rendered":"<p>REAFIRMANTE Q10 PLUS \u00bfQuieres una piel m\u00e1s firme? \u00a1Has venido al lugar correcto! Esta crema corporal mejora notablemente la firmeza<\/p>\n","protected":false},"featured_media":103005,"comment_status":"open","ping_status":"closed","template":"","meta":{"nf_dc_page":""},"product_brand":[3612],"product_cat":[85],"product_tag":[3616],"class_list":{"0":"post-103004","1":"product","2":"type-product","3":"status-publish","4":"has-post-thumbnail","6":"product_brand-nivea","7":"product_cat-cosmeticos","8":"product_tag-3616","10":"first","11":"instock","12":"shipping-taxable","13":"purchasable","14":"product-type-simple"},"_links":{"self":[{"href":"https:\/\/brandss.com.py\/index\/wp-json\/wp\/v2\/product\/103004","targetHints":{"allow":["GET"]}}],"collection":[{"href":"https:\/\/brandss.com.py\/index\/wp-json\/wp\/v2\/product"}],"about":[{"href":"https:\/\/brandss.com.py\/index\/wp-json\/wp\/v2\/types\/product"}],"replies":[{"embeddable":true,"href":"https:\/\/brandss.com.py\/index\/wp-json\/wp\/v2\/comments?post=103004"}],"version-history":[{"count":1,"href":"https:\/\/brandss.com.py\/index\/wp-json\/wp\/v2\/product\/103004\/revisions"}],"predecessor-version":[{"id":103010,"href":"https:\/\/brandss.com.py\/index\/wp-json\/wp\/v2\/product\/103004\/revisions\/103010"}],"wp:featuredmedia":[{"embeddable":true,"href":"https:\/\/brandss.com.py\/index\/wp-json\/wp\/v2\/media\/103005"}],"wp:attachment":[{"href":"https:\/\/brandss.com.py\/index\/wp-json\/wp\/v2\/media?parent=103004"}],"wp:term":[{"taxonomy":"product_brand","embeddable":true,"href":"https:\/\/brandss.com.py\/index\/wp-json\/wp\/v2\/product_brand?post=103004"},{"taxonomy":"product_cat","embeddable":true,"href":"https:\/\/brandss.com.py\/index\/wp-json\/wp\/v2\/product_cat?post=103004"},{"taxonomy":"product_tag","embeddable":true,"href":"https:\/\/brandss.com.py\/index\/wp-json\/wp\/v2\/product_tag?post=103004"}],"curies":[{"name":"wp","href":"https:\/\/api.w.org\/{rel}","templated":true}]}}