{"id":103019,"date":"2026-04-29T17:30:36","date_gmt":"2026-04-29T17:30:36","guid":{"rendered":"https:\/\/brandss.com.py\/index\/?post_type=product&#038;p=103019"},"modified":"2026-04-29T17:31:06","modified_gmt":"2026-04-29T17:31:06","slug":"balsamo-labial-nivea-edicion-limitada-bridgerton-vanilla-biscuit-4-8gr","status":"publish","type":"product","link":"https:\/\/brandss.com.py\/index\/producto\/balsamo-labial-nivea-edicion-limitada-bridgerton-vanilla-biscuit-4-8gr\/","title":{"rendered":"B\u00c1LSAMO LABIAL NIVEA EDICI\u00d3N LIMITADA BRIDGERTON VANILLA BISCUIT 4.8GR"},"content":{"rendered":"<p><img loading=\"lazy\" decoding=\"async\" class=\"\" src=\"https:\/\/1000logos.net\/wp-content\/uploads\/2021\/04\/Nivea-logo.png\" alt=\"Nivea Logo and symbol, meaning, history, PNG, brand\" width=\"117\" height=\"66\" \/><\/p>\n<h1>EDICI\u00d3N LIMITADA BRIDGERTON<\/h1>\n<p>B\u00e1lsamo Labial 4.8g hidrata intensa<span class=\"nx-no-hyphens\">men<\/span>te por 24 horas con un reconfortante aroma a vainilla y una f\u00f3rmula con manteca de karit\u00e9 que suaviza, protege y nutre los labios secos. NIVEA\u00a0<span class=\"nx-no-hyphens\">Vanilla<\/span> Biscuit B\u00e1lsamo Labial es un b\u00e1lsamo indulgente con aroma dulce a vainilla y una f\u00f3rmula que entrega 24 horas de humectaci\u00f3n. Dise\u00f1ado para proteger los labios del fr\u00edo y la resequedad, aporta suavidad inmediata y un cuidado profundo en cada aplicaci\u00f3n.<\/p>\n<h3 class=\"nx-u-section__headline nx-font--extrabold nx-font-heading-3 nx-u-mb-base-2 nx-txt-uppercase nx-u-txt--left nx-expand-section__headline\">Caracter\u00edsticas\u00a0<img decoding=\"async\" class=\"alignleft\" src=\"https:\/\/m.media-amazon.com\/images\/S\/aplus-media-library-service-media\/6c06eb40-23d6-40ad-9374-cb8c32d9d822.__CR0,0,970,600_PT0_SX970_V1___.jpg\" alt=\"B\u00e1lsamo labial tintado Vanilla Biscuit. \u00danete a nosotros en esta celebraci\u00f3n de belleza y elegancia\" \/><\/h3>\n<div class=\"nx-benefits-list nx-benefits-list__advantages\">\n<ul class=\"nx-benefits-list__block\">\n<li class=\"nx-benefits-list__item\">Delicioso aroma c\u00e1lido a vainilla con textura suave y cremosa.<\/li>\n<li class=\"nx-benefits-list__item\">Entrega 24 horas de humectaci\u00f3n profunda.<\/li>\n<li>Con manteca de karit\u00e9, aceites\u00a0<span class=\"nx-no-hyphens\">natural<\/span>es y\u00a0<span class=\"nx-no-hyphens\">vitamin<\/span>as.<\/li>\n<li class=\"nx-benefits-list__item\">F\u00f3rmula vegana con aceites <span class=\"nx-no-hyphens\">natural<\/span>es y\u00a0<span class=\"nx-no-hyphens\">vitamin<\/span>as.<\/li>\n<li class=\"nx-benefits-list__item\">Protege los labios de agresores externos como el fr\u00edo y viento.<\/li>\n<li>Con ingredientes de origen\u00a0<span class=\"nx-no-hyphens\">natural y dermatol\u00f3gicamente probada.<\/span><\/li>\n<li class=\"nx-benefits-list__item\">Dise\u00f1o edici\u00f3n limitada inspirado en la elegancia Bridgerton.<\/li>\n<\/ul>\n<\/div>\n<section class=\"nx-pdp-two-columns\" data-module=\"ProductDetailPageTwoColumns\" data-module-initialized=\"true\">\n<div class=\"nx-two-columns \">\n<div class=\"nx-two-columns__half-col nx-u-justify-start \">\n<section id=\"beneficios\" class=\"nx-advantages nx-u-section--separator nx-u-pt-base-3 nx-u-pb-base-3 nx-expand-section--show-on-mobile-only nx-expand-section nx-expand-section__background--desktop nx-expand-section--active\" data-anchor-text=\"Beneficios\" data-anchor-id=\"beneficios\" data-test=\"advantages\" data-options=\"{&quot;hideExpandable&quot;: false, &quot;titleAlignment&quot;: &quot;left&quot;, &quot;expanderOptions&quot;: {&quot;isExpanderOnPdp&quot;:true,&quot;isActive&quot;: true, &quot;contentAlignment&quot;: &quot;left&quot;, &quot;displayType&quot;: &quot;mobile only&quot; }}\" data-module=\"ExpandableSection\" data-tdata=\"[{&quot;Rule&quot;:&quot;GA4 Expandable Section Collapse&quot;,&quot;Ttrigger&quot;:&quot;Click&quot;,&quot;Tevent&quot;:{&quot;event&quot;:&quot;ga4_event&quot;,&quot;_clear&quot;:true,&quot;event_name&quot;:&quot;accordion_close&quot;,&quot;parameters&quot;:{&quot;accordion_title&quot;:&quot;Product Benefits&quot;}},&quot;Thint&quot;:&quot;.nx-u-section__headline&quot;,&quot;Tcondition&quot;:&quot;.nx-expand-section--active&quot;},{&quot;Rule&quot;:&quot;GA4 Expandable Section Expand&quot;,&quot;Ttrigger&quot;:&quot;Click&quot;,&quot;Tevent&quot;:{&quot;event&quot;:&quot;ga4_event&quot;,&quot;_clear&quot;:true,&quot;event_name&quot;:&quot;accordion_open&quot;,&quot;parameters&quot;:{&quot;accordion_title&quot;:&quot;Product Benefits&quot;}},&quot;Thint&quot;:&quot;.nx-u-section__headline&quot;,&quot;Tcondition&quot;:&quot;!.nx-expand-section--active&quot;}]\" data-tracking-initialized=\"true\" data-module-initialized=\"true\">\n<div class=\"nx-u-container nx-expand-section__container nx-expand-section__container--with-fade nx-expand-section__container--align-left\">\n<h3><\/h3>\n<h3 class=\"nx-u-section__headline nx-txt-uppercase nx-font--extrabold nx-font-heading-3 nx-u-mb-base-3 nx-u-txt--left nx-expand-section__headline\">Beneficios<\/h3>\n<div class=\"nx-benefits-section\">\n<div class=\"nx-benefits nx-benefits__advantages nx-benefits__with-icons nx-benefits__with-labels\">\n<div class=\"nx-benefits__list\">\n<div class=\" nx-benefit\">\n<p class=\"nx-benefit__label nx-font-overheader-3 nx-font--bold\">Humectante.<\/p>\n<\/div>\n<p class=\"nx-benefit__label nx-font-overheader-3 nx-font--bold\">Ingredientes\u00a0<span class=\"nx-no-hyphens\">Natural<\/span>es.<\/p>\n<p class=\"nx-benefit__label nx-font-overheader-3 nx-font--bold\">Con aceites\u00a0<span class=\"nx-no-hyphens\">natural<\/span>es.<\/p>\n<p class=\"nx-benefit__label nx-font-overheader-3 nx-font--bold\">Karit\u00e9.<\/p>\n<div class=\" nx-benefit\">\n<p class=\"nx-benefit__label nx-font-overheader-3 nx-font--bold\">Todo tipo de piel.<\/p>\n<\/div>\n<\/div>\n<\/div>\n<\/div>\n<\/div>\n<\/section>\n<\/div>\n<\/div>\n<\/section>\n<div class=\"nx-skip-link\"><\/div>\n<section class=\"nx-how-to-list nx-u-pt-base-3 nx-u-pb-base-3 nx-u-section--separator nx-expand-section--show-on-mobile-only nx-expand-section nx-expand-section__background--desktop nx-expand-section--active\" data-anchor-text=\"C\u00f3mo\" data-module=\"ExpandableSection\" data-text=\"howToList\" data-options=\"{&quot;hideExpandable&quot;: false, &quot;titleAlignment&quot;: &quot;left&quot;, &quot;expanderOptions&quot;: {&quot;isExpanderOnPdp&quot;:true,&quot;isActive&quot;: true, &quot;contentAlignment&quot;: &quot;left&quot;, &quot;displayType&quot;: &quot;mobile only&quot; }}\" data-is-portrait-video=\"False\" data-tdata=\"[{&quot;Rule&quot;:&quot;GA4 Expandable Section Collapse&quot;,&quot;Ttrigger&quot;:&quot;Click&quot;,&quot;Tevent&quot;:{&quot;event&quot;:&quot;ga4_event&quot;,&quot;_clear&quot;:true,&quot;event_name&quot;:&quot;accordion_close&quot;,&quot;parameters&quot;:{&quot;accordion_title&quot;:&quot;HowTo&quot;}},&quot;Thint&quot;:&quot;.nx-u-section__headline&quot;,&quot;Tcondition&quot;:&quot;.nx-expand-section--active&quot;},{&quot;Rule&quot;:&quot;GA4 Expandable Section Expand&quot;,&quot;Ttrigger&quot;:&quot;Click&quot;,&quot;Tevent&quot;:{&quot;event&quot;:&quot;ga4_event&quot;,&quot;_clear&quot;:true,&quot;event_name&quot;:&quot;accordion_open&quot;,&quot;parameters&quot;:{&quot;accordion_title&quot;:&quot;HowTo&quot;}},&quot;Thint&quot;:&quot;.nx-u-section__headline&quot;,&quot;Tcondition&quot;:&quot;!.nx-expand-section--active&quot;}]\" data-tracking-initialized=\"true\" data-module-initialized=\"true\">\n<div class=\"nx-u-container nx-expand-section__container nx-expand-section__container--with-fade nx-expand-section__container--align-left\">\n<h3 class=\"nx-u-section__headline nx-txt-uppercase nx-font--extrabold nx-font-heading-3 nx-u-mb-base-2 nx-u-txt--left nx-expand-section__headline\">Modo de uso<\/h3>\n<div data-tdata=\"[{&quot;Rule&quot;:&quot;GA4 Click - Slider Navigation Next&quot;,&quot;Ttrigger&quot;:&quot;Click&quot;,&quot;Tevent&quot;:{&quot;event&quot;:&quot;ga4_event&quot;,&quot;_clear&quot;:true,&quot;event_name&quot;:&quot;slider_action&quot;,&quot;parameters&quot;:{&quot;navigation&quot;:&quot;[[GalleryAndSliderIneraction|{{event_type}}]]&quot;,&quot;slider_headline&quot;:&quot;HowTo&quot;}},&quot;Thint&quot;:&quot;.nx-controls__btn--next&quot;,&quot;Tcondition&quot;:&quot;&quot;},{&quot;Rule&quot;:&quot;GA4 Click - Slider Navigation Previous&quot;,&quot;Ttrigger&quot;:&quot;Click&quot;,&quot;Tevent&quot;:{&quot;event&quot;:&quot;ga4_event&quot;,&quot;_clear&quot;:true,&quot;event_name&quot;:&quot;slider_action&quot;,&quot;parameters&quot;:{&quot;navigation&quot;:&quot;[[GalleryAndSliderIneraction|{{event_type}}]]&quot;,&quot;slider_headline&quot;:&quot;HowTo&quot;}},&quot;Thint&quot;:&quot;.nx-controls__btn--prev&quot;,&quot;Tcondition&quot;:&quot;&quot;}]\" data-tracking-initialized=\"true\">\n<div id=\"tns2-ow\" class=\"tns-outer\">\n<div id=\"tns2-mw\" class=\"tns-ovh tns-ah\">\n<div id=\"tns2-iw\" class=\"tns-inner\">\n<div id=\"tns2\" class=\"nx-slider nx-how-to__slider  tns-slider tns-carousel tns-subpixel tns-calc tns-horizontal\" data-module=\"SliderPagination\" data-no-lazy-load=\"\" data-options=\"{&quot;autoHeight&quot;: true,&quot;responsive&quot;:{&quot;136&quot;:{&quot;items&quot;:1,&quot;gutter&quot;:8,&quot;slideBy&quot;: 1},&quot;768&quot;:{&quot;items&quot;:2,&quot;gutter&quot;:16},&quot;1024&quot;:{&quot;items&quot;:3,&quot;gutter&quot;:16},&quot;1280&quot;:{&quot;gutter&quot;:16}}}\" data-module-initialized=\"true\">\n<div id=\"tns2-item0\" class=\"nx-how-to nx-how-to-list__item nx-u-image nx-u-pt-base-4 tns-item tns-slide-active\" data-test=\"howToText\">\n<h5 class=\"nx-how-to__heading nx-font-heading-5 nx-font--bold nx-u-mb-base-1 nx-txt-uppercase\"><span class=\"nx-u-counter nx-font-display-4 nx-font--extrabold\">1<\/span>\u00a0Apply<\/h5>\n<div class=\"nx-how-to__description nx-font-body-1\">Aplica el b\u00e1lsamo labial regular<span class=\"nx-no-hyphens\">men<\/span>te para mantener los labios humectados.<\/div>\n<\/div>\n<div id=\"tns2-item1\" class=\"nx-how-to nx-how-to-list__item nx-u-image nx-u-pt-base-4 tns-item tns-slide-active\" data-test=\"howToText\">\n<h5 class=\"nx-how-to__heading nx-font-heading-5 nx-font--bold nx-u-mb-base-1 nx-txt-uppercase\"><span class=\"nx-u-counter nx-font-display-4 nx-font--extrabold\">2<\/span>\u00a0<span class=\"nx-no-hyphens\">Care<\/span>ful<\/h5>\n<div class=\"nx-how-to__description nx-font-body-1\">Evita lamerte los labios para no resecarlos.<\/div>\n<\/div>\n<div id=\"tns2-item2\" class=\"nx-how-to nx-how-to-list__item nx-u-image nx-u-pt-base-4 tns-item tns-slide-active\" data-test=\"howToText\">\n<h5 class=\"nx-how-to__heading nx-font-heading-5 nx-font--bold nx-u-mb-base-1 nx-txt-uppercase\"><span class=\"nx-u-counter nx-font-display-4 nx-font--extrabold\">3<\/span>\u00a0Extra\u00a0<span class=\"nx-no-hyphens\">Care<\/span><\/h5>\n<div class=\"nx-how-to__description nx-font-body-1\">Usa un exfoliante labial de vez en cuando para obtener labios ultra suaves.<\/div>\n<div>\n<div id=\"tns2-item3\" class=\"nx-how-to nx-how-to-list__item nx-u-image nx-u-pt-base-4 tns-item tns-slide-active tns-item--next\" data-test=\"howToText\">\n<h5 class=\"nx-how-to__heading nx-font-heading-5 nx-font--bold nx-u-mb-base-1 nx-txt-uppercase\"><span class=\"nx-u-counter nx-font-display-4 nx-font--extrabold\">4<\/span>\u00a0Recycle<\/h5>\n<div class=\"nx-how-to__description nx-font-body-1\">Recicla el envase de manera responsable.<\/div>\n<\/div>\n<\/div>\n<\/div>\n<\/div>\n<\/div>\n<\/div>\n<\/div>\n<\/div>\n<\/div>\n<\/section>\n","protected":false},"excerpt":{"rendered":"<p>EDICI\u00d3N LIMITADA BRIDGERTON B\u00e1lsamo Labial 4.8g hidrata intensamente por 24 horas con un reconfortante aroma a vainilla y una f\u00f3rmula<\/p>\n","protected":false},"featured_media":103020,"comment_status":"open","ping_status":"closed","template":"","meta":{"nf_dc_page":""},"product_brand":[3612],"product_cat":[95],"product_tag":[3618],"class_list":{"0":"post-103019","1":"product","2":"type-product","3":"status-publish","4":"has-post-thumbnail","6":"product_brand-nivea","7":"product_cat-maquillaje","8":"product_tag-3618","10":"first","11":"instock","12":"shipping-taxable","13":"purchasable","14":"product-type-simple"},"_links":{"self":[{"href":"https:\/\/brandss.com.py\/index\/wp-json\/wp\/v2\/product\/103019","targetHints":{"allow":["GET"]}}],"collection":[{"href":"https:\/\/brandss.com.py\/index\/wp-json\/wp\/v2\/product"}],"about":[{"href":"https:\/\/brandss.com.py\/index\/wp-json\/wp\/v2\/types\/product"}],"replies":[{"embeddable":true,"href":"https:\/\/brandss.com.py\/index\/wp-json\/wp\/v2\/comments?post=103019"}],"version-history":[{"count":1,"href":"https:\/\/brandss.com.py\/index\/wp-json\/wp\/v2\/product\/103019\/revisions"}],"predecessor-version":[{"id":103025,"href":"https:\/\/brandss.com.py\/index\/wp-json\/wp\/v2\/product\/103019\/revisions\/103025"}],"wp:featuredmedia":[{"embeddable":true,"href":"https:\/\/brandss.com.py\/index\/wp-json\/wp\/v2\/media\/103020"}],"wp:attachment":[{"href":"https:\/\/brandss.com.py\/index\/wp-json\/wp\/v2\/media?parent=103019"}],"wp:term":[{"taxonomy":"product_brand","embeddable":true,"href":"https:\/\/brandss.com.py\/index\/wp-json\/wp\/v2\/product_brand?post=103019"},{"taxonomy":"product_cat","embeddable":true,"href":"https:\/\/brandss.com.py\/index\/wp-json\/wp\/v2\/product_cat?post=103019"},{"taxonomy":"product_tag","embeddable":true,"href":"https:\/\/brandss.com.py\/index\/wp-json\/wp\/v2\/product_tag?post=103019"}],"curies":[{"name":"wp","href":"https:\/\/api.w.org\/{rel}","templated":true}]}}